{"id":774,"date":"2020-10-14T10:02:02","date_gmt":"2020-10-14T10:02:02","guid":{"rendered":"http:\/\/maydonggoi.southteam.co\/product\/may-dong-goi-bot-dang-truc-vit\/"},"modified":"2024-09-13T11:01:10","modified_gmt":"2024-09-13T04:01:10","slug":"may-dong-goi-bot-dang-truc-vit","status":"publish","type":"product","link":"https:\/\/www.packvn.com\/en\/san-pham\/may-dong-goi-bot-dang-truc-vit\/","title":{"rendered":"Screw Powder Packaging Machine"},"content":{"rendered":"<h2 class=\"title-page f-title\"><strong>Product Information about Screw Powder Packaging Machine<\/strong><\/h2>\n<div class=\"clearfix dcontent\">\n<p>Screw powder packaging machine is used in industries that need precise packaging in the final packaging of finished products.<\/p>\n<h2><strong>What is Screw Powder Packaging Machine?<\/strong><\/h2>\n<p>The Screw powder packaging machine is a horizontal, inclined or vertical screw dosing machine. Raw material dosing is PLC programmed to deliver the material in the rotation of the screw.<\/p>\n<p>During use, if the user needs to change the quantity for it, just select the screw rotation level on the monitor screen to change.<\/p>\n<p><img decoding=\"async\" class=\"aligncenter wp-image-13325 size-full\" src=\"https:\/\/www.packvn.com\/wp-content\/uploads\/2020\/10\/Untitl1212ed-1-min.jpg\" alt=\"m\u00e1y \u0111\u00f3ng g\u00f3i tr\u1ee5c v\u00edt 3 bi\u00ean 4 bi\u00ean\" width=\"900\" height=\"900\" srcset=\"https:\/\/www.packvn.com\/wp-content\/uploads\/2020\/10\/Untitl1212ed-1-min.jpg 900w, https:\/\/www.packvn.com\/wp-content\/uploads\/2020\/10\/Untitl1212ed-1-min-300x300.jpg 300w, https:\/\/www.packvn.com\/wp-content\/uploads\/2020\/10\/Untitl1212ed-1-min-150x150.jpg 150w, https:\/\/www.packvn.com\/wp-content\/uploads\/2020\/10\/Untitl1212ed-1-min-768x768.jpg 768w, https:\/\/www.packvn.com\/wp-content\/uploads\/2020\/10\/Untitl1212ed-1-min-600x600.jpg 600w, https:\/\/www.packvn.com\/wp-content\/uploads\/2020\/10\/Untitl1212ed-1-min-100x100.jpg 100w\" sizes=\"(max-width: 900px) 100vw, 900px\" \/><\/p>\n<h2><strong>Screw powder packaging machine application<\/strong><\/h2>\n<p>The screw powder packaging machine is widely used in the flour and granular food production industries. Because the screw dosing machine is easily changed, it is very popular among manufacturers.<\/p>\n<p>&nbsp;<\/p>\n<h2><strong>Specifications of An Thanh Screw Powder Packaging Machine<\/strong><\/h2>\n<div class=\"table-responsive\">\n<table class=\"table\" border=\"1\">\n<tbody>\n<tr>\n<td><strong>Specifications of screw powder packaging machine<\/strong><\/td>\n<td><strong>Material<\/strong><\/td>\n<td><strong>Origin<\/strong><\/td>\n<\/tr>\n<tr>\n<td>The machine frame is covered in Inox 304 and the contact details are made of Inox 304, used in food.<\/td>\n<td>Inox 304<\/td>\n<td>An Thanh<\/td>\n<\/tr>\n<tr>\n<td>Machine parts are machined on CNC machines with high precision.<\/td>\n<td>Steel and inox<\/td>\n<td>An Thanh<\/td>\n<\/tr>\n<tr>\n<td>ABM drives the motor.<\/td>\n<td><\/td>\n<td>Germany<\/td>\n<\/tr>\n<tr>\n<td>Main motor ABM<\/td>\n<td><\/td>\n<td>Germany<\/td>\n<\/tr>\n<tr>\n<td>MCB protects the HITACHI machine<\/td>\n<td><\/td>\n<td>Japan<\/td>\n<\/tr>\n<tr>\n<td>The motivations for Kasuto<\/td>\n<td><\/td>\n<td>Japan<\/td>\n<\/tr>\n<tr>\n<td>Relay\u00a0 IDEC<\/td>\n<td><\/td>\n<td>Japan<\/td>\n<\/tr>\n<tr>\n<td>Slip paste system for NTN packaging<\/td>\n<td><\/td>\n<td>Japan<\/td>\n<\/tr>\n<tr>\n<td>PLC data memory &#8211; DELTA<\/td>\n<td><\/td>\n<td>Taiwan<\/td>\n<\/tr>\n<tr>\n<td>DELTA touch screen<\/td>\n<td><\/td>\n<td>Taiwan<\/td>\n<\/tr>\n<tr>\n<td>Machine parameters are displayed on the touch screen.<\/td>\n<td><\/td>\n<td><\/td>\n<\/tr>\n<tr>\n<td>Sensor reading Autoro packaging line<\/td>\n<td><\/td>\n<td>Taiwan<\/td>\n<\/tr>\n<tr>\n<td>Package type: PRESS 4 BIAS<\/p>\n<p>Pattern pressed: straight stripes create waves<\/p>\n<ul>\n<li>Horizontal press: 8mm<\/li>\n<li>Vertical press: 6mm<\/li>\n<\/ul>\n<\/td>\n<td>Brass or Inox<\/td>\n<td>An Thanh<\/td>\n<\/tr>\n<tr>\n<td>Cutting blade type: serrated shape for easy opening<\/td>\n<td>Steel wind<\/td>\n<td>An Thanh<\/td>\n<\/tr>\n<tr>\n<td>Membrane size: \u2264 250mm (changeable)<\/td>\n<td><\/td>\n<td>An Thanh<\/td>\n<\/tr>\n<tr>\n<td>Bag weight:<\/p>\n<p>+ Powder form: 22gram &#8211; 150gram (may vary higher)<\/p>\n<p>Acceptable error: \u00b1 1%<\/td>\n<td><\/td>\n<td>An Thanh<\/td>\n<\/tr>\n<tr>\n<td>Quantitative method: screw type quantitative<\/td>\n<td>Inox 304<\/td>\n<td>An Th\u00e0nh<\/td>\n<\/tr>\n<tr>\n<td>Packing materials: jelly<\/td>\n<td><\/td>\n<td>An Thanh<\/td>\n<\/tr>\n<tr>\n<td>Speed: 20-30 packs \/ minute depending on the difficulty of the product.<\/td>\n<td><\/td>\n<td>An Thanh<\/td>\n<\/tr>\n<tr>\n<td>Electric power: 2 kw \/ h.<\/td>\n<td><\/td>\n<td>An Thanh<\/td>\n<\/tr>\n<tr>\n<td>Power supply: 220v \/ 50hz<\/td>\n<td><\/td>\n<td>An Thanh<\/td>\n<\/tr>\n<tr>\n<td>Machine size: (1100x1200x1900) mm<\/td>\n<td><\/td>\n<td>An Thanh<\/td>\n<\/tr>\n<tr>\n<td>Machine weight: 500kg<\/td>\n<td><\/td>\n<td>An Thanh<\/td>\n<\/tr>\n<tr>\n<td>Made of screw powder packaging machine<\/td>\n<td><\/td>\n<td>An Thanh<\/td>\n<\/tr>\n<\/tbody>\n<\/table>\n<p><em style=\"font-size: 14.4px;\"><strong><span style=\"text-decoration: underline;\">Note<\/span>: All components are 100% brand new. Made in 2020<\/strong><\/em><\/p>\n<\/div>\n<h2><strong>Advantages of <\/strong><strong>An Thanh Screw Powder Packaging Machine<\/strong><\/h2>\n<p>Screw packaging machine of An Thanh Company is highly appreciated by many businesses by:<\/p>\n<p>\u2022 Ensuring the amount with high precision and can be flexibly adjusted according to the user&#8217;s requirements.<\/p>\n<p>\u2022 The screw packaging machine is designed as a spiral screw that allows easy change of the density of the dough, and can be attached to a date printer to complete the finished product in the production process.<\/p>\n<p>\u2022 The machine works completely automatically from quantitative, packaging with many different sizes of bags to counting packages.<\/p>\n<p>\u2022 The parts that make up the screw packaging machine are machined on CNC machines to ensure high accuracy.<\/p>\n<p>\u2022 The machine works to save power consumption and use less manual labor, so it helps businesses save a lot of production costs.<\/p>\n<p>\u2022 The screw packaging machine is made of stainless steel material, ensuring machine longevity. In particular, the contact between the machine and raw materials is made of 304 inox to ensure food hygiene and safety.<\/p>\n<h2><strong>Why choose to buy <\/strong><strong>An Thanh Screw Powder Packaging Machine<\/strong><\/h2>\n<p>With more than 20 years of experience in the packaging machine industry, we are proud to have a team of skilled engineers and technicians.<\/p>\n<p>Our screw flour packaging machines are thoroughly tested before they ship to customers.<\/p>\n<p>Components are imported from Germany, Japan, and Taiwan.<\/p>\n<p>The machine parts are manufactured by CNC precision technology to ensure high precision.<\/p>\n<p>Frame material is used 304 stainless steel to ensure hygiene and high durability.<\/p>\n<p>See more products <strong><a href=\"\/san-pham\/?lang=en\">here.<\/a><\/strong><\/p>\n<\/div>\n","protected":false},"excerpt":{"rendered":"<div class=\"pdinfo__quote\">Screw powder packaging machine is used in industries that need accurate packaging in the final packaging of finished products.<\/div>\n<div><iframe src=\"\/\/www.youtube.com\/embed\/fsGZyv0YLJ4?embeds_referring_euri=https\" width=\"560\" height=\"314\" allowfullscreen=\"allowfullscreen\"><\/iframe><\/div>\n","protected":false},"featured_media":13325,"comment_status":"open","ping_status":"closed","template":"","meta":{"inline_featured_image":false},"product_cat":[99,130],"product_tag":[133],"class_list":{"0":"post-774","1":"product","2":"type-product","3":"status-publish","4":"has-post-thumbnail","6":"product_cat-may-dong-goi-thuc-pham-en","7":"product_cat-may-dong-goi-dang-bot-en","8":"product_tag-maydonggoibotdangtrucvit-en","10":"first","11":"instock","12":"shipping-taxable","13":"purchasable","14":"product-type-simple"},"yoast_head":"<!-- This site is optimized with the Yoast SEO plugin v23.5 - https:\/\/yoast.com\/wordpress\/plugins\/seo\/ -->\n<title>Screw Powder Packaging Machine - M\u00e1y \u0111\u00f3ng g\u00f3i c\u00f4ng nghi\u1ec7p An Th\u00e0nh<\/title>\n<meta name=\"robots\" content=\"index, follow, max-snippet:-1, max-image-preview:large, max-video-preview:-1\" \/>\n<link rel=\"canonical\" href=\"https:\/\/www.packvn.com\/en\/san-pham\/may-dong-goi-bot-dang-truc-vit\/\" \/>\n<meta property=\"og:locale\" content=\"en_US\" \/>\n<meta property=\"og:type\" content=\"article\" \/>\n<meta property=\"og:title\" content=\"Screw Powder Packaging Machine - M\u00e1y \u0111\u00f3ng g\u00f3i c\u00f4ng nghi\u1ec7p An Th\u00e0nh\" \/>\n<meta property=\"og:description\" content=\"Screw powder packaging machine is used in industries that need accurate packaging in the final packaging of finished products.\" \/>\n<meta property=\"og:url\" content=\"https:\/\/www.packvn.com\/en\/san-pham\/may-dong-goi-bot-dang-truc-vit\/\" \/>\n<meta property=\"og:site_name\" content=\"M\u00e1y \u0111\u00f3ng g\u00f3i c\u00f4ng nghi\u1ec7p An Th\u00e0nh\" \/>\n<meta property=\"article:publisher\" content=\"https:\/\/www.facebook.com\/maytudongnangsuatcaoanthanh\" \/>\n<meta property=\"article:modified_time\" content=\"2024-09-13T04:01:10+00:00\" \/>\n<meta property=\"og:image\" content=\"https:\/\/www.packvn.com\/wp-content\/uploads\/2020\/10\/Untitl1212ed-1-min.jpg\" \/>\n\t<meta property=\"og:image:width\" content=\"900\" \/>\n\t<meta property=\"og:image:height\" content=\"900\" \/>\n\t<meta property=\"og:image:type\" content=\"image\/jpeg\" \/>\n<meta name=\"twitter:card\" content=\"summary_large_image\" \/>\n<meta name=\"twitter:label1\" content=\"Est. reading time\" \/>\n\t<meta name=\"twitter:data1\" content=\"4 minutes\" \/>\n<script type=\"application\/ld+json\" class=\"yoast-schema-graph\">{\"@context\":\"https:\/\/schema.org\",\"@graph\":[{\"@type\":\"WebPage\",\"@id\":\"https:\/\/www.packvn.com\/en\/san-pham\/may-dong-goi-bot-dang-truc-vit\/\",\"url\":\"https:\/\/www.packvn.com\/en\/san-pham\/may-dong-goi-bot-dang-truc-vit\/\",\"name\":\"Screw Powder Packaging Machine - M\u00e1y \u0111\u00f3ng g\u00f3i c\u00f4ng nghi\u1ec7p An Th\u00e0nh\",\"isPartOf\":{\"@id\":\"https:\/\/www.packvn.com\/#website\"},\"primaryImageOfPage\":{\"@id\":\"https:\/\/www.packvn.com\/en\/san-pham\/may-dong-goi-bot-dang-truc-vit\/#primaryimage\"},\"image\":{\"@id\":\"https:\/\/www.packvn.com\/en\/san-pham\/may-dong-goi-bot-dang-truc-vit\/#primaryimage\"},\"thumbnailUrl\":\"https:\/\/www.packvn.com\/wp-content\/uploads\/2020\/10\/Untitl1212ed-1-min.jpg\",\"datePublished\":\"2020-10-14T10:02:02+00:00\",\"dateModified\":\"2024-09-13T04:01:10+00:00\",\"breadcrumb\":{\"@id\":\"https:\/\/www.packvn.com\/en\/san-pham\/may-dong-goi-bot-dang-truc-vit\/#breadcrumb\"},\"inLanguage\":\"en-US\",\"potentialAction\":[{\"@type\":\"ReadAction\",\"target\":[\"https:\/\/www.packvn.com\/en\/san-pham\/may-dong-goi-bot-dang-truc-vit\/\"]}]},{\"@type\":\"ImageObject\",\"inLanguage\":\"en-US\",\"@id\":\"https:\/\/www.packvn.com\/en\/san-pham\/may-dong-goi-bot-dang-truc-vit\/#primaryimage\",\"url\":\"https:\/\/www.packvn.com\/wp-content\/uploads\/2020\/10\/Untitl1212ed-1-min.jpg\",\"contentUrl\":\"https:\/\/www.packvn.com\/wp-content\/uploads\/2020\/10\/Untitl1212ed-1-min.jpg\",\"width\":900,\"height\":900,\"caption\":\"m\u00e1y \u0111\u00f3ng g\u00f3i tr\u1ee5c v\u00edt 3 bi\u00ean 4 bi\u00ean\"},{\"@type\":\"BreadcrumbList\",\"@id\":\"https:\/\/www.packvn.com\/en\/san-pham\/may-dong-goi-bot-dang-truc-vit\/#breadcrumb\",\"itemListElement\":[{\"@type\":\"ListItem\",\"position\":1,\"name\":\"Trang ch\u1ee7\",\"item\":\"https:\/\/www.packvn.com\/en\/\"},{\"@type\":\"ListItem\",\"position\":2,\"name\":\"S\u1ea3n ph\u1ea9m\",\"item\":\"https:\/\/www.packvn.com\/san-pham\/\"},{\"@type\":\"ListItem\",\"position\":3,\"name\":\"M\u00e1y \u0111\u00f3ng g\u00f3i t\u1ef1 \u0111\u1ed9ng\",\"item\":\"https:\/\/www.packvn.com\/danh-muc-san-pham\/may-dong-goi-tu-dong\/\"},{\"@type\":\"ListItem\",\"position\":4,\"name\":\"M\u00e1y \u0110\u00f3ng G\u00f3i D\u1ea1ng B\u1ed9t\",\"item\":\"https:\/\/www.packvn.com\/danh-muc-san-pham\/may-dong-goi-tu-dong\/may-dong-goi-dang-bot\/\"},{\"@type\":\"ListItem\",\"position\":5,\"name\":\"Screw Powder Packaging Machine\"}]},{\"@type\":\"WebSite\",\"@id\":\"https:\/\/www.packvn.com\/#website\",\"url\":\"https:\/\/www.packvn.com\/\",\"name\":\"M\u00e1y \u0111\u00f3ng g\u00f3i c\u00f4ng nghi\u1ec7p An Th\u00e0nh\",\"description\":\"Nh\u00e0 s\u1ea3n xu\u1ea5t m\u00e1y \u0111\u00f3ng g\u00f3i ch\u1ea5t l\u01b0\u1ee3ng cao\",\"publisher\":{\"@id\":\"https:\/\/www.packvn.com\/#organization\"},\"potentialAction\":[{\"@type\":\"SearchAction\",\"target\":{\"@type\":\"EntryPoint\",\"urlTemplate\":\"https:\/\/www.packvn.com\/?s={search_term_string}\"},\"query-input\":{\"@type\":\"PropertyValueSpecification\",\"valueRequired\":true,\"valueName\":\"search_term_string\"}}],\"inLanguage\":\"en-US\"},{\"@type\":\"Organization\",\"@id\":\"https:\/\/www.packvn.com\/#organization\",\"name\":\"M\u00e1y \u0110\u00f3ng G\u00f3i An Th\u00e0nh\",\"url\":\"https:\/\/www.packvn.com\/\",\"logo\":{\"@type\":\"ImageObject\",\"inLanguage\":\"en-US\",\"@id\":\"https:\/\/www.packvn.com\/#\/schema\/logo\/image\/\",\"url\":\"https:\/\/www.packvn.com\/wp-content\/uploads\/2020\/10\/cropped-logo-logo-chat-luong-thap-200609090814.png\",\"contentUrl\":\"https:\/\/www.packvn.com\/wp-content\/uploads\/2020\/10\/cropped-logo-logo-chat-luong-thap-200609090814.png\",\"width\":512,\"height\":512,\"caption\":\"M\u00e1y \u0110\u00f3ng G\u00f3i An Th\u00e0nh\"},\"image\":{\"@id\":\"https:\/\/www.packvn.com\/#\/schema\/logo\/image\/\"},\"sameAs\":[\"https:\/\/www.facebook.com\/maytudongnangsuatcaoanthanh\"]}]}<\/script>\n<!-- \/ Yoast SEO plugin. -->","yoast_head_json":{"title":"Screw Powder Packaging Machine - M\u00e1y \u0111\u00f3ng g\u00f3i c\u00f4ng nghi\u1ec7p An Th\u00e0nh","robots":{"index":"index","follow":"follow","max-snippet":"max-snippet:-1","max-image-preview":"max-image-preview:large","max-video-preview":"max-video-preview:-1"},"canonical":"https:\/\/www.packvn.com\/en\/san-pham\/may-dong-goi-bot-dang-truc-vit\/","og_locale":"en_US","og_type":"article","og_title":"Screw Powder Packaging Machine - M\u00e1y \u0111\u00f3ng g\u00f3i c\u00f4ng nghi\u1ec7p An Th\u00e0nh","og_description":"Screw powder packaging machine is used in industries that need accurate packaging in the final packaging of finished products.","og_url":"https:\/\/www.packvn.com\/en\/san-pham\/may-dong-goi-bot-dang-truc-vit\/","og_site_name":"M\u00e1y \u0111\u00f3ng g\u00f3i c\u00f4ng nghi\u1ec7p An Th\u00e0nh","article_publisher":"https:\/\/www.facebook.com\/maytudongnangsuatcaoanthanh","article_modified_time":"2024-09-13T04:01:10+00:00","og_image":[{"width":900,"height":900,"url":"https:\/\/www.packvn.com\/wp-content\/uploads\/2020\/10\/Untitl1212ed-1-min.jpg","type":"image\/jpeg"}],"twitter_card":"summary_large_image","twitter_misc":{"Est. reading time":"4 minutes"},"schema":{"@context":"https:\/\/schema.org","@graph":[{"@type":"WebPage","@id":"https:\/\/www.packvn.com\/en\/san-pham\/may-dong-goi-bot-dang-truc-vit\/","url":"https:\/\/www.packvn.com\/en\/san-pham\/may-dong-goi-bot-dang-truc-vit\/","name":"Screw Powder Packaging Machine - M\u00e1y \u0111\u00f3ng g\u00f3i c\u00f4ng nghi\u1ec7p An Th\u00e0nh","isPartOf":{"@id":"https:\/\/www.packvn.com\/#website"},"primaryImageOfPage":{"@id":"https:\/\/www.packvn.com\/en\/san-pham\/may-dong-goi-bot-dang-truc-vit\/#primaryimage"},"image":{"@id":"https:\/\/www.packvn.com\/en\/san-pham\/may-dong-goi-bot-dang-truc-vit\/#primaryimage"},"thumbnailUrl":"https:\/\/www.packvn.com\/wp-content\/uploads\/2020\/10\/Untitl1212ed-1-min.jpg","datePublished":"2020-10-14T10:02:02+00:00","dateModified":"2024-09-13T04:01:10+00:00","breadcrumb":{"@id":"https:\/\/www.packvn.com\/en\/san-pham\/may-dong-goi-bot-dang-truc-vit\/#breadcrumb"},"inLanguage":"en-US","potentialAction":[{"@type":"ReadAction","target":["https:\/\/www.packvn.com\/en\/san-pham\/may-dong-goi-bot-dang-truc-vit\/"]}]},{"@type":"ImageObject","inLanguage":"en-US","@id":"https:\/\/www.packvn.com\/en\/san-pham\/may-dong-goi-bot-dang-truc-vit\/#primaryimage","url":"https:\/\/www.packvn.com\/wp-content\/uploads\/2020\/10\/Untitl1212ed-1-min.jpg","contentUrl":"https:\/\/www.packvn.com\/wp-content\/uploads\/2020\/10\/Untitl1212ed-1-min.jpg","width":900,"height":900,"caption":"m\u00e1y \u0111\u00f3ng g\u00f3i tr\u1ee5c v\u00edt 3 bi\u00ean 4 bi\u00ean"},{"@type":"BreadcrumbList","@id":"https:\/\/www.packvn.com\/en\/san-pham\/may-dong-goi-bot-dang-truc-vit\/#breadcrumb","itemListElement":[{"@type":"ListItem","position":1,"name":"Trang ch\u1ee7","item":"https:\/\/www.packvn.com\/en\/"},{"@type":"ListItem","position":2,"name":"S\u1ea3n ph\u1ea9m","item":"https:\/\/www.packvn.com\/san-pham\/"},{"@type":"ListItem","position":3,"name":"M\u00e1y \u0111\u00f3ng g\u00f3i t\u1ef1 \u0111\u1ed9ng","item":"https:\/\/www.packvn.com\/danh-muc-san-pham\/may-dong-goi-tu-dong\/"},{"@type":"ListItem","position":4,"name":"M\u00e1y \u0110\u00f3ng G\u00f3i D\u1ea1ng B\u1ed9t","item":"https:\/\/www.packvn.com\/danh-muc-san-pham\/may-dong-goi-tu-dong\/may-dong-goi-dang-bot\/"},{"@type":"ListItem","position":5,"name":"Screw Powder Packaging Machine"}]},{"@type":"WebSite","@id":"https:\/\/www.packvn.com\/#website","url":"https:\/\/www.packvn.com\/","name":"M\u00e1y \u0111\u00f3ng g\u00f3i c\u00f4ng nghi\u1ec7p An Th\u00e0nh","description":"Nh\u00e0 s\u1ea3n xu\u1ea5t m\u00e1y \u0111\u00f3ng g\u00f3i ch\u1ea5t l\u01b0\u1ee3ng cao","publisher":{"@id":"https:\/\/www.packvn.com\/#organization"},"potentialAction":[{"@type":"SearchAction","target":{"@type":"EntryPoint","urlTemplate":"https:\/\/www.packvn.com\/?s={search_term_string}"},"query-input":{"@type":"PropertyValueSpecification","valueRequired":true,"valueName":"search_term_string"}}],"inLanguage":"en-US"},{"@type":"Organization","@id":"https:\/\/www.packvn.com\/#organization","name":"M\u00e1y \u0110\u00f3ng G\u00f3i An Th\u00e0nh","url":"https:\/\/www.packvn.com\/","logo":{"@type":"ImageObject","inLanguage":"en-US","@id":"https:\/\/www.packvn.com\/#\/schema\/logo\/image\/","url":"https:\/\/www.packvn.com\/wp-content\/uploads\/2020\/10\/cropped-logo-logo-chat-luong-thap-200609090814.png","contentUrl":"https:\/\/www.packvn.com\/wp-content\/uploads\/2020\/10\/cropped-logo-logo-chat-luong-thap-200609090814.png","width":512,"height":512,"caption":"M\u00e1y \u0110\u00f3ng G\u00f3i An Th\u00e0nh"},"image":{"@id":"https:\/\/www.packvn.com\/#\/schema\/logo\/image\/"},"sameAs":["https:\/\/www.facebook.com\/maytudongnangsuatcaoanthanh"]}]}},"_links":{"self":[{"href":"https:\/\/www.packvn.com\/en\/wp-json\/wp\/v2\/product\/774"}],"collection":[{"href":"https:\/\/www.packvn.com\/en\/wp-json\/wp\/v2\/product"}],"about":[{"href":"https:\/\/www.packvn.com\/en\/wp-json\/wp\/v2\/types\/product"}],"replies":[{"embeddable":true,"href":"https:\/\/www.packvn.com\/en\/wp-json\/wp\/v2\/comments?post=774"}],"wp:featuredmedia":[{"embeddable":true,"href":"https:\/\/www.packvn.com\/en\/wp-json\/wp\/v2\/media\/13325"}],"wp:attachment":[{"href":"https:\/\/www.packvn.com\/en\/wp-json\/wp\/v2\/media?parent=774"}],"wp:term":[{"taxonomy":"product_cat","embeddable":true,"href":"https:\/\/www.packvn.com\/en\/wp-json\/wp\/v2\/product_cat?post=774"},{"taxonomy":"product_tag","embeddable":true,"href":"https:\/\/www.packvn.com\/en\/wp-json\/wp\/v2\/product_tag?post=774"}],"curies":[{"name":"wp","href":"https:\/\/api.w.org\/{rel}","templated":true}]}}