{"id":772,"date":"2020-10-14T10:03:39","date_gmt":"2020-10-14T10:03:39","guid":{"rendered":"http:\/\/maydonggoi.southteam.co\/product\/may-dong-goi-ngu-coc-truc-vit\/"},"modified":"2024-09-13T13:42:26","modified_gmt":"2024-09-13T06:42:26","slug":"may-dong-goi-ngu-coc-truc-vit","status":"publish","type":"product","link":"https:\/\/www.packvn.com\/en\/san-pham\/may-dong-goi-ngu-coc-truc-vit\/","title":{"rendered":"Cereal Screw Packaging Machine"},"content":{"rendered":"<h3 class=\"title-page f-title\"><strong>Product Information Cereal Screw Packaging Machine<\/strong><\/h3>\n<div class=\"clearfix dcontent\">\n<p><strong>Cereal Screw packaging machine<\/strong> is a packaging machine used in the manufacture of soluble products such as cereal flour, using automatic screw dosing.<\/p>\n<h2><strong>Features of screw grain packing machine<\/strong><\/h2>\n<p>As a screw packaging machine, the dosing process automatically follows the rotation of the screw. When it is necessary to change the quantity, the technician only needs to change the parameters on the monitor screen easily.<\/p>\n<p><img decoding=\"async\" class=\"aligncenter size-full wp-image-14323\" src=\"https:\/\/www.packvn.com\/wp-content\/uploads\/2020\/10\/Untitled-111221.jpg\" alt=\"\" width=\"900\" height=\"900\" srcset=\"https:\/\/www.packvn.com\/wp-content\/uploads\/2020\/10\/Untitled-111221.jpg 900w, https:\/\/www.packvn.com\/wp-content\/uploads\/2020\/10\/Untitled-111221-300x300.jpg 300w, https:\/\/www.packvn.com\/wp-content\/uploads\/2020\/10\/Untitled-111221-150x150.jpg 150w, https:\/\/www.packvn.com\/wp-content\/uploads\/2020\/10\/Untitled-111221-768x768.jpg 768w, https:\/\/www.packvn.com\/wp-content\/uploads\/2020\/10\/Untitled-111221-600x600.jpg 600w, https:\/\/www.packvn.com\/wp-content\/uploads\/2020\/10\/Untitled-111221-100x100.jpg 100w\" sizes=\"(max-width: 900px) 100vw, 900px\" \/><\/p>\n<h2><strong>Details of Cereal Screw Packaging Machine<\/strong><\/h2>\n<ul>\n<li>The part in contact with the material is made of stainless steel and does not rust.<\/li>\n<li>The machine parts are fabricated by CNC automatic machine with high precision.<\/li>\n<li>The screw grain packing machine stops automatically when the packaging is out.<\/li>\n<li>The machine has the ability to cut apart each bag.<\/li>\n<li>The control components (inverter, touch screen, PLC, Servo &#8230;) are manufactured by Germany, Japan, Italy, and Taiwan.<\/li>\n<li>Screw quantification method<\/li>\n<li>Bag size: 250 mm x 140 mm &#8211; 295 mm x 80 mm<\/li>\n<li>Packaging material: powder<\/li>\n<li>Type of packaging used: complex film.<\/li>\n<li>Productivity: 20 &#8211; 30sp \/ p. Depending on the dust of the material.<\/li>\n<li>Package type: squeezing the middle abdomen, with corner folding.<\/li>\n<li>Electric power: 1.8 kw \/ h<\/li>\n<li>Power supply: 220v \/ 50hz<\/li>\n<li>Collar Packing Machine Dimensions: (D750 x R750 x C2300) mm<\/li>\n<li>Machine weight: 600kg<\/li>\n<li>Origin: Manufacturing at An Thanh Mechanical Company &#8211; Vietnam<\/li>\n<\/ul>\n<p><img decoding=\"async\" class=\"aligncenter wp-image-959 size-full\" src=\"https:\/\/www.packvn.com\/wp-content\/uploads\/2020\/10\/may-dong-goi-ngu-coc-1.png\" alt=\"M\u00e1y \u0111\u00f3ng g\u00f3i ng\u0169 c\u1ed1c\" width=\"401\" height=\"393\" srcset=\"https:\/\/www.packvn.com\/wp-content\/uploads\/2020\/10\/may-dong-goi-ngu-coc-1.png 401w, https:\/\/www.packvn.com\/wp-content\/uploads\/2020\/10\/may-dong-goi-ngu-coc-1-300x294.png 300w\" sizes=\"(max-width: 401px) 100vw, 401px\" \/><\/p>\n<h2><strong>What makes the Cereal Screw Packaging Machine a success?<\/strong><\/h2>\n<p>It is not that we mean the parts of the screw grain packaging machine that are imported from abroad but that is the design and manufacture of the machine.<\/p>\n<p>With a team of experienced engineers, we always have to design, manufacture and test versions before this packaging machine is released.<\/p>\n<p>An Thanh Company knows that there are many suppliers of screw grain packing machines in this market, so we always take care of every design and manufacturing detail in order to make machines with optimal performance. and eye-catching appearance. In addition, we are constantly improving our processes and listening to customers&#8217; opinions in order to continuously improve our products.<\/p>\n<p>&nbsp;<\/p>\n<h2><strong>Don&#8217;t let the Cereal Screw Packaging Machine call us<\/strong><\/h2>\n<p>When buying a product, customers are always interested in its warranty. This proves that it is the responsibility of the manufacturer towards its product. However, after the warranty, how is the manufacturer&#8217;s responsibility?<\/p>\n<p>With An Thanh Packing Machine Company, our responsibility does not end after the warranty period. We will regularly monitor and activate periodic maintenance for each machine sold on the market.<\/p>\n<p>Our engineer team will periodically check the screw grain packing machine and give the most reasonable advice to improve the durability of the product.<\/p>\n<p>See more products <a href=\"\/san-pham\/?lang=en\"><strong>here.<\/strong><\/a><\/p>\n<p>If you want to experience the actual machines, please contact us immediately for the correct information before deciding to invest.<\/p>\n<\/div>\n","protected":false},"excerpt":{"rendered":"<div class=\"pdinfo__quote\">Cereal Screw Packaging Machine is a packaging machine used in the manufacture of soluble products such as cereal flour, using automatic screw dosing.<\/div>\n<div class=\"clearfix pdinfo__policy f-title\"><\/div>\n","protected":false},"featured_media":14323,"comment_status":"open","ping_status":"closed","template":"","meta":{"inline_featured_image":false},"product_cat":[99,130],"product_tag":[131,132],"class_list":{"0":"post-772","1":"product","2":"type-product","3":"status-publish","4":"has-post-thumbnail","6":"product_cat-may-dong-goi-thuc-pham-en","7":"product_cat-may-dong-goi-dang-bot-en","8":"product_tag-maydonggoingucoctrucvit-en","9":"product_tag-ngu-coc-truc-vit-en","11":"first","12":"instock","13":"shipping-taxable","14":"purchasable","15":"product-type-simple"},"yoast_head":"<!-- This site is optimized with the Yoast SEO plugin v23.5 - https:\/\/yoast.com\/wordpress\/plugins\/seo\/ -->\n<title>Cereal Screw Packaging Machine - M\u00e1y \u0111\u00f3ng g\u00f3i c\u00f4ng nghi\u1ec7p An Th\u00e0nh<\/title>\n<meta name=\"robots\" content=\"index, follow, max-snippet:-1, max-image-preview:large, max-video-preview:-1\" \/>\n<link rel=\"canonical\" href=\"https:\/\/www.packvn.com\/en\/san-pham\/may-dong-goi-ngu-coc-truc-vit\/\" \/>\n<meta property=\"og:locale\" content=\"en_US\" \/>\n<meta property=\"og:type\" content=\"article\" \/>\n<meta property=\"og:title\" content=\"Cereal Screw Packaging Machine - M\u00e1y \u0111\u00f3ng g\u00f3i c\u00f4ng nghi\u1ec7p An Th\u00e0nh\" \/>\n<meta property=\"og:description\" content=\"Cereal Screw Packaging Machine is a packaging machine used in the manufacture of soluble products such as cereal flour, using automatic screw dosing.\" \/>\n<meta property=\"og:url\" content=\"https:\/\/www.packvn.com\/en\/san-pham\/may-dong-goi-ngu-coc-truc-vit\/\" \/>\n<meta property=\"og:site_name\" content=\"M\u00e1y \u0111\u00f3ng g\u00f3i c\u00f4ng nghi\u1ec7p An Th\u00e0nh\" \/>\n<meta property=\"article:publisher\" content=\"https:\/\/www.facebook.com\/maytudongnangsuatcaoanthanh\" \/>\n<meta property=\"article:modified_time\" content=\"2024-09-13T06:42:26+00:00\" \/>\n<meta property=\"og:image\" content=\"https:\/\/www.packvn.com\/wp-content\/uploads\/2020\/10\/Untitled-111221.jpg\" \/>\n\t<meta property=\"og:image:width\" content=\"900\" \/>\n\t<meta property=\"og:image:height\" content=\"900\" \/>\n\t<meta property=\"og:image:type\" content=\"image\/jpeg\" \/>\n<meta name=\"twitter:card\" content=\"summary_large_image\" \/>\n<meta name=\"twitter:label1\" content=\"Est. reading time\" \/>\n\t<meta name=\"twitter:data1\" content=\"4 minutes\" \/>\n<script type=\"application\/ld+json\" class=\"yoast-schema-graph\">{\"@context\":\"https:\/\/schema.org\",\"@graph\":[{\"@type\":\"WebPage\",\"@id\":\"https:\/\/www.packvn.com\/en\/san-pham\/may-dong-goi-ngu-coc-truc-vit\/\",\"url\":\"https:\/\/www.packvn.com\/en\/san-pham\/may-dong-goi-ngu-coc-truc-vit\/\",\"name\":\"Cereal Screw Packaging Machine - M\u00e1y \u0111\u00f3ng g\u00f3i c\u00f4ng nghi\u1ec7p An Th\u00e0nh\",\"isPartOf\":{\"@id\":\"https:\/\/www.packvn.com\/#website\"},\"primaryImageOfPage\":{\"@id\":\"https:\/\/www.packvn.com\/en\/san-pham\/may-dong-goi-ngu-coc-truc-vit\/#primaryimage\"},\"image\":{\"@id\":\"https:\/\/www.packvn.com\/en\/san-pham\/may-dong-goi-ngu-coc-truc-vit\/#primaryimage\"},\"thumbnailUrl\":\"https:\/\/www.packvn.com\/wp-content\/uploads\/2020\/10\/Untitled-111221.jpg\",\"datePublished\":\"2020-10-14T10:03:39+00:00\",\"dateModified\":\"2024-09-13T06:42:26+00:00\",\"breadcrumb\":{\"@id\":\"https:\/\/www.packvn.com\/en\/san-pham\/may-dong-goi-ngu-coc-truc-vit\/#breadcrumb\"},\"inLanguage\":\"en-US\",\"potentialAction\":[{\"@type\":\"ReadAction\",\"target\":[\"https:\/\/www.packvn.com\/en\/san-pham\/may-dong-goi-ngu-coc-truc-vit\/\"]}]},{\"@type\":\"ImageObject\",\"inLanguage\":\"en-US\",\"@id\":\"https:\/\/www.packvn.com\/en\/san-pham\/may-dong-goi-ngu-coc-truc-vit\/#primaryimage\",\"url\":\"https:\/\/www.packvn.com\/wp-content\/uploads\/2020\/10\/Untitled-111221.jpg\",\"contentUrl\":\"https:\/\/www.packvn.com\/wp-content\/uploads\/2020\/10\/Untitled-111221.jpg\",\"width\":900,\"height\":900},{\"@type\":\"BreadcrumbList\",\"@id\":\"https:\/\/www.packvn.com\/en\/san-pham\/may-dong-goi-ngu-coc-truc-vit\/#breadcrumb\",\"itemListElement\":[{\"@type\":\"ListItem\",\"position\":1,\"name\":\"Trang ch\u1ee7\",\"item\":\"https:\/\/www.packvn.com\/en\/\"},{\"@type\":\"ListItem\",\"position\":2,\"name\":\"S\u1ea3n ph\u1ea9m\",\"item\":\"https:\/\/www.packvn.com\/san-pham\/\"},{\"@type\":\"ListItem\",\"position\":3,\"name\":\"M\u00e1y \u0111\u00f3ng g\u00f3i t\u1ef1 \u0111\u1ed9ng\",\"item\":\"https:\/\/www.packvn.com\/danh-muc-san-pham\/may-dong-goi-tu-dong\/\"},{\"@type\":\"ListItem\",\"position\":4,\"name\":\"M\u00e1y \u0110\u00f3ng G\u00f3i D\u1ea1ng B\u1ed9t\",\"item\":\"https:\/\/www.packvn.com\/danh-muc-san-pham\/may-dong-goi-tu-dong\/may-dong-goi-dang-bot\/\"},{\"@type\":\"ListItem\",\"position\":5,\"name\":\"Cereal Screw Packaging Machine\"}]},{\"@type\":\"WebSite\",\"@id\":\"https:\/\/www.packvn.com\/#website\",\"url\":\"https:\/\/www.packvn.com\/\",\"name\":\"M\u00e1y \u0111\u00f3ng g\u00f3i c\u00f4ng nghi\u1ec7p An Th\u00e0nh\",\"description\":\"Nh\u00e0 s\u1ea3n xu\u1ea5t m\u00e1y \u0111\u00f3ng g\u00f3i ch\u1ea5t l\u01b0\u1ee3ng cao\",\"publisher\":{\"@id\":\"https:\/\/www.packvn.com\/#organization\"},\"potentialAction\":[{\"@type\":\"SearchAction\",\"target\":{\"@type\":\"EntryPoint\",\"urlTemplate\":\"https:\/\/www.packvn.com\/?s={search_term_string}\"},\"query-input\":{\"@type\":\"PropertyValueSpecification\",\"valueRequired\":true,\"valueName\":\"search_term_string\"}}],\"inLanguage\":\"en-US\"},{\"@type\":\"Organization\",\"@id\":\"https:\/\/www.packvn.com\/#organization\",\"name\":\"M\u00e1y \u0110\u00f3ng G\u00f3i An Th\u00e0nh\",\"url\":\"https:\/\/www.packvn.com\/\",\"logo\":{\"@type\":\"ImageObject\",\"inLanguage\":\"en-US\",\"@id\":\"https:\/\/www.packvn.com\/#\/schema\/logo\/image\/\",\"url\":\"https:\/\/www.packvn.com\/wp-content\/uploads\/2020\/10\/cropped-logo-logo-chat-luong-thap-200609090814.png\",\"contentUrl\":\"https:\/\/www.packvn.com\/wp-content\/uploads\/2020\/10\/cropped-logo-logo-chat-luong-thap-200609090814.png\",\"width\":512,\"height\":512,\"caption\":\"M\u00e1y \u0110\u00f3ng G\u00f3i An Th\u00e0nh\"},\"image\":{\"@id\":\"https:\/\/www.packvn.com\/#\/schema\/logo\/image\/\"},\"sameAs\":[\"https:\/\/www.facebook.com\/maytudongnangsuatcaoanthanh\"]}]}<\/script>\n<!-- \/ Yoast SEO plugin. -->","yoast_head_json":{"title":"Cereal Screw Packaging Machine - M\u00e1y \u0111\u00f3ng g\u00f3i c\u00f4ng nghi\u1ec7p An Th\u00e0nh","robots":{"index":"index","follow":"follow","max-snippet":"max-snippet:-1","max-image-preview":"max-image-preview:large","max-video-preview":"max-video-preview:-1"},"canonical":"https:\/\/www.packvn.com\/en\/san-pham\/may-dong-goi-ngu-coc-truc-vit\/","og_locale":"en_US","og_type":"article","og_title":"Cereal Screw Packaging Machine - M\u00e1y \u0111\u00f3ng g\u00f3i c\u00f4ng nghi\u1ec7p An Th\u00e0nh","og_description":"Cereal Screw Packaging Machine is a packaging machine used in the manufacture of soluble products such as cereal flour, using automatic screw dosing.","og_url":"https:\/\/www.packvn.com\/en\/san-pham\/may-dong-goi-ngu-coc-truc-vit\/","og_site_name":"M\u00e1y \u0111\u00f3ng g\u00f3i c\u00f4ng nghi\u1ec7p An Th\u00e0nh","article_publisher":"https:\/\/www.facebook.com\/maytudongnangsuatcaoanthanh","article_modified_time":"2024-09-13T06:42:26+00:00","og_image":[{"width":900,"height":900,"url":"https:\/\/www.packvn.com\/wp-content\/uploads\/2020\/10\/Untitled-111221.jpg","type":"image\/jpeg"}],"twitter_card":"summary_large_image","twitter_misc":{"Est. reading time":"4 minutes"},"schema":{"@context":"https:\/\/schema.org","@graph":[{"@type":"WebPage","@id":"https:\/\/www.packvn.com\/en\/san-pham\/may-dong-goi-ngu-coc-truc-vit\/","url":"https:\/\/www.packvn.com\/en\/san-pham\/may-dong-goi-ngu-coc-truc-vit\/","name":"Cereal Screw Packaging Machine - M\u00e1y \u0111\u00f3ng g\u00f3i c\u00f4ng nghi\u1ec7p An Th\u00e0nh","isPartOf":{"@id":"https:\/\/www.packvn.com\/#website"},"primaryImageOfPage":{"@id":"https:\/\/www.packvn.com\/en\/san-pham\/may-dong-goi-ngu-coc-truc-vit\/#primaryimage"},"image":{"@id":"https:\/\/www.packvn.com\/en\/san-pham\/may-dong-goi-ngu-coc-truc-vit\/#primaryimage"},"thumbnailUrl":"https:\/\/www.packvn.com\/wp-content\/uploads\/2020\/10\/Untitled-111221.jpg","datePublished":"2020-10-14T10:03:39+00:00","dateModified":"2024-09-13T06:42:26+00:00","breadcrumb":{"@id":"https:\/\/www.packvn.com\/en\/san-pham\/may-dong-goi-ngu-coc-truc-vit\/#breadcrumb"},"inLanguage":"en-US","potentialAction":[{"@type":"ReadAction","target":["https:\/\/www.packvn.com\/en\/san-pham\/may-dong-goi-ngu-coc-truc-vit\/"]}]},{"@type":"ImageObject","inLanguage":"en-US","@id":"https:\/\/www.packvn.com\/en\/san-pham\/may-dong-goi-ngu-coc-truc-vit\/#primaryimage","url":"https:\/\/www.packvn.com\/wp-content\/uploads\/2020\/10\/Untitled-111221.jpg","contentUrl":"https:\/\/www.packvn.com\/wp-content\/uploads\/2020\/10\/Untitled-111221.jpg","width":900,"height":900},{"@type":"BreadcrumbList","@id":"https:\/\/www.packvn.com\/en\/san-pham\/may-dong-goi-ngu-coc-truc-vit\/#breadcrumb","itemListElement":[{"@type":"ListItem","position":1,"name":"Trang ch\u1ee7","item":"https:\/\/www.packvn.com\/en\/"},{"@type":"ListItem","position":2,"name":"S\u1ea3n ph\u1ea9m","item":"https:\/\/www.packvn.com\/san-pham\/"},{"@type":"ListItem","position":3,"name":"M\u00e1y \u0111\u00f3ng g\u00f3i t\u1ef1 \u0111\u1ed9ng","item":"https:\/\/www.packvn.com\/danh-muc-san-pham\/may-dong-goi-tu-dong\/"},{"@type":"ListItem","position":4,"name":"M\u00e1y \u0110\u00f3ng G\u00f3i D\u1ea1ng B\u1ed9t","item":"https:\/\/www.packvn.com\/danh-muc-san-pham\/may-dong-goi-tu-dong\/may-dong-goi-dang-bot\/"},{"@type":"ListItem","position":5,"name":"Cereal Screw Packaging Machine"}]},{"@type":"WebSite","@id":"https:\/\/www.packvn.com\/#website","url":"https:\/\/www.packvn.com\/","name":"M\u00e1y \u0111\u00f3ng g\u00f3i c\u00f4ng nghi\u1ec7p An Th\u00e0nh","description":"Nh\u00e0 s\u1ea3n xu\u1ea5t m\u00e1y \u0111\u00f3ng g\u00f3i ch\u1ea5t l\u01b0\u1ee3ng cao","publisher":{"@id":"https:\/\/www.packvn.com\/#organization"},"potentialAction":[{"@type":"SearchAction","target":{"@type":"EntryPoint","urlTemplate":"https:\/\/www.packvn.com\/?s={search_term_string}"},"query-input":{"@type":"PropertyValueSpecification","valueRequired":true,"valueName":"search_term_string"}}],"inLanguage":"en-US"},{"@type":"Organization","@id":"https:\/\/www.packvn.com\/#organization","name":"M\u00e1y \u0110\u00f3ng G\u00f3i An Th\u00e0nh","url":"https:\/\/www.packvn.com\/","logo":{"@type":"ImageObject","inLanguage":"en-US","@id":"https:\/\/www.packvn.com\/#\/schema\/logo\/image\/","url":"https:\/\/www.packvn.com\/wp-content\/uploads\/2020\/10\/cropped-logo-logo-chat-luong-thap-200609090814.png","contentUrl":"https:\/\/www.packvn.com\/wp-content\/uploads\/2020\/10\/cropped-logo-logo-chat-luong-thap-200609090814.png","width":512,"height":512,"caption":"M\u00e1y \u0110\u00f3ng G\u00f3i An Th\u00e0nh"},"image":{"@id":"https:\/\/www.packvn.com\/#\/schema\/logo\/image\/"},"sameAs":["https:\/\/www.facebook.com\/maytudongnangsuatcaoanthanh"]}]}},"_links":{"self":[{"href":"https:\/\/www.packvn.com\/en\/wp-json\/wp\/v2\/product\/772"}],"collection":[{"href":"https:\/\/www.packvn.com\/en\/wp-json\/wp\/v2\/product"}],"about":[{"href":"https:\/\/www.packvn.com\/en\/wp-json\/wp\/v2\/types\/product"}],"replies":[{"embeddable":true,"href":"https:\/\/www.packvn.com\/en\/wp-json\/wp\/v2\/comments?post=772"}],"wp:featuredmedia":[{"embeddable":true,"href":"https:\/\/www.packvn.com\/en\/wp-json\/wp\/v2\/media\/14323"}],"wp:attachment":[{"href":"https:\/\/www.packvn.com\/en\/wp-json\/wp\/v2\/media?parent=772"}],"wp:term":[{"taxonomy":"product_cat","embeddable":true,"href":"https:\/\/www.packvn.com\/en\/wp-json\/wp\/v2\/product_cat?post=772"},{"taxonomy":"product_tag","embeddable":true,"href":"https:\/\/www.packvn.com\/en\/wp-json\/wp\/v2\/product_tag?post=772"}],"curies":[{"name":"wp","href":"https:\/\/api.w.org\/{rel}","templated":true}]}}