{"id":768,"date":"2020-10-14T10:06:04","date_gmt":"2020-10-14T10:06:04","guid":{"rendered":"http:\/\/maydonggoi.southteam.co\/product\/may-dong-goi-muoi\/"},"modified":"2024-09-13T15:43:04","modified_gmt":"2024-09-13T08:43:04","slug":"may-dong-goi-muoi","status":"publish","type":"product","link":"https:\/\/www.packvn.com\/en\/san-pham\/may-dong-goi-muoi\/","title":{"rendered":"Salt Packaging Machine"},"content":{"rendered":"<h2 class=\"title-page f-title\"><strong>Product Information Salt Packing Machine<\/strong><\/h2>\n<div class=\"clearfix dcontent\">\n<p><strong>Salt packaging machine<\/strong> is a form of quantitative packaging machine, neatly designed, operating under an automatic mechanism. This equipment is used in the salt packaging industry.<\/p>\n<p><img decoding=\"async\" class=\"aligncenter wp-image-1362 size-large\" src=\"https:\/\/www.packvn.com\/wp-content\/uploads\/2020\/10\/hinh-may-muoi-bung-giua-1024x1024.jpg\" alt=\"m\u00e1y \u0111\u00f3ng g\u00f3i \u0111\u1ecbnh l\u01b0\u1ee3ng \u0111\u01b0\u1eddng\" width=\"1020\" height=\"1020\" srcset=\"https:\/\/www.packvn.com\/wp-content\/uploads\/2020\/10\/hinh-may-muoi-bung-giua-1024x1024.jpg 1024w, https:\/\/www.packvn.com\/wp-content\/uploads\/2020\/10\/hinh-may-muoi-bung-giua-300x300.jpg 300w, https:\/\/www.packvn.com\/wp-content\/uploads\/2020\/10\/hinh-may-muoi-bung-giua-150x150.jpg 150w, https:\/\/www.packvn.com\/wp-content\/uploads\/2020\/10\/hinh-may-muoi-bung-giua-768x768.jpg 768w, https:\/\/www.packvn.com\/wp-content\/uploads\/2020\/10\/hinh-may-muoi-bung-giua-1536x1536.jpg 1536w, https:\/\/www.packvn.com\/wp-content\/uploads\/2020\/10\/hinh-may-muoi-bung-giua-2048x2048.jpg 2048w, https:\/\/www.packvn.com\/wp-content\/uploads\/2020\/10\/hinh-may-muoi-bung-giua-600x600.jpg 600w, https:\/\/www.packvn.com\/wp-content\/uploads\/2020\/10\/hinh-may-muoi-bung-giua-100x100.jpg 100w\" sizes=\"(max-width: 1020px) 100vw, 1020px\" \/><\/p>\n<h2><strong>Structural properties of An Thanh salt packaging machine<\/strong><\/h2>\n<p>Salt packing machine is designed with 3 main parts, most of the components assembled are imported 100% new from major brands in Germany and Taiwan:<\/p>\n<p>Automatic weighing unit: salt packaging machine uses electronic quantitative scales for accuracy in packing raw materials.<\/p>\n<p>Packaging department: operates by automatic mechanism: automatically opens the bag, automatically feeds, presses and seals the packaging, prints the production date and automatically stops when the package is out or the package is out of line. Packaging styles 3 &#8211; 4 margins depending on the needs of the manufacturer. High capacity for fast packaging speeds of up to 30-60 packs \/ min depending on product size and weight.<\/p>\n<p>Because the material is a salt that is easy to corrode, the whole contact part is made of 304 stainless steel to increase the durability of the machine.<\/p>\n<p>Controller: All the internal electromechanical parts are controlled via an external touch screen. The parameters are changed via this screen and the controls help the user to quickly grasp its operation.<\/p>\n<p>&nbsp;<\/p>\n<h2><strong>Highlights of the salt packaging machine<\/strong><\/h2>\n<ul>\n<li>The ability to accurately quantify products, minimize the rate of defective goods, lost goods, loss<\/li>\n<li>The automatic packaging system does not need to stop the machine, does not need human intervention in the packaging process to help pack time faster and more convenient. The machine automatically stops when there is an incident so it is very safe for users.<\/li>\n<li>The machine is capable of stepless speed adjustment, adjusting bag size in the packaging process without stopping the machine.<\/li>\n<\/ul>\n<p><img decoding=\"async\" class=\"aligncenter wp-image-12930 size-medium\" src=\"https:\/\/www.packvn.com\/wp-content\/uploads\/2020\/10\/tui-duong-1kg-240x300.png\" alt=\"\" width=\"240\" height=\"300\" srcset=\"https:\/\/www.packvn.com\/wp-content\/uploads\/2020\/10\/tui-duong-1kg-240x300.png 240w, https:\/\/www.packvn.com\/wp-content\/uploads\/2020\/10\/tui-duong-1kg-819x1024.png 819w, https:\/\/www.packvn.com\/wp-content\/uploads\/2020\/10\/tui-duong-1kg-768x960.png 768w, https:\/\/www.packvn.com\/wp-content\/uploads\/2020\/10\/tui-duong-1kg-1229x1536.png 1229w, https:\/\/www.packvn.com\/wp-content\/uploads\/2020\/10\/tui-duong-1kg-600x750.png 600w, https:\/\/www.packvn.com\/wp-content\/uploads\/2020\/10\/tui-duong-1kg.png 1302w\" sizes=\"(max-width: 240px) 100vw, 240px\" \/><\/p>\n<h2><strong>Specifications of salt packing machine<\/strong><\/h2>\n<table border=\"1\" cellspacing=\"0\" cellpadding=\"0\">\n<tbody>\n<tr>\n<td>&nbsp;<\/p>\n<table>\n<tbody>\n<tr>\n<td><strong>Technical specifications<\/strong><\/td>\n<td><strong>Material<\/strong><\/td>\n<td><strong>Origin<\/strong><\/td>\n<td><strong>Note<\/strong><\/td>\n<\/tr>\n<tr>\n<td>The chassis is made of electrostatic iron, the details in contact with the raw materials are made of 304 inox, used in food.<\/td>\n<td>Inox 304<\/td>\n<td>An Thanh<\/td>\n<td rowspan=\"25\">All components 100% brand new<\/p>\n<p>&nbsp;<\/td>\n<\/tr>\n<tr>\n<td>The machine details are fabricated on automatic CNC machines with high precision.<\/td>\n<td>Steel and inox<\/td>\n<td>An Thanh<\/td>\n<\/tr>\n<tr>\n<td>ABM drives the main motor<\/td>\n<td><\/td>\n<td>Germany<\/td>\n<\/tr>\n<tr>\n<td>CP protects the HITACHI machine<\/td>\n<td><\/td>\n<td>Japan<\/td>\n<\/tr>\n<tr>\n<td>PLC-DELTA data memory<\/td>\n<td><\/td>\n<td>Taiwan<\/td>\n<\/tr>\n<tr>\n<td>Weight setting on touch screen<\/td>\n<td><\/td>\n<td>Taiwan<\/td>\n<\/tr>\n<tr>\n<td>Machine parameters are displayed on the touch screen.<\/td>\n<td><\/td>\n<td>Taiwan<\/td>\n<\/tr>\n<tr>\n<td>Relay\u00a0 IDEC<\/td>\n<td><\/td>\n<td>Japan<\/td>\n<\/tr>\n<tr>\n<td>Slip paste system for NTN packaging<\/td>\n<td><\/td>\n<td>Japan<\/td>\n<\/tr>\n<tr>\n<td>Barometer reader sensor aotoro<\/td>\n<td><\/td>\n<td>Taiwan<\/td>\n<\/tr>\n<tr>\n<td>\n<ul>\n<li>Packing type: middle abdomen<\/li>\n<li>Pattern pressed: straight stripes create waves<\/li>\n<li>Horizontal press: 8mm<\/li>\n<li>Vertical press: 10mm<\/li>\n<\/ul>\n<\/td>\n<td>Brass or inox<\/td>\n<td rowspan=\"15\">&nbsp;<\/p>\n<p>An Thanh<\/td>\n<\/tr>\n<tr>\n<td>\n<ul>\n<li>Cutting blade type: serrated shape for easy opening<\/li>\n<\/ul>\n<\/td>\n<td><\/td>\n<\/tr>\n<tr>\n<td>\n<ul>\n<li>Cut each bag apart<\/li>\n<\/ul>\n<\/td>\n<td><\/td>\n<\/tr>\n<tr>\n<td>\n<ul>\n<li>Membrane size: \u2264 350mm<\/li>\n<li>Film roll diameter: 300mm<\/li>\n<\/ul>\n<\/td>\n<td><\/td>\n<\/tr>\n<tr>\n<td>Bag weight: 100 grams &#8211; 1000 grams<\/p>\n<p>Accuracy of \u00b1 1% to \u00b1 2%<\/td>\n<td><\/td>\n<\/tr>\n<tr>\n<td>Bag tightness assurance: in 100% of cases the correct material)<\/td>\n<td><\/td>\n<\/tr>\n<tr>\n<td>Raw material adhesive bag weld: \u2264 3%<\/td>\n<td><\/td>\n<\/tr>\n<tr>\n<td>Dosing method: volumetric cup (freezing cup)<\/td>\n<td>INOX 304<\/td>\n<\/tr>\n<tr>\n<td>Packing material: raw flour, assorted seeds, sugar, monosodium glutamate,<\/td>\n<td><\/td>\n<\/tr>\n<tr>\n<td>Speed: 15 &#8211; 25 sp \/ min, depending on the features and difficulty of the product.<\/td>\n<td><\/td>\n<\/tr>\n<tr>\n<td>Electric power: 2 kw \/ h.<\/td>\n<td><\/td>\n<\/tr>\n<tr>\n<td>Power supply: 220v \/ 50hz<\/td>\n<td><\/td>\n<\/tr>\n<tr>\n<td>Machine size: (D700 x R650 x C2200) mm<\/td>\n<td><\/td>\n<\/tr>\n<tr>\n<td>Machine weight: 400kg<\/td>\n<td><\/td>\n<\/tr>\n<tr>\n<td>Origin of machine<\/td>\n<td><\/td>\n<\/tr>\n<\/tbody>\n<\/table>\n<p>&nbsp;<\/td>\n<\/tr>\n<\/tbody>\n<\/table>\n<h2><strong>Salt packing machine warranty policy<\/strong><\/h2>\n<p>In An Thanh, packaging machines are warranted for 12 months from the date of shipment. During this period, the manufacturer&#8217;s fault is 100% free. In addition, errors caused by users will be guided by us to fix them in the best way.<\/p>\n<p>See more products <a href=\"\/san-pham\/?lang=en\">here.<\/a><\/p>\n<p>Let&#8217;s experience our products and services.<\/p>\n<\/div>\n","protected":false},"excerpt":{"rendered":"<div class=\"pdinfo__quote\">Salt packaging machine is a form of quantitative packaging machine, neatly designed, operating under an automatic mechanism. This equipment is used in the salt packaging industry.<\/div>\n<div><iframe src=\"\/\/www.youtube.com\/embed\/IFdfhKEhE7o?embeds_referring_euri=https\" width=\"560\" height=\"314\" allowfullscreen=\"allowfullscreen\"><\/iframe><\/div>\n","protected":false},"featured_media":1362,"comment_status":"open","ping_status":"closed","template":"","meta":{"inline_featured_image":false},"product_cat":[99,115,130],"product_tag":[129],"class_list":{"0":"post-768","1":"product","2":"type-product","3":"status-publish","4":"has-post-thumbnail","6":"product_cat-may-dong-goi-thuc-pham-en","7":"product_cat-may-dong-goi-dang-bot-hat-en","8":"product_cat-may-dong-goi-dang-bot-en","9":"product_tag-maydonggoimuoi-en","11":"first","12":"instock","13":"shipping-taxable","14":"product-type-simple"},"yoast_head":"<!-- This site is optimized with the Yoast SEO plugin v23.5 - https:\/\/yoast.com\/wordpress\/plugins\/seo\/ -->\n<title>Salt Packaging Machine - M\u00e1y \u0111\u00f3ng g\u00f3i c\u00f4ng nghi\u1ec7p An Th\u00e0nh<\/title>\n<meta name=\"robots\" content=\"index, follow, max-snippet:-1, max-image-preview:large, max-video-preview:-1\" \/>\n<link rel=\"canonical\" href=\"https:\/\/www.packvn.com\/en\/san-pham\/may-dong-goi-muoi\/\" \/>\n<meta property=\"og:locale\" content=\"en_US\" \/>\n<meta property=\"og:type\" content=\"article\" \/>\n<meta property=\"og:title\" content=\"Salt Packaging Machine - M\u00e1y \u0111\u00f3ng g\u00f3i c\u00f4ng nghi\u1ec7p An Th\u00e0nh\" \/>\n<meta property=\"og:description\" content=\"Salt packaging machine is a form of quantitative packaging machine, neatly designed, operating under an automatic mechanism. This equipment is used in the salt packaging industry.\" \/>\n<meta property=\"og:url\" content=\"https:\/\/www.packvn.com\/en\/san-pham\/may-dong-goi-muoi\/\" \/>\n<meta property=\"og:site_name\" content=\"M\u00e1y \u0111\u00f3ng g\u00f3i c\u00f4ng nghi\u1ec7p An Th\u00e0nh\" \/>\n<meta property=\"article:publisher\" content=\"https:\/\/www.facebook.com\/maytudongnangsuatcaoanthanh\" \/>\n<meta property=\"article:modified_time\" content=\"2024-09-13T08:43:04+00:00\" \/>\n<meta property=\"og:image\" content=\"https:\/\/www.packvn.com\/wp-content\/uploads\/2020\/10\/hinh-may-muoi-bung-giua-scaled.jpg\" \/>\n\t<meta property=\"og:image:width\" content=\"2560\" \/>\n\t<meta property=\"og:image:height\" content=\"2560\" \/>\n\t<meta property=\"og:image:type\" content=\"image\/jpeg\" \/>\n<meta name=\"twitter:card\" content=\"summary_large_image\" \/>\n<meta name=\"twitter:label1\" content=\"Est. reading time\" \/>\n\t<meta name=\"twitter:data1\" content=\"4 minutes\" \/>\n<script type=\"application\/ld+json\" class=\"yoast-schema-graph\">{\"@context\":\"https:\/\/schema.org\",\"@graph\":[{\"@type\":\"WebPage\",\"@id\":\"https:\/\/www.packvn.com\/en\/san-pham\/may-dong-goi-muoi\/\",\"url\":\"https:\/\/www.packvn.com\/en\/san-pham\/may-dong-goi-muoi\/\",\"name\":\"Salt Packaging Machine - M\u00e1y \u0111\u00f3ng g\u00f3i c\u00f4ng nghi\u1ec7p An Th\u00e0nh\",\"isPartOf\":{\"@id\":\"https:\/\/www.packvn.com\/#website\"},\"primaryImageOfPage\":{\"@id\":\"https:\/\/www.packvn.com\/en\/san-pham\/may-dong-goi-muoi\/#primaryimage\"},\"image\":{\"@id\":\"https:\/\/www.packvn.com\/en\/san-pham\/may-dong-goi-muoi\/#primaryimage\"},\"thumbnailUrl\":\"https:\/\/www.packvn.com\/wp-content\/uploads\/2020\/10\/hinh-may-muoi-bung-giua-scaled.jpg\",\"datePublished\":\"2020-10-14T10:06:04+00:00\",\"dateModified\":\"2024-09-13T08:43:04+00:00\",\"breadcrumb\":{\"@id\":\"https:\/\/www.packvn.com\/en\/san-pham\/may-dong-goi-muoi\/#breadcrumb\"},\"inLanguage\":\"en-US\",\"potentialAction\":[{\"@type\":\"ReadAction\",\"target\":[\"https:\/\/www.packvn.com\/en\/san-pham\/may-dong-goi-muoi\/\"]}]},{\"@type\":\"ImageObject\",\"inLanguage\":\"en-US\",\"@id\":\"https:\/\/www.packvn.com\/en\/san-pham\/may-dong-goi-muoi\/#primaryimage\",\"url\":\"https:\/\/www.packvn.com\/wp-content\/uploads\/2020\/10\/hinh-may-muoi-bung-giua-scaled.jpg\",\"contentUrl\":\"https:\/\/www.packvn.com\/wp-content\/uploads\/2020\/10\/hinh-may-muoi-bung-giua-scaled.jpg\",\"width\":2560,\"height\":2560,\"caption\":\"m\u00e1y \u0111\u00f3ng g\u00f3i \u0111\u1ecbnh l\u01b0\u1ee3ng \u0111\u01b0\u1eddng\"},{\"@type\":\"BreadcrumbList\",\"@id\":\"https:\/\/www.packvn.com\/en\/san-pham\/may-dong-goi-muoi\/#breadcrumb\",\"itemListElement\":[{\"@type\":\"ListItem\",\"position\":1,\"name\":\"Trang ch\u1ee7\",\"item\":\"https:\/\/www.packvn.com\/en\/\"},{\"@type\":\"ListItem\",\"position\":2,\"name\":\"S\u1ea3n ph\u1ea9m\",\"item\":\"https:\/\/www.packvn.com\/san-pham\/\"},{\"@type\":\"ListItem\",\"position\":3,\"name\":\"M\u00e1y \u0111\u00f3ng g\u00f3i t\u1ef1 \u0111\u1ed9ng\",\"item\":\"https:\/\/www.packvn.com\/danh-muc-san-pham\/may-dong-goi-tu-dong\/\"},{\"@type\":\"ListItem\",\"position\":4,\"name\":\"M\u00e1y \u0110\u00f3ng G\u00f3i D\u1ea1ng H\u1ea1t\",\"item\":\"https:\/\/www.packvn.com\/danh-muc-san-pham\/may-dong-goi-tu-dong\/may-dong-goi-dang-hat\/\"},{\"@type\":\"ListItem\",\"position\":5,\"name\":\"Salt Packaging Machine\"}]},{\"@type\":\"WebSite\",\"@id\":\"https:\/\/www.packvn.com\/#website\",\"url\":\"https:\/\/www.packvn.com\/\",\"name\":\"M\u00e1y \u0111\u00f3ng g\u00f3i c\u00f4ng nghi\u1ec7p An Th\u00e0nh\",\"description\":\"Nh\u00e0 s\u1ea3n xu\u1ea5t m\u00e1y \u0111\u00f3ng g\u00f3i ch\u1ea5t l\u01b0\u1ee3ng cao\",\"publisher\":{\"@id\":\"https:\/\/www.packvn.com\/#organization\"},\"potentialAction\":[{\"@type\":\"SearchAction\",\"target\":{\"@type\":\"EntryPoint\",\"urlTemplate\":\"https:\/\/www.packvn.com\/?s={search_term_string}\"},\"query-input\":{\"@type\":\"PropertyValueSpecification\",\"valueRequired\":true,\"valueName\":\"search_term_string\"}}],\"inLanguage\":\"en-US\"},{\"@type\":\"Organization\",\"@id\":\"https:\/\/www.packvn.com\/#organization\",\"name\":\"M\u00e1y \u0110\u00f3ng G\u00f3i An Th\u00e0nh\",\"url\":\"https:\/\/www.packvn.com\/\",\"logo\":{\"@type\":\"ImageObject\",\"inLanguage\":\"en-US\",\"@id\":\"https:\/\/www.packvn.com\/#\/schema\/logo\/image\/\",\"url\":\"https:\/\/www.packvn.com\/wp-content\/uploads\/2020\/10\/cropped-logo-logo-chat-luong-thap-200609090814.png\",\"contentUrl\":\"https:\/\/www.packvn.com\/wp-content\/uploads\/2020\/10\/cropped-logo-logo-chat-luong-thap-200609090814.png\",\"width\":512,\"height\":512,\"caption\":\"M\u00e1y \u0110\u00f3ng G\u00f3i An Th\u00e0nh\"},\"image\":{\"@id\":\"https:\/\/www.packvn.com\/#\/schema\/logo\/image\/\"},\"sameAs\":[\"https:\/\/www.facebook.com\/maytudongnangsuatcaoanthanh\"]}]}<\/script>\n<!-- \/ Yoast SEO plugin. -->","yoast_head_json":{"title":"Salt Packaging Machine - M\u00e1y \u0111\u00f3ng g\u00f3i c\u00f4ng nghi\u1ec7p An Th\u00e0nh","robots":{"index":"index","follow":"follow","max-snippet":"max-snippet:-1","max-image-preview":"max-image-preview:large","max-video-preview":"max-video-preview:-1"},"canonical":"https:\/\/www.packvn.com\/en\/san-pham\/may-dong-goi-muoi\/","og_locale":"en_US","og_type":"article","og_title":"Salt Packaging Machine - M\u00e1y \u0111\u00f3ng g\u00f3i c\u00f4ng nghi\u1ec7p An Th\u00e0nh","og_description":"Salt packaging machine is a form of quantitative packaging machine, neatly designed, operating under an automatic mechanism. This equipment is used in the salt packaging industry.","og_url":"https:\/\/www.packvn.com\/en\/san-pham\/may-dong-goi-muoi\/","og_site_name":"M\u00e1y \u0111\u00f3ng g\u00f3i c\u00f4ng nghi\u1ec7p An Th\u00e0nh","article_publisher":"https:\/\/www.facebook.com\/maytudongnangsuatcaoanthanh","article_modified_time":"2024-09-13T08:43:04+00:00","og_image":[{"width":2560,"height":2560,"url":"https:\/\/www.packvn.com\/wp-content\/uploads\/2020\/10\/hinh-may-muoi-bung-giua-scaled.jpg","type":"image\/jpeg"}],"twitter_card":"summary_large_image","twitter_misc":{"Est. reading time":"4 minutes"},"schema":{"@context":"https:\/\/schema.org","@graph":[{"@type":"WebPage","@id":"https:\/\/www.packvn.com\/en\/san-pham\/may-dong-goi-muoi\/","url":"https:\/\/www.packvn.com\/en\/san-pham\/may-dong-goi-muoi\/","name":"Salt Packaging Machine - M\u00e1y \u0111\u00f3ng g\u00f3i c\u00f4ng nghi\u1ec7p An Th\u00e0nh","isPartOf":{"@id":"https:\/\/www.packvn.com\/#website"},"primaryImageOfPage":{"@id":"https:\/\/www.packvn.com\/en\/san-pham\/may-dong-goi-muoi\/#primaryimage"},"image":{"@id":"https:\/\/www.packvn.com\/en\/san-pham\/may-dong-goi-muoi\/#primaryimage"},"thumbnailUrl":"https:\/\/www.packvn.com\/wp-content\/uploads\/2020\/10\/hinh-may-muoi-bung-giua-scaled.jpg","datePublished":"2020-10-14T10:06:04+00:00","dateModified":"2024-09-13T08:43:04+00:00","breadcrumb":{"@id":"https:\/\/www.packvn.com\/en\/san-pham\/may-dong-goi-muoi\/#breadcrumb"},"inLanguage":"en-US","potentialAction":[{"@type":"ReadAction","target":["https:\/\/www.packvn.com\/en\/san-pham\/may-dong-goi-muoi\/"]}]},{"@type":"ImageObject","inLanguage":"en-US","@id":"https:\/\/www.packvn.com\/en\/san-pham\/may-dong-goi-muoi\/#primaryimage","url":"https:\/\/www.packvn.com\/wp-content\/uploads\/2020\/10\/hinh-may-muoi-bung-giua-scaled.jpg","contentUrl":"https:\/\/www.packvn.com\/wp-content\/uploads\/2020\/10\/hinh-may-muoi-bung-giua-scaled.jpg","width":2560,"height":2560,"caption":"m\u00e1y \u0111\u00f3ng g\u00f3i \u0111\u1ecbnh l\u01b0\u1ee3ng \u0111\u01b0\u1eddng"},{"@type":"BreadcrumbList","@id":"https:\/\/www.packvn.com\/en\/san-pham\/may-dong-goi-muoi\/#breadcrumb","itemListElement":[{"@type":"ListItem","position":1,"name":"Trang ch\u1ee7","item":"https:\/\/www.packvn.com\/en\/"},{"@type":"ListItem","position":2,"name":"S\u1ea3n ph\u1ea9m","item":"https:\/\/www.packvn.com\/san-pham\/"},{"@type":"ListItem","position":3,"name":"M\u00e1y \u0111\u00f3ng g\u00f3i t\u1ef1 \u0111\u1ed9ng","item":"https:\/\/www.packvn.com\/danh-muc-san-pham\/may-dong-goi-tu-dong\/"},{"@type":"ListItem","position":4,"name":"M\u00e1y \u0110\u00f3ng G\u00f3i D\u1ea1ng H\u1ea1t","item":"https:\/\/www.packvn.com\/danh-muc-san-pham\/may-dong-goi-tu-dong\/may-dong-goi-dang-hat\/"},{"@type":"ListItem","position":5,"name":"Salt Packaging Machine"}]},{"@type":"WebSite","@id":"https:\/\/www.packvn.com\/#website","url":"https:\/\/www.packvn.com\/","name":"M\u00e1y \u0111\u00f3ng g\u00f3i c\u00f4ng nghi\u1ec7p An Th\u00e0nh","description":"Nh\u00e0 s\u1ea3n xu\u1ea5t m\u00e1y \u0111\u00f3ng g\u00f3i ch\u1ea5t l\u01b0\u1ee3ng cao","publisher":{"@id":"https:\/\/www.packvn.com\/#organization"},"potentialAction":[{"@type":"SearchAction","target":{"@type":"EntryPoint","urlTemplate":"https:\/\/www.packvn.com\/?s={search_term_string}"},"query-input":{"@type":"PropertyValueSpecification","valueRequired":true,"valueName":"search_term_string"}}],"inLanguage":"en-US"},{"@type":"Organization","@id":"https:\/\/www.packvn.com\/#organization","name":"M\u00e1y \u0110\u00f3ng G\u00f3i An Th\u00e0nh","url":"https:\/\/www.packvn.com\/","logo":{"@type":"ImageObject","inLanguage":"en-US","@id":"https:\/\/www.packvn.com\/#\/schema\/logo\/image\/","url":"https:\/\/www.packvn.com\/wp-content\/uploads\/2020\/10\/cropped-logo-logo-chat-luong-thap-200609090814.png","contentUrl":"https:\/\/www.packvn.com\/wp-content\/uploads\/2020\/10\/cropped-logo-logo-chat-luong-thap-200609090814.png","width":512,"height":512,"caption":"M\u00e1y \u0110\u00f3ng G\u00f3i An Th\u00e0nh"},"image":{"@id":"https:\/\/www.packvn.com\/#\/schema\/logo\/image\/"},"sameAs":["https:\/\/www.facebook.com\/maytudongnangsuatcaoanthanh"]}]}},"_links":{"self":[{"href":"https:\/\/www.packvn.com\/en\/wp-json\/wp\/v2\/product\/768"}],"collection":[{"href":"https:\/\/www.packvn.com\/en\/wp-json\/wp\/v2\/product"}],"about":[{"href":"https:\/\/www.packvn.com\/en\/wp-json\/wp\/v2\/types\/product"}],"replies":[{"embeddable":true,"href":"https:\/\/www.packvn.com\/en\/wp-json\/wp\/v2\/comments?post=768"}],"wp:featuredmedia":[{"embeddable":true,"href":"https:\/\/www.packvn.com\/en\/wp-json\/wp\/v2\/media\/1362"}],"wp:attachment":[{"href":"https:\/\/www.packvn.com\/en\/wp-json\/wp\/v2\/media?parent=768"}],"wp:term":[{"taxonomy":"product_cat","embeddable":true,"href":"https:\/\/www.packvn.com\/en\/wp-json\/wp\/v2\/product_cat?post=768"},{"taxonomy":"product_tag","embeddable":true,"href":"https:\/\/www.packvn.com\/en\/wp-json\/wp\/v2\/product_tag?post=768"}],"curies":[{"name":"wp","href":"https:\/\/api.w.org\/{rel}","templated":true}]}}