{"id":762,"date":"2020-10-14T10:10:11","date_gmt":"2020-10-14T10:10:11","guid":{"rendered":"http:\/\/maydonggoi.southteam.co\/product\/may-dong-goi-ca-phe-tui-loc\/"},"modified":"2024-09-13T10:30:16","modified_gmt":"2024-09-13T03:30:16","slug":"may-dong-goi-ca-phe-tui-loc","status":"publish","type":"product","link":"https:\/\/www.packvn.com\/en\/san-pham\/may-dong-goi-ca-phe-tui-loc\/","title":{"rendered":"FILTERED TEA PACKAGING MACHINE"},"content":{"rendered":"<h2><strong>Product Information\u00a0<\/strong><\/h2>\n<p class=\"clearfix title f-title\" title=\"Filtered Bag Coffee Packaging Machine\"><strong>Filtered Bag Coffee Packaging Machine<\/strong> is a form of powder quantitative packaging machine, used for instant coffee producers.<\/p>\n<h2><strong>What is Filtered Bag Coffee Packaging Machine<\/strong><strong>?<\/strong><\/h2>\n<p>Today instant coffee is no stranger to everyday people. However, compared to other instant coffees, filter paper coffee has a different feel. It seems to help coffee users get the impression that they are using a main brewed coffee.<\/p>\n<p>With its advantages, the media coffee producers cannot ignore this segment.<\/p>\n<p>&#8220;5 in 1&#8221; is a phrase to describe the ability to integrate 5 features in a packaging machine. Specifically, this device can: fill, create paper bags, thread, stamp, and bag your filter bag coffee. The device will help speed up the production of filter bag coffee. Besides, the finished products are still ensured to be beautifully packaged, and keep the inherent coffee flavor.<\/p>\n<div class=\"clearfix dcontent\">\n<p><img decoding=\"async\" class=\"aligncenter wp-image-277 size-full\" src=\"\/wp-content\/uploads\/2020\/10\/caphetuiloc.jpg\" alt=\"m\u00e1y \u0111\u00f3ng g\u00f3i c\u00e0 ph\u00ea t\u00fai l\u1ecdc\" width=\"480\" height=\"445\" srcset=\"https:\/\/www.packvn.com\/wp-content\/uploads\/2020\/10\/caphetuiloc.jpg 480w, https:\/\/www.packvn.com\/wp-content\/uploads\/2020\/10\/caphetuiloc-300x278.jpg 300w\" sizes=\"(max-width: 480px) 100vw, 480px\" \/><\/p>\n<h2><strong>Features of the<\/strong><strong>\u00a0FILTERED TEA PACKAGING MACHINE<\/strong><\/h2>\n<h3><strong>Versatile &#8211; convenient &#8211; economical<\/strong><\/h3>\n<p>Because the versatility in integrating the 5 features creates a completely self-contained process. This helps businesses to minimize production time as well as minimize defects and lost products.<\/p>\n<p>From this device, a series of coffee filter bags will be produced with uniform size, design and consistent quality. Above all, the problem of hiring labor will be solved as this equipment will now replace most of the basic labor force.<\/p>\n<p><img decoding=\"async\" class=\"aligncenter wp-image-278 size-full\" src=\"\/wp-content\/uploads\/2020\/10\/Cafe-phin-giay-Xu-huong-hien-dai-don-gian-tien-dung.jpg\" alt=\"m\u00e1y \u0111\u00f3ng g\u00f3i c\u00e0 ph\u00ea t\u00fai l\u1ecdc\" width=\"600\" height=\"400\" srcset=\"https:\/\/www.packvn.com\/wp-content\/uploads\/2020\/10\/Cafe-phin-giay-Xu-huong-hien-dai-don-gian-tien-dung.jpg 600w, https:\/\/www.packvn.com\/wp-content\/uploads\/2020\/10\/Cafe-phin-giay-Xu-huong-hien-dai-don-gian-tien-dung-300x200.jpg 300w\" sizes=\"(max-width: 600px) 100vw, 600px\" \/><\/p>\n<h3><strong>FILTERED TEA PACKAGING MACHINE application<\/strong><\/h3>\n<p>Specialized equipment for packing filter bags for coffee.<\/p>\n<p><img decoding=\"async\" class=\"aligncenter wp-image-8310 size-large\" src=\"https:\/\/www.packvn.com\/wp-content\/uploads\/2020\/10\/hinh-may-tra-phe-tui-loc-cafe-Drip--1024x1024.jpg\" alt=\"hinh may \" width=\"1020\" height=\"1020\" srcset=\"https:\/\/www.packvn.com\/wp-content\/uploads\/2020\/10\/hinh-may-tra-phe-tui-loc-cafe-Drip--1024x1024.jpg 1024w, https:\/\/www.packvn.com\/wp-content\/uploads\/2020\/10\/hinh-may-tra-phe-tui-loc-cafe-Drip--300x300.jpg 300w, https:\/\/www.packvn.com\/wp-content\/uploads\/2020\/10\/hinh-may-tra-phe-tui-loc-cafe-Drip--150x150.jpg 150w, https:\/\/www.packvn.com\/wp-content\/uploads\/2020\/10\/hinh-may-tra-phe-tui-loc-cafe-Drip--768x768.jpg 768w, https:\/\/www.packvn.com\/wp-content\/uploads\/2020\/10\/hinh-may-tra-phe-tui-loc-cafe-Drip--1536x1536.jpg 1536w, https:\/\/www.packvn.com\/wp-content\/uploads\/2020\/10\/hinh-may-tra-phe-tui-loc-cafe-Drip--2048x2048.jpg 2048w, https:\/\/www.packvn.com\/wp-content\/uploads\/2020\/10\/hinh-may-tra-phe-tui-loc-cafe-Drip--600x600.jpg 600w, https:\/\/www.packvn.com\/wp-content\/uploads\/2020\/10\/hinh-may-tra-phe-tui-loc-cafe-Drip--100x100.jpg 100w\" sizes=\"(max-width: 1020px) 100vw, 1020px\" \/><\/p>\n<h2><strong>What are specification of An Thanh Packaging Machine Company\u2019s filtered bag coffee packaging machine?<\/strong><\/h2>\n<table border=\"1\" cellspacing=\"0\">\n<tbody>\n<tr>\n<td><strong>Specification<\/strong><\/td>\n<td><strong>Materials<\/strong><\/td>\n<td><strong>Origins<\/strong><\/td>\n<td><strong>Further Notes<\/strong><\/td>\n<\/tr>\n<tr>\n<td>All of the frameset and parts contacts with materials are made of stainless steel 304 for food safety and hygiene.<\/td>\n<td>Stainless steel 304<\/td>\n<td>An Thanh Company<\/td>\n<td rowspan=\"22\">All components are 100% brand new<\/td>\n<\/tr>\n<tr>\n<td>Details of machine are manufactured by CNC with high accuracy.<\/td>\n<td>Steel and stainless steel<\/td>\n<td>An Thanh Company<\/td>\n<\/tr>\n<tr>\n<td>Inverter controls the motor VICRUNS<\/td>\n<td><\/td>\n<td>Germany<\/td>\n<\/tr>\n<tr>\n<td>PLC Delta<\/td>\n<td><\/td>\n<td>Taiwan<\/td>\n<\/tr>\n<tr>\n<td>Relay IDEC<\/td>\n<td><\/td>\n<td>Japan<\/td>\n<\/tr>\n<tr>\n<td>Laminated packing system NATEC<\/td>\n<td><\/td>\n<td>Japan<\/td>\n<\/tr>\n<tr>\n<td>Sensor\u00a0 Barcode\u00a0 Aotoro<\/td>\n<td><\/td>\n<td>Taiwan<\/td>\n<\/tr>\n<tr>\n<td>\u00b7 Pressed package type: Pressing 3 margins<\/td>\n<td rowspan=\"4\">Brass or stainless steel<\/td>\n<td rowspan=\"15\">An Thanh Company<\/td>\n<\/tr>\n<tr>\n<td>\u00b7 Pattern pressed: straight stripes entangled<\/td>\n<\/tr>\n<tr>\n<td>\u00b7 Horizontal compression: straight stripes<\/td>\n<\/tr>\n<tr>\n<td>\u00b7 Vertical press: checkered stripes<\/td>\n<\/tr>\n<tr>\n<td>Filter bag size: 125mm diaphragm size<\/td>\n<td rowspan=\"2\"><\/td>\n<\/tr>\n<tr>\n<td>Bag size: 160mm diaphragm<\/td>\n<\/tr>\n<tr>\n<td>Bags Weight: 12g<\/td>\n<td><\/td>\n<\/tr>\n<tr>\n<td>Packaged Materials: Coffee<\/td>\n<td><\/td>\n<\/tr>\n<tr>\n<td>Quantitative method: volumetric cup<\/td>\n<td><\/td>\n<\/tr>\n<tr>\n<td>Capacity: 25 &#8211; 35 products \/ minute.<\/td>\n<td><\/td>\n<\/tr>\n<tr>\n<td>Electrical power: 2 kw \/ h.<\/td>\n<td><\/td>\n<\/tr>\n<tr>\n<td>Power supply: 220v \/ 50hz<\/td>\n<td><\/td>\n<\/tr>\n<tr>\n<td>Machine Size: (D1200 x R800 x C2200) mm<\/td>\n<td><\/td>\n<\/tr>\n<tr>\n<td>Machine Weight: 600kg<\/td>\n<td><\/td>\n<\/tr>\n<tr>\n<td>Origin of Machine<\/td>\n<\/tr>\n<\/tbody>\n<\/table>\n<h2><strong style=\"font-size: 23.04px;\">An Thanh <\/strong><strong style=\"font-size: 23.04px;\">FILTERED TEA PACKAGING MACHINE <\/strong><strong style=\"font-size: 23.04px;\">\u2013 Choosen for an optimal solution for coffee production businesses<\/strong><\/h2>\n<p>An Thanh<strong>\u00a0FILTERED TEA PACKAGING MACHINE <\/strong>boasts all the following factors: long life, stable productivity, and maintenance of practical values for the business.<\/p>\n<p>With a complete and thoughtful warranty, An Thanh is proud to have produced high quality coffee bag coffee packaging machines.<\/p>\n<p>See more products <a href=\"\/san-pham\/\"><strong>here.<\/strong><\/a><\/p>\n<\/div>\n","protected":false},"excerpt":{"rendered":"<div class=\"pdinfo__quote\">\u00a0Filtered bag coffee packageing machines are used for instant coffee production business. Instead of instant coffee, it is put in a filter bag for brewing without leaving it out.<\/div>\n<div>\n<table class=\"layui-table\">\n<tbody>\n<tr>\n<td colspan=\"2\"><strong>Quick details:<\/strong><\/td>\n<\/tr>\n<tr>\n<td>Model:<\/td>\n<td>MD-168<\/td>\n<\/tr>\n<tr>\n<td>Working speed:<\/td>\n<td>35~60 bags\/min<\/td>\n<\/tr>\n<tr>\n<td>Power:<\/td>\n<td>220V, Single phase, 50Hz<\/td>\n<\/tr>\n<tr>\n<td>Weight:<\/td>\n<td>1~15 g\/bag<\/td>\n<\/tr>\n<tr>\n<td>Overall dimensions:<\/td>\n<td>Heat sealing<\/td>\n<\/tr>\n<\/tbody>\n<\/table>\n<\/div>\n<div class=\"clearfix pdinfo__policy f-title\"><\/div>\n","protected":false},"featured_media":8310,"comment_status":"open","ping_status":"closed","template":"","meta":{"inline_featured_image":false},"product_cat":[215,99,130],"product_tag":[126],"class_list":{"0":"post-762","1":"product","2":"type-product","3":"status-publish","4":"has-post-thumbnail","6":"product_cat-filter-bag-packing-machine","7":"product_cat-may-dong-goi-thuc-pham-en","8":"product_cat-may-dong-goi-dang-bot-en","9":"product_tag-maydonggoicaphetuiloc-en","11":"first","12":"instock","13":"shipping-taxable","14":"product-type-simple"},"yoast_head":"<!-- This site is optimized with the Yoast SEO plugin v23.5 - https:\/\/yoast.com\/wordpress\/plugins\/seo\/ -->\n<title>FILTERED TEA PACKAGING MACHINE - M\u00e1y \u0111\u00f3ng g\u00f3i c\u00f4ng nghi\u1ec7p An Th\u00e0nh<\/title>\n<meta name=\"robots\" content=\"index, follow, max-snippet:-1, max-image-preview:large, max-video-preview:-1\" \/>\n<link rel=\"canonical\" href=\"https:\/\/www.packvn.com\/en\/san-pham\/may-dong-goi-ca-phe-tui-loc\/\" \/>\n<meta property=\"og:locale\" content=\"en_US\" \/>\n<meta property=\"og:type\" content=\"article\" \/>\n<meta property=\"og:title\" content=\"FILTERED TEA PACKAGING MACHINE - M\u00e1y \u0111\u00f3ng g\u00f3i c\u00f4ng nghi\u1ec7p An Th\u00e0nh\" \/>\n<meta property=\"og:description\" content=\"\u00a0Filtered bag coffee packageing machines are used for instant coffee production business. Instead of instant coffee, it is put in a filter bag for brewing without leaving it out.     Quick details:   Model: MD-168   Working speed: 35~60 bags\/min   Power: 220V, Single phase, 50Hz   Weight: 1~15 g\/bag   Overall dimensions: Heat sealing\" \/>\n<meta property=\"og:url\" content=\"https:\/\/www.packvn.com\/en\/san-pham\/may-dong-goi-ca-phe-tui-loc\/\" \/>\n<meta property=\"og:site_name\" content=\"M\u00e1y \u0111\u00f3ng g\u00f3i c\u00f4ng nghi\u1ec7p An Th\u00e0nh\" \/>\n<meta property=\"article:publisher\" content=\"https:\/\/www.facebook.com\/maytudongnangsuatcaoanthanh\" \/>\n<meta property=\"article:modified_time\" content=\"2024-09-13T03:30:16+00:00\" \/>\n<meta property=\"og:image\" content=\"https:\/\/www.packvn.com\/wp-content\/uploads\/2020\/10\/hinh-may-tra-phe-tui-loc-cafe-Drip--scaled.jpg\" \/>\n\t<meta property=\"og:image:width\" content=\"2560\" \/>\n\t<meta property=\"og:image:height\" content=\"2560\" \/>\n\t<meta property=\"og:image:type\" content=\"image\/jpeg\" \/>\n<meta name=\"twitter:card\" content=\"summary_large_image\" \/>\n<meta name=\"twitter:label1\" content=\"Est. reading time\" \/>\n\t<meta name=\"twitter:data1\" content=\"4 minutes\" \/>\n<script type=\"application\/ld+json\" class=\"yoast-schema-graph\">{\"@context\":\"https:\/\/schema.org\",\"@graph\":[{\"@type\":\"WebPage\",\"@id\":\"https:\/\/www.packvn.com\/en\/san-pham\/may-dong-goi-ca-phe-tui-loc\/\",\"url\":\"https:\/\/www.packvn.com\/en\/san-pham\/may-dong-goi-ca-phe-tui-loc\/\",\"name\":\"FILTERED TEA PACKAGING MACHINE - M\u00e1y \u0111\u00f3ng g\u00f3i c\u00f4ng nghi\u1ec7p An Th\u00e0nh\",\"isPartOf\":{\"@id\":\"https:\/\/www.packvn.com\/#website\"},\"primaryImageOfPage\":{\"@id\":\"https:\/\/www.packvn.com\/en\/san-pham\/may-dong-goi-ca-phe-tui-loc\/#primaryimage\"},\"image\":{\"@id\":\"https:\/\/www.packvn.com\/en\/san-pham\/may-dong-goi-ca-phe-tui-loc\/#primaryimage\"},\"thumbnailUrl\":\"https:\/\/www.packvn.com\/wp-content\/uploads\/2020\/10\/hinh-may-tra-phe-tui-loc-cafe-Drip--scaled.jpg\",\"datePublished\":\"2020-10-14T10:10:11+00:00\",\"dateModified\":\"2024-09-13T03:30:16+00:00\",\"breadcrumb\":{\"@id\":\"https:\/\/www.packvn.com\/en\/san-pham\/may-dong-goi-ca-phe-tui-loc\/#breadcrumb\"},\"inLanguage\":\"en-US\",\"potentialAction\":[{\"@type\":\"ReadAction\",\"target\":[\"https:\/\/www.packvn.com\/en\/san-pham\/may-dong-goi-ca-phe-tui-loc\/\"]}]},{\"@type\":\"ImageObject\",\"inLanguage\":\"en-US\",\"@id\":\"https:\/\/www.packvn.com\/en\/san-pham\/may-dong-goi-ca-phe-tui-loc\/#primaryimage\",\"url\":\"https:\/\/www.packvn.com\/wp-content\/uploads\/2020\/10\/hinh-may-tra-phe-tui-loc-cafe-Drip--scaled.jpg\",\"contentUrl\":\"https:\/\/www.packvn.com\/wp-content\/uploads\/2020\/10\/hinh-may-tra-phe-tui-loc-cafe-Drip--scaled.jpg\",\"width\":2560,\"height\":2560,\"caption\":\"hinh may\"},{\"@type\":\"BreadcrumbList\",\"@id\":\"https:\/\/www.packvn.com\/en\/san-pham\/may-dong-goi-ca-phe-tui-loc\/#breadcrumb\",\"itemListElement\":[{\"@type\":\"ListItem\",\"position\":1,\"name\":\"Trang ch\u1ee7\",\"item\":\"https:\/\/www.packvn.com\/en\/\"},{\"@type\":\"ListItem\",\"position\":2,\"name\":\"S\u1ea3n ph\u1ea9m\",\"item\":\"https:\/\/www.packvn.com\/san-pham\/\"},{\"@type\":\"ListItem\",\"position\":3,\"name\":\"M\u00e1y \u0111\u00f3ng g\u00f3i t\u1ef1 \u0111\u1ed9ng\",\"item\":\"https:\/\/www.packvn.com\/danh-muc-san-pham\/may-dong-goi-tu-dong\/\"},{\"@type\":\"ListItem\",\"position\":4,\"name\":\"M\u00e1y \u0110\u00f3ng G\u00f3i D\u1ea1ng B\u1ed9t\",\"item\":\"https:\/\/www.packvn.com\/danh-muc-san-pham\/may-dong-goi-tu-dong\/may-dong-goi-dang-bot\/\"},{\"@type\":\"ListItem\",\"position\":5,\"name\":\"FILTERED TEA PACKAGING MACHINE\"}]},{\"@type\":\"WebSite\",\"@id\":\"https:\/\/www.packvn.com\/#website\",\"url\":\"https:\/\/www.packvn.com\/\",\"name\":\"M\u00e1y \u0111\u00f3ng g\u00f3i c\u00f4ng nghi\u1ec7p An Th\u00e0nh\",\"description\":\"Nh\u00e0 s\u1ea3n xu\u1ea5t m\u00e1y \u0111\u00f3ng g\u00f3i ch\u1ea5t l\u01b0\u1ee3ng cao\",\"publisher\":{\"@id\":\"https:\/\/www.packvn.com\/#organization\"},\"potentialAction\":[{\"@type\":\"SearchAction\",\"target\":{\"@type\":\"EntryPoint\",\"urlTemplate\":\"https:\/\/www.packvn.com\/?s={search_term_string}\"},\"query-input\":{\"@type\":\"PropertyValueSpecification\",\"valueRequired\":true,\"valueName\":\"search_term_string\"}}],\"inLanguage\":\"en-US\"},{\"@type\":\"Organization\",\"@id\":\"https:\/\/www.packvn.com\/#organization\",\"name\":\"M\u00e1y \u0110\u00f3ng G\u00f3i An Th\u00e0nh\",\"url\":\"https:\/\/www.packvn.com\/\",\"logo\":{\"@type\":\"ImageObject\",\"inLanguage\":\"en-US\",\"@id\":\"https:\/\/www.packvn.com\/#\/schema\/logo\/image\/\",\"url\":\"https:\/\/www.packvn.com\/wp-content\/uploads\/2020\/10\/cropped-logo-logo-chat-luong-thap-200609090814.png\",\"contentUrl\":\"https:\/\/www.packvn.com\/wp-content\/uploads\/2020\/10\/cropped-logo-logo-chat-luong-thap-200609090814.png\",\"width\":512,\"height\":512,\"caption\":\"M\u00e1y \u0110\u00f3ng G\u00f3i An Th\u00e0nh\"},\"image\":{\"@id\":\"https:\/\/www.packvn.com\/#\/schema\/logo\/image\/\"},\"sameAs\":[\"https:\/\/www.facebook.com\/maytudongnangsuatcaoanthanh\"]}]}<\/script>\n<!-- \/ Yoast SEO plugin. -->","yoast_head_json":{"title":"FILTERED TEA PACKAGING MACHINE - M\u00e1y \u0111\u00f3ng g\u00f3i c\u00f4ng nghi\u1ec7p An Th\u00e0nh","robots":{"index":"index","follow":"follow","max-snippet":"max-snippet:-1","max-image-preview":"max-image-preview:large","max-video-preview":"max-video-preview:-1"},"canonical":"https:\/\/www.packvn.com\/en\/san-pham\/may-dong-goi-ca-phe-tui-loc\/","og_locale":"en_US","og_type":"article","og_title":"FILTERED TEA PACKAGING MACHINE - M\u00e1y \u0111\u00f3ng g\u00f3i c\u00f4ng nghi\u1ec7p An Th\u00e0nh","og_description":"\u00a0Filtered bag coffee packageing machines are used for instant coffee production business. Instead of instant coffee, it is put in a filter bag for brewing without leaving it out.     Quick details:   Model: MD-168   Working speed: 35~60 bags\/min   Power: 220V, Single phase, 50Hz   Weight: 1~15 g\/bag   Overall dimensions: Heat sealing","og_url":"https:\/\/www.packvn.com\/en\/san-pham\/may-dong-goi-ca-phe-tui-loc\/","og_site_name":"M\u00e1y \u0111\u00f3ng g\u00f3i c\u00f4ng nghi\u1ec7p An Th\u00e0nh","article_publisher":"https:\/\/www.facebook.com\/maytudongnangsuatcaoanthanh","article_modified_time":"2024-09-13T03:30:16+00:00","og_image":[{"width":2560,"height":2560,"url":"https:\/\/www.packvn.com\/wp-content\/uploads\/2020\/10\/hinh-may-tra-phe-tui-loc-cafe-Drip--scaled.jpg","type":"image\/jpeg"}],"twitter_card":"summary_large_image","twitter_misc":{"Est. reading time":"4 minutes"},"schema":{"@context":"https:\/\/schema.org","@graph":[{"@type":"WebPage","@id":"https:\/\/www.packvn.com\/en\/san-pham\/may-dong-goi-ca-phe-tui-loc\/","url":"https:\/\/www.packvn.com\/en\/san-pham\/may-dong-goi-ca-phe-tui-loc\/","name":"FILTERED TEA PACKAGING MACHINE - M\u00e1y \u0111\u00f3ng g\u00f3i c\u00f4ng nghi\u1ec7p An Th\u00e0nh","isPartOf":{"@id":"https:\/\/www.packvn.com\/#website"},"primaryImageOfPage":{"@id":"https:\/\/www.packvn.com\/en\/san-pham\/may-dong-goi-ca-phe-tui-loc\/#primaryimage"},"image":{"@id":"https:\/\/www.packvn.com\/en\/san-pham\/may-dong-goi-ca-phe-tui-loc\/#primaryimage"},"thumbnailUrl":"https:\/\/www.packvn.com\/wp-content\/uploads\/2020\/10\/hinh-may-tra-phe-tui-loc-cafe-Drip--scaled.jpg","datePublished":"2020-10-14T10:10:11+00:00","dateModified":"2024-09-13T03:30:16+00:00","breadcrumb":{"@id":"https:\/\/www.packvn.com\/en\/san-pham\/may-dong-goi-ca-phe-tui-loc\/#breadcrumb"},"inLanguage":"en-US","potentialAction":[{"@type":"ReadAction","target":["https:\/\/www.packvn.com\/en\/san-pham\/may-dong-goi-ca-phe-tui-loc\/"]}]},{"@type":"ImageObject","inLanguage":"en-US","@id":"https:\/\/www.packvn.com\/en\/san-pham\/may-dong-goi-ca-phe-tui-loc\/#primaryimage","url":"https:\/\/www.packvn.com\/wp-content\/uploads\/2020\/10\/hinh-may-tra-phe-tui-loc-cafe-Drip--scaled.jpg","contentUrl":"https:\/\/www.packvn.com\/wp-content\/uploads\/2020\/10\/hinh-may-tra-phe-tui-loc-cafe-Drip--scaled.jpg","width":2560,"height":2560,"caption":"hinh may"},{"@type":"BreadcrumbList","@id":"https:\/\/www.packvn.com\/en\/san-pham\/may-dong-goi-ca-phe-tui-loc\/#breadcrumb","itemListElement":[{"@type":"ListItem","position":1,"name":"Trang ch\u1ee7","item":"https:\/\/www.packvn.com\/en\/"},{"@type":"ListItem","position":2,"name":"S\u1ea3n ph\u1ea9m","item":"https:\/\/www.packvn.com\/san-pham\/"},{"@type":"ListItem","position":3,"name":"M\u00e1y \u0111\u00f3ng g\u00f3i t\u1ef1 \u0111\u1ed9ng","item":"https:\/\/www.packvn.com\/danh-muc-san-pham\/may-dong-goi-tu-dong\/"},{"@type":"ListItem","position":4,"name":"M\u00e1y \u0110\u00f3ng G\u00f3i D\u1ea1ng B\u1ed9t","item":"https:\/\/www.packvn.com\/danh-muc-san-pham\/may-dong-goi-tu-dong\/may-dong-goi-dang-bot\/"},{"@type":"ListItem","position":5,"name":"FILTERED TEA PACKAGING MACHINE"}]},{"@type":"WebSite","@id":"https:\/\/www.packvn.com\/#website","url":"https:\/\/www.packvn.com\/","name":"M\u00e1y \u0111\u00f3ng g\u00f3i c\u00f4ng nghi\u1ec7p An Th\u00e0nh","description":"Nh\u00e0 s\u1ea3n xu\u1ea5t m\u00e1y \u0111\u00f3ng g\u00f3i ch\u1ea5t l\u01b0\u1ee3ng cao","publisher":{"@id":"https:\/\/www.packvn.com\/#organization"},"potentialAction":[{"@type":"SearchAction","target":{"@type":"EntryPoint","urlTemplate":"https:\/\/www.packvn.com\/?s={search_term_string}"},"query-input":{"@type":"PropertyValueSpecification","valueRequired":true,"valueName":"search_term_string"}}],"inLanguage":"en-US"},{"@type":"Organization","@id":"https:\/\/www.packvn.com\/#organization","name":"M\u00e1y \u0110\u00f3ng G\u00f3i An Th\u00e0nh","url":"https:\/\/www.packvn.com\/","logo":{"@type":"ImageObject","inLanguage":"en-US","@id":"https:\/\/www.packvn.com\/#\/schema\/logo\/image\/","url":"https:\/\/www.packvn.com\/wp-content\/uploads\/2020\/10\/cropped-logo-logo-chat-luong-thap-200609090814.png","contentUrl":"https:\/\/www.packvn.com\/wp-content\/uploads\/2020\/10\/cropped-logo-logo-chat-luong-thap-200609090814.png","width":512,"height":512,"caption":"M\u00e1y \u0110\u00f3ng G\u00f3i An Th\u00e0nh"},"image":{"@id":"https:\/\/www.packvn.com\/#\/schema\/logo\/image\/"},"sameAs":["https:\/\/www.facebook.com\/maytudongnangsuatcaoanthanh"]}]}},"_links":{"self":[{"href":"https:\/\/www.packvn.com\/en\/wp-json\/wp\/v2\/product\/762"}],"collection":[{"href":"https:\/\/www.packvn.com\/en\/wp-json\/wp\/v2\/product"}],"about":[{"href":"https:\/\/www.packvn.com\/en\/wp-json\/wp\/v2\/types\/product"}],"replies":[{"embeddable":true,"href":"https:\/\/www.packvn.com\/en\/wp-json\/wp\/v2\/comments?post=762"}],"wp:featuredmedia":[{"embeddable":true,"href":"https:\/\/www.packvn.com\/en\/wp-json\/wp\/v2\/media\/8310"}],"wp:attachment":[{"href":"https:\/\/www.packvn.com\/en\/wp-json\/wp\/v2\/media?parent=762"}],"wp:term":[{"taxonomy":"product_cat","embeddable":true,"href":"https:\/\/www.packvn.com\/en\/wp-json\/wp\/v2\/product_cat?post=762"},{"taxonomy":"product_tag","embeddable":true,"href":"https:\/\/www.packvn.com\/en\/wp-json\/wp\/v2\/product_tag?post=762"}],"curies":[{"name":"wp","href":"https:\/\/api.w.org\/{rel}","templated":true}]}}