{"id":756,"date":"2020-10-14T10:15:55","date_gmt":"2020-10-14T10:15:55","guid":{"rendered":"http:\/\/maydonggoi.southteam.co\/product\/may-dong-goi-phan-bon\/"},"modified":"2024-09-13T13:29:03","modified_gmt":"2024-09-13T06:29:03","slug":"may-dong-goi-phan-bon","status":"publish","type":"product","link":"https:\/\/www.packvn.com\/en\/san-pham\/may-dong-goi-phan-bon\/","title":{"rendered":"Fertilizer Packing Machine"},"content":{"rendered":"<h2><strong>Fertilizer Packing Machine Product Information<\/strong><\/h2>\n<div class=\"clearfix dcontent\">\n<div class=\"col-12 col-lg-10 col-xl-8\">\n<div class=\"embed-responsive embed-responsive-16by9\">\n<p><strong>Fertilizer packaging machine<\/strong> is a packaging machine used for low-dust material lines, used in agricultural fertilizer factories, to help with the packaging aesthetics and safety.<\/p>\n<p><img decoding=\"async\" class=\"aligncenter wp-image-14321 size-large\" src=\"https:\/\/www.packvn.com\/wp-content\/uploads\/2020\/10\/Thiet-ke-chua-co-ten-1-1024x1024.jpg\" alt=\"\" width=\"1020\" height=\"1020\" srcset=\"https:\/\/www.packvn.com\/wp-content\/uploads\/2020\/10\/Thiet-ke-chua-co-ten-1-1024x1024.jpg 1024w, https:\/\/www.packvn.com\/wp-content\/uploads\/2020\/10\/Thiet-ke-chua-co-ten-1-300x300.jpg 300w, https:\/\/www.packvn.com\/wp-content\/uploads\/2020\/10\/Thiet-ke-chua-co-ten-1-150x150.jpg 150w, https:\/\/www.packvn.com\/wp-content\/uploads\/2020\/10\/Thiet-ke-chua-co-ten-1-768x768.jpg 768w, https:\/\/www.packvn.com\/wp-content\/uploads\/2020\/10\/Thiet-ke-chua-co-ten-1-1536x1536.jpg 1536w, https:\/\/www.packvn.com\/wp-content\/uploads\/2020\/10\/Thiet-ke-chua-co-ten-1-600x600.jpg 600w, https:\/\/www.packvn.com\/wp-content\/uploads\/2020\/10\/Thiet-ke-chua-co-ten-1-100x100.jpg 100w, https:\/\/www.packvn.com\/wp-content\/uploads\/2020\/10\/Thiet-ke-chua-co-ten-1.jpg 2000w\" sizes=\"(max-width: 1020px) 100vw, 1020px\" \/><\/p>\n<h2><strong>The fertilizer packaging machine has a simple, compact design<\/strong><\/h2>\n<p>Vietnam is an agricultural country so fertilizer issue is the inevitable need of most farmers.<br \/>\nThe introduction of An Thanh&#8217;s fertilizer packaging machine helps fertilizer manufacturers to solve many problems:<\/p>\n<p>&#8211; Fertilizer is better preserved<\/p>\n<p>&#8211; Beautiful printed packaging design without fading when put through the packaging stage<\/p>\n<p>&#8211; The packaging is easy to open when shipped to the consumer<\/p>\n<p>In addition, our packaging machine is designed with a compact, simple in operation that makes it easy for manufacturers to use.<br \/>\nThe machine has a simple, compact structure that also makes cleaning and cleaning easier.<\/p>\n<p>&nbsp;<\/p>\n<h2><strong>Automatic process for fertilizer packaging machine<\/strong><\/h2>\n<p>An Thanh fertilizer packaging machine is a machine that continuously operates under a multi-function closed process from loading, creating bags, sealing to cutting, date printing without having to stop the machine. Thanks to that, it speeds up production, helping businesses save production time and costs.<\/p>\n<p>High capacity &#8211; the thing about fertilizer packaging machine<br \/>\nAn Thanh fertilizer packaging machine is assembled from most of high-class imported components, with a capacity of 2 kW \/ h for an effective productivity of 3-4 times compared to human labor. Specifically, for about 20-30 products \/ minute depending on the size and weight of the bag.<\/p>\n<p>&nbsp;<\/p>\n<h2><strong>Specifications of fertilizer packaging machine<\/strong><\/h2>\n<table>\n<tbody>\n<tr>\n<td><strong>Specifications<\/strong><\/td>\n<td><strong>Material<\/strong><\/td>\n<td><strong>Origin<\/strong><\/td>\n<td><strong>Note<\/strong><\/td>\n<\/tr>\n<tr>\n<td>The machine frame is coated in 304 stainless steel and the contact details are made of 304 stainless steel, used in food.<\/td>\n<td>Inox 304<\/td>\n<td>An Thanh<\/td>\n<td style=\"text-align: center;\" rowspan=\"23\">All components 100% brand new<\/td>\n<\/tr>\n<tr>\n<td>Machine parts are machined on CNC machines with high precision.<\/td>\n<td><\/td>\n<td>An Thanh<\/td>\n<\/tr>\n<tr>\n<td>ABM drives the motor.<\/td>\n<td><\/td>\n<td>Germany<\/td>\n<\/tr>\n<tr>\n<td>Main motor ABM<\/td>\n<td><\/td>\n<td>Germany<\/td>\n<\/tr>\n<tr>\n<td>MCP protects the HITACHI machine<\/td>\n<td><\/td>\n<td>Japan<\/td>\n<\/tr>\n<tr>\n<td>Kasuto Commune Packaging Engine.<\/td>\n<td><\/td>\n<td>Japan<\/td>\n<\/tr>\n<tr>\n<td>Relay IDEC<\/td>\n<td><\/td>\n<td>Japan<\/td>\n<\/tr>\n<tr>\n<td>Slip paste system for NTN packaging<\/td>\n<td><\/td>\n<td>Japan<\/td>\n<\/tr>\n<tr>\n<td>PLC-DELTA data memory<\/td>\n<td><\/td>\n<td>Taiwan<\/td>\n<\/tr>\n<tr>\n<td>DELTA touch screen The machine parameters are displayed on the touch screen.<\/td>\n<td><\/td>\n<td>Taiwan<\/td>\n<\/tr>\n<tr>\n<td>Barometer reader sensor Aotoro<\/td>\n<td><\/td>\n<td>Taiwan<\/td>\n<\/tr>\n<tr>\n<td>\n<ul>\n<li>Package type: MEDIUM PRESSURE<\/li>\n<li>Pattern pressed: straight stripes create waves<\/li>\n<li>Horizontal press: 8mm<\/li>\n<li>Vertical press: 6mm<\/li>\n<\/ul>\n<\/td>\n<td>Brass or inox<\/td>\n<td rowspan=\"12\">An Thanh<\/td>\n<\/tr>\n<tr>\n<td>Door to protect packing machine<\/td>\n<td><\/td>\n<\/tr>\n<tr>\n<td>Film size: 70mm (changeable)<\/td>\n<td><\/td>\n<\/tr>\n<tr>\n<td>Bag weight: 17 grams (changeable)<\/p>\n<p>Accuracy \u00b1 1.5%<\/td>\n<td><\/td>\n<\/tr>\n<tr>\n<td>Quantitative method: measuring cup<\/td>\n<td>INOX 304<\/td>\n<\/tr>\n<tr>\n<td>Packing materials: soluble powder<\/td>\n<td><\/td>\n<\/tr>\n<tr>\n<td>Speed: 20-40 products \/ unit depending on product weight.<\/td>\n<td><\/td>\n<\/tr>\n<tr>\n<td>Electric power: 2 kw \/ h.<\/td>\n<td><\/td>\n<\/tr>\n<tr>\n<td>Power supply: 220v \/ 50hz<\/td>\n<td><\/td>\n<\/tr>\n<tr>\n<td>Machine size: (D1050 x R850 x C1850) mm<\/td>\n<td><\/td>\n<\/tr>\n<tr>\n<td>Machine weight: 450kg<\/td>\n<td><\/td>\n<\/tr>\n<tr>\n<td>Made in machine<\/td>\n<td><\/td>\n<\/tr>\n<\/tbody>\n<\/table>\n<h2><strong>Fertilizer packaging machine &#8211; warranty and high-level maintenance<\/strong><\/h2>\n<p>The eyebrows packed from An Thanh are warranted for 12 months from the factory to the customer.<\/p>\n<p>After the warranty period, a periodic maintenance will be activated to monitor the operation of the machines, in order to improve the quality and longevity of the machine.<\/p>\n<p>See more products <a href=\"\/san-pham\/?lang=en\">here.<\/a><\/p>\n<\/div>\n<\/div>\n<\/div>\n","protected":false},"excerpt":{"rendered":"<div class=\"pdinfo__quote\">Fertilizer packaging machine is a packaging machine used for low dust material lines, used in agricultural fertilizer factories, in order to make the packaging aesthetic and safe and hygienic.<\/div>\n<div><\/div>\n<div><iframe src=\"\/\/www.youtube.com\/embed\/lS3jnTV-P9o\" width=\"560\" height=\"314\" allowfullscreen=\"allowfullscreen\"><\/iframe><\/div>\n<div class=\"clearfix pdinfo__policy f-title\"><\/div>\n","protected":false},"featured_media":14321,"comment_status":"open","ping_status":"closed","template":"","meta":{"inline_featured_image":false},"product_cat":[115,130],"product_tag":[123],"class_list":{"0":"post-756","1":"product","2":"type-product","3":"status-publish","4":"has-post-thumbnail","6":"product_cat-may-dong-goi-dang-bot-hat-en","7":"product_cat-may-dong-goi-dang-bot-en","8":"product_tag-maydonggoiphanbon-en","10":"first","11":"instock","12":"shipping-taxable","13":"product-type-simple"},"yoast_head":"<!-- This site is optimized with the Yoast SEO plugin v23.5 - https:\/\/yoast.com\/wordpress\/plugins\/seo\/ -->\n<title>Fertilizer Packing Machine - M\u00e1y \u0111\u00f3ng g\u00f3i c\u00f4ng nghi\u1ec7p An Th\u00e0nh<\/title>\n<meta name=\"robots\" content=\"index, follow, max-snippet:-1, max-image-preview:large, max-video-preview:-1\" \/>\n<link rel=\"canonical\" href=\"https:\/\/www.packvn.com\/en\/san-pham\/may-dong-goi-phan-bon\/\" \/>\n<meta property=\"og:locale\" content=\"en_US\" \/>\n<meta property=\"og:type\" content=\"article\" \/>\n<meta property=\"og:title\" content=\"Fertilizer Packing Machine - M\u00e1y \u0111\u00f3ng g\u00f3i c\u00f4ng nghi\u1ec7p An Th\u00e0nh\" \/>\n<meta property=\"og:description\" content=\"Fertilizer packaging machine is a packaging machine used for low dust material lines, used in agricultural fertilizer factories, in order to make the packaging aesthetic and safe and hygienic.\" \/>\n<meta property=\"og:url\" content=\"https:\/\/www.packvn.com\/en\/san-pham\/may-dong-goi-phan-bon\/\" \/>\n<meta property=\"og:site_name\" content=\"M\u00e1y \u0111\u00f3ng g\u00f3i c\u00f4ng nghi\u1ec7p An Th\u00e0nh\" \/>\n<meta property=\"article:publisher\" content=\"https:\/\/www.facebook.com\/maytudongnangsuatcaoanthanh\" \/>\n<meta property=\"article:modified_time\" content=\"2024-09-13T06:29:03+00:00\" \/>\n<meta property=\"og:image\" content=\"https:\/\/www.packvn.com\/wp-content\/uploads\/2020\/10\/Thiet-ke-chua-co-ten-1.jpg\" \/>\n\t<meta property=\"og:image:width\" content=\"2000\" \/>\n\t<meta property=\"og:image:height\" content=\"2000\" \/>\n\t<meta property=\"og:image:type\" content=\"image\/jpeg\" \/>\n<meta name=\"twitter:card\" content=\"summary_large_image\" \/>\n<meta name=\"twitter:label1\" content=\"Est. reading time\" \/>\n\t<meta name=\"twitter:data1\" content=\"4 minutes\" \/>\n<script type=\"application\/ld+json\" class=\"yoast-schema-graph\">{\"@context\":\"https:\/\/schema.org\",\"@graph\":[{\"@type\":\"WebPage\",\"@id\":\"https:\/\/www.packvn.com\/en\/san-pham\/may-dong-goi-phan-bon\/\",\"url\":\"https:\/\/www.packvn.com\/en\/san-pham\/may-dong-goi-phan-bon\/\",\"name\":\"Fertilizer Packing Machine - M\u00e1y \u0111\u00f3ng g\u00f3i c\u00f4ng nghi\u1ec7p An Th\u00e0nh\",\"isPartOf\":{\"@id\":\"https:\/\/www.packvn.com\/#website\"},\"primaryImageOfPage\":{\"@id\":\"https:\/\/www.packvn.com\/en\/san-pham\/may-dong-goi-phan-bon\/#primaryimage\"},\"image\":{\"@id\":\"https:\/\/www.packvn.com\/en\/san-pham\/may-dong-goi-phan-bon\/#primaryimage\"},\"thumbnailUrl\":\"https:\/\/www.packvn.com\/wp-content\/uploads\/2020\/10\/Thiet-ke-chua-co-ten-1.jpg\",\"datePublished\":\"2020-10-14T10:15:55+00:00\",\"dateModified\":\"2024-09-13T06:29:03+00:00\",\"breadcrumb\":{\"@id\":\"https:\/\/www.packvn.com\/en\/san-pham\/may-dong-goi-phan-bon\/#breadcrumb\"},\"inLanguage\":\"en-US\",\"potentialAction\":[{\"@type\":\"ReadAction\",\"target\":[\"https:\/\/www.packvn.com\/en\/san-pham\/may-dong-goi-phan-bon\/\"]}]},{\"@type\":\"ImageObject\",\"inLanguage\":\"en-US\",\"@id\":\"https:\/\/www.packvn.com\/en\/san-pham\/may-dong-goi-phan-bon\/#primaryimage\",\"url\":\"https:\/\/www.packvn.com\/wp-content\/uploads\/2020\/10\/Thiet-ke-chua-co-ten-1.jpg\",\"contentUrl\":\"https:\/\/www.packvn.com\/wp-content\/uploads\/2020\/10\/Thiet-ke-chua-co-ten-1.jpg\",\"width\":2000,\"height\":2000},{\"@type\":\"BreadcrumbList\",\"@id\":\"https:\/\/www.packvn.com\/en\/san-pham\/may-dong-goi-phan-bon\/#breadcrumb\",\"itemListElement\":[{\"@type\":\"ListItem\",\"position\":1,\"name\":\"Trang ch\u1ee7\",\"item\":\"https:\/\/www.packvn.com\/en\/\"},{\"@type\":\"ListItem\",\"position\":2,\"name\":\"S\u1ea3n ph\u1ea9m\",\"item\":\"https:\/\/www.packvn.com\/san-pham\/\"},{\"@type\":\"ListItem\",\"position\":3,\"name\":\"M\u00e1y \u0111\u00f3ng g\u00f3i t\u1ef1 \u0111\u1ed9ng\",\"item\":\"https:\/\/www.packvn.com\/danh-muc-san-pham\/may-dong-goi-tu-dong\/\"},{\"@type\":\"ListItem\",\"position\":4,\"name\":\"M\u00e1y \u0110\u00f3ng G\u00f3i D\u1ea1ng B\u1ed9t\",\"item\":\"https:\/\/www.packvn.com\/danh-muc-san-pham\/may-dong-goi-tu-dong\/may-dong-goi-dang-bot\/\"},{\"@type\":\"ListItem\",\"position\":5,\"name\":\"Fertilizer Packing Machine\"}]},{\"@type\":\"WebSite\",\"@id\":\"https:\/\/www.packvn.com\/#website\",\"url\":\"https:\/\/www.packvn.com\/\",\"name\":\"M\u00e1y \u0111\u00f3ng g\u00f3i c\u00f4ng nghi\u1ec7p An Th\u00e0nh\",\"description\":\"Nh\u00e0 s\u1ea3n xu\u1ea5t m\u00e1y \u0111\u00f3ng g\u00f3i ch\u1ea5t l\u01b0\u1ee3ng cao\",\"publisher\":{\"@id\":\"https:\/\/www.packvn.com\/#organization\"},\"potentialAction\":[{\"@type\":\"SearchAction\",\"target\":{\"@type\":\"EntryPoint\",\"urlTemplate\":\"https:\/\/www.packvn.com\/?s={search_term_string}\"},\"query-input\":{\"@type\":\"PropertyValueSpecification\",\"valueRequired\":true,\"valueName\":\"search_term_string\"}}],\"inLanguage\":\"en-US\"},{\"@type\":\"Organization\",\"@id\":\"https:\/\/www.packvn.com\/#organization\",\"name\":\"M\u00e1y \u0110\u00f3ng G\u00f3i An Th\u00e0nh\",\"url\":\"https:\/\/www.packvn.com\/\",\"logo\":{\"@type\":\"ImageObject\",\"inLanguage\":\"en-US\",\"@id\":\"https:\/\/www.packvn.com\/#\/schema\/logo\/image\/\",\"url\":\"https:\/\/www.packvn.com\/wp-content\/uploads\/2020\/10\/cropped-logo-logo-chat-luong-thap-200609090814.png\",\"contentUrl\":\"https:\/\/www.packvn.com\/wp-content\/uploads\/2020\/10\/cropped-logo-logo-chat-luong-thap-200609090814.png\",\"width\":512,\"height\":512,\"caption\":\"M\u00e1y \u0110\u00f3ng G\u00f3i An Th\u00e0nh\"},\"image\":{\"@id\":\"https:\/\/www.packvn.com\/#\/schema\/logo\/image\/\"},\"sameAs\":[\"https:\/\/www.facebook.com\/maytudongnangsuatcaoanthanh\"]}]}<\/script>\n<!-- \/ Yoast SEO plugin. -->","yoast_head_json":{"title":"Fertilizer Packing Machine - M\u00e1y \u0111\u00f3ng g\u00f3i c\u00f4ng nghi\u1ec7p An Th\u00e0nh","robots":{"index":"index","follow":"follow","max-snippet":"max-snippet:-1","max-image-preview":"max-image-preview:large","max-video-preview":"max-video-preview:-1"},"canonical":"https:\/\/www.packvn.com\/en\/san-pham\/may-dong-goi-phan-bon\/","og_locale":"en_US","og_type":"article","og_title":"Fertilizer Packing Machine - M\u00e1y \u0111\u00f3ng g\u00f3i c\u00f4ng nghi\u1ec7p An Th\u00e0nh","og_description":"Fertilizer packaging machine is a packaging machine used for low dust material lines, used in agricultural fertilizer factories, in order to make the packaging aesthetic and safe and hygienic.","og_url":"https:\/\/www.packvn.com\/en\/san-pham\/may-dong-goi-phan-bon\/","og_site_name":"M\u00e1y \u0111\u00f3ng g\u00f3i c\u00f4ng nghi\u1ec7p An Th\u00e0nh","article_publisher":"https:\/\/www.facebook.com\/maytudongnangsuatcaoanthanh","article_modified_time":"2024-09-13T06:29:03+00:00","og_image":[{"width":2000,"height":2000,"url":"https:\/\/www.packvn.com\/wp-content\/uploads\/2020\/10\/Thiet-ke-chua-co-ten-1.jpg","type":"image\/jpeg"}],"twitter_card":"summary_large_image","twitter_misc":{"Est. reading time":"4 minutes"},"schema":{"@context":"https:\/\/schema.org","@graph":[{"@type":"WebPage","@id":"https:\/\/www.packvn.com\/en\/san-pham\/may-dong-goi-phan-bon\/","url":"https:\/\/www.packvn.com\/en\/san-pham\/may-dong-goi-phan-bon\/","name":"Fertilizer Packing Machine - M\u00e1y \u0111\u00f3ng g\u00f3i c\u00f4ng nghi\u1ec7p An Th\u00e0nh","isPartOf":{"@id":"https:\/\/www.packvn.com\/#website"},"primaryImageOfPage":{"@id":"https:\/\/www.packvn.com\/en\/san-pham\/may-dong-goi-phan-bon\/#primaryimage"},"image":{"@id":"https:\/\/www.packvn.com\/en\/san-pham\/may-dong-goi-phan-bon\/#primaryimage"},"thumbnailUrl":"https:\/\/www.packvn.com\/wp-content\/uploads\/2020\/10\/Thiet-ke-chua-co-ten-1.jpg","datePublished":"2020-10-14T10:15:55+00:00","dateModified":"2024-09-13T06:29:03+00:00","breadcrumb":{"@id":"https:\/\/www.packvn.com\/en\/san-pham\/may-dong-goi-phan-bon\/#breadcrumb"},"inLanguage":"en-US","potentialAction":[{"@type":"ReadAction","target":["https:\/\/www.packvn.com\/en\/san-pham\/may-dong-goi-phan-bon\/"]}]},{"@type":"ImageObject","inLanguage":"en-US","@id":"https:\/\/www.packvn.com\/en\/san-pham\/may-dong-goi-phan-bon\/#primaryimage","url":"https:\/\/www.packvn.com\/wp-content\/uploads\/2020\/10\/Thiet-ke-chua-co-ten-1.jpg","contentUrl":"https:\/\/www.packvn.com\/wp-content\/uploads\/2020\/10\/Thiet-ke-chua-co-ten-1.jpg","width":2000,"height":2000},{"@type":"BreadcrumbList","@id":"https:\/\/www.packvn.com\/en\/san-pham\/may-dong-goi-phan-bon\/#breadcrumb","itemListElement":[{"@type":"ListItem","position":1,"name":"Trang ch\u1ee7","item":"https:\/\/www.packvn.com\/en\/"},{"@type":"ListItem","position":2,"name":"S\u1ea3n ph\u1ea9m","item":"https:\/\/www.packvn.com\/san-pham\/"},{"@type":"ListItem","position":3,"name":"M\u00e1y \u0111\u00f3ng g\u00f3i t\u1ef1 \u0111\u1ed9ng","item":"https:\/\/www.packvn.com\/danh-muc-san-pham\/may-dong-goi-tu-dong\/"},{"@type":"ListItem","position":4,"name":"M\u00e1y \u0110\u00f3ng G\u00f3i D\u1ea1ng B\u1ed9t","item":"https:\/\/www.packvn.com\/danh-muc-san-pham\/may-dong-goi-tu-dong\/may-dong-goi-dang-bot\/"},{"@type":"ListItem","position":5,"name":"Fertilizer Packing Machine"}]},{"@type":"WebSite","@id":"https:\/\/www.packvn.com\/#website","url":"https:\/\/www.packvn.com\/","name":"M\u00e1y \u0111\u00f3ng g\u00f3i c\u00f4ng nghi\u1ec7p An Th\u00e0nh","description":"Nh\u00e0 s\u1ea3n xu\u1ea5t m\u00e1y \u0111\u00f3ng g\u00f3i ch\u1ea5t l\u01b0\u1ee3ng cao","publisher":{"@id":"https:\/\/www.packvn.com\/#organization"},"potentialAction":[{"@type":"SearchAction","target":{"@type":"EntryPoint","urlTemplate":"https:\/\/www.packvn.com\/?s={search_term_string}"},"query-input":{"@type":"PropertyValueSpecification","valueRequired":true,"valueName":"search_term_string"}}],"inLanguage":"en-US"},{"@type":"Organization","@id":"https:\/\/www.packvn.com\/#organization","name":"M\u00e1y \u0110\u00f3ng G\u00f3i An Th\u00e0nh","url":"https:\/\/www.packvn.com\/","logo":{"@type":"ImageObject","inLanguage":"en-US","@id":"https:\/\/www.packvn.com\/#\/schema\/logo\/image\/","url":"https:\/\/www.packvn.com\/wp-content\/uploads\/2020\/10\/cropped-logo-logo-chat-luong-thap-200609090814.png","contentUrl":"https:\/\/www.packvn.com\/wp-content\/uploads\/2020\/10\/cropped-logo-logo-chat-luong-thap-200609090814.png","width":512,"height":512,"caption":"M\u00e1y \u0110\u00f3ng G\u00f3i An Th\u00e0nh"},"image":{"@id":"https:\/\/www.packvn.com\/#\/schema\/logo\/image\/"},"sameAs":["https:\/\/www.facebook.com\/maytudongnangsuatcaoanthanh"]}]}},"_links":{"self":[{"href":"https:\/\/www.packvn.com\/en\/wp-json\/wp\/v2\/product\/756"}],"collection":[{"href":"https:\/\/www.packvn.com\/en\/wp-json\/wp\/v2\/product"}],"about":[{"href":"https:\/\/www.packvn.com\/en\/wp-json\/wp\/v2\/types\/product"}],"replies":[{"embeddable":true,"href":"https:\/\/www.packvn.com\/en\/wp-json\/wp\/v2\/comments?post=756"}],"wp:featuredmedia":[{"embeddable":true,"href":"https:\/\/www.packvn.com\/en\/wp-json\/wp\/v2\/media\/14321"}],"wp:attachment":[{"href":"https:\/\/www.packvn.com\/en\/wp-json\/wp\/v2\/media?parent=756"}],"wp:term":[{"taxonomy":"product_cat","embeddable":true,"href":"https:\/\/www.packvn.com\/en\/wp-json\/wp\/v2\/product_cat?post=756"},{"taxonomy":"product_tag","embeddable":true,"href":"https:\/\/www.packvn.com\/en\/wp-json\/wp\/v2\/product_tag?post=756"}],"curies":[{"name":"wp","href":"https:\/\/api.w.org\/{rel}","templated":true}]}}