{"id":754,"date":"2020-10-14T10:18:09","date_gmt":"2020-10-14T10:18:09","guid":{"rendered":"http:\/\/maydonggoi.southteam.co\/product\/may-dong-goi-ca-phe-4-bien\/"},"modified":"2024-09-13T10:16:03","modified_gmt":"2024-09-13T03:16:03","slug":"may-dong-goi-ca-phe-4-bien","status":"publish","type":"product","link":"https:\/\/www.packvn.com\/en\/san-pham\/may-dong-goi-ca-phe-4-bien\/","title":{"rendered":"4 \u2013 Sided Coffee Packaging Machine"},"content":{"rendered":"<h2 class=\"title-page f-title\"><strong>Product Information 4 \u2013 Sided Coffee Packaging Machine<\/strong><\/h2>\n<p>4 \u2013 Sided Coffee Packaging Machine is a powder packaging machine used for low dust raw materials such as sugar, coffee, salt, powder\u00ec.<\/p>\n<h2><strong>The 4 &#8211; Sided Coffee Packaging Machine helps increase coffee production<\/strong><\/h2>\n<p>A morning cup of coffee always helps increase energy for a working day. However, busy life makes enjoying coffee difficult. This has led many coffee manufacturers to find a new solution, which is instant coffee.<\/p>\n<p>The thing that coffee producers consider the most is how to fill and pack the finished product correctly and beautifully.<br \/>\nFacing such urgent requirements, An Thanh Packaging Machine Company has researched and launched a 4-border coffee packaging machine.<br \/>\nAfter applying this packaging machine to our production line, many of our customers have increased their productivity many times.<\/p>\n<p><img decoding=\"async\" class=\"aligncenter size-full wp-image-13325\" src=\"https:\/\/www.packvn.com\/wp-content\/uploads\/2020\/10\/Untitl1212ed-1-min.jpg\" alt=\"m\u00e1y \u0111\u00f3ng g\u00f3i tr\u1ee5c v\u00edt 3 bi\u00ean 4 bi\u00ean\" width=\"900\" height=\"900\" srcset=\"https:\/\/www.packvn.com\/wp-content\/uploads\/2020\/10\/Untitl1212ed-1-min.jpg 900w, https:\/\/www.packvn.com\/wp-content\/uploads\/2020\/10\/Untitl1212ed-1-min-300x300.jpg 300w, https:\/\/www.packvn.com\/wp-content\/uploads\/2020\/10\/Untitl1212ed-1-min-150x150.jpg 150w, https:\/\/www.packvn.com\/wp-content\/uploads\/2020\/10\/Untitl1212ed-1-min-768x768.jpg 768w, https:\/\/www.packvn.com\/wp-content\/uploads\/2020\/10\/Untitl1212ed-1-min-600x600.jpg 600w, https:\/\/www.packvn.com\/wp-content\/uploads\/2020\/10\/Untitl1212ed-1-min-100x100.jpg 100w\" sizes=\"(max-width: 900px) 100vw, 900px\" \/><\/p>\n<h2><strong>Outstanding advantage when using 4 &#8211; Sided Coffee Packaging Machine<\/strong><\/h2>\n<p>On the market today, there are quite a few types of coffee packaging machines, but among them, many manufacturers are preferred by many manufacturers because of the great advantages from the powerful improvement. The advantages are:<br \/>\n&#8211; Easy to use<br \/>\n&#8211; High productivity<br \/>\n&#8211; Finished product with high aesthetic<br \/>\n&#8211; Easy to clean, clean or maintain<\/p>\n<p><img decoding=\"async\" class=\"aligncenter size-full wp-image-14313\" src=\"https:\/\/www.packvn.com\/wp-content\/uploads\/2020\/10\/goi-ca-phe-4-bien1-1-600x320-1.jpg\" alt=\"\" width=\"600\" height=\"320\" srcset=\"https:\/\/www.packvn.com\/wp-content\/uploads\/2020\/10\/goi-ca-phe-4-bien1-1-600x320-1.jpg 600w, https:\/\/www.packvn.com\/wp-content\/uploads\/2020\/10\/goi-ca-phe-4-bien1-1-600x320-1-300x160.jpg 300w\" sizes=\"(max-width: 600px) 100vw, 600px\" \/><\/p>\n<h2><strong>Specifications of 4 &#8211; Sided Coffee Packaging Machine<\/strong><\/h2>\n<table>\n<tbody>\n<tr>\n<td><strong>Specifications<\/strong><\/td>\n<td><strong>Material<\/strong><\/td>\n<td><strong>Origin<\/strong><\/td>\n<td><strong>Note<\/strong><\/td>\n<\/tr>\n<tr>\n<td>The machine frame is covered in 304 stainless steel and the contact details are made of 304 stainless steel, used in food.<\/td>\n<td>Inox 304<\/td>\n<td>An Thanh<\/td>\n<td rowspan=\"24\">\n<p style=\"text-align: center;\">All components 100% brand new<\/p>\n<p style=\"text-align: center;\">Made in 2020<\/p>\n<\/td>\n<\/tr>\n<tr>\n<td>Machine parts are machined on CNC machines with high precision.<\/td>\n<td>Steel and inox<\/td>\n<td>An Thanh<\/td>\n<\/tr>\n<tr>\n<td>ABM drives the motor.<\/td>\n<td><\/td>\n<td>Germany<\/td>\n<\/tr>\n<tr>\n<td>Main motor ABM<\/td>\n<td><\/td>\n<td>Germany<\/td>\n<\/tr>\n<tr>\n<td>MCB protects the HITACHI machine<\/td>\n<td><\/td>\n<td>Japan<\/td>\n<\/tr>\n<tr>\n<td>The motivations for Kasuto<\/td>\n<td><\/td>\n<td>Japan<\/td>\n<\/tr>\n<tr>\n<td>Relay\u00a0 IDEC<\/td>\n<td><\/td>\n<td>Japan<\/td>\n<\/tr>\n<tr>\n<td>Slip paste system for NTN packaging<\/td>\n<td><\/td>\n<td>Japan<\/td>\n<\/tr>\n<tr>\n<td>PLC data memory &#8211; DELTA<\/td>\n<td><\/td>\n<td>Taiwan<\/td>\n<\/tr>\n<tr>\n<td>DELTA touch screen<\/td>\n<td><\/td>\n<td>Taiwan<\/td>\n<\/tr>\n<tr>\n<td>Machine parameters are displayed on the touch screen.<\/td>\n<td><\/td>\n<td><\/td>\n<\/tr>\n<tr>\n<td>Sensor reading Autoro packaging line<\/td>\n<td><\/td>\n<td>Taiwan<\/td>\n<\/tr>\n<tr>\n<td>\n<ul>\n<li>Package type: PRESS 4 BIAS<\/li>\n<li>Pattern pressed: straight stripes create waves<\/li>\n<li>Horizontal press: 8mm<\/li>\n<li>Vertical press: 6mm<\/li>\n<\/ul>\n<\/td>\n<td>Brass or Inox<\/td>\n<td rowspan=\"12\">An Thanh<\/td>\n<\/tr>\n<tr>\n<td>\n<ul>\n<li>Cutting blade type: serrated shape for easy opening<\/li>\n<\/ul>\n<\/td>\n<td>Steel Wind<\/td>\n<\/tr>\n<tr>\n<td>Diaphragm size: \u2264 250mm (changeable)<\/td>\n<td><\/td>\n<\/tr>\n<tr>\n<td>Bag weight:<\/p>\n<p>+ Powder form: 22gram &#8211; 150gram (may vary higher)<\/p>\n<p>Acceptable error: \u00b1 1%<\/td>\n<td><\/td>\n<\/tr>\n<tr>\n<td>Quantitative method: screw type quantitative<\/td>\n<td>Inox 304<\/td>\n<\/tr>\n<tr>\n<td>Packing materials: jelly<\/td>\n<td><\/td>\n<\/tr>\n<tr>\n<td>cPacking materials: jelly<\/td>\n<td><\/td>\n<\/tr>\n<tr>\n<td>Electric power: 2 kw \/ h.<\/td>\n<td><\/td>\n<\/tr>\n<tr>\n<td>Power supply: 220v \/ 50hz<\/td>\n<td><\/td>\n<\/tr>\n<tr>\n<td>Machine size: (1100x1200x1900) mm<\/td>\n<td><\/td>\n<\/tr>\n<tr>\n<td>Machine weight: 500kg<\/td>\n<td><\/td>\n<\/tr>\n<tr>\n<td>Origin of machine<\/td>\n<td><\/td>\n<\/tr>\n<\/tbody>\n<\/table>\n<h2><strong>An Thanh 4 &#8211; Sided Coffee Packaging Machine\u00a0 &#8211; choice with high economic value<\/strong><\/h2>\n<p>&#8211; An Thanh packaging machine is assembled with high perfection, using 100% brand new components from famous brands in Germany, Italy, Taiwan, Japan for long operating life and a packaging process is stable, high quality and productivity<\/p>\n<p>Multi-function intelligent design follows a self-contained automatic packaging process to save production time and reduce manpower<\/p>\n<p>&#8211; All material contact parts are made from stainless steel, ensuring the quality and safety of finished coffee products.<\/p>\n<p>CNC machined dosing system for high accuracy, minimizing the rate of error and loss.<\/p>\n<p>&#8211; Use in packaging for a variety of foods or other powder-granular ingredients such as flour, salt, tea, cereals, seasoning seeds, ink powder, animal feed powder, herbs &#8230;<\/p>\n<p>Preeminent features, reasonable price, good sales policy, high productivity, helps businesses save production time and costs. All that is gained from 4 &#8211; Sided Coffee Packaging Machine is a testament to the high economic benefits when you choose An Thanh&#8217;s packaging machine.<\/p>\n<p>See more products <a href=\"\/san-pham\/?lang=en\">here.<\/a><\/p>\n<p>Experience 4 &#8211; Sided Coffee Packaging Machine or other packaging machines.<\/p>\n<p>&nbsp;<\/p>\n","protected":false},"excerpt":{"rendered":"<div class=\"pdinfo__quote\">4 &#8211; Sided Coffee Packaging Machine is a powder packaging machine used for low dust raw materials such as sugar, coffee, salt, and flour.<\/div>\n","protected":false},"featured_media":13325,"comment_status":"open","ping_status":"closed","template":"","meta":{"inline_featured_image":false},"product_cat":[99,213,130],"product_tag":[122],"class_list":{"0":"post-754","1":"product","2":"type-product","3":"status-publish","4":"has-post-thumbnail","6":"product_cat-may-dong-goi-thuc-pham-en","7":"product_cat-instant-coffee-packaging-machine","8":"product_cat-may-dong-goi-dang-bot-en","9":"product_tag-maydonggoicaphe4bien-en","11":"first","12":"instock","13":"shipping-taxable","14":"product-type-simple"},"yoast_head":"<!-- This site is optimized with the Yoast SEO plugin v23.5 - https:\/\/yoast.com\/wordpress\/plugins\/seo\/ -->\n<title>4 \u2013 Sided Coffee Packaging Machine - M\u00e1y \u0111\u00f3ng g\u00f3i c\u00f4ng nghi\u1ec7p An Th\u00e0nh<\/title>\n<meta name=\"robots\" content=\"index, follow, max-snippet:-1, max-image-preview:large, max-video-preview:-1\" \/>\n<link rel=\"canonical\" href=\"https:\/\/www.packvn.com\/en\/san-pham\/may-dong-goi-ca-phe-4-bien\/\" \/>\n<meta property=\"og:locale\" content=\"en_US\" \/>\n<meta property=\"og:type\" content=\"article\" \/>\n<meta property=\"og:title\" content=\"4 \u2013 Sided Coffee Packaging Machine - M\u00e1y \u0111\u00f3ng g\u00f3i c\u00f4ng nghi\u1ec7p An Th\u00e0nh\" \/>\n<meta property=\"og:description\" content=\"4 - Sided Coffee Packaging Machine is a powder packaging machine used for low dust raw materials such as sugar, coffee, salt, and flour.\" \/>\n<meta property=\"og:url\" content=\"https:\/\/www.packvn.com\/en\/san-pham\/may-dong-goi-ca-phe-4-bien\/\" \/>\n<meta property=\"og:site_name\" content=\"M\u00e1y \u0111\u00f3ng g\u00f3i c\u00f4ng nghi\u1ec7p An Th\u00e0nh\" \/>\n<meta property=\"article:publisher\" content=\"https:\/\/www.facebook.com\/maytudongnangsuatcaoanthanh\" \/>\n<meta property=\"article:modified_time\" content=\"2024-09-13T03:16:03+00:00\" \/>\n<meta property=\"og:image\" content=\"https:\/\/www.packvn.com\/wp-content\/uploads\/2020\/10\/Untitl1212ed-1-min.jpg\" \/>\n\t<meta property=\"og:image:width\" content=\"900\" \/>\n\t<meta property=\"og:image:height\" content=\"900\" \/>\n\t<meta property=\"og:image:type\" content=\"image\/jpeg\" \/>\n<meta name=\"twitter:card\" content=\"summary_large_image\" \/>\n<meta name=\"twitter:label1\" content=\"Est. reading time\" \/>\n\t<meta name=\"twitter:data1\" content=\"4 minutes\" \/>\n<script type=\"application\/ld+json\" class=\"yoast-schema-graph\">{\"@context\":\"https:\/\/schema.org\",\"@graph\":[{\"@type\":\"WebPage\",\"@id\":\"https:\/\/www.packvn.com\/en\/san-pham\/may-dong-goi-ca-phe-4-bien\/\",\"url\":\"https:\/\/www.packvn.com\/en\/san-pham\/may-dong-goi-ca-phe-4-bien\/\",\"name\":\"4 \u2013 Sided Coffee Packaging Machine - M\u00e1y \u0111\u00f3ng g\u00f3i c\u00f4ng nghi\u1ec7p An Th\u00e0nh\",\"isPartOf\":{\"@id\":\"https:\/\/www.packvn.com\/#website\"},\"primaryImageOfPage\":{\"@id\":\"https:\/\/www.packvn.com\/en\/san-pham\/may-dong-goi-ca-phe-4-bien\/#primaryimage\"},\"image\":{\"@id\":\"https:\/\/www.packvn.com\/en\/san-pham\/may-dong-goi-ca-phe-4-bien\/#primaryimage\"},\"thumbnailUrl\":\"https:\/\/www.packvn.com\/wp-content\/uploads\/2020\/10\/Untitl1212ed-1-min.jpg\",\"datePublished\":\"2020-10-14T10:18:09+00:00\",\"dateModified\":\"2024-09-13T03:16:03+00:00\",\"breadcrumb\":{\"@id\":\"https:\/\/www.packvn.com\/en\/san-pham\/may-dong-goi-ca-phe-4-bien\/#breadcrumb\"},\"inLanguage\":\"en-US\",\"potentialAction\":[{\"@type\":\"ReadAction\",\"target\":[\"https:\/\/www.packvn.com\/en\/san-pham\/may-dong-goi-ca-phe-4-bien\/\"]}]},{\"@type\":\"ImageObject\",\"inLanguage\":\"en-US\",\"@id\":\"https:\/\/www.packvn.com\/en\/san-pham\/may-dong-goi-ca-phe-4-bien\/#primaryimage\",\"url\":\"https:\/\/www.packvn.com\/wp-content\/uploads\/2020\/10\/Untitl1212ed-1-min.jpg\",\"contentUrl\":\"https:\/\/www.packvn.com\/wp-content\/uploads\/2020\/10\/Untitl1212ed-1-min.jpg\",\"width\":900,\"height\":900,\"caption\":\"m\u00e1y \u0111\u00f3ng g\u00f3i tr\u1ee5c v\u00edt 3 bi\u00ean 4 bi\u00ean\"},{\"@type\":\"BreadcrumbList\",\"@id\":\"https:\/\/www.packvn.com\/en\/san-pham\/may-dong-goi-ca-phe-4-bien\/#breadcrumb\",\"itemListElement\":[{\"@type\":\"ListItem\",\"position\":1,\"name\":\"Trang ch\u1ee7\",\"item\":\"https:\/\/www.packvn.com\/en\/\"},{\"@type\":\"ListItem\",\"position\":2,\"name\":\"S\u1ea3n ph\u1ea9m\",\"item\":\"https:\/\/www.packvn.com\/san-pham\/\"},{\"@type\":\"ListItem\",\"position\":3,\"name\":\"M\u00e1y \u0110\u00f3ng G\u00f3i Nguy\u00ean Li\u1ec7u B\u1ed9t\",\"item\":\"https:\/\/www.packvn.com\/danh-muc-san-pham\/may-dong-goi-nguyen-lieu-bot\/\"},{\"@type\":\"ListItem\",\"position\":4,\"name\":\"M\u00e1y \u0110\u00f3ng G\u00f3i C\u00e0 Ph\u00ea H\u00f2a Tan\",\"item\":\"https:\/\/www.packvn.com\/danh-muc-san-pham\/may-dong-goi-nguyen-lieu-bot\/may-dong-goi-ca-phe-hoa-tan\/\"},{\"@type\":\"ListItem\",\"position\":5,\"name\":\"4 \u2013 Sided Coffee Packaging Machine\"}]},{\"@type\":\"WebSite\",\"@id\":\"https:\/\/www.packvn.com\/#website\",\"url\":\"https:\/\/www.packvn.com\/\",\"name\":\"M\u00e1y \u0111\u00f3ng g\u00f3i c\u00f4ng nghi\u1ec7p An Th\u00e0nh\",\"description\":\"Nh\u00e0 s\u1ea3n xu\u1ea5t m\u00e1y \u0111\u00f3ng g\u00f3i ch\u1ea5t l\u01b0\u1ee3ng cao\",\"publisher\":{\"@id\":\"https:\/\/www.packvn.com\/#organization\"},\"potentialAction\":[{\"@type\":\"SearchAction\",\"target\":{\"@type\":\"EntryPoint\",\"urlTemplate\":\"https:\/\/www.packvn.com\/?s={search_term_string}\"},\"query-input\":{\"@type\":\"PropertyValueSpecification\",\"valueRequired\":true,\"valueName\":\"search_term_string\"}}],\"inLanguage\":\"en-US\"},{\"@type\":\"Organization\",\"@id\":\"https:\/\/www.packvn.com\/#organization\",\"name\":\"M\u00e1y \u0110\u00f3ng G\u00f3i An Th\u00e0nh\",\"url\":\"https:\/\/www.packvn.com\/\",\"logo\":{\"@type\":\"ImageObject\",\"inLanguage\":\"en-US\",\"@id\":\"https:\/\/www.packvn.com\/#\/schema\/logo\/image\/\",\"url\":\"https:\/\/www.packvn.com\/wp-content\/uploads\/2020\/10\/cropped-logo-logo-chat-luong-thap-200609090814.png\",\"contentUrl\":\"https:\/\/www.packvn.com\/wp-content\/uploads\/2020\/10\/cropped-logo-logo-chat-luong-thap-200609090814.png\",\"width\":512,\"height\":512,\"caption\":\"M\u00e1y \u0110\u00f3ng G\u00f3i An Th\u00e0nh\"},\"image\":{\"@id\":\"https:\/\/www.packvn.com\/#\/schema\/logo\/image\/\"},\"sameAs\":[\"https:\/\/www.facebook.com\/maytudongnangsuatcaoanthanh\"]}]}<\/script>\n<!-- \/ Yoast SEO plugin. -->","yoast_head_json":{"title":"4 \u2013 Sided Coffee Packaging Machine - M\u00e1y \u0111\u00f3ng g\u00f3i c\u00f4ng nghi\u1ec7p An Th\u00e0nh","robots":{"index":"index","follow":"follow","max-snippet":"max-snippet:-1","max-image-preview":"max-image-preview:large","max-video-preview":"max-video-preview:-1"},"canonical":"https:\/\/www.packvn.com\/en\/san-pham\/may-dong-goi-ca-phe-4-bien\/","og_locale":"en_US","og_type":"article","og_title":"4 \u2013 Sided Coffee Packaging Machine - M\u00e1y \u0111\u00f3ng g\u00f3i c\u00f4ng nghi\u1ec7p An Th\u00e0nh","og_description":"4 - Sided Coffee Packaging Machine is a powder packaging machine used for low dust raw materials such as sugar, coffee, salt, and flour.","og_url":"https:\/\/www.packvn.com\/en\/san-pham\/may-dong-goi-ca-phe-4-bien\/","og_site_name":"M\u00e1y \u0111\u00f3ng g\u00f3i c\u00f4ng nghi\u1ec7p An Th\u00e0nh","article_publisher":"https:\/\/www.facebook.com\/maytudongnangsuatcaoanthanh","article_modified_time":"2024-09-13T03:16:03+00:00","og_image":[{"width":900,"height":900,"url":"https:\/\/www.packvn.com\/wp-content\/uploads\/2020\/10\/Untitl1212ed-1-min.jpg","type":"image\/jpeg"}],"twitter_card":"summary_large_image","twitter_misc":{"Est. reading time":"4 minutes"},"schema":{"@context":"https:\/\/schema.org","@graph":[{"@type":"WebPage","@id":"https:\/\/www.packvn.com\/en\/san-pham\/may-dong-goi-ca-phe-4-bien\/","url":"https:\/\/www.packvn.com\/en\/san-pham\/may-dong-goi-ca-phe-4-bien\/","name":"4 \u2013 Sided Coffee Packaging Machine - M\u00e1y \u0111\u00f3ng g\u00f3i c\u00f4ng nghi\u1ec7p An Th\u00e0nh","isPartOf":{"@id":"https:\/\/www.packvn.com\/#website"},"primaryImageOfPage":{"@id":"https:\/\/www.packvn.com\/en\/san-pham\/may-dong-goi-ca-phe-4-bien\/#primaryimage"},"image":{"@id":"https:\/\/www.packvn.com\/en\/san-pham\/may-dong-goi-ca-phe-4-bien\/#primaryimage"},"thumbnailUrl":"https:\/\/www.packvn.com\/wp-content\/uploads\/2020\/10\/Untitl1212ed-1-min.jpg","datePublished":"2020-10-14T10:18:09+00:00","dateModified":"2024-09-13T03:16:03+00:00","breadcrumb":{"@id":"https:\/\/www.packvn.com\/en\/san-pham\/may-dong-goi-ca-phe-4-bien\/#breadcrumb"},"inLanguage":"en-US","potentialAction":[{"@type":"ReadAction","target":["https:\/\/www.packvn.com\/en\/san-pham\/may-dong-goi-ca-phe-4-bien\/"]}]},{"@type":"ImageObject","inLanguage":"en-US","@id":"https:\/\/www.packvn.com\/en\/san-pham\/may-dong-goi-ca-phe-4-bien\/#primaryimage","url":"https:\/\/www.packvn.com\/wp-content\/uploads\/2020\/10\/Untitl1212ed-1-min.jpg","contentUrl":"https:\/\/www.packvn.com\/wp-content\/uploads\/2020\/10\/Untitl1212ed-1-min.jpg","width":900,"height":900,"caption":"m\u00e1y \u0111\u00f3ng g\u00f3i tr\u1ee5c v\u00edt 3 bi\u00ean 4 bi\u00ean"},{"@type":"BreadcrumbList","@id":"https:\/\/www.packvn.com\/en\/san-pham\/may-dong-goi-ca-phe-4-bien\/#breadcrumb","itemListElement":[{"@type":"ListItem","position":1,"name":"Trang ch\u1ee7","item":"https:\/\/www.packvn.com\/en\/"},{"@type":"ListItem","position":2,"name":"S\u1ea3n ph\u1ea9m","item":"https:\/\/www.packvn.com\/san-pham\/"},{"@type":"ListItem","position":3,"name":"M\u00e1y \u0110\u00f3ng G\u00f3i Nguy\u00ean Li\u1ec7u B\u1ed9t","item":"https:\/\/www.packvn.com\/danh-muc-san-pham\/may-dong-goi-nguyen-lieu-bot\/"},{"@type":"ListItem","position":4,"name":"M\u00e1y \u0110\u00f3ng G\u00f3i C\u00e0 Ph\u00ea H\u00f2a Tan","item":"https:\/\/www.packvn.com\/danh-muc-san-pham\/may-dong-goi-nguyen-lieu-bot\/may-dong-goi-ca-phe-hoa-tan\/"},{"@type":"ListItem","position":5,"name":"4 \u2013 Sided Coffee Packaging Machine"}]},{"@type":"WebSite","@id":"https:\/\/www.packvn.com\/#website","url":"https:\/\/www.packvn.com\/","name":"M\u00e1y \u0111\u00f3ng g\u00f3i c\u00f4ng nghi\u1ec7p An Th\u00e0nh","description":"Nh\u00e0 s\u1ea3n xu\u1ea5t m\u00e1y \u0111\u00f3ng g\u00f3i ch\u1ea5t l\u01b0\u1ee3ng cao","publisher":{"@id":"https:\/\/www.packvn.com\/#organization"},"potentialAction":[{"@type":"SearchAction","target":{"@type":"EntryPoint","urlTemplate":"https:\/\/www.packvn.com\/?s={search_term_string}"},"query-input":{"@type":"PropertyValueSpecification","valueRequired":true,"valueName":"search_term_string"}}],"inLanguage":"en-US"},{"@type":"Organization","@id":"https:\/\/www.packvn.com\/#organization","name":"M\u00e1y \u0110\u00f3ng G\u00f3i An Th\u00e0nh","url":"https:\/\/www.packvn.com\/","logo":{"@type":"ImageObject","inLanguage":"en-US","@id":"https:\/\/www.packvn.com\/#\/schema\/logo\/image\/","url":"https:\/\/www.packvn.com\/wp-content\/uploads\/2020\/10\/cropped-logo-logo-chat-luong-thap-200609090814.png","contentUrl":"https:\/\/www.packvn.com\/wp-content\/uploads\/2020\/10\/cropped-logo-logo-chat-luong-thap-200609090814.png","width":512,"height":512,"caption":"M\u00e1y \u0110\u00f3ng G\u00f3i An Th\u00e0nh"},"image":{"@id":"https:\/\/www.packvn.com\/#\/schema\/logo\/image\/"},"sameAs":["https:\/\/www.facebook.com\/maytudongnangsuatcaoanthanh"]}]}},"_links":{"self":[{"href":"https:\/\/www.packvn.com\/en\/wp-json\/wp\/v2\/product\/754"}],"collection":[{"href":"https:\/\/www.packvn.com\/en\/wp-json\/wp\/v2\/product"}],"about":[{"href":"https:\/\/www.packvn.com\/en\/wp-json\/wp\/v2\/types\/product"}],"replies":[{"embeddable":true,"href":"https:\/\/www.packvn.com\/en\/wp-json\/wp\/v2\/comments?post=754"}],"wp:featuredmedia":[{"embeddable":true,"href":"https:\/\/www.packvn.com\/en\/wp-json\/wp\/v2\/media\/13325"}],"wp:attachment":[{"href":"https:\/\/www.packvn.com\/en\/wp-json\/wp\/v2\/media?parent=754"}],"wp:term":[{"taxonomy":"product_cat","embeddable":true,"href":"https:\/\/www.packvn.com\/en\/wp-json\/wp\/v2\/product_cat?post=754"},{"taxonomy":"product_tag","embeddable":true,"href":"https:\/\/www.packvn.com\/en\/wp-json\/wp\/v2\/product_tag?post=754"}],"curies":[{"name":"wp","href":"https:\/\/api.w.org\/{rel}","templated":true}]}}