{"id":752,"date":"2020-10-14T10:19:38","date_gmt":"2020-10-14T10:19:38","guid":{"rendered":"http:\/\/maydonggoi.southteam.co\/product\/may-dong-goi-ngu-coc\/"},"modified":"2024-10-04T10:18:55","modified_gmt":"2024-10-04T03:18:55","slug":"may-dong-goi-ngu-coc","status":"publish","type":"product","link":"https:\/\/www.packvn.com\/en\/san-pham\/may-dong-goi-ngu-coc\/","title":{"rendered":"Cereal Packaging Machine"},"content":{"rendered":"<h2><strong>Product Information Cereal Packaging Machine<\/strong><\/h2>\n<p><strong>The cereal packaging machine<\/strong> is a series of powder type packaging machines using a screw or quantitative scale. The machine is designed to be simple, compact and easy to use.<\/p>\n<h2><strong>The cereal packaging machine works in an automatic closed cycle<\/strong><\/h2>\n<p>Nowadays, the fast growing instant food processing industry also contributes a great deal to packaging machine engineering. Cereal packaging machine helps to finish products automatically in the finished grain flour production line.<br \/>\nThe operation cycle of this machine is programmed automatically from quantitative, feeding, bag making, packing, stamping, sealing and date printing.<br \/>\nCereal packaging machine designed and assembled by An Thanh with high perfection possesses such superior features. Thanks to that, the production progress is faster, helping businesses save a large amount of labor hiring costs that the traditional packaging process used to use a lot.<\/p>\n<p>&nbsp;<\/p>\n<h2><strong>An Thanh cereal packaging machine: reduce the rate of defects.<\/strong><\/h2>\n<p>The grain packaging machine possesses an electric capacity of up to 2kW \/ h, which can produce about 20-30 finished products per minute depending on weight and package size. With that productivity, the time to bring products to distributors and consumers is shortened, helping manufacturers recover capital and profits faster.<br \/>\nThe machine uses CNC machined electronic weighing system for high precision, creating a uniform, consistent product, minimizing the error rate.<br \/>\nNew 100% imported components, stainless steel body has good impact resistance and long service life<br \/>\nAll packaging machines in An Thanh are processed and assembled from 100% new components, mainly imported from Germany, Taiwan, Japan and Italy, so they have high aesthetics and longevity.<br \/>\nThe stainless steel body has good impact resistance and extreme weather conditions. Moreover, the material contacting part of the machine is made of 304 stainless steel, ensuring food safety and product characteristics.<\/p>\n<h2><strong style=\"font-size: 100%;\">Specifications of the cereal packing machine<\/strong><\/h2>\n<table>\n<tbody>\n<tr>\n<td><strong>Specifications<\/strong><\/td>\n<td><strong>Material<\/strong><\/td>\n<td><strong>Origin<\/strong><\/td>\n<td><strong>Note<\/strong><\/td>\n<\/tr>\n<tr>\n<td>The machine frame is covered in 304 inox and the contact details are made of 304 inox, used in food.<\/td>\n<td>Inox 304<\/td>\n<td>An Thanh<\/td>\n<td rowspan=\"24\">\n<p style=\"text-align: center;\">All components 100% brand new<\/p>\n<p style=\"text-align: center;\">Made in 2020<\/p>\n<\/td>\n<\/tr>\n<tr>\n<td>Machine parts are machined on CNC machines with high precision.<\/td>\n<td>Steel and inox<\/td>\n<td>An Thanh<\/td>\n<\/tr>\n<tr>\n<td>ABM drives the motor.<\/td>\n<td><\/td>\n<td>Germany<\/td>\n<\/tr>\n<tr>\n<td>Main motor ABM<\/td>\n<td><\/td>\n<td>Germany<\/td>\n<\/tr>\n<tr>\n<td>MCB protects the HITACHI machine<\/td>\n<td><\/td>\n<td>Japan<\/td>\n<\/tr>\n<tr>\n<td>The motivations for Kasuto<\/td>\n<td><\/td>\n<td>Japan<\/td>\n<\/tr>\n<tr>\n<td>Relay\u00a0 IDEC<\/td>\n<td><\/td>\n<td>Japan<\/td>\n<\/tr>\n<tr>\n<td>Slip paste system for NTN packaging<\/td>\n<td><\/td>\n<td>Japan<\/td>\n<\/tr>\n<tr>\n<td>PLC data memory &#8211; DELTA<\/td>\n<td><\/td>\n<td>Taiwan<\/td>\n<\/tr>\n<tr>\n<td>DELTA touch screen<\/td>\n<td><\/td>\n<td>Taiwan<\/td>\n<\/tr>\n<tr>\n<td>Machine parameters are displayed on the touch screen.<\/td>\n<td><\/td>\n<td><\/td>\n<\/tr>\n<tr>\n<td>Sensor reading Autoro packaging line<\/td>\n<td><\/td>\n<td>Taiwan<\/td>\n<\/tr>\n<tr>\n<td>\n<ul>\n<li>Package type: PRESS 4 BIAS<\/li>\n<li>Pattern pressed: straight stripes create waves<\/li>\n<li>Horizontal press: 8mm<\/li>\n<li>Vertical press: 6mm<\/li>\n<\/ul>\n<\/td>\n<td>Brass or Inox<\/td>\n<td rowspan=\"12\">An Thanh<\/td>\n<\/tr>\n<tr>\n<td>\n<ul>\n<li>Cutting blade type: serrated shape for easy opening<\/li>\n<\/ul>\n<\/td>\n<td>Steel wind<\/td>\n<\/tr>\n<tr>\n<td>Membrane size: \u2264 250mm (changeable)<\/td>\n<td><\/td>\n<\/tr>\n<tr>\n<td>Bag weight:<\/p>\n<p>+ Powder form: 22gram &#8211; 150gram (may vary higher)<\/p>\n<p>Acceptable error: \u00b1 1%<\/td>\n<td><\/td>\n<\/tr>\n<tr>\n<td>Quantitative method: screw type quantitative<\/td>\n<td>Inox 304<\/td>\n<\/tr>\n<tr>\n<td>Packing materials: jelly<\/td>\n<td><\/td>\n<\/tr>\n<tr>\n<td>Speed: 20-30 packs \/ minute depending on the difficulty of the product.<\/td>\n<td><\/td>\n<\/tr>\n<tr>\n<td>Electric power: 2 kw \/ h.<\/td>\n<td><\/td>\n<\/tr>\n<tr>\n<td>Power supply: 220v \/ 50hz<\/td>\n<td><\/td>\n<\/tr>\n<tr>\n<td>Machine size: (1100x1200x1900) mm<\/td>\n<td><\/td>\n<\/tr>\n<tr>\n<td>Machine weight: 500kg<\/td>\n<td><\/td>\n<\/tr>\n<tr>\n<td>Origin of machine<\/td>\n<td><\/td>\n<\/tr>\n<\/tbody>\n<\/table>\n<p>See more products <a href=\"\/san-pham\/?lang=en\">here.<\/a><\/p>\n<p>&nbsp;<\/p>\n","protected":false},"excerpt":{"rendered":"<div class=\"pdinfo__quote\">Cereal packaging machine is a series of powder packing machines using a quantitative scale or a screw. The machine is designed to be simple, compact and easy to use.<\/div>\n<div><iframe src=\"\/\/www.youtube.com\/embed\/fsGZyv0YLJ4\" width=\"560\" height=\"314\" allowfullscreen=\"allowfullscreen\"><\/iframe><\/div>\n","protected":false},"featured_media":13707,"comment_status":"open","ping_status":"closed","template":"","meta":{"inline_featured_image":false},"product_cat":[93,115,130],"product_tag":[121],"class_list":{"0":"post-752","1":"product","2":"type-product","3":"status-publish","4":"has-post-thumbnail","6":"product_cat-may-dong-goi-bao-bi-en","7":"product_cat-may-dong-goi-dang-bot-hat-en","8":"product_cat-may-dong-goi-dang-bot-en","9":"product_tag-maydonggoingucoc-en","11":"first","12":"instock","13":"shipping-taxable","14":"purchasable","15":"product-type-simple"},"yoast_head":"<!-- This site is optimized with the Yoast SEO plugin v23.5 - https:\/\/yoast.com\/wordpress\/plugins\/seo\/ -->\n<title>Cereal Packaging Machine - M\u00e1y \u0111\u00f3ng g\u00f3i c\u00f4ng nghi\u1ec7p An Th\u00e0nh<\/title>\n<meta name=\"robots\" content=\"index, follow, max-snippet:-1, max-image-preview:large, max-video-preview:-1\" \/>\n<link rel=\"canonical\" href=\"https:\/\/www.packvn.com\/en\/san-pham\/may-dong-goi-ngu-coc\/\" \/>\n<meta property=\"og:locale\" content=\"en_US\" \/>\n<meta property=\"og:type\" content=\"article\" \/>\n<meta property=\"og:title\" content=\"Cereal Packaging Machine - M\u00e1y \u0111\u00f3ng g\u00f3i c\u00f4ng nghi\u1ec7p An Th\u00e0nh\" \/>\n<meta property=\"og:description\" content=\"Cereal packaging machine is a series of powder packing machines using a quantitative scale or a screw. The machine is designed to be simple, compact and easy to use.\" \/>\n<meta property=\"og:url\" content=\"https:\/\/www.packvn.com\/en\/san-pham\/may-dong-goi-ngu-coc\/\" \/>\n<meta property=\"og:site_name\" content=\"M\u00e1y \u0111\u00f3ng g\u00f3i c\u00f4ng nghi\u1ec7p An Th\u00e0nh\" \/>\n<meta property=\"article:publisher\" content=\"https:\/\/www.facebook.com\/maytudongnangsuatcaoanthanh\" \/>\n<meta property=\"article:modified_time\" content=\"2024-10-04T03:18:55+00:00\" \/>\n<meta property=\"og:image\" content=\"https:\/\/www.packvn.com\/wp-content\/uploads\/2020\/10\/bot-3-4-bien.jpg\" \/>\n\t<meta property=\"og:image:width\" content=\"900\" \/>\n\t<meta property=\"og:image:height\" content=\"900\" \/>\n\t<meta property=\"og:image:type\" content=\"image\/jpeg\" \/>\n<meta name=\"twitter:card\" content=\"summary_large_image\" \/>\n<meta name=\"twitter:label1\" content=\"Est. reading time\" \/>\n\t<meta name=\"twitter:data1\" content=\"3 minutes\" \/>\n<script type=\"application\/ld+json\" class=\"yoast-schema-graph\">{\"@context\":\"https:\/\/schema.org\",\"@graph\":[{\"@type\":\"WebPage\",\"@id\":\"https:\/\/www.packvn.com\/en\/san-pham\/may-dong-goi-ngu-coc\/\",\"url\":\"https:\/\/www.packvn.com\/en\/san-pham\/may-dong-goi-ngu-coc\/\",\"name\":\"Cereal Packaging Machine - M\u00e1y \u0111\u00f3ng g\u00f3i c\u00f4ng nghi\u1ec7p An Th\u00e0nh\",\"isPartOf\":{\"@id\":\"https:\/\/www.packvn.com\/#website\"},\"primaryImageOfPage\":{\"@id\":\"https:\/\/www.packvn.com\/en\/san-pham\/may-dong-goi-ngu-coc\/#primaryimage\"},\"image\":{\"@id\":\"https:\/\/www.packvn.com\/en\/san-pham\/may-dong-goi-ngu-coc\/#primaryimage\"},\"thumbnailUrl\":\"https:\/\/www.packvn.com\/wp-content\/uploads\/2020\/10\/bot-3-4-bien.jpg\",\"datePublished\":\"2020-10-14T10:19:38+00:00\",\"dateModified\":\"2024-10-04T03:18:55+00:00\",\"breadcrumb\":{\"@id\":\"https:\/\/www.packvn.com\/en\/san-pham\/may-dong-goi-ngu-coc\/#breadcrumb\"},\"inLanguage\":\"en-US\",\"potentialAction\":[{\"@type\":\"ReadAction\",\"target\":[\"https:\/\/www.packvn.com\/en\/san-pham\/may-dong-goi-ngu-coc\/\"]}]},{\"@type\":\"ImageObject\",\"inLanguage\":\"en-US\",\"@id\":\"https:\/\/www.packvn.com\/en\/san-pham\/may-dong-goi-ngu-coc\/#primaryimage\",\"url\":\"https:\/\/www.packvn.com\/wp-content\/uploads\/2020\/10\/bot-3-4-bien.jpg\",\"contentUrl\":\"https:\/\/www.packvn.com\/wp-content\/uploads\/2020\/10\/bot-3-4-bien.jpg\",\"width\":900,\"height\":900},{\"@type\":\"BreadcrumbList\",\"@id\":\"https:\/\/www.packvn.com\/en\/san-pham\/may-dong-goi-ngu-coc\/#breadcrumb\",\"itemListElement\":[{\"@type\":\"ListItem\",\"position\":1,\"name\":\"Trang ch\u1ee7\",\"item\":\"https:\/\/www.packvn.com\/en\/\"},{\"@type\":\"ListItem\",\"position\":2,\"name\":\"S\u1ea3n ph\u1ea9m\",\"item\":\"https:\/\/www.packvn.com\/san-pham\/\"},{\"@type\":\"ListItem\",\"position\":3,\"name\":\"M\u00e1y \u0111\u00f3ng g\u00f3i t\u1ef1 \u0111\u1ed9ng\",\"item\":\"https:\/\/www.packvn.com\/danh-muc-san-pham\/may-dong-goi-tu-dong\/\"},{\"@type\":\"ListItem\",\"position\":4,\"name\":\"M\u00e1y \u0110\u00f3ng G\u00f3i D\u1ea1ng H\u1ea1t\",\"item\":\"https:\/\/www.packvn.com\/danh-muc-san-pham\/may-dong-goi-tu-dong\/may-dong-goi-dang-hat\/\"},{\"@type\":\"ListItem\",\"position\":5,\"name\":\"Cereal Packaging Machine\"}]},{\"@type\":\"WebSite\",\"@id\":\"https:\/\/www.packvn.com\/#website\",\"url\":\"https:\/\/www.packvn.com\/\",\"name\":\"M\u00e1y \u0111\u00f3ng g\u00f3i c\u00f4ng nghi\u1ec7p An Th\u00e0nh\",\"description\":\"Nh\u00e0 s\u1ea3n xu\u1ea5t m\u00e1y \u0111\u00f3ng g\u00f3i ch\u1ea5t l\u01b0\u1ee3ng cao\",\"publisher\":{\"@id\":\"https:\/\/www.packvn.com\/#organization\"},\"potentialAction\":[{\"@type\":\"SearchAction\",\"target\":{\"@type\":\"EntryPoint\",\"urlTemplate\":\"https:\/\/www.packvn.com\/?s={search_term_string}\"},\"query-input\":{\"@type\":\"PropertyValueSpecification\",\"valueRequired\":true,\"valueName\":\"search_term_string\"}}],\"inLanguage\":\"en-US\"},{\"@type\":\"Organization\",\"@id\":\"https:\/\/www.packvn.com\/#organization\",\"name\":\"M\u00e1y \u0110\u00f3ng G\u00f3i An Th\u00e0nh\",\"url\":\"https:\/\/www.packvn.com\/\",\"logo\":{\"@type\":\"ImageObject\",\"inLanguage\":\"en-US\",\"@id\":\"https:\/\/www.packvn.com\/#\/schema\/logo\/image\/\",\"url\":\"https:\/\/www.packvn.com\/wp-content\/uploads\/2020\/10\/cropped-logo-logo-chat-luong-thap-200609090814.png\",\"contentUrl\":\"https:\/\/www.packvn.com\/wp-content\/uploads\/2020\/10\/cropped-logo-logo-chat-luong-thap-200609090814.png\",\"width\":512,\"height\":512,\"caption\":\"M\u00e1y \u0110\u00f3ng G\u00f3i An Th\u00e0nh\"},\"image\":{\"@id\":\"https:\/\/www.packvn.com\/#\/schema\/logo\/image\/\"},\"sameAs\":[\"https:\/\/www.facebook.com\/maytudongnangsuatcaoanthanh\"]}]}<\/script>\n<!-- \/ Yoast SEO plugin. -->","yoast_head_json":{"title":"Cereal Packaging Machine - M\u00e1y \u0111\u00f3ng g\u00f3i c\u00f4ng nghi\u1ec7p An Th\u00e0nh","robots":{"index":"index","follow":"follow","max-snippet":"max-snippet:-1","max-image-preview":"max-image-preview:large","max-video-preview":"max-video-preview:-1"},"canonical":"https:\/\/www.packvn.com\/en\/san-pham\/may-dong-goi-ngu-coc\/","og_locale":"en_US","og_type":"article","og_title":"Cereal Packaging Machine - M\u00e1y \u0111\u00f3ng g\u00f3i c\u00f4ng nghi\u1ec7p An Th\u00e0nh","og_description":"Cereal packaging machine is a series of powder packing machines using a quantitative scale or a screw. The machine is designed to be simple, compact and easy to use.","og_url":"https:\/\/www.packvn.com\/en\/san-pham\/may-dong-goi-ngu-coc\/","og_site_name":"M\u00e1y \u0111\u00f3ng g\u00f3i c\u00f4ng nghi\u1ec7p An Th\u00e0nh","article_publisher":"https:\/\/www.facebook.com\/maytudongnangsuatcaoanthanh","article_modified_time":"2024-10-04T03:18:55+00:00","og_image":[{"width":900,"height":900,"url":"https:\/\/www.packvn.com\/wp-content\/uploads\/2020\/10\/bot-3-4-bien.jpg","type":"image\/jpeg"}],"twitter_card":"summary_large_image","twitter_misc":{"Est. reading time":"3 minutes"},"schema":{"@context":"https:\/\/schema.org","@graph":[{"@type":"WebPage","@id":"https:\/\/www.packvn.com\/en\/san-pham\/may-dong-goi-ngu-coc\/","url":"https:\/\/www.packvn.com\/en\/san-pham\/may-dong-goi-ngu-coc\/","name":"Cereal Packaging Machine - M\u00e1y \u0111\u00f3ng g\u00f3i c\u00f4ng nghi\u1ec7p An Th\u00e0nh","isPartOf":{"@id":"https:\/\/www.packvn.com\/#website"},"primaryImageOfPage":{"@id":"https:\/\/www.packvn.com\/en\/san-pham\/may-dong-goi-ngu-coc\/#primaryimage"},"image":{"@id":"https:\/\/www.packvn.com\/en\/san-pham\/may-dong-goi-ngu-coc\/#primaryimage"},"thumbnailUrl":"https:\/\/www.packvn.com\/wp-content\/uploads\/2020\/10\/bot-3-4-bien.jpg","datePublished":"2020-10-14T10:19:38+00:00","dateModified":"2024-10-04T03:18:55+00:00","breadcrumb":{"@id":"https:\/\/www.packvn.com\/en\/san-pham\/may-dong-goi-ngu-coc\/#breadcrumb"},"inLanguage":"en-US","potentialAction":[{"@type":"ReadAction","target":["https:\/\/www.packvn.com\/en\/san-pham\/may-dong-goi-ngu-coc\/"]}]},{"@type":"ImageObject","inLanguage":"en-US","@id":"https:\/\/www.packvn.com\/en\/san-pham\/may-dong-goi-ngu-coc\/#primaryimage","url":"https:\/\/www.packvn.com\/wp-content\/uploads\/2020\/10\/bot-3-4-bien.jpg","contentUrl":"https:\/\/www.packvn.com\/wp-content\/uploads\/2020\/10\/bot-3-4-bien.jpg","width":900,"height":900},{"@type":"BreadcrumbList","@id":"https:\/\/www.packvn.com\/en\/san-pham\/may-dong-goi-ngu-coc\/#breadcrumb","itemListElement":[{"@type":"ListItem","position":1,"name":"Trang ch\u1ee7","item":"https:\/\/www.packvn.com\/en\/"},{"@type":"ListItem","position":2,"name":"S\u1ea3n ph\u1ea9m","item":"https:\/\/www.packvn.com\/san-pham\/"},{"@type":"ListItem","position":3,"name":"M\u00e1y \u0111\u00f3ng g\u00f3i t\u1ef1 \u0111\u1ed9ng","item":"https:\/\/www.packvn.com\/danh-muc-san-pham\/may-dong-goi-tu-dong\/"},{"@type":"ListItem","position":4,"name":"M\u00e1y \u0110\u00f3ng G\u00f3i D\u1ea1ng H\u1ea1t","item":"https:\/\/www.packvn.com\/danh-muc-san-pham\/may-dong-goi-tu-dong\/may-dong-goi-dang-hat\/"},{"@type":"ListItem","position":5,"name":"Cereal Packaging Machine"}]},{"@type":"WebSite","@id":"https:\/\/www.packvn.com\/#website","url":"https:\/\/www.packvn.com\/","name":"M\u00e1y \u0111\u00f3ng g\u00f3i c\u00f4ng nghi\u1ec7p An Th\u00e0nh","description":"Nh\u00e0 s\u1ea3n xu\u1ea5t m\u00e1y \u0111\u00f3ng g\u00f3i ch\u1ea5t l\u01b0\u1ee3ng cao","publisher":{"@id":"https:\/\/www.packvn.com\/#organization"},"potentialAction":[{"@type":"SearchAction","target":{"@type":"EntryPoint","urlTemplate":"https:\/\/www.packvn.com\/?s={search_term_string}"},"query-input":{"@type":"PropertyValueSpecification","valueRequired":true,"valueName":"search_term_string"}}],"inLanguage":"en-US"},{"@type":"Organization","@id":"https:\/\/www.packvn.com\/#organization","name":"M\u00e1y \u0110\u00f3ng G\u00f3i An Th\u00e0nh","url":"https:\/\/www.packvn.com\/","logo":{"@type":"ImageObject","inLanguage":"en-US","@id":"https:\/\/www.packvn.com\/#\/schema\/logo\/image\/","url":"https:\/\/www.packvn.com\/wp-content\/uploads\/2020\/10\/cropped-logo-logo-chat-luong-thap-200609090814.png","contentUrl":"https:\/\/www.packvn.com\/wp-content\/uploads\/2020\/10\/cropped-logo-logo-chat-luong-thap-200609090814.png","width":512,"height":512,"caption":"M\u00e1y \u0110\u00f3ng G\u00f3i An Th\u00e0nh"},"image":{"@id":"https:\/\/www.packvn.com\/#\/schema\/logo\/image\/"},"sameAs":["https:\/\/www.facebook.com\/maytudongnangsuatcaoanthanh"]}]}},"_links":{"self":[{"href":"https:\/\/www.packvn.com\/en\/wp-json\/wp\/v2\/product\/752"}],"collection":[{"href":"https:\/\/www.packvn.com\/en\/wp-json\/wp\/v2\/product"}],"about":[{"href":"https:\/\/www.packvn.com\/en\/wp-json\/wp\/v2\/types\/product"}],"replies":[{"embeddable":true,"href":"https:\/\/www.packvn.com\/en\/wp-json\/wp\/v2\/comments?post=752"}],"wp:featuredmedia":[{"embeddable":true,"href":"https:\/\/www.packvn.com\/en\/wp-json\/wp\/v2\/media\/13707"}],"wp:attachment":[{"href":"https:\/\/www.packvn.com\/en\/wp-json\/wp\/v2\/media?parent=752"}],"wp:term":[{"taxonomy":"product_cat","embeddable":true,"href":"https:\/\/www.packvn.com\/en\/wp-json\/wp\/v2\/product_cat?post=752"},{"taxonomy":"product_tag","embeddable":true,"href":"https:\/\/www.packvn.com\/en\/wp-json\/wp\/v2\/product_tag?post=752"}],"curies":[{"name":"wp","href":"https:\/\/api.w.org\/{rel}","templated":true}]}}