{"id":750,"date":"2020-10-14T10:21:53","date_gmt":"2020-10-14T10:21:53","guid":{"rendered":"http:\/\/maydonggoi.southteam.co\/product\/may-dong-goi-ca-phe-hoa-tan\/"},"modified":"2024-09-13T10:05:46","modified_gmt":"2024-09-13T03:05:46","slug":"may-dong-goi-ca-phe-hoa-tan","status":"publish","type":"product","link":"https:\/\/www.packvn.com\/en\/san-pham\/may-dong-goi-ca-phe-hoa-tan\/","title":{"rendered":"Instant Coffee Packaging Machine"},"content":{"rendered":"<h2><strong>Product Information of Instant Coffee Packaging Machine<\/strong><\/h2>\n<p>Instant coffee packaging machine is a screw-type or dosing weighing machine that quantifies coffee ingredients before putting them in a bag.<\/p>\n<h2><strong>Instant Coffee Packaging Machine &#8211; A step forward to making coffee more convenient for consumers<\/strong><\/h2>\n<p>Today&#8217;s instant coffee is no stranger to us in everyday life, especially to office people. Morning rush but enjoying a cup of coffee is essential to them. Instant coffee was born to meet these needs.<\/p>\n<p>To obtain delicious and hygienic cups of coffee requires the manufacturer to choose for themselves the instant coffee packaging machines carefully.<\/p>\n<p>The machine must meet the need for quantitative protection before it is placed in the bag. Also during using the machine must ensure food hygiene and safety.<\/p>\n<p>The packaged instant coffee packages will be brought to the market and will help turn the raw coffee beans into high-end products, in line with the convenience of office people.<\/p>\n<div class=\"clearfix dcontent\">\n<p><img decoding=\"async\" class=\"aligncenter size-full wp-image-13331\" src=\"https:\/\/www.packvn.com\/wp-content\/uploads\/2020\/10\/bon-moi-truc-vit-tui-stick-min.jpg\" alt=\"\" width=\"900\" height=\"900\" srcset=\"https:\/\/www.packvn.com\/wp-content\/uploads\/2020\/10\/bon-moi-truc-vit-tui-stick-min.jpg 900w, https:\/\/www.packvn.com\/wp-content\/uploads\/2020\/10\/bon-moi-truc-vit-tui-stick-min-300x300.jpg 300w, https:\/\/www.packvn.com\/wp-content\/uploads\/2020\/10\/bon-moi-truc-vit-tui-stick-min-150x150.jpg 150w, https:\/\/www.packvn.com\/wp-content\/uploads\/2020\/10\/bon-moi-truc-vit-tui-stick-min-768x768.jpg 768w, https:\/\/www.packvn.com\/wp-content\/uploads\/2020\/10\/bon-moi-truc-vit-tui-stick-min-600x600.jpg 600w, https:\/\/www.packvn.com\/wp-content\/uploads\/2020\/10\/bon-moi-truc-vit-tui-stick-min-100x100.jpg 100w\" sizes=\"(max-width: 900px) 100vw, 900px\" \/><\/p>\n<h2><strong>Instant Coffee Packaging Machine &#8211; An economical choice for the producer<\/strong><\/h2>\n<p>If the commercial businessmen set the revenue profit as the goal, the manufacturers always want their products not only quality but also to save the most in terms of input costs and time. complete. And the application of modern machinery and equipment in the production process is the right thing to do.<\/p>\n<p>For instant coffee packaging manufacturers, a packaging machine with modern design from quality components and a high operating capacity will be the best choice for optimal cost savings. manufacturing.<\/p>\n<p><img decoding=\"async\" class=\"aligncenter wp-image-14311 size-full\" src=\"https:\/\/www.packvn.com\/wp-content\/uploads\/2020\/10\/ca-phe-hoa-tan.jpg\" alt=\"\" width=\"900\" height=\"900\" srcset=\"https:\/\/www.packvn.com\/wp-content\/uploads\/2020\/10\/ca-phe-hoa-tan.jpg 900w, https:\/\/www.packvn.com\/wp-content\/uploads\/2020\/10\/ca-phe-hoa-tan-300x300.jpg 300w, https:\/\/www.packvn.com\/wp-content\/uploads\/2020\/10\/ca-phe-hoa-tan-150x150.jpg 150w, https:\/\/www.packvn.com\/wp-content\/uploads\/2020\/10\/ca-phe-hoa-tan-768x768.jpg 768w, https:\/\/www.packvn.com\/wp-content\/uploads\/2020\/10\/ca-phe-hoa-tan-600x600.jpg 600w, https:\/\/www.packvn.com\/wp-content\/uploads\/2020\/10\/ca-phe-hoa-tan-100x100.jpg 100w\" sizes=\"(max-width: 900px) 100vw, 900px\" \/><\/p>\n<h2><strong>Coffee packaging machine An Thanh &#8211; 100% new components imported from Germany and Taiwan<\/strong><\/h2>\n<p>Instant coffee packaging machine manufactured by An Thanh Mechanical Company is designed and assembled with high perfection from 100% new quality accessories. Most of them are from famous brands from Germany and Taiwan such as Motor, Delta PLC Control (Taiwan), Schneider machine protection CP, ABM inverter (Germany) &#8230;. All not only guarantee the value in terms of aesthetics and longevity of the device, but also ensure a smooth, stable and smooth operation.<\/p>\n<p>In particular, with a stainless steel structure in the entire contact with raw materials, this instant coffee packaging machine will retain the characteristics, properties and taste of the product, ensuring the standard of protection. food safety.<\/p>\n<h2><strong>Specifications of instant coffee packaging machine<\/strong><\/h2>\n<table border=\"1\" cellspacing=\"0\" cellpadding=\"0\">\n<tbody>\n<tr>\n<td><strong>Technical specifications<\/strong><\/td>\n<td>Material<\/td>\n<td>Origin<\/td>\n<td>Note<\/td>\n<\/tr>\n<tr>\n<td>The whole machine frame and the details in contact with raw materials are made of 304 stainless steel, used in food.<\/td>\n<td>Inox 304<\/td>\n<td>An Thanh<\/td>\n<td style=\"text-align: center;\" rowspan=\"24\">All components 100% brand new<\/td>\n<\/tr>\n<tr>\n<td>Machine parts are machined on CNC machines with high precision.<\/td>\n<td>Steel and inox<\/td>\n<td>An Thanh<\/td>\n<\/tr>\n<tr>\n<td>ABM drives the motor.<\/td>\n<td><\/td>\n<td>Germany<\/td>\n<\/tr>\n<tr>\n<td>CP protects Schneider machines<\/td>\n<td><\/td>\n<td>Germany<\/td>\n<\/tr>\n<tr>\n<td>PLC\u00a0 Delta<\/td>\n<td><\/td>\n<td>Taiwan<\/td>\n<\/tr>\n<tr>\n<td>Touch screen<\/td>\n<td><\/td>\n<td>Taiwan<\/td>\n<\/tr>\n<tr>\n<td>Machine parameters are displayed on the touch screen,<\/td>\n<td><\/td>\n<td><\/td>\n<\/tr>\n<tr>\n<td>Relay Carlogavazzi<\/td>\n<td><\/td>\n<td>Italy<\/td>\n<\/tr>\n<tr>\n<td>NATEC packing slip laminating system<\/td>\n<td><\/td>\n<td>Japan<\/td>\n<\/tr>\n<tr>\n<td>Barometer reader sensor aotoro<\/td>\n<td><\/td>\n<td>Taiwan<\/td>\n<\/tr>\n<tr>\n<td>Package type: squeeze the middle abdomen<\/td>\n<td rowspan=\"5\">Brass or inox<\/td>\n<td><\/td>\n<\/tr>\n<tr>\n<td>Pattern pressed: straight stripes create waves<\/td>\n<td><\/td>\n<\/tr>\n<tr>\n<td><\/td>\n<td><\/td>\n<\/tr>\n<tr>\n<td>Horizontal press: 8mm<\/td>\n<td><\/td>\n<\/tr>\n<tr>\n<td>Vertical press: 6mm<\/td>\n<td>An Thanh<\/td>\n<\/tr>\n<tr>\n<td>Bag weight: 20g-30g<\/td>\n<td><\/td>\n<td colspan=\"1\" rowspan=\"9\"><\/td>\n<\/tr>\n<tr>\n<td>Packaging material: instant coffee<\/td>\n<td><\/td>\n<\/tr>\n<tr>\n<td>The serrated cutter makes it easy to tear bags<\/td>\n<td><\/td>\n<\/tr>\n<tr>\n<td>Speed: 20 &#8211; 30 sp \/ p.<\/td>\n<td><\/td>\n<\/tr>\n<tr>\n<td>Electric power: 2 kw \/ h.<\/td>\n<td><\/td>\n<\/tr>\n<tr>\n<td>Power supply: 220v \/ 50hz<\/td>\n<td><\/td>\n<\/tr>\n<tr>\n<td>Machine size: (D500 x R500 x C1800) mm<\/td>\n<td><\/td>\n<\/tr>\n<tr>\n<td>Machine weight: 400kg<\/td>\n<td><\/td>\n<\/tr>\n<tr>\n<td>Machine Origin<\/td>\n<td><\/td>\n<\/tr>\n<\/tbody>\n<\/table>\n<h2><strong>How to choose a desired instant coffee packaging machine<\/strong><\/h2>\n<p>At An Thanh Packing Machine Company, the instant flower coffee packaging machines were born, which is a tireless work process of a team of engineers. We take care of the design, assembly, and testing of products before delivering them to the customer.<\/p>\n<p>Our team of consultants will listen to each customer&#8217;s request to use as input materials for making machines with full functionality and suitable with the actual conditions of customers.<\/p>\n<p>See more products <a href=\"\/san-pham\/?lang=en\">here<\/a><\/p>\n<\/div>\n","protected":false},"excerpt":{"rendered":"<div class=\"pdinfo__quote\">Instant coffee packaging machine is a screw-type or dosing weighing machine to quantify coffee ingredients before putting them in a bag.<\/div>\n<div><video controls=\"controls\" width=\"300\" height=\"150\"><source src=\"https:\/\/www.youtube.com\/shorts\/6DAN2TwhDgc\" \/><\/video><\/div>\n","protected":false},"featured_media":13331,"comment_status":"open","ping_status":"closed","template":"","meta":{"inline_featured_image":false},"product_cat":[213,130],"product_tag":[120],"class_list":{"0":"post-750","1":"product","2":"type-product","3":"status-publish","4":"has-post-thumbnail","6":"product_cat-instant-coffee-packaging-machine","7":"product_cat-may-dong-goi-dang-bot-en","8":"product_tag-maydonggoicaphehoatan-en","10":"first","11":"instock","12":"shipping-taxable","13":"purchasable","14":"product-type-simple"},"yoast_head":"<!-- This site is optimized with the Yoast SEO plugin v23.5 - https:\/\/yoast.com\/wordpress\/plugins\/seo\/ -->\n<title>Instant Coffee Packaging Machine - M\u00e1y \u0111\u00f3ng g\u00f3i c\u00f4ng nghi\u1ec7p An Th\u00e0nh<\/title>\n<meta name=\"robots\" content=\"index, follow, max-snippet:-1, max-image-preview:large, max-video-preview:-1\" \/>\n<link rel=\"canonical\" href=\"https:\/\/www.packvn.com\/en\/san-pham\/may-dong-goi-ca-phe-hoa-tan\/\" \/>\n<meta property=\"og:locale\" content=\"en_US\" \/>\n<meta property=\"og:type\" content=\"article\" \/>\n<meta property=\"og:title\" content=\"Instant Coffee Packaging Machine - M\u00e1y \u0111\u00f3ng g\u00f3i c\u00f4ng nghi\u1ec7p An Th\u00e0nh\" \/>\n<meta property=\"og:description\" content=\"Instant coffee packaging machine is a screw-type or dosing weighing machine to quantify coffee ingredients before putting them in a bag.\" \/>\n<meta property=\"og:url\" content=\"https:\/\/www.packvn.com\/en\/san-pham\/may-dong-goi-ca-phe-hoa-tan\/\" \/>\n<meta property=\"og:site_name\" content=\"M\u00e1y \u0111\u00f3ng g\u00f3i c\u00f4ng nghi\u1ec7p An Th\u00e0nh\" \/>\n<meta property=\"article:publisher\" content=\"https:\/\/www.facebook.com\/maytudongnangsuatcaoanthanh\" \/>\n<meta property=\"article:modified_time\" content=\"2024-09-13T03:05:46+00:00\" \/>\n<meta property=\"og:image\" content=\"https:\/\/www.packvn.com\/wp-content\/uploads\/2020\/10\/bon-moi-truc-vit-tui-stick-min.jpg\" \/>\n\t<meta property=\"og:image:width\" content=\"900\" \/>\n\t<meta property=\"og:image:height\" content=\"900\" \/>\n\t<meta property=\"og:image:type\" content=\"image\/jpeg\" \/>\n<meta name=\"twitter:card\" content=\"summary_large_image\" \/>\n<meta name=\"twitter:label1\" content=\"Est. reading time\" \/>\n\t<meta name=\"twitter:data1\" content=\"4 minutes\" \/>\n<script type=\"application\/ld+json\" class=\"yoast-schema-graph\">{\"@context\":\"https:\/\/schema.org\",\"@graph\":[{\"@type\":\"WebPage\",\"@id\":\"https:\/\/www.packvn.com\/en\/san-pham\/may-dong-goi-ca-phe-hoa-tan\/\",\"url\":\"https:\/\/www.packvn.com\/en\/san-pham\/may-dong-goi-ca-phe-hoa-tan\/\",\"name\":\"Instant Coffee Packaging Machine - M\u00e1y \u0111\u00f3ng g\u00f3i c\u00f4ng nghi\u1ec7p An Th\u00e0nh\",\"isPartOf\":{\"@id\":\"https:\/\/www.packvn.com\/#website\"},\"primaryImageOfPage\":{\"@id\":\"https:\/\/www.packvn.com\/en\/san-pham\/may-dong-goi-ca-phe-hoa-tan\/#primaryimage\"},\"image\":{\"@id\":\"https:\/\/www.packvn.com\/en\/san-pham\/may-dong-goi-ca-phe-hoa-tan\/#primaryimage\"},\"thumbnailUrl\":\"https:\/\/www.packvn.com\/wp-content\/uploads\/2020\/10\/bon-moi-truc-vit-tui-stick-min.jpg\",\"datePublished\":\"2020-10-14T10:21:53+00:00\",\"dateModified\":\"2024-09-13T03:05:46+00:00\",\"breadcrumb\":{\"@id\":\"https:\/\/www.packvn.com\/en\/san-pham\/may-dong-goi-ca-phe-hoa-tan\/#breadcrumb\"},\"inLanguage\":\"en-US\",\"potentialAction\":[{\"@type\":\"ReadAction\",\"target\":[\"https:\/\/www.packvn.com\/en\/san-pham\/may-dong-goi-ca-phe-hoa-tan\/\"]}]},{\"@type\":\"ImageObject\",\"inLanguage\":\"en-US\",\"@id\":\"https:\/\/www.packvn.com\/en\/san-pham\/may-dong-goi-ca-phe-hoa-tan\/#primaryimage\",\"url\":\"https:\/\/www.packvn.com\/wp-content\/uploads\/2020\/10\/bon-moi-truc-vit-tui-stick-min.jpg\",\"contentUrl\":\"https:\/\/www.packvn.com\/wp-content\/uploads\/2020\/10\/bon-moi-truc-vit-tui-stick-min.jpg\",\"width\":900,\"height\":900},{\"@type\":\"BreadcrumbList\",\"@id\":\"https:\/\/www.packvn.com\/en\/san-pham\/may-dong-goi-ca-phe-hoa-tan\/#breadcrumb\",\"itemListElement\":[{\"@type\":\"ListItem\",\"position\":1,\"name\":\"Trang ch\u1ee7\",\"item\":\"https:\/\/www.packvn.com\/en\/\"},{\"@type\":\"ListItem\",\"position\":2,\"name\":\"S\u1ea3n ph\u1ea9m\",\"item\":\"https:\/\/www.packvn.com\/san-pham\/\"},{\"@type\":\"ListItem\",\"position\":3,\"name\":\"M\u00e1y \u0111\u00f3ng g\u00f3i t\u1ef1 \u0111\u1ed9ng\",\"item\":\"https:\/\/www.packvn.com\/danh-muc-san-pham\/may-dong-goi-tu-dong\/\"},{\"@type\":\"ListItem\",\"position\":4,\"name\":\"M\u00e1y \u0110\u00f3ng G\u00f3i D\u1ea1ng B\u1ed9t\",\"item\":\"https:\/\/www.packvn.com\/danh-muc-san-pham\/may-dong-goi-tu-dong\/may-dong-goi-dang-bot\/\"},{\"@type\":\"ListItem\",\"position\":5,\"name\":\"Instant Coffee Packaging Machine\"}]},{\"@type\":\"WebSite\",\"@id\":\"https:\/\/www.packvn.com\/#website\",\"url\":\"https:\/\/www.packvn.com\/\",\"name\":\"M\u00e1y \u0111\u00f3ng g\u00f3i c\u00f4ng nghi\u1ec7p An Th\u00e0nh\",\"description\":\"Nh\u00e0 s\u1ea3n xu\u1ea5t m\u00e1y \u0111\u00f3ng g\u00f3i ch\u1ea5t l\u01b0\u1ee3ng cao\",\"publisher\":{\"@id\":\"https:\/\/www.packvn.com\/#organization\"},\"potentialAction\":[{\"@type\":\"SearchAction\",\"target\":{\"@type\":\"EntryPoint\",\"urlTemplate\":\"https:\/\/www.packvn.com\/?s={search_term_string}\"},\"query-input\":{\"@type\":\"PropertyValueSpecification\",\"valueRequired\":true,\"valueName\":\"search_term_string\"}}],\"inLanguage\":\"en-US\"},{\"@type\":\"Organization\",\"@id\":\"https:\/\/www.packvn.com\/#organization\",\"name\":\"M\u00e1y \u0110\u00f3ng G\u00f3i An Th\u00e0nh\",\"url\":\"https:\/\/www.packvn.com\/\",\"logo\":{\"@type\":\"ImageObject\",\"inLanguage\":\"en-US\",\"@id\":\"https:\/\/www.packvn.com\/#\/schema\/logo\/image\/\",\"url\":\"https:\/\/www.packvn.com\/wp-content\/uploads\/2020\/10\/cropped-logo-logo-chat-luong-thap-200609090814.png\",\"contentUrl\":\"https:\/\/www.packvn.com\/wp-content\/uploads\/2020\/10\/cropped-logo-logo-chat-luong-thap-200609090814.png\",\"width\":512,\"height\":512,\"caption\":\"M\u00e1y \u0110\u00f3ng G\u00f3i An Th\u00e0nh\"},\"image\":{\"@id\":\"https:\/\/www.packvn.com\/#\/schema\/logo\/image\/\"},\"sameAs\":[\"https:\/\/www.facebook.com\/maytudongnangsuatcaoanthanh\"]}]}<\/script>\n<!-- \/ Yoast SEO plugin. -->","yoast_head_json":{"title":"Instant Coffee Packaging Machine - M\u00e1y \u0111\u00f3ng g\u00f3i c\u00f4ng nghi\u1ec7p An Th\u00e0nh","robots":{"index":"index","follow":"follow","max-snippet":"max-snippet:-1","max-image-preview":"max-image-preview:large","max-video-preview":"max-video-preview:-1"},"canonical":"https:\/\/www.packvn.com\/en\/san-pham\/may-dong-goi-ca-phe-hoa-tan\/","og_locale":"en_US","og_type":"article","og_title":"Instant Coffee Packaging Machine - M\u00e1y \u0111\u00f3ng g\u00f3i c\u00f4ng nghi\u1ec7p An Th\u00e0nh","og_description":"Instant coffee packaging machine is a screw-type or dosing weighing machine to quantify coffee ingredients before putting them in a bag.","og_url":"https:\/\/www.packvn.com\/en\/san-pham\/may-dong-goi-ca-phe-hoa-tan\/","og_site_name":"M\u00e1y \u0111\u00f3ng g\u00f3i c\u00f4ng nghi\u1ec7p An Th\u00e0nh","article_publisher":"https:\/\/www.facebook.com\/maytudongnangsuatcaoanthanh","article_modified_time":"2024-09-13T03:05:46+00:00","og_image":[{"width":900,"height":900,"url":"https:\/\/www.packvn.com\/wp-content\/uploads\/2020\/10\/bon-moi-truc-vit-tui-stick-min.jpg","type":"image\/jpeg"}],"twitter_card":"summary_large_image","twitter_misc":{"Est. reading time":"4 minutes"},"schema":{"@context":"https:\/\/schema.org","@graph":[{"@type":"WebPage","@id":"https:\/\/www.packvn.com\/en\/san-pham\/may-dong-goi-ca-phe-hoa-tan\/","url":"https:\/\/www.packvn.com\/en\/san-pham\/may-dong-goi-ca-phe-hoa-tan\/","name":"Instant Coffee Packaging Machine - M\u00e1y \u0111\u00f3ng g\u00f3i c\u00f4ng nghi\u1ec7p An Th\u00e0nh","isPartOf":{"@id":"https:\/\/www.packvn.com\/#website"},"primaryImageOfPage":{"@id":"https:\/\/www.packvn.com\/en\/san-pham\/may-dong-goi-ca-phe-hoa-tan\/#primaryimage"},"image":{"@id":"https:\/\/www.packvn.com\/en\/san-pham\/may-dong-goi-ca-phe-hoa-tan\/#primaryimage"},"thumbnailUrl":"https:\/\/www.packvn.com\/wp-content\/uploads\/2020\/10\/bon-moi-truc-vit-tui-stick-min.jpg","datePublished":"2020-10-14T10:21:53+00:00","dateModified":"2024-09-13T03:05:46+00:00","breadcrumb":{"@id":"https:\/\/www.packvn.com\/en\/san-pham\/may-dong-goi-ca-phe-hoa-tan\/#breadcrumb"},"inLanguage":"en-US","potentialAction":[{"@type":"ReadAction","target":["https:\/\/www.packvn.com\/en\/san-pham\/may-dong-goi-ca-phe-hoa-tan\/"]}]},{"@type":"ImageObject","inLanguage":"en-US","@id":"https:\/\/www.packvn.com\/en\/san-pham\/may-dong-goi-ca-phe-hoa-tan\/#primaryimage","url":"https:\/\/www.packvn.com\/wp-content\/uploads\/2020\/10\/bon-moi-truc-vit-tui-stick-min.jpg","contentUrl":"https:\/\/www.packvn.com\/wp-content\/uploads\/2020\/10\/bon-moi-truc-vit-tui-stick-min.jpg","width":900,"height":900},{"@type":"BreadcrumbList","@id":"https:\/\/www.packvn.com\/en\/san-pham\/may-dong-goi-ca-phe-hoa-tan\/#breadcrumb","itemListElement":[{"@type":"ListItem","position":1,"name":"Trang ch\u1ee7","item":"https:\/\/www.packvn.com\/en\/"},{"@type":"ListItem","position":2,"name":"S\u1ea3n ph\u1ea9m","item":"https:\/\/www.packvn.com\/san-pham\/"},{"@type":"ListItem","position":3,"name":"M\u00e1y \u0111\u00f3ng g\u00f3i t\u1ef1 \u0111\u1ed9ng","item":"https:\/\/www.packvn.com\/danh-muc-san-pham\/may-dong-goi-tu-dong\/"},{"@type":"ListItem","position":4,"name":"M\u00e1y \u0110\u00f3ng G\u00f3i D\u1ea1ng B\u1ed9t","item":"https:\/\/www.packvn.com\/danh-muc-san-pham\/may-dong-goi-tu-dong\/may-dong-goi-dang-bot\/"},{"@type":"ListItem","position":5,"name":"Instant Coffee Packaging Machine"}]},{"@type":"WebSite","@id":"https:\/\/www.packvn.com\/#website","url":"https:\/\/www.packvn.com\/","name":"M\u00e1y \u0111\u00f3ng g\u00f3i c\u00f4ng nghi\u1ec7p An Th\u00e0nh","description":"Nh\u00e0 s\u1ea3n xu\u1ea5t m\u00e1y \u0111\u00f3ng g\u00f3i ch\u1ea5t l\u01b0\u1ee3ng cao","publisher":{"@id":"https:\/\/www.packvn.com\/#organization"},"potentialAction":[{"@type":"SearchAction","target":{"@type":"EntryPoint","urlTemplate":"https:\/\/www.packvn.com\/?s={search_term_string}"},"query-input":{"@type":"PropertyValueSpecification","valueRequired":true,"valueName":"search_term_string"}}],"inLanguage":"en-US"},{"@type":"Organization","@id":"https:\/\/www.packvn.com\/#organization","name":"M\u00e1y \u0110\u00f3ng G\u00f3i An Th\u00e0nh","url":"https:\/\/www.packvn.com\/","logo":{"@type":"ImageObject","inLanguage":"en-US","@id":"https:\/\/www.packvn.com\/#\/schema\/logo\/image\/","url":"https:\/\/www.packvn.com\/wp-content\/uploads\/2020\/10\/cropped-logo-logo-chat-luong-thap-200609090814.png","contentUrl":"https:\/\/www.packvn.com\/wp-content\/uploads\/2020\/10\/cropped-logo-logo-chat-luong-thap-200609090814.png","width":512,"height":512,"caption":"M\u00e1y \u0110\u00f3ng G\u00f3i An Th\u00e0nh"},"image":{"@id":"https:\/\/www.packvn.com\/#\/schema\/logo\/image\/"},"sameAs":["https:\/\/www.facebook.com\/maytudongnangsuatcaoanthanh"]}]}},"_links":{"self":[{"href":"https:\/\/www.packvn.com\/en\/wp-json\/wp\/v2\/product\/750"}],"collection":[{"href":"https:\/\/www.packvn.com\/en\/wp-json\/wp\/v2\/product"}],"about":[{"href":"https:\/\/www.packvn.com\/en\/wp-json\/wp\/v2\/types\/product"}],"replies":[{"embeddable":true,"href":"https:\/\/www.packvn.com\/en\/wp-json\/wp\/v2\/comments?post=750"}],"wp:featuredmedia":[{"embeddable":true,"href":"https:\/\/www.packvn.com\/en\/wp-json\/wp\/v2\/media\/13331"}],"wp:attachment":[{"href":"https:\/\/www.packvn.com\/en\/wp-json\/wp\/v2\/media?parent=750"}],"wp:term":[{"taxonomy":"product_cat","embeddable":true,"href":"https:\/\/www.packvn.com\/en\/wp-json\/wp\/v2\/product_cat?post=750"},{"taxonomy":"product_tag","embeddable":true,"href":"https:\/\/www.packvn.com\/en\/wp-json\/wp\/v2\/product_tag?post=750"}],"curies":[{"name":"wp","href":"https:\/\/api.w.org\/{rel}","templated":true}]}}