{"id":748,"date":"2020-10-14T10:23:11","date_gmt":"2020-10-14T10:23:11","guid":{"rendered":"http:\/\/maydonggoi.southteam.co\/product\/may-dong-goi-duong-que\/"},"modified":"2024-09-13T15:35:25","modified_gmt":"2024-09-13T08:35:25","slug":"may-dong-goi-duong-que","status":"publish","type":"product","link":"https:\/\/www.packvn.com\/en\/san-pham\/may-dong-goi-duong-que\/","title":{"rendered":"Stick &#8211; Shape Bag Sugar Packaging Machine"},"content":{"rendered":"<h2><strong>Product Information Stick &#8211; Shape Bag Sugar Packaging Machine<\/strong><\/h2>\n<div class=\"clearfix dcontent\">\n<div class=\"col-12 col-lg-10 col-xl-8\">\n<p><strong>Stick &#8211; Shape Bag Sugar Packaging Machine<\/strong> has a funnel-shaped feeding design, an electronic weighing scale and a welding mechanism suitable for the stick bag type. Applied by manufacturers in creating small sugar packages, suitable for the needs of cafes, restaurants, and eateries quickly, promptly and efficiently.<\/p>\n<h2><strong>Stick &#8211; Shape Bag Sugar Packaging Machine has the structure of stable operation, high capacity<\/strong><\/h2>\n<p><img decoding=\"async\" class=\"aligncenter size-full wp-image-14323\" src=\"https:\/\/www.packvn.com\/wp-content\/uploads\/2020\/10\/Untitled-111221.jpg\" alt=\"\" width=\"900\" height=\"900\" srcset=\"https:\/\/www.packvn.com\/wp-content\/uploads\/2020\/10\/Untitled-111221.jpg 900w, https:\/\/www.packvn.com\/wp-content\/uploads\/2020\/10\/Untitled-111221-300x300.jpg 300w, https:\/\/www.packvn.com\/wp-content\/uploads\/2020\/10\/Untitled-111221-150x150.jpg 150w, https:\/\/www.packvn.com\/wp-content\/uploads\/2020\/10\/Untitled-111221-768x768.jpg 768w, https:\/\/www.packvn.com\/wp-content\/uploads\/2020\/10\/Untitled-111221-600x600.jpg 600w, https:\/\/www.packvn.com\/wp-content\/uploads\/2020\/10\/Untitled-111221-100x100.jpg 100w\" sizes=\"(max-width: 900px) 100vw, 900px\" \/><\/p>\n<p>Mechanical industry when the correct packaging machine has supported a lot for businesses in the field of food production, creating convenient products in circulation. Stick &#8211; Shape Bag Sugar Packaging Machine is a product used by manufacturers in the packaging of small sugar.<br \/>\nStick &#8211; Shape Bag Sugar Packaging Machine is designed with a fairly simple, compact structure, but the inside has a high capacity that allows the machine to operate stably and smoothly with a packing speed of up to 40-60 packages \/ minutes (depending on size).<\/p>\n<h2><strong>Electronic quantitative balance ensures the accuracy of product volume<\/strong><\/h2>\n<p>An Thanh Packing Machine Company imports automatic control components from advanced countries such as Germany, Japan, and Taiwan, combined with design and sophistication in manufacturing to produce a Stick &#8211; Shape Bag Sugar Packaging Machine. Weighing application machines to ensure the correct amount of sugar in the bag before packing.<br \/>\nEspecially, all parts in contact with the machine&#8217;s raw materials are made from 304 stainless steel, ensuring product properties are kept intact, meeting food hygiene and safety standards for the packaging of finished products.<\/p>\n<figure id=\"attachment_954\" aria-describedby=\"caption-attachment-954\" style=\"width: 768px\" class=\"wp-caption aligncenter\"><img decoding=\"async\" class=\"wp-image-954 size-large\" src=\"https:\/\/www.packvn.com\/wp-content\/uploads\/2020\/10\/a82d0c447e879ed9c796-8210-768x1024.jpg\" alt=\"M\u00e1y \u0111\u00f3ng g\u00f3i \u0111\u01b0\u1eddng que\" width=\"768\" height=\"1024\" srcset=\"https:\/\/www.packvn.com\/wp-content\/uploads\/2020\/10\/a82d0c447e879ed9c796-8210-768x1024.jpg 768w, https:\/\/www.packvn.com\/wp-content\/uploads\/2020\/10\/a82d0c447e879ed9c796-8210-225x300.jpg 225w, https:\/\/www.packvn.com\/wp-content\/uploads\/2020\/10\/a82d0c447e879ed9c796-8210-1152x1536.jpg 1152w, https:\/\/www.packvn.com\/wp-content\/uploads\/2020\/10\/a82d0c447e879ed9c796-8210-600x800.jpg 600w, https:\/\/www.packvn.com\/wp-content\/uploads\/2020\/10\/a82d0c447e879ed9c796-8210.jpg 1536w\" sizes=\"(max-width: 768px) 100vw, 768px\" \/><figcaption id=\"caption-attachment-954\" class=\"wp-caption-text\">M\u00e1y \u0111\u00f3ng g\u00f3i \u0111\u01b0\u1eddng que<\/figcaption><\/figure>\n<p><strong>Principle of automatic operation, easy to use<\/strong><\/p>\n<p>Line packing machine automatically activates feeding, automatically opens bags to feed, collages bags, self-date printing, automatically stops when bags or line count and automatically stops when problems are encountered thanks to the control system. Delta PLC controller.<br \/>\nThe control panel of the machine is constructed in the form of a touch screen to help users easily manipulate settings and adjust.<\/p>\n<h2><strong>Outstanding characteristics of An Thanh Stick &#8211; Shape Bag Sugar Packaging Machine<\/strong><\/h2>\n<p>\u2022 Simple design, compact, easy to use and take up less space.<br \/>\n\u2022 Superior engine, smooth, stable and fast operation, for high efficiency.<br \/>\n\u2022 Latest packaging technology according to foreign standards for beautiful and sturdy packaging finished products.<br \/>\n\u2022 High accuracy, minimizing the rate of defective goods, lost goods, loss.<br \/>\n\u2022 The material contact part is made of stainless steel to prevent rust, ensure quality, safety and product hygiene.<\/p>\n<h2><strong>Specifications of the Stick &#8211; Shape Bag Sugar Packaging Machine<\/strong><\/h2>\n<div class=\"table-responsive\">\n<table class=\"table\" border=\"1\">\n<tbody>\n<tr>\n<td><strong>Technical specifications<\/strong><\/td>\n<td><strong>Material<\/strong><\/td>\n<td><strong>Origin<\/strong><\/td>\n<\/tr>\n<tr>\n<td>The machine frame is coated in 304 stainless steel and the contact details are made of 304 stainless steel, used in food.<\/td>\n<td>Inox 304<\/td>\n<td>An Thanh<\/td>\n<\/tr>\n<tr>\n<td>Machine parts are machined on CNC machines with high precision.<\/td>\n<td><\/td>\n<td>An Thanh<\/td>\n<\/tr>\n<tr>\n<td>ABM drives the motor.<\/td>\n<td><\/td>\n<td>\u0110\u1ee9c<\/td>\n<\/tr>\n<tr>\n<td>Main motor ABM<\/td>\n<td><\/td>\n<td>\u0110\u1ee9c<\/td>\n<\/tr>\n<tr>\n<td>MCP protects the HITACHI machine<\/td>\n<td><\/td>\n<td>Nh\u1eadt<\/td>\n<\/tr>\n<tr>\n<td>Kasuto Commune Packaging Engine.<\/td>\n<td><\/td>\n<td>Nh\u1eadt<\/td>\n<\/tr>\n<tr>\n<td>Relay\u00a0 IDEC<\/td>\n<td><\/td>\n<td>Nh\u1eadt<\/td>\n<\/tr>\n<tr>\n<td>Slip paste system for NTN packaging<\/td>\n<td><\/td>\n<td>Nh\u1eadt<\/td>\n<\/tr>\n<tr>\n<td>PLC-DELTA data memory<\/td>\n<td><\/td>\n<td>\u0110\u00e0i Loan<\/td>\n<\/tr>\n<tr>\n<td>DELTA touch screen The machine parameters are displayed on the touch screen.<\/td>\n<td><\/td>\n<td>\u0110\u00e0i Loan<\/td>\n<\/tr>\n<tr>\n<td>Barometer reader sensor Aotoro<\/td>\n<td><\/td>\n<td>\u0110\u00e0i Loan<\/td>\n<\/tr>\n<tr>\n<td>\n<ul>\n<li>Package type: MEDIUM PRESSURE<\/li>\n<li>Pattern pressed: straight stripes create waves<\/li>\n<li>Horizontal press: 8mm<\/li>\n<li>Vertical press: 6mm<\/li>\n<\/ul>\n<\/td>\n<td>Brass or inox<\/td>\n<td>An Thanh<\/td>\n<\/tr>\n<tr>\n<td>Door to protect packing machine<\/td>\n<td><\/td>\n<td>An Thanh<\/td>\n<\/tr>\n<tr>\n<td>Membrane size: 200mm max (can be changed to be smaller)<\/td>\n<td><\/td>\n<td>An Thanh<\/td>\n<\/tr>\n<tr>\n<td>Bag weight: 100 grams &#8211; 50 grams<\/td>\n<td><\/td>\n<td>An Thanh<\/td>\n<\/tr>\n<tr>\n<td>Quantitative method: QUANTITATIVE CUP<\/td>\n<td>INOX 304<\/td>\n<td>An Thanh<\/td>\n<\/tr>\n<tr>\n<td>Packing materials: fine powder<\/td>\n<td><\/td>\n<td>An Thanh<\/td>\n<\/tr>\n<tr>\n<td>Speed: 20 &#8211; 35 products \/ unit depending on product weight.<\/td>\n<td><\/td>\n<td>An Thanh<\/td>\n<\/tr>\n<tr>\n<td>Electric power: 2 kw \/ h.<\/td>\n<td><\/td>\n<td>An Thanh<\/td>\n<\/tr>\n<tr>\n<td>Power supply: 220v \/ 50hz<\/td>\n<td><\/td>\n<td>An Thanh<\/td>\n<\/tr>\n<tr>\n<td>Machine size: (D1050 x R850 x C1850) mm<\/td>\n<td><\/td>\n<td>An Thanh<\/td>\n<\/tr>\n<tr>\n<td>Machine weight: 450kg<\/td>\n<td><\/td>\n<td>An Thanh<\/td>\n<\/tr>\n<tr>\n<td>Machine Origin<\/td>\n<td><\/td>\n<td>An Thanh<\/td>\n<\/tr>\n<\/tbody>\n<\/table>\n<p><strong><br \/>\n<em><span style=\"text-decoration: underline;\">Note<\/span>: All components are 100% brand new<\/em><br \/>\n<\/strong><\/p>\n<p><strong style=\"font-size: 23.04px; color: #333333;\">Warranty regime makes An Thanh Stick &#8211; Shape Bag Sugar Packaging Machine<\/strong><\/p>\n<\/div>\n<p>An Thanh stick packing machine is warranted for 12 months from delivery to customers. Our technical team monitors sold machines so that we can help customers quickly correct machine failures that affect their production.<br \/>\nOnce the warranty is over, we will run a periodic maintenance to test the machines to minimize its downtime.<br \/>\nExperience An Thanh Stick &#8211; Shape Bag Sugar Packaging Machine.<\/p>\n<p>See more products <a href=\"\/san-pham\/?lang=en\">here<\/a><\/p>\n<\/div>\n<\/div>\n","protected":false},"excerpt":{"rendered":"<div class=\"pdinfo__quote\">The Stick &#8211; Shape Bag Sugar Packaging Machine has design of feeding hopper form, electronic weighing scale and welding mechanism suitable for stick bag type. Applied by manufacturers in creating small sugar packages, suitable for the needs of cafes, restaurants, and eateries quickly, promptly and efficiently.<\/div>\n<div><iframe src=\"\/\/www.youtube.com\/embed\/qmEnnlNxHZQ?embeds_referring_euri=https\" width=\"560\" height=\"314\" allowfullscreen=\"allowfullscreen\"><\/iframe><\/div>\n","protected":false},"featured_media":9443,"comment_status":"open","ping_status":"closed","template":"","meta":{"inline_featured_image":false},"product_cat":[99,115],"product_tag":[119],"class_list":{"0":"post-748","1":"product","2":"type-product","3":"status-publish","4":"has-post-thumbnail","6":"product_cat-may-dong-goi-thuc-pham-en","7":"product_cat-may-dong-goi-dang-bot-hat-en","8":"product_tag-maydonggoiaduongque-en","10":"first","11":"instock","12":"shipping-taxable","13":"purchasable","14":"product-type-simple"},"yoast_head":"<!-- This site is optimized with the Yoast SEO plugin v23.5 - https:\/\/yoast.com\/wordpress\/plugins\/seo\/ -->\n<title>Stick - Shape Bag Sugar Packaging Machine - M\u00e1y \u0111\u00f3ng g\u00f3i c\u00f4ng nghi\u1ec7p An Th\u00e0nh<\/title>\n<meta name=\"robots\" content=\"index, follow, max-snippet:-1, max-image-preview:large, max-video-preview:-1\" \/>\n<link rel=\"canonical\" href=\"https:\/\/www.packvn.com\/en\/san-pham\/may-dong-goi-duong-que\/\" \/>\n<meta property=\"og:locale\" content=\"en_US\" \/>\n<meta property=\"og:type\" content=\"article\" \/>\n<meta property=\"og:title\" content=\"Stick - Shape Bag Sugar Packaging Machine - M\u00e1y \u0111\u00f3ng g\u00f3i c\u00f4ng nghi\u1ec7p An Th\u00e0nh\" \/>\n<meta property=\"og:description\" content=\"The Stick - Shape Bag Sugar Packaging Machine has design of feeding hopper form, electronic weighing scale and welding mechanism suitable for stick bag type. Applied by manufacturers in creating small sugar packages, suitable for the needs of cafes, restaurants, and eateries quickly, promptly and efficiently.\" \/>\n<meta property=\"og:url\" content=\"https:\/\/www.packvn.com\/en\/san-pham\/may-dong-goi-duong-que\/\" \/>\n<meta property=\"og:site_name\" content=\"M\u00e1y \u0111\u00f3ng g\u00f3i c\u00f4ng nghi\u1ec7p An Th\u00e0nh\" \/>\n<meta property=\"article:publisher\" content=\"https:\/\/www.facebook.com\/maytudongnangsuatcaoanthanh\" \/>\n<meta property=\"article:modified_time\" content=\"2024-09-13T08:35:25+00:00\" \/>\n<meta property=\"og:image\" content=\"https:\/\/www.packvn.com\/wp-content\/uploads\/2020\/10\/hinh-may-ca-phe-que-coc-dong.jpg\" \/>\n\t<meta property=\"og:image:width\" content=\"900\" \/>\n\t<meta property=\"og:image:height\" content=\"900\" \/>\n\t<meta property=\"og:image:type\" content=\"image\/jpeg\" \/>\n<meta name=\"twitter:card\" content=\"summary_large_image\" \/>\n<meta name=\"twitter:label1\" content=\"Est. reading time\" \/>\n\t<meta name=\"twitter:data1\" content=\"5 minutes\" \/>\n<script type=\"application\/ld+json\" class=\"yoast-schema-graph\">{\"@context\":\"https:\/\/schema.org\",\"@graph\":[{\"@type\":\"WebPage\",\"@id\":\"https:\/\/www.packvn.com\/en\/san-pham\/may-dong-goi-duong-que\/\",\"url\":\"https:\/\/www.packvn.com\/en\/san-pham\/may-dong-goi-duong-que\/\",\"name\":\"Stick - Shape Bag Sugar Packaging Machine - M\u00e1y \u0111\u00f3ng g\u00f3i c\u00f4ng nghi\u1ec7p An Th\u00e0nh\",\"isPartOf\":{\"@id\":\"https:\/\/www.packvn.com\/#website\"},\"primaryImageOfPage\":{\"@id\":\"https:\/\/www.packvn.com\/en\/san-pham\/may-dong-goi-duong-que\/#primaryimage\"},\"image\":{\"@id\":\"https:\/\/www.packvn.com\/en\/san-pham\/may-dong-goi-duong-que\/#primaryimage\"},\"thumbnailUrl\":\"https:\/\/www.packvn.com\/wp-content\/uploads\/2020\/10\/hinh-may-ca-phe-que-coc-dong.jpg\",\"datePublished\":\"2020-10-14T10:23:11+00:00\",\"dateModified\":\"2024-09-13T08:35:25+00:00\",\"breadcrumb\":{\"@id\":\"https:\/\/www.packvn.com\/en\/san-pham\/may-dong-goi-duong-que\/#breadcrumb\"},\"inLanguage\":\"en-US\",\"potentialAction\":[{\"@type\":\"ReadAction\",\"target\":[\"https:\/\/www.packvn.com\/en\/san-pham\/may-dong-goi-duong-que\/\"]}]},{\"@type\":\"ImageObject\",\"inLanguage\":\"en-US\",\"@id\":\"https:\/\/www.packvn.com\/en\/san-pham\/may-dong-goi-duong-que\/#primaryimage\",\"url\":\"https:\/\/www.packvn.com\/wp-content\/uploads\/2020\/10\/hinh-may-ca-phe-que-coc-dong.jpg\",\"contentUrl\":\"https:\/\/www.packvn.com\/wp-content\/uploads\/2020\/10\/hinh-may-ca-phe-que-coc-dong.jpg\",\"width\":900,\"height\":900,\"caption\":\"h\u00ecnh m\u00e1y c\u00e0 ph\u00ea que - c\u1ed1c \u0111ong\"},{\"@type\":\"BreadcrumbList\",\"@id\":\"https:\/\/www.packvn.com\/en\/san-pham\/may-dong-goi-duong-que\/#breadcrumb\",\"itemListElement\":[{\"@type\":\"ListItem\",\"position\":1,\"name\":\"Trang ch\u1ee7\",\"item\":\"https:\/\/www.packvn.com\/en\/\"},{\"@type\":\"ListItem\",\"position\":2,\"name\":\"S\u1ea3n ph\u1ea9m\",\"item\":\"https:\/\/www.packvn.com\/san-pham\/\"},{\"@type\":\"ListItem\",\"position\":3,\"name\":\"M\u00e1y \u0111\u00f3ng g\u00f3i t\u1ef1 \u0111\u1ed9ng\",\"item\":\"https:\/\/www.packvn.com\/danh-muc-san-pham\/may-dong-goi-tu-dong\/\"},{\"@type\":\"ListItem\",\"position\":4,\"name\":\"M\u00e1y \u0110\u00f3ng G\u00f3i D\u1ea1ng H\u1ea1t\",\"item\":\"https:\/\/www.packvn.com\/danh-muc-san-pham\/may-dong-goi-tu-dong\/may-dong-goi-dang-hat\/\"},{\"@type\":\"ListItem\",\"position\":5,\"name\":\"Stick &#8211; Shape Bag Sugar Packaging Machine\"}]},{\"@type\":\"WebSite\",\"@id\":\"https:\/\/www.packvn.com\/#website\",\"url\":\"https:\/\/www.packvn.com\/\",\"name\":\"M\u00e1y \u0111\u00f3ng g\u00f3i c\u00f4ng nghi\u1ec7p An Th\u00e0nh\",\"description\":\"Nh\u00e0 s\u1ea3n xu\u1ea5t m\u00e1y \u0111\u00f3ng g\u00f3i ch\u1ea5t l\u01b0\u1ee3ng cao\",\"publisher\":{\"@id\":\"https:\/\/www.packvn.com\/#organization\"},\"potentialAction\":[{\"@type\":\"SearchAction\",\"target\":{\"@type\":\"EntryPoint\",\"urlTemplate\":\"https:\/\/www.packvn.com\/?s={search_term_string}\"},\"query-input\":{\"@type\":\"PropertyValueSpecification\",\"valueRequired\":true,\"valueName\":\"search_term_string\"}}],\"inLanguage\":\"en-US\"},{\"@type\":\"Organization\",\"@id\":\"https:\/\/www.packvn.com\/#organization\",\"name\":\"M\u00e1y \u0110\u00f3ng G\u00f3i An Th\u00e0nh\",\"url\":\"https:\/\/www.packvn.com\/\",\"logo\":{\"@type\":\"ImageObject\",\"inLanguage\":\"en-US\",\"@id\":\"https:\/\/www.packvn.com\/#\/schema\/logo\/image\/\",\"url\":\"https:\/\/www.packvn.com\/wp-content\/uploads\/2020\/10\/cropped-logo-logo-chat-luong-thap-200609090814.png\",\"contentUrl\":\"https:\/\/www.packvn.com\/wp-content\/uploads\/2020\/10\/cropped-logo-logo-chat-luong-thap-200609090814.png\",\"width\":512,\"height\":512,\"caption\":\"M\u00e1y \u0110\u00f3ng G\u00f3i An Th\u00e0nh\"},\"image\":{\"@id\":\"https:\/\/www.packvn.com\/#\/schema\/logo\/image\/\"},\"sameAs\":[\"https:\/\/www.facebook.com\/maytudongnangsuatcaoanthanh\"]}]}<\/script>\n<!-- \/ Yoast SEO plugin. -->","yoast_head_json":{"title":"Stick - Shape Bag Sugar Packaging Machine - M\u00e1y \u0111\u00f3ng g\u00f3i c\u00f4ng nghi\u1ec7p An Th\u00e0nh","robots":{"index":"index","follow":"follow","max-snippet":"max-snippet:-1","max-image-preview":"max-image-preview:large","max-video-preview":"max-video-preview:-1"},"canonical":"https:\/\/www.packvn.com\/en\/san-pham\/may-dong-goi-duong-que\/","og_locale":"en_US","og_type":"article","og_title":"Stick - Shape Bag Sugar Packaging Machine - M\u00e1y \u0111\u00f3ng g\u00f3i c\u00f4ng nghi\u1ec7p An Th\u00e0nh","og_description":"The Stick - Shape Bag Sugar Packaging Machine has design of feeding hopper form, electronic weighing scale and welding mechanism suitable for stick bag type. Applied by manufacturers in creating small sugar packages, suitable for the needs of cafes, restaurants, and eateries quickly, promptly and efficiently.","og_url":"https:\/\/www.packvn.com\/en\/san-pham\/may-dong-goi-duong-que\/","og_site_name":"M\u00e1y \u0111\u00f3ng g\u00f3i c\u00f4ng nghi\u1ec7p An Th\u00e0nh","article_publisher":"https:\/\/www.facebook.com\/maytudongnangsuatcaoanthanh","article_modified_time":"2024-09-13T08:35:25+00:00","og_image":[{"width":900,"height":900,"url":"https:\/\/www.packvn.com\/wp-content\/uploads\/2020\/10\/hinh-may-ca-phe-que-coc-dong.jpg","type":"image\/jpeg"}],"twitter_card":"summary_large_image","twitter_misc":{"Est. reading time":"5 minutes"},"schema":{"@context":"https:\/\/schema.org","@graph":[{"@type":"WebPage","@id":"https:\/\/www.packvn.com\/en\/san-pham\/may-dong-goi-duong-que\/","url":"https:\/\/www.packvn.com\/en\/san-pham\/may-dong-goi-duong-que\/","name":"Stick - Shape Bag Sugar Packaging Machine - M\u00e1y \u0111\u00f3ng g\u00f3i c\u00f4ng nghi\u1ec7p An Th\u00e0nh","isPartOf":{"@id":"https:\/\/www.packvn.com\/#website"},"primaryImageOfPage":{"@id":"https:\/\/www.packvn.com\/en\/san-pham\/may-dong-goi-duong-que\/#primaryimage"},"image":{"@id":"https:\/\/www.packvn.com\/en\/san-pham\/may-dong-goi-duong-que\/#primaryimage"},"thumbnailUrl":"https:\/\/www.packvn.com\/wp-content\/uploads\/2020\/10\/hinh-may-ca-phe-que-coc-dong.jpg","datePublished":"2020-10-14T10:23:11+00:00","dateModified":"2024-09-13T08:35:25+00:00","breadcrumb":{"@id":"https:\/\/www.packvn.com\/en\/san-pham\/may-dong-goi-duong-que\/#breadcrumb"},"inLanguage":"en-US","potentialAction":[{"@type":"ReadAction","target":["https:\/\/www.packvn.com\/en\/san-pham\/may-dong-goi-duong-que\/"]}]},{"@type":"ImageObject","inLanguage":"en-US","@id":"https:\/\/www.packvn.com\/en\/san-pham\/may-dong-goi-duong-que\/#primaryimage","url":"https:\/\/www.packvn.com\/wp-content\/uploads\/2020\/10\/hinh-may-ca-phe-que-coc-dong.jpg","contentUrl":"https:\/\/www.packvn.com\/wp-content\/uploads\/2020\/10\/hinh-may-ca-phe-que-coc-dong.jpg","width":900,"height":900,"caption":"h\u00ecnh m\u00e1y c\u00e0 ph\u00ea que - c\u1ed1c \u0111ong"},{"@type":"BreadcrumbList","@id":"https:\/\/www.packvn.com\/en\/san-pham\/may-dong-goi-duong-que\/#breadcrumb","itemListElement":[{"@type":"ListItem","position":1,"name":"Trang ch\u1ee7","item":"https:\/\/www.packvn.com\/en\/"},{"@type":"ListItem","position":2,"name":"S\u1ea3n ph\u1ea9m","item":"https:\/\/www.packvn.com\/san-pham\/"},{"@type":"ListItem","position":3,"name":"M\u00e1y \u0111\u00f3ng g\u00f3i t\u1ef1 \u0111\u1ed9ng","item":"https:\/\/www.packvn.com\/danh-muc-san-pham\/may-dong-goi-tu-dong\/"},{"@type":"ListItem","position":4,"name":"M\u00e1y \u0110\u00f3ng G\u00f3i D\u1ea1ng H\u1ea1t","item":"https:\/\/www.packvn.com\/danh-muc-san-pham\/may-dong-goi-tu-dong\/may-dong-goi-dang-hat\/"},{"@type":"ListItem","position":5,"name":"Stick &#8211; Shape Bag Sugar Packaging Machine"}]},{"@type":"WebSite","@id":"https:\/\/www.packvn.com\/#website","url":"https:\/\/www.packvn.com\/","name":"M\u00e1y \u0111\u00f3ng g\u00f3i c\u00f4ng nghi\u1ec7p An Th\u00e0nh","description":"Nh\u00e0 s\u1ea3n xu\u1ea5t m\u00e1y \u0111\u00f3ng g\u00f3i ch\u1ea5t l\u01b0\u1ee3ng cao","publisher":{"@id":"https:\/\/www.packvn.com\/#organization"},"potentialAction":[{"@type":"SearchAction","target":{"@type":"EntryPoint","urlTemplate":"https:\/\/www.packvn.com\/?s={search_term_string}"},"query-input":{"@type":"PropertyValueSpecification","valueRequired":true,"valueName":"search_term_string"}}],"inLanguage":"en-US"},{"@type":"Organization","@id":"https:\/\/www.packvn.com\/#organization","name":"M\u00e1y \u0110\u00f3ng G\u00f3i An Th\u00e0nh","url":"https:\/\/www.packvn.com\/","logo":{"@type":"ImageObject","inLanguage":"en-US","@id":"https:\/\/www.packvn.com\/#\/schema\/logo\/image\/","url":"https:\/\/www.packvn.com\/wp-content\/uploads\/2020\/10\/cropped-logo-logo-chat-luong-thap-200609090814.png","contentUrl":"https:\/\/www.packvn.com\/wp-content\/uploads\/2020\/10\/cropped-logo-logo-chat-luong-thap-200609090814.png","width":512,"height":512,"caption":"M\u00e1y \u0110\u00f3ng G\u00f3i An Th\u00e0nh"},"image":{"@id":"https:\/\/www.packvn.com\/#\/schema\/logo\/image\/"},"sameAs":["https:\/\/www.facebook.com\/maytudongnangsuatcaoanthanh"]}]}},"_links":{"self":[{"href":"https:\/\/www.packvn.com\/en\/wp-json\/wp\/v2\/product\/748"}],"collection":[{"href":"https:\/\/www.packvn.com\/en\/wp-json\/wp\/v2\/product"}],"about":[{"href":"https:\/\/www.packvn.com\/en\/wp-json\/wp\/v2\/types\/product"}],"replies":[{"embeddable":true,"href":"https:\/\/www.packvn.com\/en\/wp-json\/wp\/v2\/comments?post=748"}],"wp:featuredmedia":[{"embeddable":true,"href":"https:\/\/www.packvn.com\/en\/wp-json\/wp\/v2\/media\/9443"}],"wp:attachment":[{"href":"https:\/\/www.packvn.com\/en\/wp-json\/wp\/v2\/media?parent=748"}],"wp:term":[{"taxonomy":"product_cat","embeddable":true,"href":"https:\/\/www.packvn.com\/en\/wp-json\/wp\/v2\/product_cat?post=748"},{"taxonomy":"product_tag","embeddable":true,"href":"https:\/\/www.packvn.com\/en\/wp-json\/wp\/v2\/product_tag?post=748"}],"curies":[{"name":"wp","href":"https:\/\/api.w.org\/{rel}","templated":true}]}}