{"id":746,"date":"2020-10-14T10:24:06","date_gmt":"2020-10-14T10:24:06","guid":{"rendered":"http:\/\/maydonggoi.southteam.co\/product\/may-dong-goi-hat-giong\/"},"modified":"2020-11-20T08:43:23","modified_gmt":"2020-11-20T08:43:23","slug":"may-dong-goi-hat-giong","status":"publish","type":"product","link":"https:\/\/www.packvn.com\/en\/san-pham\/may-dong-goi-hat-giong\/","title":{"rendered":"Seed Packaging Machine"},"content":{"rendered":"<h2 class=\"title-page f-title\"><strong>Product Information Seed Packing Machine<\/strong><\/h2>\n<div class=\"clearfix dcontent\">\n<p>The seed packaging machine is used in the agricultural seed companies to package the seeds before they are released to the market.<\/p>\n<p><img decoding=\"async\" class=\"aligncenter wp-image-198 \" src=\"http:\/\/maydonggoi.southteam.co\/wp-content\/uploads\/2020\/10\/may-dong-goi-hat-giong.jpg\" alt=\"may dong goi hat giong\" width=\"542\" height=\"407\" srcset=\"https:\/\/www.packvn.com\/wp-content\/uploads\/2020\/10\/may-dong-goi-hat-giong.jpg 800w, https:\/\/www.packvn.com\/wp-content\/uploads\/2020\/10\/may-dong-goi-hat-giong-300x225.jpg 300w, https:\/\/www.packvn.com\/wp-content\/uploads\/2020\/10\/may-dong-goi-hat-giong-768x576.jpg 768w, https:\/\/www.packvn.com\/wp-content\/uploads\/2020\/10\/may-dong-goi-hat-giong-600x450.jpg 600w\" sizes=\"(max-width: 542px) 100vw, 542px\" \/><\/p>\n<h2><strong>Characteristics of An Thanh seed packing machine<\/strong><\/h2>\n<p>The seed packing machine adopts Taiwan-made PLC Delta control which has the ability to automatically stop when a problem is detected in the packing process, ensuring the safety of the material source and the function and longevity of the machine.<br \/>\nThe whole machine body is made of 304 inox with precision CNC cutting that meets GMP standard.<\/p>\n<p><img decoding=\"async\" class=\"aligncenter wp-image-83 size-full\" src=\"http:\/\/maydonggoi.southteam.co\/wp-content\/uploads\/2020\/10\/hatgiong-paint-200921.jpg\" alt=\"may dong goi hat giong\" width=\"600\" height=\"600\" srcset=\"https:\/\/www.packvn.com\/wp-content\/uploads\/2020\/10\/hatgiong-paint-200921.jpg 600w, https:\/\/www.packvn.com\/wp-content\/uploads\/2020\/10\/hatgiong-paint-200921-300x300.jpg 300w, https:\/\/www.packvn.com\/wp-content\/uploads\/2020\/10\/hatgiong-paint-200921-150x150.jpg 150w, https:\/\/www.packvn.com\/wp-content\/uploads\/2020\/10\/hatgiong-paint-200921-100x100.jpg 100w\" sizes=\"(max-width: 600px) 100vw, 600px\" \/><\/p>\n<h2><strong>Specifications of the seed packing machine<\/strong><\/h2>\n<table>\n<tbody>\n<tr>\n<td><strong>Technical specifications<\/strong><\/td>\n<td><strong>Material<\/strong><\/td>\n<td><strong>Origin<\/strong><\/td>\n<td><strong>Note<\/strong><\/td>\n<\/tr>\n<tr>\n<td>The chassis is made of electrostatic iron, the details in contact with the raw materials are made of 304 stainless steel, used in food.<\/td>\n<td>Inox 304<\/td>\n<td>An Thanh<\/td>\n<td rowspan=\"25\">All components 100% brand new<\/td>\n<\/tr>\n<tr>\n<td>The machine details are fabricated on automatic CNC machines with high precision.<\/td>\n<td>Steel and inox<\/td>\n<td>An Thanh<\/td>\n<\/tr>\n<tr>\n<td>ABM drives the main motor<\/td>\n<td><\/td>\n<td>Germany<\/td>\n<\/tr>\n<tr>\n<td>CP protects the HITACHI machine<\/td>\n<td><\/td>\n<td>Japan<\/td>\n<\/tr>\n<tr>\n<td>PLC-DELTA data memory<\/td>\n<td><\/td>\n<td>Taiwan<\/td>\n<\/tr>\n<tr>\n<td>Weight setting on touch screen<\/td>\n<td><\/td>\n<td>Taiwan<\/td>\n<\/tr>\n<tr>\n<td>Machine parameters are displayed on the touch screen.<\/td>\n<td><\/td>\n<td>Taiwan<\/td>\n<\/tr>\n<tr>\n<td>Relay\u00a0 IDEC<\/td>\n<td><\/td>\n<td>Japan<\/td>\n<\/tr>\n<tr>\n<td>Slip paste system for NTN packaging<\/td>\n<td><\/td>\n<td>Japan<\/td>\n<\/tr>\n<tr>\n<td>Barometer reader sensor aotoro<\/td>\n<td><\/td>\n<td>Taiwan<\/td>\n<\/tr>\n<tr>\n<td>\n<ul>\n<li>Packing type: middle abdomen<\/li>\n<li>Pattern pressed: straight stripes create waves<\/li>\n<li>Horizontal press: 8mm<\/li>\n<li>Vertical press: 10mm<\/li>\n<\/ul>\n<\/td>\n<td>Brass or inox<\/td>\n<td rowspan=\"15\">An Thanh<\/td>\n<\/tr>\n<tr>\n<td>\n<ul>\n<li>Cutting blade type: serrated shape for easy opening<\/li>\n<\/ul>\n<\/td>\n<td><\/td>\n<\/tr>\n<tr>\n<td>\n<ul>\n<li>Cut each bag apart<\/li>\n<\/ul>\n<\/td>\n<td><\/td>\n<\/tr>\n<tr>\n<td>Membrane size: \u2264 350mm<\/p>\n<p>Film roll diameter: 300mm<\/td>\n<td><\/td>\n<\/tr>\n<tr>\n<td>Bag weight: 100 grams &#8211; 1000 grams<\/p>\n<p>Accuracy of \u00b1 1% to \u00b1 2%<\/td>\n<td><\/td>\n<\/tr>\n<tr>\n<td>Bag tightness assurance: in 100% of cases the correct material)<\/td>\n<td><\/td>\n<\/tr>\n<tr>\n<td>Raw material adhesive bag weld: \u2264 3%<\/td>\n<td><\/td>\n<\/tr>\n<tr>\n<td>Dosing method: volumetric cup (freezing cup)<\/td>\n<td>INOX 304<\/td>\n<\/tr>\n<tr>\n<td>Packing material: raw flour, assorted seeds, sugar, monosodium glutamate,<\/td>\n<td><\/td>\n<\/tr>\n<tr>\n<td>Speed: 15 &#8211; 25 sp \/ min, depending on the features and difficulty of the product.<\/td>\n<td><\/td>\n<\/tr>\n<tr>\n<td>Electric power: 2 kw \/ h.<\/td>\n<td><\/td>\n<\/tr>\n<tr>\n<td>Power supply: 220v \/ 50hz<\/td>\n<td><\/td>\n<\/tr>\n<tr>\n<td>Machine size: (D700 x R650 x C2200) mm<\/td>\n<td><\/td>\n<\/tr>\n<tr>\n<td>Machine weight: 400kg<\/td>\n<td><\/td>\n<\/tr>\n<tr>\n<td>Machine Origin<\/td>\n<td><\/td>\n<\/tr>\n<\/tbody>\n<\/table>\n<h2><strong>The seed packing machine has a simple design, is easy to use, and takes up less space<\/strong><\/h2>\n<p>An Thanh seed packing machine with a compact size, about 300kg weight is very suitable for small businesses. However, not so that we are not important to the details that make up the sophistication of this eyebrow.<br \/>\nThe whole control system when displayed via the touch screen, controls easily.<br \/>\nDigital thermal indicator digital display.<br \/>\nThe packaging, feeding, and measuring devices are carefully selected and refined and installed.<\/p>\n<p><img decoding=\"async\" class=\"aligncenter wp-image-199 size-full\" src=\"http:\/\/maydonggoi.southteam.co\/wp-content\/uploads\/2020\/10\/may-dong-goi-hat-giong1.jpg\" alt=\"m\u00e1y \u0111\u00f3ng g\u00f3i h\u1ea1t gi\u1ed1ng\" width=\"700\" height=\"500\" srcset=\"https:\/\/www.packvn.com\/wp-content\/uploads\/2020\/10\/may-dong-goi-hat-giong1.jpg 700w, https:\/\/www.packvn.com\/wp-content\/uploads\/2020\/10\/may-dong-goi-hat-giong1-300x214.jpg 300w, https:\/\/www.packvn.com\/wp-content\/uploads\/2020\/10\/may-dong-goi-hat-giong1-600x429.jpg 600w\" sizes=\"(max-width: 700px) 100vw, 700px\" \/><\/p>\n<h2><strong>An Thanh seed packaging machine has many advantages for efficient function, high productivity<\/strong><\/h2>\n<p>An Thanh packaging machine possesses an electrical capacity of up to 1.8 kW \/ h, most of its components are imported 100% new from Germany and Taiwan for high working speed and efficiency.<br \/>\nIn a minute, this machine can complete about 40-60 bags depending on size and weight.<\/p>\n<p>See more products <a href=\"\/san-pham\/?lang=en\">here.<\/a><\/p>\n<p>All packaging machines from An Thanh will be warranted for 12 months from the date of delivery. The error belongs to the manufacturer, we commit to fix 100% on-the-spot with no cost to the customer.<\/p>\n<p>In addition, we also have periodic maintenance after warranty to help the product always operate in the best condition.<\/p>\n<p>Come and experience the seed making machine with An Thanh. Contact our consulting team immediately.<\/p>\n<\/div>\n","protected":false},"excerpt":{"rendered":"<div class=\"pdinfo__quote\">Seed packaging machines are used in agricultural seed companies to package seeds before they are released to the market.<\/div>\n<div class=\"clearfix pdinfo__policy f-title\"><\/div>\n","protected":false},"featured_media":747,"comment_status":"open","ping_status":"closed","template":"","meta":{"inline_featured_image":false},"product_cat":[143],"product_tag":[118],"class_list":{"0":"post-746","1":"product","2":"type-product","3":"status-publish","4":"has-post-thumbnail","6":"product_cat-may-dong-goi-en","7":"product_tag-maydonggoihatgiong-en","9":"first","10":"instock","11":"shipping-taxable","12":"product-type-simple"},"yoast_head":"<!-- This site is optimized with the Yoast SEO plugin v23.5 - https:\/\/yoast.com\/wordpress\/plugins\/seo\/ -->\n<title>Seed Packaging Machine - M\u00e1y \u0111\u00f3ng g\u00f3i c\u00f4ng nghi\u1ec7p An Th\u00e0nh<\/title>\n<meta name=\"robots\" content=\"index, follow, max-snippet:-1, max-image-preview:large, max-video-preview:-1\" \/>\n<link rel=\"canonical\" href=\"https:\/\/www.packvn.com\/en\/san-pham\/may-dong-goi-hat-giong\/\" \/>\n<meta property=\"og:locale\" content=\"en_US\" \/>\n<meta property=\"og:type\" content=\"article\" \/>\n<meta property=\"og:title\" content=\"Seed Packaging Machine - M\u00e1y \u0111\u00f3ng g\u00f3i c\u00f4ng nghi\u1ec7p An Th\u00e0nh\" \/>\n<meta property=\"og:description\" content=\"Seed packaging machines are used in agricultural seed companies to package seeds before they are released to the market.\" \/>\n<meta property=\"og:url\" content=\"https:\/\/www.packvn.com\/en\/san-pham\/may-dong-goi-hat-giong\/\" \/>\n<meta property=\"og:site_name\" content=\"M\u00e1y \u0111\u00f3ng g\u00f3i c\u00f4ng nghi\u1ec7p An Th\u00e0nh\" \/>\n<meta property=\"article:publisher\" content=\"https:\/\/www.facebook.com\/maytudongnangsuatcaoanthanh\" \/>\n<meta property=\"article:modified_time\" content=\"2020-11-20T08:43:23+00:00\" \/>\n<meta property=\"og:image\" content=\"https:\/\/www.packvn.com\/wp-content\/uploads\/2020\/10\/hatgiong-paint-200921.jpg\" \/>\n\t<meta property=\"og:image:width\" content=\"600\" \/>\n\t<meta property=\"og:image:height\" content=\"600\" \/>\n\t<meta property=\"og:image:type\" content=\"image\/jpeg\" \/>\n<meta name=\"twitter:card\" content=\"summary_large_image\" \/>\n<meta name=\"twitter:label1\" content=\"Est. reading time\" \/>\n\t<meta name=\"twitter:data1\" content=\"3 minutes\" \/>\n<script type=\"application\/ld+json\" class=\"yoast-schema-graph\">{\"@context\":\"https:\/\/schema.org\",\"@graph\":[{\"@type\":\"WebPage\",\"@id\":\"https:\/\/www.packvn.com\/en\/san-pham\/may-dong-goi-hat-giong\/\",\"url\":\"https:\/\/www.packvn.com\/en\/san-pham\/may-dong-goi-hat-giong\/\",\"name\":\"Seed Packaging Machine - M\u00e1y \u0111\u00f3ng g\u00f3i c\u00f4ng nghi\u1ec7p An Th\u00e0nh\",\"isPartOf\":{\"@id\":\"https:\/\/www.packvn.com\/#website\"},\"primaryImageOfPage\":{\"@id\":\"https:\/\/www.packvn.com\/en\/san-pham\/may-dong-goi-hat-giong\/#primaryimage\"},\"image\":{\"@id\":\"https:\/\/www.packvn.com\/en\/san-pham\/may-dong-goi-hat-giong\/#primaryimage\"},\"thumbnailUrl\":\"https:\/\/www.packvn.com\/wp-content\/uploads\/2020\/10\/hatgiong-paint-200921.jpg\",\"datePublished\":\"2020-10-14T10:24:06+00:00\",\"dateModified\":\"2020-11-20T08:43:23+00:00\",\"breadcrumb\":{\"@id\":\"https:\/\/www.packvn.com\/en\/san-pham\/may-dong-goi-hat-giong\/#breadcrumb\"},\"inLanguage\":\"en-US\",\"potentialAction\":[{\"@type\":\"ReadAction\",\"target\":[\"https:\/\/www.packvn.com\/en\/san-pham\/may-dong-goi-hat-giong\/\"]}]},{\"@type\":\"ImageObject\",\"inLanguage\":\"en-US\",\"@id\":\"https:\/\/www.packvn.com\/en\/san-pham\/may-dong-goi-hat-giong\/#primaryimage\",\"url\":\"https:\/\/www.packvn.com\/wp-content\/uploads\/2020\/10\/hatgiong-paint-200921.jpg\",\"contentUrl\":\"https:\/\/www.packvn.com\/wp-content\/uploads\/2020\/10\/hatgiong-paint-200921.jpg\",\"width\":600,\"height\":600},{\"@type\":\"BreadcrumbList\",\"@id\":\"https:\/\/www.packvn.com\/en\/san-pham\/may-dong-goi-hat-giong\/#breadcrumb\",\"itemListElement\":[{\"@type\":\"ListItem\",\"position\":1,\"name\":\"Trang ch\u1ee7\",\"item\":\"https:\/\/www.packvn.com\/en\/\"},{\"@type\":\"ListItem\",\"position\":2,\"name\":\"S\u1ea3n ph\u1ea9m\",\"item\":\"https:\/\/www.packvn.com\/san-pham\/\"},{\"@type\":\"ListItem\",\"position\":3,\"name\":\"M\u00e1y \u0111\u00f3ng g\u00f3i t\u1ef1 \u0111\u1ed9ng\",\"item\":\"https:\/\/www.packvn.com\/danh-muc-san-pham\/may-dong-goi-tu-dong\/\"},{\"@type\":\"ListItem\",\"position\":4,\"name\":\"M\u00e1y \u0110\u00f3ng G\u00f3i H\u1ea1t Gi\u1ed1ng\",\"item\":\"https:\/\/www.packvn.com\/danh-muc-san-pham\/may-dong-goi-tu-dong\/may-dong-goi-hat-giong\/\"},{\"@type\":\"ListItem\",\"position\":5,\"name\":\"Seed Packaging Machine\"}]},{\"@type\":\"WebSite\",\"@id\":\"https:\/\/www.packvn.com\/#website\",\"url\":\"https:\/\/www.packvn.com\/\",\"name\":\"M\u00e1y \u0111\u00f3ng g\u00f3i c\u00f4ng nghi\u1ec7p An Th\u00e0nh\",\"description\":\"Nh\u00e0 s\u1ea3n xu\u1ea5t m\u00e1y \u0111\u00f3ng g\u00f3i ch\u1ea5t l\u01b0\u1ee3ng cao\",\"publisher\":{\"@id\":\"https:\/\/www.packvn.com\/#organization\"},\"potentialAction\":[{\"@type\":\"SearchAction\",\"target\":{\"@type\":\"EntryPoint\",\"urlTemplate\":\"https:\/\/www.packvn.com\/?s={search_term_string}\"},\"query-input\":{\"@type\":\"PropertyValueSpecification\",\"valueRequired\":true,\"valueName\":\"search_term_string\"}}],\"inLanguage\":\"en-US\"},{\"@type\":\"Organization\",\"@id\":\"https:\/\/www.packvn.com\/#organization\",\"name\":\"M\u00e1y \u0110\u00f3ng G\u00f3i An Th\u00e0nh\",\"url\":\"https:\/\/www.packvn.com\/\",\"logo\":{\"@type\":\"ImageObject\",\"inLanguage\":\"en-US\",\"@id\":\"https:\/\/www.packvn.com\/#\/schema\/logo\/image\/\",\"url\":\"https:\/\/www.packvn.com\/wp-content\/uploads\/2020\/10\/cropped-logo-logo-chat-luong-thap-200609090814.png\",\"contentUrl\":\"https:\/\/www.packvn.com\/wp-content\/uploads\/2020\/10\/cropped-logo-logo-chat-luong-thap-200609090814.png\",\"width\":512,\"height\":512,\"caption\":\"M\u00e1y \u0110\u00f3ng G\u00f3i An Th\u00e0nh\"},\"image\":{\"@id\":\"https:\/\/www.packvn.com\/#\/schema\/logo\/image\/\"},\"sameAs\":[\"https:\/\/www.facebook.com\/maytudongnangsuatcaoanthanh\"]}]}<\/script>\n<!-- \/ Yoast SEO plugin. -->","yoast_head_json":{"title":"Seed Packaging Machine - M\u00e1y \u0111\u00f3ng g\u00f3i c\u00f4ng nghi\u1ec7p An Th\u00e0nh","robots":{"index":"index","follow":"follow","max-snippet":"max-snippet:-1","max-image-preview":"max-image-preview:large","max-video-preview":"max-video-preview:-1"},"canonical":"https:\/\/www.packvn.com\/en\/san-pham\/may-dong-goi-hat-giong\/","og_locale":"en_US","og_type":"article","og_title":"Seed Packaging Machine - M\u00e1y \u0111\u00f3ng g\u00f3i c\u00f4ng nghi\u1ec7p An Th\u00e0nh","og_description":"Seed packaging machines are used in agricultural seed companies to package seeds before they are released to the market.","og_url":"https:\/\/www.packvn.com\/en\/san-pham\/may-dong-goi-hat-giong\/","og_site_name":"M\u00e1y \u0111\u00f3ng g\u00f3i c\u00f4ng nghi\u1ec7p An Th\u00e0nh","article_publisher":"https:\/\/www.facebook.com\/maytudongnangsuatcaoanthanh","article_modified_time":"2020-11-20T08:43:23+00:00","og_image":[{"width":600,"height":600,"url":"https:\/\/www.packvn.com\/wp-content\/uploads\/2020\/10\/hatgiong-paint-200921.jpg","type":"image\/jpeg"}],"twitter_card":"summary_large_image","twitter_misc":{"Est. reading time":"3 minutes"},"schema":{"@context":"https:\/\/schema.org","@graph":[{"@type":"WebPage","@id":"https:\/\/www.packvn.com\/en\/san-pham\/may-dong-goi-hat-giong\/","url":"https:\/\/www.packvn.com\/en\/san-pham\/may-dong-goi-hat-giong\/","name":"Seed Packaging Machine - M\u00e1y \u0111\u00f3ng g\u00f3i c\u00f4ng nghi\u1ec7p An Th\u00e0nh","isPartOf":{"@id":"https:\/\/www.packvn.com\/#website"},"primaryImageOfPage":{"@id":"https:\/\/www.packvn.com\/en\/san-pham\/may-dong-goi-hat-giong\/#primaryimage"},"image":{"@id":"https:\/\/www.packvn.com\/en\/san-pham\/may-dong-goi-hat-giong\/#primaryimage"},"thumbnailUrl":"https:\/\/www.packvn.com\/wp-content\/uploads\/2020\/10\/hatgiong-paint-200921.jpg","datePublished":"2020-10-14T10:24:06+00:00","dateModified":"2020-11-20T08:43:23+00:00","breadcrumb":{"@id":"https:\/\/www.packvn.com\/en\/san-pham\/may-dong-goi-hat-giong\/#breadcrumb"},"inLanguage":"en-US","potentialAction":[{"@type":"ReadAction","target":["https:\/\/www.packvn.com\/en\/san-pham\/may-dong-goi-hat-giong\/"]}]},{"@type":"ImageObject","inLanguage":"en-US","@id":"https:\/\/www.packvn.com\/en\/san-pham\/may-dong-goi-hat-giong\/#primaryimage","url":"https:\/\/www.packvn.com\/wp-content\/uploads\/2020\/10\/hatgiong-paint-200921.jpg","contentUrl":"https:\/\/www.packvn.com\/wp-content\/uploads\/2020\/10\/hatgiong-paint-200921.jpg","width":600,"height":600},{"@type":"BreadcrumbList","@id":"https:\/\/www.packvn.com\/en\/san-pham\/may-dong-goi-hat-giong\/#breadcrumb","itemListElement":[{"@type":"ListItem","position":1,"name":"Trang ch\u1ee7","item":"https:\/\/www.packvn.com\/en\/"},{"@type":"ListItem","position":2,"name":"S\u1ea3n ph\u1ea9m","item":"https:\/\/www.packvn.com\/san-pham\/"},{"@type":"ListItem","position":3,"name":"M\u00e1y \u0111\u00f3ng g\u00f3i t\u1ef1 \u0111\u1ed9ng","item":"https:\/\/www.packvn.com\/danh-muc-san-pham\/may-dong-goi-tu-dong\/"},{"@type":"ListItem","position":4,"name":"M\u00e1y \u0110\u00f3ng G\u00f3i H\u1ea1t Gi\u1ed1ng","item":"https:\/\/www.packvn.com\/danh-muc-san-pham\/may-dong-goi-tu-dong\/may-dong-goi-hat-giong\/"},{"@type":"ListItem","position":5,"name":"Seed Packaging Machine"}]},{"@type":"WebSite","@id":"https:\/\/www.packvn.com\/#website","url":"https:\/\/www.packvn.com\/","name":"M\u00e1y \u0111\u00f3ng g\u00f3i c\u00f4ng nghi\u1ec7p An Th\u00e0nh","description":"Nh\u00e0 s\u1ea3n xu\u1ea5t m\u00e1y \u0111\u00f3ng g\u00f3i ch\u1ea5t l\u01b0\u1ee3ng cao","publisher":{"@id":"https:\/\/www.packvn.com\/#organization"},"potentialAction":[{"@type":"SearchAction","target":{"@type":"EntryPoint","urlTemplate":"https:\/\/www.packvn.com\/?s={search_term_string}"},"query-input":{"@type":"PropertyValueSpecification","valueRequired":true,"valueName":"search_term_string"}}],"inLanguage":"en-US"},{"@type":"Organization","@id":"https:\/\/www.packvn.com\/#organization","name":"M\u00e1y \u0110\u00f3ng G\u00f3i An Th\u00e0nh","url":"https:\/\/www.packvn.com\/","logo":{"@type":"ImageObject","inLanguage":"en-US","@id":"https:\/\/www.packvn.com\/#\/schema\/logo\/image\/","url":"https:\/\/www.packvn.com\/wp-content\/uploads\/2020\/10\/cropped-logo-logo-chat-luong-thap-200609090814.png","contentUrl":"https:\/\/www.packvn.com\/wp-content\/uploads\/2020\/10\/cropped-logo-logo-chat-luong-thap-200609090814.png","width":512,"height":512,"caption":"M\u00e1y \u0110\u00f3ng G\u00f3i An Th\u00e0nh"},"image":{"@id":"https:\/\/www.packvn.com\/#\/schema\/logo\/image\/"},"sameAs":["https:\/\/www.facebook.com\/maytudongnangsuatcaoanthanh"]}]}},"_links":{"self":[{"href":"https:\/\/www.packvn.com\/en\/wp-json\/wp\/v2\/product\/746"}],"collection":[{"href":"https:\/\/www.packvn.com\/en\/wp-json\/wp\/v2\/product"}],"about":[{"href":"https:\/\/www.packvn.com\/en\/wp-json\/wp\/v2\/types\/product"}],"replies":[{"embeddable":true,"href":"https:\/\/www.packvn.com\/en\/wp-json\/wp\/v2\/comments?post=746"}],"wp:featuredmedia":[{"embeddable":true,"href":"https:\/\/www.packvn.com\/en\/wp-json\/wp\/v2\/media\/747"}],"wp:attachment":[{"href":"https:\/\/www.packvn.com\/en\/wp-json\/wp\/v2\/media?parent=746"}],"wp:term":[{"taxonomy":"product_cat","embeddable":true,"href":"https:\/\/www.packvn.com\/en\/wp-json\/wp\/v2\/product_cat?post=746"},{"taxonomy":"product_tag","embeddable":true,"href":"https:\/\/www.packvn.com\/en\/wp-json\/wp\/v2\/product_tag?post=746"}],"curies":[{"name":"wp","href":"https:\/\/api.w.org\/{rel}","templated":true}]}}