{"id":736,"date":"2020-10-15T02:35:42","date_gmt":"2020-10-15T02:35:42","guid":{"rendered":"http:\/\/maydonggoi.southteam.co\/product\/may-dong-goi-oc-vit\/"},"modified":"2020-11-20T09:27:57","modified_gmt":"2020-11-20T09:27:57","slug":"may-dong-goi-oc-vit","status":"publish","type":"product","link":"https:\/\/www.packvn.com\/en\/san-pham\/may-dong-goi-oc-vit\/","title":{"rendered":"Screw Packing Machine Using Electronic Scales"},"content":{"rendered":"<h2 class=\"title-page f-title\"><strong>Product Information<\/strong><\/h2>\n<p><iframe title=\"An Th\u00e0nh _ m\u00e1y \u0111\u00f3ng g\u00f3i b\u00e1n t\u1ef1 \u0111\u1ed9ng c\u00e2n \u0111i\u1ec7n t\u1eed\" width=\"1020\" height=\"574\" src=\"https:\/\/www.youtube.com\/embed\/Q7nQzzcgkZE?feature=oembed\" frameborder=\"0\" allow=\"accelerometer; autoplay; clipboard-write; encrypted-media; gyroscope; picture-in-picture\" allowfullscreen><\/iframe><\/p>\n<p><strong>Screw packaging machine<\/strong>\u00a0using quantitative scales (automatic electronic scales) manufactured at An Thanh packing machine factory, used high-class materials, accompanied by components imported directly from welding countries, Germany, Japan<\/p>\n<h2><strong>What is Screw Packing Machine Using Electronic Scales?<\/strong><\/h2>\n<p>Screw packaging machine using quantitative scales (automatic electronic scales) manufactured at An Thanh packing machine factory, used high-class materials, accompanied by components imported directly from welding countries, Germany, Japan, &#8230; An Thanh Company has created quality packaging machines, cheap, high packaging capacity, creating prestige with customers across the country, and countries in the region.<\/p>\n<h2><strong>What are features of Screw Packing Machine Using Electronic Scales?<\/strong><\/h2>\n<p>The screw packaging machine uses the famous Korean automatic weighing machine, which ensures accurate packaging requirements and satisfies customers<br \/>\nScrew packaging machine measures and produces packaging bags abided by customer requirements. For screw packaging department, giving the type of bag as customeres\u2019 request, diverse models, all cashew packaging bags are packed correctly, beautifully.<br \/>\nThe screw packaging machine mechanism is based on the operation of high-class electronic scales, automatic measuring.<\/p>\n<h2><strong>What are application of Screw Packing Machines Using Electronic Scales?<\/strong><\/h2>\n<p>Screw packaging machine of An Thanh packaging company will take care of all high-speed packaging requirements, producing durable, beautiful products, meeting the needs of business owners. An Thanh Packaging Company with many years of experience, along with a \u00a0skillful team of manufacturing will promise to bring customers a quality packaging machine along with the quality prestige.<\/p>\n<h2><strong>Contacts and Services:\u00a0<\/strong><\/h2>\n<p>To experience the packaging machine as well as want to see directly how the screw packaging machine, or other types of vertical packaging machines, please come to our factory directly to experience product.<\/p>\n","protected":false},"excerpt":{"rendered":"<div class=\"pdinfo__quote\">Screw packaging machine using quantitative scales (automatic electronic scales) manufactured at An Thanh packing machine factory, used high-class materials, accompanied by components imported directly from welding countries, Germany, Japan<\/div>\n<div class=\"clearfix pdinfo__policy f-title\"><\/div>\n","protected":false},"featured_media":1124,"comment_status":"open","ping_status":"closed","template":"","meta":{"inline_featured_image":false},"product_cat":[111,93],"product_tag":[114],"class_list":{"0":"post-736","1":"product","2":"type-product","3":"status-publish","4":"has-post-thumbnail","6":"product_cat-may-dong-goi-can-dien-tu-en","7":"product_cat-may-dong-goi-bao-bi-en","8":"product_tag-maydonggoitrucvitcandientu-en","10":"first","11":"instock","12":"shipping-taxable","13":"product-type-simple"},"yoast_head":"<!-- This site is optimized with the Yoast SEO plugin v23.5 - https:\/\/yoast.com\/wordpress\/plugins\/seo\/ -->\n<title>Screw Packing Machine Using Electronic Scales - M\u00e1y \u0111\u00f3ng g\u00f3i c\u00f4ng nghi\u1ec7p An Th\u00e0nh<\/title>\n<meta name=\"robots\" content=\"index, follow, max-snippet:-1, max-image-preview:large, max-video-preview:-1\" \/>\n<link rel=\"canonical\" href=\"https:\/\/www.packvn.com\/en\/san-pham\/may-dong-goi-oc-vit\/\" \/>\n<meta property=\"og:locale\" content=\"en_US\" \/>\n<meta property=\"og:type\" content=\"article\" \/>\n<meta property=\"og:title\" content=\"Screw Packing Machine Using Electronic Scales - M\u00e1y \u0111\u00f3ng g\u00f3i c\u00f4ng nghi\u1ec7p An Th\u00e0nh\" \/>\n<meta property=\"og:description\" content=\"Screw packaging machine using quantitative scales (automatic electronic scales) manufactured at An Thanh packing machine factory, used high-class materials, accompanied by components imported directly from welding countries, Germany, Japan\" \/>\n<meta property=\"og:url\" content=\"https:\/\/www.packvn.com\/en\/san-pham\/may-dong-goi-oc-vit\/\" \/>\n<meta property=\"og:site_name\" content=\"M\u00e1y \u0111\u00f3ng g\u00f3i c\u00f4ng nghi\u1ec7p An Th\u00e0nh\" \/>\n<meta property=\"article:publisher\" content=\"https:\/\/www.facebook.com\/maytudongnangsuatcaoanthanh\" \/>\n<meta property=\"article:modified_time\" content=\"2020-11-20T09:27:57+00:00\" \/>\n<meta property=\"og:image\" content=\"https:\/\/www.packvn.com\/wp-content\/uploads\/2020\/10\/z2128853749520_ce854aedd5aaec8a5c609f1df9d4b958.jpg\" \/>\n\t<meta property=\"og:image:width\" content=\"1200\" \/>\n\t<meta property=\"og:image:height\" content=\"1200\" \/>\n\t<meta property=\"og:image:type\" content=\"image\/jpeg\" \/>\n<meta name=\"twitter:card\" content=\"summary_large_image\" \/>\n<meta name=\"twitter:label1\" content=\"Est. reading time\" \/>\n\t<meta name=\"twitter:data1\" content=\"1 minute\" \/>\n<script type=\"application\/ld+json\" class=\"yoast-schema-graph\">{\"@context\":\"https:\/\/schema.org\",\"@graph\":[{\"@type\":\"WebPage\",\"@id\":\"https:\/\/www.packvn.com\/en\/san-pham\/may-dong-goi-oc-vit\/\",\"url\":\"https:\/\/www.packvn.com\/en\/san-pham\/may-dong-goi-oc-vit\/\",\"name\":\"Screw Packing Machine Using Electronic Scales - M\u00e1y \u0111\u00f3ng g\u00f3i c\u00f4ng nghi\u1ec7p An Th\u00e0nh\",\"isPartOf\":{\"@id\":\"https:\/\/www.packvn.com\/#website\"},\"primaryImageOfPage\":{\"@id\":\"https:\/\/www.packvn.com\/en\/san-pham\/may-dong-goi-oc-vit\/#primaryimage\"},\"image\":{\"@id\":\"https:\/\/www.packvn.com\/en\/san-pham\/may-dong-goi-oc-vit\/#primaryimage\"},\"thumbnailUrl\":\"https:\/\/www.packvn.com\/wp-content\/uploads\/2020\/10\/z2128853749520_ce854aedd5aaec8a5c609f1df9d4b958.jpg\",\"datePublished\":\"2020-10-15T02:35:42+00:00\",\"dateModified\":\"2020-11-20T09:27:57+00:00\",\"breadcrumb\":{\"@id\":\"https:\/\/www.packvn.com\/en\/san-pham\/may-dong-goi-oc-vit\/#breadcrumb\"},\"inLanguage\":\"en-US\",\"potentialAction\":[{\"@type\":\"ReadAction\",\"target\":[\"https:\/\/www.packvn.com\/en\/san-pham\/may-dong-goi-oc-vit\/\"]}]},{\"@type\":\"ImageObject\",\"inLanguage\":\"en-US\",\"@id\":\"https:\/\/www.packvn.com\/en\/san-pham\/may-dong-goi-oc-vit\/#primaryimage\",\"url\":\"https:\/\/www.packvn.com\/wp-content\/uploads\/2020\/10\/z2128853749520_ce854aedd5aaec8a5c609f1df9d4b958.jpg\",\"contentUrl\":\"https:\/\/www.packvn.com\/wp-content\/uploads\/2020\/10\/z2128853749520_ce854aedd5aaec8a5c609f1df9d4b958.jpg\",\"width\":1200,\"height\":1200,\"caption\":\"m\u00e1y \u0111\u00f3ng g\u00f3i 4 \u0111\u1ea7u c\u00e2n b\u00e1n t\u1ef1 \u0111\u1ed9ng\"},{\"@type\":\"BreadcrumbList\",\"@id\":\"https:\/\/www.packvn.com\/en\/san-pham\/may-dong-goi-oc-vit\/#breadcrumb\",\"itemListElement\":[{\"@type\":\"ListItem\",\"position\":1,\"name\":\"Trang ch\u1ee7\",\"item\":\"https:\/\/www.packvn.com\/en\/\"},{\"@type\":\"ListItem\",\"position\":2,\"name\":\"S\u1ea3n ph\u1ea9m\",\"item\":\"https:\/\/www.packvn.com\/san-pham\/\"},{\"@type\":\"ListItem\",\"position\":3,\"name\":\"Packing Machine\",\"item\":\"https:\/\/www.packvn.com\/en\/danh-muc-san-pham\/may-dong-goi-en\/\"},{\"@type\":\"ListItem\",\"position\":4,\"name\":\"Electronic Scales Packing Machine\",\"item\":\"https:\/\/www.packvn.com\/en\/danh-muc-san-pham\/may-dong-goi-en\/may-dong-goi-can-dien-tu-en\/\"},{\"@type\":\"ListItem\",\"position\":5,\"name\":\"Screw Packing Machine Using Electronic Scales\"}]},{\"@type\":\"WebSite\",\"@id\":\"https:\/\/www.packvn.com\/#website\",\"url\":\"https:\/\/www.packvn.com\/\",\"name\":\"M\u00e1y \u0111\u00f3ng g\u00f3i c\u00f4ng nghi\u1ec7p An Th\u00e0nh\",\"description\":\"Nh\u00e0 s\u1ea3n xu\u1ea5t m\u00e1y \u0111\u00f3ng g\u00f3i ch\u1ea5t l\u01b0\u1ee3ng cao\",\"publisher\":{\"@id\":\"https:\/\/www.packvn.com\/#organization\"},\"potentialAction\":[{\"@type\":\"SearchAction\",\"target\":{\"@type\":\"EntryPoint\",\"urlTemplate\":\"https:\/\/www.packvn.com\/?s={search_term_string}\"},\"query-input\":{\"@type\":\"PropertyValueSpecification\",\"valueRequired\":true,\"valueName\":\"search_term_string\"}}],\"inLanguage\":\"en-US\"},{\"@type\":\"Organization\",\"@id\":\"https:\/\/www.packvn.com\/#organization\",\"name\":\"M\u00e1y \u0110\u00f3ng G\u00f3i An Th\u00e0nh\",\"url\":\"https:\/\/www.packvn.com\/\",\"logo\":{\"@type\":\"ImageObject\",\"inLanguage\":\"en-US\",\"@id\":\"https:\/\/www.packvn.com\/#\/schema\/logo\/image\/\",\"url\":\"https:\/\/www.packvn.com\/wp-content\/uploads\/2020\/10\/cropped-logo-logo-chat-luong-thap-200609090814.png\",\"contentUrl\":\"https:\/\/www.packvn.com\/wp-content\/uploads\/2020\/10\/cropped-logo-logo-chat-luong-thap-200609090814.png\",\"width\":512,\"height\":512,\"caption\":\"M\u00e1y \u0110\u00f3ng G\u00f3i An Th\u00e0nh\"},\"image\":{\"@id\":\"https:\/\/www.packvn.com\/#\/schema\/logo\/image\/\"},\"sameAs\":[\"https:\/\/www.facebook.com\/maytudongnangsuatcaoanthanh\"]}]}<\/script>\n<!-- \/ Yoast SEO plugin. -->","yoast_head_json":{"title":"Screw Packing Machine Using Electronic Scales - M\u00e1y \u0111\u00f3ng g\u00f3i c\u00f4ng nghi\u1ec7p An Th\u00e0nh","robots":{"index":"index","follow":"follow","max-snippet":"max-snippet:-1","max-image-preview":"max-image-preview:large","max-video-preview":"max-video-preview:-1"},"canonical":"https:\/\/www.packvn.com\/en\/san-pham\/may-dong-goi-oc-vit\/","og_locale":"en_US","og_type":"article","og_title":"Screw Packing Machine Using Electronic Scales - M\u00e1y \u0111\u00f3ng g\u00f3i c\u00f4ng nghi\u1ec7p An Th\u00e0nh","og_description":"Screw packaging machine using quantitative scales (automatic electronic scales) manufactured at An Thanh packing machine factory, used high-class materials, accompanied by components imported directly from welding countries, Germany, Japan","og_url":"https:\/\/www.packvn.com\/en\/san-pham\/may-dong-goi-oc-vit\/","og_site_name":"M\u00e1y \u0111\u00f3ng g\u00f3i c\u00f4ng nghi\u1ec7p An Th\u00e0nh","article_publisher":"https:\/\/www.facebook.com\/maytudongnangsuatcaoanthanh","article_modified_time":"2020-11-20T09:27:57+00:00","og_image":[{"width":1200,"height":1200,"url":"https:\/\/www.packvn.com\/wp-content\/uploads\/2020\/10\/z2128853749520_ce854aedd5aaec8a5c609f1df9d4b958.jpg","type":"image\/jpeg"}],"twitter_card":"summary_large_image","twitter_misc":{"Est. reading time":"1 minute"},"schema":{"@context":"https:\/\/schema.org","@graph":[{"@type":"WebPage","@id":"https:\/\/www.packvn.com\/en\/san-pham\/may-dong-goi-oc-vit\/","url":"https:\/\/www.packvn.com\/en\/san-pham\/may-dong-goi-oc-vit\/","name":"Screw Packing Machine Using Electronic Scales - M\u00e1y \u0111\u00f3ng g\u00f3i c\u00f4ng nghi\u1ec7p An Th\u00e0nh","isPartOf":{"@id":"https:\/\/www.packvn.com\/#website"},"primaryImageOfPage":{"@id":"https:\/\/www.packvn.com\/en\/san-pham\/may-dong-goi-oc-vit\/#primaryimage"},"image":{"@id":"https:\/\/www.packvn.com\/en\/san-pham\/may-dong-goi-oc-vit\/#primaryimage"},"thumbnailUrl":"https:\/\/www.packvn.com\/wp-content\/uploads\/2020\/10\/z2128853749520_ce854aedd5aaec8a5c609f1df9d4b958.jpg","datePublished":"2020-10-15T02:35:42+00:00","dateModified":"2020-11-20T09:27:57+00:00","breadcrumb":{"@id":"https:\/\/www.packvn.com\/en\/san-pham\/may-dong-goi-oc-vit\/#breadcrumb"},"inLanguage":"en-US","potentialAction":[{"@type":"ReadAction","target":["https:\/\/www.packvn.com\/en\/san-pham\/may-dong-goi-oc-vit\/"]}]},{"@type":"ImageObject","inLanguage":"en-US","@id":"https:\/\/www.packvn.com\/en\/san-pham\/may-dong-goi-oc-vit\/#primaryimage","url":"https:\/\/www.packvn.com\/wp-content\/uploads\/2020\/10\/z2128853749520_ce854aedd5aaec8a5c609f1df9d4b958.jpg","contentUrl":"https:\/\/www.packvn.com\/wp-content\/uploads\/2020\/10\/z2128853749520_ce854aedd5aaec8a5c609f1df9d4b958.jpg","width":1200,"height":1200,"caption":"m\u00e1y \u0111\u00f3ng g\u00f3i 4 \u0111\u1ea7u c\u00e2n b\u00e1n t\u1ef1 \u0111\u1ed9ng"},{"@type":"BreadcrumbList","@id":"https:\/\/www.packvn.com\/en\/san-pham\/may-dong-goi-oc-vit\/#breadcrumb","itemListElement":[{"@type":"ListItem","position":1,"name":"Trang ch\u1ee7","item":"https:\/\/www.packvn.com\/en\/"},{"@type":"ListItem","position":2,"name":"S\u1ea3n ph\u1ea9m","item":"https:\/\/www.packvn.com\/san-pham\/"},{"@type":"ListItem","position":3,"name":"Packing Machine","item":"https:\/\/www.packvn.com\/en\/danh-muc-san-pham\/may-dong-goi-en\/"},{"@type":"ListItem","position":4,"name":"Electronic Scales Packing Machine","item":"https:\/\/www.packvn.com\/en\/danh-muc-san-pham\/may-dong-goi-en\/may-dong-goi-can-dien-tu-en\/"},{"@type":"ListItem","position":5,"name":"Screw Packing Machine Using Electronic Scales"}]},{"@type":"WebSite","@id":"https:\/\/www.packvn.com\/#website","url":"https:\/\/www.packvn.com\/","name":"M\u00e1y \u0111\u00f3ng g\u00f3i c\u00f4ng nghi\u1ec7p An Th\u00e0nh","description":"Nh\u00e0 s\u1ea3n xu\u1ea5t m\u00e1y \u0111\u00f3ng g\u00f3i ch\u1ea5t l\u01b0\u1ee3ng cao","publisher":{"@id":"https:\/\/www.packvn.com\/#organization"},"potentialAction":[{"@type":"SearchAction","target":{"@type":"EntryPoint","urlTemplate":"https:\/\/www.packvn.com\/?s={search_term_string}"},"query-input":{"@type":"PropertyValueSpecification","valueRequired":true,"valueName":"search_term_string"}}],"inLanguage":"en-US"},{"@type":"Organization","@id":"https:\/\/www.packvn.com\/#organization","name":"M\u00e1y \u0110\u00f3ng G\u00f3i An Th\u00e0nh","url":"https:\/\/www.packvn.com\/","logo":{"@type":"ImageObject","inLanguage":"en-US","@id":"https:\/\/www.packvn.com\/#\/schema\/logo\/image\/","url":"https:\/\/www.packvn.com\/wp-content\/uploads\/2020\/10\/cropped-logo-logo-chat-luong-thap-200609090814.png","contentUrl":"https:\/\/www.packvn.com\/wp-content\/uploads\/2020\/10\/cropped-logo-logo-chat-luong-thap-200609090814.png","width":512,"height":512,"caption":"M\u00e1y \u0110\u00f3ng G\u00f3i An Th\u00e0nh"},"image":{"@id":"https:\/\/www.packvn.com\/#\/schema\/logo\/image\/"},"sameAs":["https:\/\/www.facebook.com\/maytudongnangsuatcaoanthanh"]}]}},"_links":{"self":[{"href":"https:\/\/www.packvn.com\/en\/wp-json\/wp\/v2\/product\/736"}],"collection":[{"href":"https:\/\/www.packvn.com\/en\/wp-json\/wp\/v2\/product"}],"about":[{"href":"https:\/\/www.packvn.com\/en\/wp-json\/wp\/v2\/types\/product"}],"replies":[{"embeddable":true,"href":"https:\/\/www.packvn.com\/en\/wp-json\/wp\/v2\/comments?post=736"}],"wp:featuredmedia":[{"embeddable":true,"href":"https:\/\/www.packvn.com\/en\/wp-json\/wp\/v2\/media\/1124"}],"wp:attachment":[{"href":"https:\/\/www.packvn.com\/en\/wp-json\/wp\/v2\/media?parent=736"}],"wp:term":[{"taxonomy":"product_cat","embeddable":true,"href":"https:\/\/www.packvn.com\/en\/wp-json\/wp\/v2\/product_cat?post=736"},{"taxonomy":"product_tag","embeddable":true,"href":"https:\/\/www.packvn.com\/en\/wp-json\/wp\/v2\/product_tag?post=736"}],"curies":[{"name":"wp","href":"https:\/\/api.w.org\/{rel}","templated":true}]}}