{"id":730,"date":"2020-10-15T02:37:33","date_gmt":"2020-10-15T02:37:33","guid":{"rendered":"http:\/\/maydonggoi.southteam.co\/product\/may-dong-goi-duong-can-dien-tu\/"},"modified":"2024-09-13T15:24:23","modified_gmt":"2024-09-13T08:24:23","slug":"may-dong-goi-duong-can-dien-tu","status":"publish","type":"product","link":"https:\/\/www.packvn.com\/en\/san-pham\/may-dong-goi-duong-can-dien-tu\/","title":{"rendered":"Sugar Packing Machine Using Electronic Scales"},"content":{"rendered":"<h2><strong>Product Information Sugar Packing Machine Using Electronic Scales<\/strong><\/h2>\n<div class=\"clearfix dcontent\">\n<h2><strong>What is Sugar Packing Machine Using Electronic Scales\u2019s mechanism of operation?<\/strong><\/h2>\n<p>Smartly designed with modern, scientific and convenient structure, An Thanh packaging company\u2019s sugar packing machine using electronic scales is able to operate automatically, smoothly and stably for simple installation operations. For instance:<\/p>\n<p>Automatic engine planning of feed turbines<\/p>\n<p>Automatically expand bags to feed according to the volume installed on the system.<\/p>\n<p>Automatically stops when the packaging or packaging line runs out<\/p>\n<h2><strong>What are features of Sugar Packing Machine Using Electronic Scales?<\/strong><\/h2>\n<ul>\n<li>Simple design, easy to use<\/li>\n<li>Components and accessories are mainly imported from Germany, Taiwan 100% new<\/li>\n<li>High power for optimal performance.<\/li>\n<li>Latest packaging technology abided by foreign standards<\/li>\n<li>The product after packaging has a high aesthetic design.<\/li>\n<li>Quantitative accuracy.<\/li>\n<li>Outstanding motor for smooth, stable and fast operation, minimizing the rate of defective goods.<\/li>\n<li>The material contact part is made of stainless steel, ensuring the material properties are preserved.<\/li>\n<\/ul>\n<h2><strong>What are specification of Sugar Packing Machine Using Electronic Scales?<\/strong><\/h2>\n<table border=\"1\" cellspacing=\"0\">\n<tbody>\n<tr>\n<td>Specification<\/td>\n<td>Materials<\/td>\n<td>Origins<\/td>\n<td>Further notes<\/td>\n<\/tr>\n<tr>\n<td>All of the frameset and parts contacts with materials are made of stainless steel 304 for food safety and hygiene.<\/td>\n<td>Stainless steel 304<\/td>\n<td>An Thanh Company<\/td>\n<td rowspan=\"26\">All components are 100% brand new<\/td>\n<\/tr>\n<tr>\n<td>Details of machine are manufactured by CNC with high accuracy.<\/td>\n<td>Steel and stainless steel<\/td>\n<td>An Thanh Company<\/td>\n<\/tr>\n<tr>\n<td>ABM inverter controls the motor.<\/td>\n<td><\/td>\n<td>Germany<\/td>\n<\/tr>\n<tr>\n<td>CP protects Schneider machine<\/td>\n<td><\/td>\n<td>Germany<\/td>\n<\/tr>\n<tr>\n<td>PLC Delta<\/td>\n<td><\/td>\n<td>Taiwan<\/td>\n<\/tr>\n<tr>\n<td>Weight control head<\/td>\n<td><\/td>\n<td>Korean<\/td>\n<\/tr>\n<tr>\n<td>Touch screen DELTA<\/td>\n<td><\/td>\n<td>Taiwan<\/td>\n<\/tr>\n<tr>\n<td>Machine parameters displayed on the touch screen<\/td>\n<td><\/td>\n<td><\/td>\n<\/tr>\n<tr>\n<td>Relay Carlogavazzi<\/td>\n<td><\/td>\n<td>Italy<\/td>\n<\/tr>\n<tr>\n<td>Laminated packing system NATEC<\/td>\n<td><\/td>\n<td>Nh\u1eadt<\/td>\n<\/tr>\n<tr>\n<td>Sensor\u00a0 Barcode\u00a0 Aotoro<\/td>\n<td><\/td>\n<td>\u0110\u00e0i loan<\/td>\n<\/tr>\n<tr>\n<td>\u00b7 Pressed pack type: Press the middle belly<\/td>\n<td rowspan=\"4\">Brass or stainless steel<\/td>\n<td rowspan=\"15\">An Thanh Company<\/td>\n<\/tr>\n<tr>\n<td>\u00b7 Pattern pressed: straight stripes creating waves<\/td>\n<\/tr>\n<tr>\n<td>\u00b7 Horizontal compression: 15mm<\/td>\n<\/tr>\n<tr>\n<td>\u00b7 Vertical presses: 12mm<\/td>\n<\/tr>\n<tr>\n<td>Package type: middle abdomen<\/td>\n<td><\/td>\n<\/tr>\n<tr>\n<td>Quantitative method: 2-scale electronic scale.<\/td>\n<td><\/td>\n<\/tr>\n<tr>\n<td>Bag size: packaging film size from 200-350mm<\/td>\n<td><\/td>\n<\/tr>\n<tr>\n<td>Bag Weight: 15g-30g<\/td>\n<td><\/td>\n<\/tr>\n<tr>\n<td>Packaging material: marshmallows<\/td>\n<td><\/td>\n<\/tr>\n<tr>\n<td>Speed: 20 &#8211; 40 products \/ minute. Depending on the features of the material.<\/td>\n<td><\/td>\n<\/tr>\n<tr>\n<td>Electrical power: 2 kw \/ h.<\/td>\n<td><\/td>\n<\/tr>\n<tr>\n<td>Power supply: 220v \/ 50hz<\/td>\n<td><\/td>\n<\/tr>\n<tr>\n<td>Machine size: (D700 x R650 x C2200) mm<\/td>\n<td><\/td>\n<\/tr>\n<tr>\n<td>Machine weight: 600kg<\/td>\n<td><\/td>\n<\/tr>\n<tr>\n<td>Origins of Machine<\/td>\n<td><\/td>\n<\/tr>\n<\/tbody>\n<\/table>\n<div class=\"col-12 col-lg-10 col-xl-8\">\n<p>&nbsp;<\/p>\n<p>Let&#8217;s experience An Thanh&#8217;s rice packing machine by contacting us right away.<\/p>\n<p>See more products <strong><a href=\"\/san-pham\/?lang=en\">here.<\/a><\/strong><\/p>\n<\/div>\n<\/div>\n","protected":false},"excerpt":{"rendered":"<div class=\"pdinfo__quote\">Smartly designed with modern, scientific and convenient structure, An Thanh packaging company\u2019s sugar packing machine using electronic scales is able to operate automatically, smoothly and stably for simple installation operations.<\/div>\n<div><iframe src=\"\/\/www.youtube.com\/embed\/42CXrNjWjZ8?embeds_referring_euri=https\" width=\"560\" height=\"314\" allowfullscreen=\"allowfullscreen\"><\/iframe><\/div>\n<div class=\"clearfix pdinfo__policy f-title\"><\/div>\n","protected":false},"featured_media":13064,"comment_status":"open","ping_status":"closed","template":"","meta":{"inline_featured_image":false},"product_cat":[99,93],"product_tag":[112],"class_list":{"0":"post-730","1":"product","2":"type-product","3":"status-publish","4":"has-post-thumbnail","6":"product_cat-may-dong-goi-thuc-pham-en","7":"product_cat-may-dong-goi-bao-bi-en","8":"product_tag-maydonggoiduongcandientu-en","10":"first","11":"instock","12":"shipping-taxable","13":"purchasable","14":"product-type-simple"},"yoast_head":"<!-- This site is optimized with the Yoast SEO plugin v23.5 - https:\/\/yoast.com\/wordpress\/plugins\/seo\/ -->\n<title>Sugar Packing Machine Using Electronic Scales - M\u00e1y \u0111\u00f3ng g\u00f3i c\u00f4ng nghi\u1ec7p An Th\u00e0nh<\/title>\n<meta name=\"robots\" content=\"index, follow, max-snippet:-1, max-image-preview:large, max-video-preview:-1\" \/>\n<link rel=\"canonical\" href=\"https:\/\/www.packvn.com\/en\/san-pham\/may-dong-goi-duong-can-dien-tu\/\" \/>\n<meta property=\"og:locale\" content=\"en_US\" \/>\n<meta property=\"og:type\" content=\"article\" \/>\n<meta property=\"og:title\" content=\"Sugar Packing Machine Using Electronic Scales - M\u00e1y \u0111\u00f3ng g\u00f3i c\u00f4ng nghi\u1ec7p An Th\u00e0nh\" \/>\n<meta property=\"og:description\" content=\"Smartly designed with modern, scientific and convenient structure, An Thanh packaging company\u2019s sugar packing machine using electronic scales is able to operate automatically, smoothly and stably for simple installation operations.\" \/>\n<meta property=\"og:url\" content=\"https:\/\/www.packvn.com\/en\/san-pham\/may-dong-goi-duong-can-dien-tu\/\" \/>\n<meta property=\"og:site_name\" content=\"M\u00e1y \u0111\u00f3ng g\u00f3i c\u00f4ng nghi\u1ec7p An Th\u00e0nh\" \/>\n<meta property=\"article:publisher\" content=\"https:\/\/www.facebook.com\/maytudongnangsuatcaoanthanh\" \/>\n<meta property=\"article:modified_time\" content=\"2024-09-13T08:24:23+00:00\" \/>\n<meta property=\"og:image\" content=\"https:\/\/www.packvn.com\/wp-content\/uploads\/2024\/04\/duong-phen.jpg\" \/>\n\t<meta property=\"og:image:width\" content=\"900\" \/>\n\t<meta property=\"og:image:height\" content=\"900\" \/>\n\t<meta property=\"og:image:type\" content=\"image\/jpeg\" \/>\n<meta name=\"twitter:card\" content=\"summary_large_image\" \/>\n<meta name=\"twitter:label1\" content=\"Est. reading time\" \/>\n\t<meta name=\"twitter:data1\" content=\"3 minutes\" \/>\n<script type=\"application\/ld+json\" class=\"yoast-schema-graph\">{\"@context\":\"https:\/\/schema.org\",\"@graph\":[{\"@type\":\"WebPage\",\"@id\":\"https:\/\/www.packvn.com\/en\/san-pham\/may-dong-goi-duong-can-dien-tu\/\",\"url\":\"https:\/\/www.packvn.com\/en\/san-pham\/may-dong-goi-duong-can-dien-tu\/\",\"name\":\"Sugar Packing Machine Using Electronic Scales - M\u00e1y \u0111\u00f3ng g\u00f3i c\u00f4ng nghi\u1ec7p An Th\u00e0nh\",\"isPartOf\":{\"@id\":\"https:\/\/www.packvn.com\/#website\"},\"primaryImageOfPage\":{\"@id\":\"https:\/\/www.packvn.com\/en\/san-pham\/may-dong-goi-duong-can-dien-tu\/#primaryimage\"},\"image\":{\"@id\":\"https:\/\/www.packvn.com\/en\/san-pham\/may-dong-goi-duong-can-dien-tu\/#primaryimage\"},\"thumbnailUrl\":\"https:\/\/www.packvn.com\/wp-content\/uploads\/2024\/04\/duong-phen.jpg\",\"datePublished\":\"2020-10-15T02:37:33+00:00\",\"dateModified\":\"2024-09-13T08:24:23+00:00\",\"breadcrumb\":{\"@id\":\"https:\/\/www.packvn.com\/en\/san-pham\/may-dong-goi-duong-can-dien-tu\/#breadcrumb\"},\"inLanguage\":\"en-US\",\"potentialAction\":[{\"@type\":\"ReadAction\",\"target\":[\"https:\/\/www.packvn.com\/en\/san-pham\/may-dong-goi-duong-can-dien-tu\/\"]}]},{\"@type\":\"ImageObject\",\"inLanguage\":\"en-US\",\"@id\":\"https:\/\/www.packvn.com\/en\/san-pham\/may-dong-goi-duong-can-dien-tu\/#primaryimage\",\"url\":\"https:\/\/www.packvn.com\/wp-content\/uploads\/2024\/04\/duong-phen.jpg\",\"contentUrl\":\"https:\/\/www.packvn.com\/wp-content\/uploads\/2024\/04\/duong-phen.jpg\",\"width\":900,\"height\":900},{\"@type\":\"BreadcrumbList\",\"@id\":\"https:\/\/www.packvn.com\/en\/san-pham\/may-dong-goi-duong-can-dien-tu\/#breadcrumb\",\"itemListElement\":[{\"@type\":\"ListItem\",\"position\":1,\"name\":\"Trang ch\u1ee7\",\"item\":\"https:\/\/www.packvn.com\/en\/\"},{\"@type\":\"ListItem\",\"position\":2,\"name\":\"S\u1ea3n ph\u1ea9m\",\"item\":\"https:\/\/www.packvn.com\/san-pham\/\"},{\"@type\":\"ListItem\",\"position\":3,\"name\":\"M\u00e1y \u0111\u00f3ng g\u00f3i t\u1ef1 \u0111\u1ed9ng\",\"item\":\"https:\/\/www.packvn.com\/danh-muc-san-pham\/may-dong-goi-tu-dong\/\"},{\"@type\":\"ListItem\",\"position\":4,\"name\":\"M\u00e1y \u0110\u00f3ng G\u00f3i Bao B\u00ec\",\"item\":\"https:\/\/www.packvn.com\/danh-muc-san-pham\/may-dong-goi-tu-dong\/may-dong-goi-bao-bi\/\"},{\"@type\":\"ListItem\",\"position\":5,\"name\":\"Sugar Packing Machine Using Electronic Scales\"}]},{\"@type\":\"WebSite\",\"@id\":\"https:\/\/www.packvn.com\/#website\",\"url\":\"https:\/\/www.packvn.com\/\",\"name\":\"M\u00e1y \u0111\u00f3ng g\u00f3i c\u00f4ng nghi\u1ec7p An Th\u00e0nh\",\"description\":\"Nh\u00e0 s\u1ea3n xu\u1ea5t m\u00e1y \u0111\u00f3ng g\u00f3i ch\u1ea5t l\u01b0\u1ee3ng cao\",\"publisher\":{\"@id\":\"https:\/\/www.packvn.com\/#organization\"},\"potentialAction\":[{\"@type\":\"SearchAction\",\"target\":{\"@type\":\"EntryPoint\",\"urlTemplate\":\"https:\/\/www.packvn.com\/?s={search_term_string}\"},\"query-input\":{\"@type\":\"PropertyValueSpecification\",\"valueRequired\":true,\"valueName\":\"search_term_string\"}}],\"inLanguage\":\"en-US\"},{\"@type\":\"Organization\",\"@id\":\"https:\/\/www.packvn.com\/#organization\",\"name\":\"M\u00e1y \u0110\u00f3ng G\u00f3i An Th\u00e0nh\",\"url\":\"https:\/\/www.packvn.com\/\",\"logo\":{\"@type\":\"ImageObject\",\"inLanguage\":\"en-US\",\"@id\":\"https:\/\/www.packvn.com\/#\/schema\/logo\/image\/\",\"url\":\"https:\/\/www.packvn.com\/wp-content\/uploads\/2020\/10\/cropped-logo-logo-chat-luong-thap-200609090814.png\",\"contentUrl\":\"https:\/\/www.packvn.com\/wp-content\/uploads\/2020\/10\/cropped-logo-logo-chat-luong-thap-200609090814.png\",\"width\":512,\"height\":512,\"caption\":\"M\u00e1y \u0110\u00f3ng G\u00f3i An Th\u00e0nh\"},\"image\":{\"@id\":\"https:\/\/www.packvn.com\/#\/schema\/logo\/image\/\"},\"sameAs\":[\"https:\/\/www.facebook.com\/maytudongnangsuatcaoanthanh\"]}]}<\/script>\n<!-- \/ Yoast SEO plugin. -->","yoast_head_json":{"title":"Sugar Packing Machine Using Electronic Scales - M\u00e1y \u0111\u00f3ng g\u00f3i c\u00f4ng nghi\u1ec7p An Th\u00e0nh","robots":{"index":"index","follow":"follow","max-snippet":"max-snippet:-1","max-image-preview":"max-image-preview:large","max-video-preview":"max-video-preview:-1"},"canonical":"https:\/\/www.packvn.com\/en\/san-pham\/may-dong-goi-duong-can-dien-tu\/","og_locale":"en_US","og_type":"article","og_title":"Sugar Packing Machine Using Electronic Scales - M\u00e1y \u0111\u00f3ng g\u00f3i c\u00f4ng nghi\u1ec7p An Th\u00e0nh","og_description":"Smartly designed with modern, scientific and convenient structure, An Thanh packaging company\u2019s sugar packing machine using electronic scales is able to operate automatically, smoothly and stably for simple installation operations.","og_url":"https:\/\/www.packvn.com\/en\/san-pham\/may-dong-goi-duong-can-dien-tu\/","og_site_name":"M\u00e1y \u0111\u00f3ng g\u00f3i c\u00f4ng nghi\u1ec7p An Th\u00e0nh","article_publisher":"https:\/\/www.facebook.com\/maytudongnangsuatcaoanthanh","article_modified_time":"2024-09-13T08:24:23+00:00","og_image":[{"width":900,"height":900,"url":"https:\/\/www.packvn.com\/wp-content\/uploads\/2024\/04\/duong-phen.jpg","type":"image\/jpeg"}],"twitter_card":"summary_large_image","twitter_misc":{"Est. reading time":"3 minutes"},"schema":{"@context":"https:\/\/schema.org","@graph":[{"@type":"WebPage","@id":"https:\/\/www.packvn.com\/en\/san-pham\/may-dong-goi-duong-can-dien-tu\/","url":"https:\/\/www.packvn.com\/en\/san-pham\/may-dong-goi-duong-can-dien-tu\/","name":"Sugar Packing Machine Using Electronic Scales - M\u00e1y \u0111\u00f3ng g\u00f3i c\u00f4ng nghi\u1ec7p An Th\u00e0nh","isPartOf":{"@id":"https:\/\/www.packvn.com\/#website"},"primaryImageOfPage":{"@id":"https:\/\/www.packvn.com\/en\/san-pham\/may-dong-goi-duong-can-dien-tu\/#primaryimage"},"image":{"@id":"https:\/\/www.packvn.com\/en\/san-pham\/may-dong-goi-duong-can-dien-tu\/#primaryimage"},"thumbnailUrl":"https:\/\/www.packvn.com\/wp-content\/uploads\/2024\/04\/duong-phen.jpg","datePublished":"2020-10-15T02:37:33+00:00","dateModified":"2024-09-13T08:24:23+00:00","breadcrumb":{"@id":"https:\/\/www.packvn.com\/en\/san-pham\/may-dong-goi-duong-can-dien-tu\/#breadcrumb"},"inLanguage":"en-US","potentialAction":[{"@type":"ReadAction","target":["https:\/\/www.packvn.com\/en\/san-pham\/may-dong-goi-duong-can-dien-tu\/"]}]},{"@type":"ImageObject","inLanguage":"en-US","@id":"https:\/\/www.packvn.com\/en\/san-pham\/may-dong-goi-duong-can-dien-tu\/#primaryimage","url":"https:\/\/www.packvn.com\/wp-content\/uploads\/2024\/04\/duong-phen.jpg","contentUrl":"https:\/\/www.packvn.com\/wp-content\/uploads\/2024\/04\/duong-phen.jpg","width":900,"height":900},{"@type":"BreadcrumbList","@id":"https:\/\/www.packvn.com\/en\/san-pham\/may-dong-goi-duong-can-dien-tu\/#breadcrumb","itemListElement":[{"@type":"ListItem","position":1,"name":"Trang ch\u1ee7","item":"https:\/\/www.packvn.com\/en\/"},{"@type":"ListItem","position":2,"name":"S\u1ea3n ph\u1ea9m","item":"https:\/\/www.packvn.com\/san-pham\/"},{"@type":"ListItem","position":3,"name":"M\u00e1y \u0111\u00f3ng g\u00f3i t\u1ef1 \u0111\u1ed9ng","item":"https:\/\/www.packvn.com\/danh-muc-san-pham\/may-dong-goi-tu-dong\/"},{"@type":"ListItem","position":4,"name":"M\u00e1y \u0110\u00f3ng G\u00f3i Bao B\u00ec","item":"https:\/\/www.packvn.com\/danh-muc-san-pham\/may-dong-goi-tu-dong\/may-dong-goi-bao-bi\/"},{"@type":"ListItem","position":5,"name":"Sugar Packing Machine Using Electronic Scales"}]},{"@type":"WebSite","@id":"https:\/\/www.packvn.com\/#website","url":"https:\/\/www.packvn.com\/","name":"M\u00e1y \u0111\u00f3ng g\u00f3i c\u00f4ng nghi\u1ec7p An Th\u00e0nh","description":"Nh\u00e0 s\u1ea3n xu\u1ea5t m\u00e1y \u0111\u00f3ng g\u00f3i ch\u1ea5t l\u01b0\u1ee3ng cao","publisher":{"@id":"https:\/\/www.packvn.com\/#organization"},"potentialAction":[{"@type":"SearchAction","target":{"@type":"EntryPoint","urlTemplate":"https:\/\/www.packvn.com\/?s={search_term_string}"},"query-input":{"@type":"PropertyValueSpecification","valueRequired":true,"valueName":"search_term_string"}}],"inLanguage":"en-US"},{"@type":"Organization","@id":"https:\/\/www.packvn.com\/#organization","name":"M\u00e1y \u0110\u00f3ng G\u00f3i An Th\u00e0nh","url":"https:\/\/www.packvn.com\/","logo":{"@type":"ImageObject","inLanguage":"en-US","@id":"https:\/\/www.packvn.com\/#\/schema\/logo\/image\/","url":"https:\/\/www.packvn.com\/wp-content\/uploads\/2020\/10\/cropped-logo-logo-chat-luong-thap-200609090814.png","contentUrl":"https:\/\/www.packvn.com\/wp-content\/uploads\/2020\/10\/cropped-logo-logo-chat-luong-thap-200609090814.png","width":512,"height":512,"caption":"M\u00e1y \u0110\u00f3ng G\u00f3i An Th\u00e0nh"},"image":{"@id":"https:\/\/www.packvn.com\/#\/schema\/logo\/image\/"},"sameAs":["https:\/\/www.facebook.com\/maytudongnangsuatcaoanthanh"]}]}},"_links":{"self":[{"href":"https:\/\/www.packvn.com\/en\/wp-json\/wp\/v2\/product\/730"}],"collection":[{"href":"https:\/\/www.packvn.com\/en\/wp-json\/wp\/v2\/product"}],"about":[{"href":"https:\/\/www.packvn.com\/en\/wp-json\/wp\/v2\/types\/product"}],"replies":[{"embeddable":true,"href":"https:\/\/www.packvn.com\/en\/wp-json\/wp\/v2\/comments?post=730"}],"wp:featuredmedia":[{"embeddable":true,"href":"https:\/\/www.packvn.com\/en\/wp-json\/wp\/v2\/media\/13064"}],"wp:attachment":[{"href":"https:\/\/www.packvn.com\/en\/wp-json\/wp\/v2\/media?parent=730"}],"wp:term":[{"taxonomy":"product_cat","embeddable":true,"href":"https:\/\/www.packvn.com\/en\/wp-json\/wp\/v2\/product_cat?post=730"},{"taxonomy":"product_tag","embeddable":true,"href":"https:\/\/www.packvn.com\/en\/wp-json\/wp\/v2\/product_tag?post=730"}],"curies":[{"name":"wp","href":"https:\/\/api.w.org\/{rel}","templated":true}]}}