{"id":717,"date":"2020-10-15T02:47:26","date_gmt":"2020-10-15T02:47:26","guid":{"rendered":"http:\/\/maydonggoi.southteam.co\/product\/may-dong-goi-gang-tay\/"},"modified":"2024-09-13T15:02:11","modified_gmt":"2024-09-13T08:02:11","slug":"may-dong-goi-gang-tay","status":"publish","type":"product","link":"https:\/\/www.packvn.com\/en\/san-pham\/may-dong-goi-gang-tay\/","title":{"rendered":"GLOVES PACKAGING MACHINE"},"content":{"rendered":"<h2><strong>Product Information Gloves Packaging Machine<\/strong><\/h2>\n<div class=\"clearfix dcontent\">\n<p><strong>Glove packaing machine<\/strong> is a lying flat packing machine, which is used in rubber glove and medical glove factories. The machine works in a continuous automatic cycle.<\/p>\n<h2><strong>The outstanding advantages of An Thanh glove packaging machine<\/strong><\/h2>\n<p>In rubber glove and medical glove factories, the final stage to a product is packaging.<\/p>\n<p>The glove product is loaded by conveyor and moved through the glove packing machine to be packed in pre-shipment packaging.<\/p>\n<p>With components imported from abroad, the glove packaging machine of An Thanh has always brought the absolute trust of customers.<\/p>\n<p><img decoding=\"async\" class=\"aligncenter size-full wp-image-13011\" src=\"https:\/\/www.packvn.com\/wp-content\/uploads\/2020\/10\/Untitled-1.png\" alt=\"\" width=\"900\" height=\"900\" srcset=\"https:\/\/www.packvn.com\/wp-content\/uploads\/2020\/10\/Untitled-1.png 900w, https:\/\/www.packvn.com\/wp-content\/uploads\/2020\/10\/Untitled-1-300x300.png 300w, https:\/\/www.packvn.com\/wp-content\/uploads\/2020\/10\/Untitled-1-150x150.png 150w, https:\/\/www.packvn.com\/wp-content\/uploads\/2020\/10\/Untitled-1-768x768.png 768w, https:\/\/www.packvn.com\/wp-content\/uploads\/2020\/10\/Untitled-1-600x600.png 600w, https:\/\/www.packvn.com\/wp-content\/uploads\/2020\/10\/Untitled-1-100x100.png 100w\" sizes=\"(max-width: 900px) 100vw, 900px\" \/><\/p>\n<h2><strong>Gloves packaging machine specification<\/strong><\/h2>\n<p><strong>Gloves packaging machine<\/strong> is designed for automation at all stages.<\/p>\n<p>The machine has the ability to cut apart each bag or line to count packages according to production needs.<\/p>\n<p>The glove packaging machine has an electric power of 1.8kw \/ h and the common power supply is 220v-50hz.<\/p>\n<h2><strong>Gloves packaging machine application<\/strong><\/h2>\n<p><strong>Gloves packaging machine<\/strong> is used in the glove packaging industry. Finished products packaged in square, round or rectangular form.<\/p>\n<p>In addition, the glove packaging machine is also used in the packaging of other products such as: napkins, wet paper towels, ..<\/p>\n<p><img decoding=\"async\" class=\"aligncenter wp-image-166 size-full\" src=\"\/wp-content\/uploads\/2020\/10\/may-dong-goi-gang-tay.jpg\" alt=\"M\u00e1y \u0111\u00f3ng g\u00f3i g\u0103ng tay\" width=\"450\" height=\"629\" srcset=\"https:\/\/www.packvn.com\/wp-content\/uploads\/2020\/10\/may-dong-goi-gang-tay.jpg 450w, https:\/\/www.packvn.com\/wp-content\/uploads\/2020\/10\/may-dong-goi-gang-tay-215x300.jpg 215w\" sizes=\"(max-width: 450px) 100vw, 450px\" \/><\/p>\n<h2><strong>An Thanh Gloves Packaging Machine &#8211; Quality assurance, safe and economical<\/strong><\/h2>\n<p>An Thanh Trading &#8211; Service and Technology Co., Ltd is one of the companies manufacturing and supplying top quality packaging machines in the Vietnamese market. In particular, An Thanh glove packaging machine is highly appreciated by many enterprises and production facilities by:<\/p>\n<ul>\n<li>An Thanh&#8217;s glove packaging machine has a modern design, compact size, so it&#8217;s easy to install and move.<\/li>\n<li>The machine applies modern production technology according to foreign standards, so it produces finished products with beautiful and solid designs, ensuring durability during transportation.<\/li>\n<li>An Thanh&#8217;s glove packing machine ensures smooth, stable and fast operation. At the same time, the machine operation process also ensures to minimize the rate of faulty goods, save costs for businesses.<\/li>\n<li>The part in contact with the material is made of stainless steel and does not rust<\/li>\n<li>The control components of the glove packaging machine (inverter, touch screen, PLC, servo, &#8230;) are imported directly from Germany, Japan, Italy, and Taiwan to ensure top quality.<\/li>\n<li>The machine details are machined by CNC machine, so it is guaranteed to have high accuracy.<\/li>\n<li>An Thanh&#8217;s glove packaging machine not only always meets the standards of aesthetics and safety, but the service life of the machine is always highly appreciated.<\/li>\n<\/ul>\n<h2><strong>Notes on buying gloves packaging machine in An Thanh<\/strong><\/h2>\n<p>All <strong>gloves packaging machines<\/strong> from An Thanh will be warranted for 12 months from the date of delivery. The error belongs to the manufacturer, we commit to fix 100% on-the-spot with no cost to the customer.<\/p>\n<p>In addition, we also have periodic maintenance after warranty to help the product always operate in the best condition.<\/p>\n<p>Let&#8217;s experience An Thanh&#8217;s rice packing machine by contacting us right away.<\/p>\n<p>See more products <strong><a href=\"\/san-pham\/?lang=en\">here.<\/a><\/strong><\/p>\n<\/div>\n","protected":false},"excerpt":{"rendered":"<div class=\"pdinfo__quote\">The glove packing machine with simple, easy-to-use design is widely used in the manufacturing for medical devices and equipments. This packaging machine helps businesses increasing productivity and quality of finished products. In the manufacturing process, the packaging is extremely important.<\/div>\n<div><iframe src=\"\/\/www.youtube.com\/embed\/MNJ04SvYJbk\" width=\"560\" height=\"314\" allowfullscreen=\"allowfullscreen\"><\/iframe><\/div>\n<div><\/div>\n<div class=\"clearfix pdinfo__policy f-title\"><\/div>\n","protected":false},"featured_media":13011,"comment_status":"open","ping_status":"closed","template":"","meta":{"inline_featured_image":false},"product_cat":[101],"product_tag":[103],"class_list":{"0":"post-717","1":"product","2":"type-product","3":"status-publish","4":"has-post-thumbnail","6":"product_cat-may-dong-goi-dang-nam-en","7":"product_tag-maydonggoigangtay-en","9":"first","10":"instock","11":"shipping-taxable","12":"product-type-simple"},"yoast_head":"<!-- This site is optimized with the Yoast SEO plugin v23.5 - https:\/\/yoast.com\/wordpress\/plugins\/seo\/ -->\n<title>GLOVES PACKAGING MACHINE - M\u00e1y \u0111\u00f3ng g\u00f3i c\u00f4ng nghi\u1ec7p An Th\u00e0nh<\/title>\n<meta name=\"robots\" content=\"index, follow, max-snippet:-1, max-image-preview:large, max-video-preview:-1\" \/>\n<link rel=\"canonical\" href=\"https:\/\/www.packvn.com\/en\/san-pham\/may-dong-goi-gang-tay\/\" \/>\n<meta property=\"og:locale\" content=\"en_US\" \/>\n<meta property=\"og:type\" content=\"article\" \/>\n<meta property=\"og:title\" content=\"GLOVES PACKAGING MACHINE - M\u00e1y \u0111\u00f3ng g\u00f3i c\u00f4ng nghi\u1ec7p An Th\u00e0nh\" \/>\n<meta property=\"og:description\" content=\"The glove packing machine with simple, easy-to-use design is widely used in the manufacturing for medical devices and equipments. This packaging machine helps businesses increasing productivity and quality of finished products. In the manufacturing process, the packaging is extremely important.\" \/>\n<meta property=\"og:url\" content=\"https:\/\/www.packvn.com\/en\/san-pham\/may-dong-goi-gang-tay\/\" \/>\n<meta property=\"og:site_name\" content=\"M\u00e1y \u0111\u00f3ng g\u00f3i c\u00f4ng nghi\u1ec7p An Th\u00e0nh\" \/>\n<meta property=\"article:publisher\" content=\"https:\/\/www.facebook.com\/maytudongnangsuatcaoanthanh\" \/>\n<meta property=\"article:modified_time\" content=\"2024-09-13T08:02:11+00:00\" \/>\n<meta property=\"og:image\" content=\"https:\/\/www.packvn.com\/wp-content\/uploads\/2020\/10\/Untitled-1.png\" \/>\n\t<meta property=\"og:image:width\" content=\"900\" \/>\n\t<meta property=\"og:image:height\" content=\"900\" \/>\n\t<meta property=\"og:image:type\" content=\"image\/png\" \/>\n<meta name=\"twitter:card\" content=\"summary_large_image\" \/>\n<meta name=\"twitter:label1\" content=\"Est. reading time\" \/>\n\t<meta name=\"twitter:data1\" content=\"4 minutes\" \/>\n<script type=\"application\/ld+json\" class=\"yoast-schema-graph\">{\"@context\":\"https:\/\/schema.org\",\"@graph\":[{\"@type\":\"WebPage\",\"@id\":\"https:\/\/www.packvn.com\/en\/san-pham\/may-dong-goi-gang-tay\/\",\"url\":\"https:\/\/www.packvn.com\/en\/san-pham\/may-dong-goi-gang-tay\/\",\"name\":\"GLOVES PACKAGING MACHINE - M\u00e1y \u0111\u00f3ng g\u00f3i c\u00f4ng nghi\u1ec7p An Th\u00e0nh\",\"isPartOf\":{\"@id\":\"https:\/\/www.packvn.com\/#website\"},\"primaryImageOfPage\":{\"@id\":\"https:\/\/www.packvn.com\/en\/san-pham\/may-dong-goi-gang-tay\/#primaryimage\"},\"image\":{\"@id\":\"https:\/\/www.packvn.com\/en\/san-pham\/may-dong-goi-gang-tay\/#primaryimage\"},\"thumbnailUrl\":\"https:\/\/www.packvn.com\/wp-content\/uploads\/2020\/10\/Untitled-1.png\",\"datePublished\":\"2020-10-15T02:47:26+00:00\",\"dateModified\":\"2024-09-13T08:02:11+00:00\",\"breadcrumb\":{\"@id\":\"https:\/\/www.packvn.com\/en\/san-pham\/may-dong-goi-gang-tay\/#breadcrumb\"},\"inLanguage\":\"en-US\",\"potentialAction\":[{\"@type\":\"ReadAction\",\"target\":[\"https:\/\/www.packvn.com\/en\/san-pham\/may-dong-goi-gang-tay\/\"]}]},{\"@type\":\"ImageObject\",\"inLanguage\":\"en-US\",\"@id\":\"https:\/\/www.packvn.com\/en\/san-pham\/may-dong-goi-gang-tay\/#primaryimage\",\"url\":\"https:\/\/www.packvn.com\/wp-content\/uploads\/2020\/10\/Untitled-1.png\",\"contentUrl\":\"https:\/\/www.packvn.com\/wp-content\/uploads\/2020\/10\/Untitled-1.png\",\"width\":900,\"height\":900},{\"@type\":\"BreadcrumbList\",\"@id\":\"https:\/\/www.packvn.com\/en\/san-pham\/may-dong-goi-gang-tay\/#breadcrumb\",\"itemListElement\":[{\"@type\":\"ListItem\",\"position\":1,\"name\":\"Trang ch\u1ee7\",\"item\":\"https:\/\/www.packvn.com\/en\/\"},{\"@type\":\"ListItem\",\"position\":2,\"name\":\"S\u1ea3n ph\u1ea9m\",\"item\":\"https:\/\/www.packvn.com\/san-pham\/\"},{\"@type\":\"ListItem\",\"position\":3,\"name\":\"Packing Machine\",\"item\":\"https:\/\/www.packvn.com\/en\/danh-muc-san-pham\/may-dong-goi-en\/\"},{\"@type\":\"ListItem\",\"position\":4,\"name\":\"Horizontal Packaging Machine\",\"item\":\"https:\/\/www.packvn.com\/en\/danh-muc-san-pham\/may-dong-goi-en\/may-dong-goi-dang-nam-en\/\"},{\"@type\":\"ListItem\",\"position\":5,\"name\":\"GLOVES PACKAGING MACHINE\"}]},{\"@type\":\"WebSite\",\"@id\":\"https:\/\/www.packvn.com\/#website\",\"url\":\"https:\/\/www.packvn.com\/\",\"name\":\"M\u00e1y \u0111\u00f3ng g\u00f3i c\u00f4ng nghi\u1ec7p An Th\u00e0nh\",\"description\":\"Nh\u00e0 s\u1ea3n xu\u1ea5t m\u00e1y \u0111\u00f3ng g\u00f3i ch\u1ea5t l\u01b0\u1ee3ng cao\",\"publisher\":{\"@id\":\"https:\/\/www.packvn.com\/#organization\"},\"potentialAction\":[{\"@type\":\"SearchAction\",\"target\":{\"@type\":\"EntryPoint\",\"urlTemplate\":\"https:\/\/www.packvn.com\/?s={search_term_string}\"},\"query-input\":{\"@type\":\"PropertyValueSpecification\",\"valueRequired\":true,\"valueName\":\"search_term_string\"}}],\"inLanguage\":\"en-US\"},{\"@type\":\"Organization\",\"@id\":\"https:\/\/www.packvn.com\/#organization\",\"name\":\"M\u00e1y \u0110\u00f3ng G\u00f3i An Th\u00e0nh\",\"url\":\"https:\/\/www.packvn.com\/\",\"logo\":{\"@type\":\"ImageObject\",\"inLanguage\":\"en-US\",\"@id\":\"https:\/\/www.packvn.com\/#\/schema\/logo\/image\/\",\"url\":\"https:\/\/www.packvn.com\/wp-content\/uploads\/2020\/10\/cropped-logo-logo-chat-luong-thap-200609090814.png\",\"contentUrl\":\"https:\/\/www.packvn.com\/wp-content\/uploads\/2020\/10\/cropped-logo-logo-chat-luong-thap-200609090814.png\",\"width\":512,\"height\":512,\"caption\":\"M\u00e1y \u0110\u00f3ng G\u00f3i An Th\u00e0nh\"},\"image\":{\"@id\":\"https:\/\/www.packvn.com\/#\/schema\/logo\/image\/\"},\"sameAs\":[\"https:\/\/www.facebook.com\/maytudongnangsuatcaoanthanh\"]}]}<\/script>\n<!-- \/ Yoast SEO plugin. -->","yoast_head_json":{"title":"GLOVES PACKAGING MACHINE - M\u00e1y \u0111\u00f3ng g\u00f3i c\u00f4ng nghi\u1ec7p An Th\u00e0nh","robots":{"index":"index","follow":"follow","max-snippet":"max-snippet:-1","max-image-preview":"max-image-preview:large","max-video-preview":"max-video-preview:-1"},"canonical":"https:\/\/www.packvn.com\/en\/san-pham\/may-dong-goi-gang-tay\/","og_locale":"en_US","og_type":"article","og_title":"GLOVES PACKAGING MACHINE - M\u00e1y \u0111\u00f3ng g\u00f3i c\u00f4ng nghi\u1ec7p An Th\u00e0nh","og_description":"The glove packing machine with simple, easy-to-use design is widely used in the manufacturing for medical devices and equipments. This packaging machine helps businesses increasing productivity and quality of finished products. In the manufacturing process, the packaging is extremely important.","og_url":"https:\/\/www.packvn.com\/en\/san-pham\/may-dong-goi-gang-tay\/","og_site_name":"M\u00e1y \u0111\u00f3ng g\u00f3i c\u00f4ng nghi\u1ec7p An Th\u00e0nh","article_publisher":"https:\/\/www.facebook.com\/maytudongnangsuatcaoanthanh","article_modified_time":"2024-09-13T08:02:11+00:00","og_image":[{"width":900,"height":900,"url":"https:\/\/www.packvn.com\/wp-content\/uploads\/2020\/10\/Untitled-1.png","type":"image\/png"}],"twitter_card":"summary_large_image","twitter_misc":{"Est. reading time":"4 minutes"},"schema":{"@context":"https:\/\/schema.org","@graph":[{"@type":"WebPage","@id":"https:\/\/www.packvn.com\/en\/san-pham\/may-dong-goi-gang-tay\/","url":"https:\/\/www.packvn.com\/en\/san-pham\/may-dong-goi-gang-tay\/","name":"GLOVES PACKAGING MACHINE - M\u00e1y \u0111\u00f3ng g\u00f3i c\u00f4ng nghi\u1ec7p An Th\u00e0nh","isPartOf":{"@id":"https:\/\/www.packvn.com\/#website"},"primaryImageOfPage":{"@id":"https:\/\/www.packvn.com\/en\/san-pham\/may-dong-goi-gang-tay\/#primaryimage"},"image":{"@id":"https:\/\/www.packvn.com\/en\/san-pham\/may-dong-goi-gang-tay\/#primaryimage"},"thumbnailUrl":"https:\/\/www.packvn.com\/wp-content\/uploads\/2020\/10\/Untitled-1.png","datePublished":"2020-10-15T02:47:26+00:00","dateModified":"2024-09-13T08:02:11+00:00","breadcrumb":{"@id":"https:\/\/www.packvn.com\/en\/san-pham\/may-dong-goi-gang-tay\/#breadcrumb"},"inLanguage":"en-US","potentialAction":[{"@type":"ReadAction","target":["https:\/\/www.packvn.com\/en\/san-pham\/may-dong-goi-gang-tay\/"]}]},{"@type":"ImageObject","inLanguage":"en-US","@id":"https:\/\/www.packvn.com\/en\/san-pham\/may-dong-goi-gang-tay\/#primaryimage","url":"https:\/\/www.packvn.com\/wp-content\/uploads\/2020\/10\/Untitled-1.png","contentUrl":"https:\/\/www.packvn.com\/wp-content\/uploads\/2020\/10\/Untitled-1.png","width":900,"height":900},{"@type":"BreadcrumbList","@id":"https:\/\/www.packvn.com\/en\/san-pham\/may-dong-goi-gang-tay\/#breadcrumb","itemListElement":[{"@type":"ListItem","position":1,"name":"Trang ch\u1ee7","item":"https:\/\/www.packvn.com\/en\/"},{"@type":"ListItem","position":2,"name":"S\u1ea3n ph\u1ea9m","item":"https:\/\/www.packvn.com\/san-pham\/"},{"@type":"ListItem","position":3,"name":"Packing Machine","item":"https:\/\/www.packvn.com\/en\/danh-muc-san-pham\/may-dong-goi-en\/"},{"@type":"ListItem","position":4,"name":"Horizontal Packaging Machine","item":"https:\/\/www.packvn.com\/en\/danh-muc-san-pham\/may-dong-goi-en\/may-dong-goi-dang-nam-en\/"},{"@type":"ListItem","position":5,"name":"GLOVES PACKAGING MACHINE"}]},{"@type":"WebSite","@id":"https:\/\/www.packvn.com\/#website","url":"https:\/\/www.packvn.com\/","name":"M\u00e1y \u0111\u00f3ng g\u00f3i c\u00f4ng nghi\u1ec7p An Th\u00e0nh","description":"Nh\u00e0 s\u1ea3n xu\u1ea5t m\u00e1y \u0111\u00f3ng g\u00f3i ch\u1ea5t l\u01b0\u1ee3ng cao","publisher":{"@id":"https:\/\/www.packvn.com\/#organization"},"potentialAction":[{"@type":"SearchAction","target":{"@type":"EntryPoint","urlTemplate":"https:\/\/www.packvn.com\/?s={search_term_string}"},"query-input":{"@type":"PropertyValueSpecification","valueRequired":true,"valueName":"search_term_string"}}],"inLanguage":"en-US"},{"@type":"Organization","@id":"https:\/\/www.packvn.com\/#organization","name":"M\u00e1y \u0110\u00f3ng G\u00f3i An Th\u00e0nh","url":"https:\/\/www.packvn.com\/","logo":{"@type":"ImageObject","inLanguage":"en-US","@id":"https:\/\/www.packvn.com\/#\/schema\/logo\/image\/","url":"https:\/\/www.packvn.com\/wp-content\/uploads\/2020\/10\/cropped-logo-logo-chat-luong-thap-200609090814.png","contentUrl":"https:\/\/www.packvn.com\/wp-content\/uploads\/2020\/10\/cropped-logo-logo-chat-luong-thap-200609090814.png","width":512,"height":512,"caption":"M\u00e1y \u0110\u00f3ng G\u00f3i An Th\u00e0nh"},"image":{"@id":"https:\/\/www.packvn.com\/#\/schema\/logo\/image\/"},"sameAs":["https:\/\/www.facebook.com\/maytudongnangsuatcaoanthanh"]}]}},"_links":{"self":[{"href":"https:\/\/www.packvn.com\/en\/wp-json\/wp\/v2\/product\/717"}],"collection":[{"href":"https:\/\/www.packvn.com\/en\/wp-json\/wp\/v2\/product"}],"about":[{"href":"https:\/\/www.packvn.com\/en\/wp-json\/wp\/v2\/types\/product"}],"replies":[{"embeddable":true,"href":"https:\/\/www.packvn.com\/en\/wp-json\/wp\/v2\/comments?post=717"}],"wp:featuredmedia":[{"embeddable":true,"href":"https:\/\/www.packvn.com\/en\/wp-json\/wp\/v2\/media\/13011"}],"wp:attachment":[{"href":"https:\/\/www.packvn.com\/en\/wp-json\/wp\/v2\/media?parent=717"}],"wp:term":[{"taxonomy":"product_cat","embeddable":true,"href":"https:\/\/www.packvn.com\/en\/wp-json\/wp\/v2\/product_cat?post=717"},{"taxonomy":"product_tag","embeddable":true,"href":"https:\/\/www.packvn.com\/en\/wp-json\/wp\/v2\/product_tag?post=717"}],"curies":[{"name":"wp","href":"https:\/\/api.w.org\/{rel}","templated":true}]}}