{"id":714,"date":"2020-10-15T02:51:10","date_gmt":"2020-10-15T02:51:10","guid":{"rendered":"http:\/\/maydonggoi.southteam.co\/product\/may-dong-goi-banh-trung-thu\/"},"modified":"2024-09-13T14:59:10","modified_gmt":"2024-09-13T07:59:10","slug":"may-dong-goi-banh-trung-thu","status":"publish","type":"product","link":"https:\/\/www.packvn.com\/en\/san-pham\/may-dong-goi-banh-trung-thu\/","title":{"rendered":"Moon Cake Packaging Machine"},"content":{"rendered":"<h3 class=\"title-page f-title\"><strong>Procduct Information Moon Cake Packaging Machine<\/strong><\/h3>\n<p><img decoding=\"async\" class=\"aligncenter size-full wp-image-13001\" src=\"https:\/\/www.packvn.com\/wp-content\/uploads\/2020\/10\/Untitled-1.jpg\" alt=\"\" width=\"900\" height=\"900\" srcset=\"https:\/\/www.packvn.com\/wp-content\/uploads\/2020\/10\/Untitled-1.jpg 900w, https:\/\/www.packvn.com\/wp-content\/uploads\/2020\/10\/Untitled-1-300x300.jpg 300w, https:\/\/www.packvn.com\/wp-content\/uploads\/2020\/10\/Untitled-1-150x150.jpg 150w, https:\/\/www.packvn.com\/wp-content\/uploads\/2020\/10\/Untitled-1-768x768.jpg 768w, https:\/\/www.packvn.com\/wp-content\/uploads\/2020\/10\/Untitled-1-600x600.jpg 600w, https:\/\/www.packvn.com\/wp-content\/uploads\/2020\/10\/Untitled-1-100x100.jpg 100w\" sizes=\"(max-width: 900px) 100vw, 900px\" \/><\/p>\n<div class=\"clearfix dcontent\">\n<p><strong>Moon Cake Packaging Machine<\/strong> is a lying type packaging machine for packing the moon cake after it is baked in order to ensure its retain moisture and delicious taste.<\/p>\n<h2><strong>Features of moon cake packaging machine<\/strong><\/h2>\n<p>Mooncakes are no stranger to Vietnamese people. Every year on the occasion of the mid-autumn festival, every street will display various types of moon cakes. Yellow &#8211; red cakes and moon cakes are given as gifts everywhere.<\/p>\n<p>In addition to the small establishments that produce handmade moon cakes that make too much of a donation, large firms that mass-produce them need a cake packaging line after they come out of the oven.<\/p>\n<p>And the question of why is it necessary to pack the cakes with a moon cake packing machine after the oven comes out?<\/p>\n<p>&nbsp;<\/p>\n<p><img decoding=\"async\" class=\"aligncenter wp-image-169 size-full\" src=\"\/wp-content\/uploads\/2020\/10\/tui-dung-banh-trung-thu.jpg\" alt=\"M\u00e1y \u0111\u00f3ng g\u00f3i b\u00e1nh trung thu\" width=\"600\" height=\"600\" srcset=\"https:\/\/www.packvn.com\/wp-content\/uploads\/2020\/10\/tui-dung-banh-trung-thu.jpg 600w, https:\/\/www.packvn.com\/wp-content\/uploads\/2020\/10\/tui-dung-banh-trung-thu-300x300.jpg 300w, https:\/\/www.packvn.com\/wp-content\/uploads\/2020\/10\/tui-dung-banh-trung-thu-150x150.jpg 150w, https:\/\/www.packvn.com\/wp-content\/uploads\/2020\/10\/tui-dung-banh-trung-thu-100x100.jpg 100w\" sizes=\"(max-width: 600px) 100vw, 600px\" \/><\/p>\n<p>&nbsp;<\/p>\n<p>Mooncakes are pastries that are baked at high temperatures, so if after being baked, they are easily attacked by bacteria, leading to mold. Once out of the oven, the cakes are usually cooled quickly and put into the packaging for packaging by a moon cake packaging machine.<\/p>\n<p>The cakes are manually packed into the packaging and conveyed to the moon cake packaging machine to finish the process.<\/p>\n<h2><strong>What are specification of Moon Cake Packaging Machine?<\/strong><\/h2>\n<ul>\n<li>All parts of machine which contact with the material are made of stainless steel 304.<\/li>\n<li>Machine are manufactered by CNC with high precision.<\/li>\n<li>Feed method: conveyor<\/li>\n<li>Language: English and Vietnamese<\/li>\n<li>Packaging products: moon cakes<\/li>\n<li>Membrane type: film placed on.<\/li>\n<li>Membrane width: 100-350mm.<\/li>\n<li>Length of product: length (120 280) x width (20 160) mm<\/li>\n<li>Pressed package type: 3-sided packaged<\/li>\n<li>Design of abdominal compression line: 1mm crossed stripes<\/li>\n<li>Design of two-way pressed line: 1.5mm thick straight stripes<\/li>\n<li>Knife type: serrated knife<\/li>\n<li>Productivity: 40 100 packs \/ minute depending on material and bag size.<\/li>\n<li>Electrical power: 1.5 kw \/ h.<\/li>\n<li>Power supply: 220v \/ 50hz<\/li>\n<li>Machine size: (D4000 x R800 x C1400) mm<\/li>\n<li>Machine weight: ~ 500kg<\/li>\n<li>Application: Moon cake packing machine is widely used in producing moon cake.<\/li>\n<\/ul>\n<h2><strong>Moon Cake Packaging Machine &#8211; to add to the fullness of the dish<\/strong><\/h2>\n<p><img decoding=\"async\" class=\"aligncenter wp-image-168 \" src=\"\/wp-content\/uploads\/2020\/10\/cach-bao-quan-banh-trung-thu-lau-ngay-khong-bi-hong-6-800x499-1.jpg\" alt=\"M\u00e1y \u0111\u00f3ng g\u00f3i b\u00e1nh trung thu\" width=\"669\" height=\"417\" srcset=\"https:\/\/www.packvn.com\/wp-content\/uploads\/2020\/10\/cach-bao-quan-banh-trung-thu-lau-ngay-khong-bi-hong-6-800x499-1.jpg 800w, https:\/\/www.packvn.com\/wp-content\/uploads\/2020\/10\/cach-bao-quan-banh-trung-thu-lau-ngay-khong-bi-hong-6-800x499-1-300x187.jpg 300w, https:\/\/www.packvn.com\/wp-content\/uploads\/2020\/10\/cach-bao-quan-banh-trung-thu-lau-ngay-khong-bi-hong-6-800x499-1-768x479.jpg 768w, https:\/\/www.packvn.com\/wp-content\/uploads\/2020\/10\/cach-bao-quan-banh-trung-thu-lau-ngay-khong-bi-hong-6-800x499-1-600x374.jpg 600w\" sizes=\"(max-width: 669px) 100vw, 669px\" \/><\/p>\n<p>Every year to the occasion of the moon cake, colorful and affection gifts are sent. When people receive gifts, they usually care about the quality of the cake and what goes into people&#8217;s hearts is the packaging of the cake.<\/p>\n<p>As mentioned above, the cakes must cool down quickly after being baked and put into the packing machine. This requires packaging machines to operate quickly and accurately enough to limit the time that bacteria can enter.<\/p>\n<p>So we cannot help but acknowledge the role of moon cake packaging machines to do this meaningful gift.<\/p>\n<p>To prepare for the full gift of the Mid-Autumn Festival, please contact us quickly to own this quality packaging machine.<\/p>\n<p>See more products <strong><a href=\"\/san-pham\/?lang=en\">here.<\/a><\/strong><\/p>\n<\/div>\n","protected":false},"excerpt":{"rendered":"<div class=\"pdinfo__quote\">Moon cake packaging machine is very diverse in size, shape and functions. There are many types which are suitable for the needs and demands of businesses.<\/div>\n<div><iframe src=\"\/\/www.youtube.com\/embed\/iAPqTNf9l5s?embeds_referring_euri=https\" width=\"560\" height=\"314\" allowfullscreen=\"allowfullscreen\"><\/iframe><\/div>\n","protected":false},"featured_media":13001,"comment_status":"open","ping_status":"closed","template":"","meta":{"inline_featured_image":false},"product_cat":[99,101],"product_tag":[102],"class_list":{"0":"post-714","1":"product","2":"type-product","3":"status-publish","4":"has-post-thumbnail","6":"product_cat-may-dong-goi-thuc-pham-en","7":"product_cat-may-dong-goi-dang-nam-en","8":"product_tag-maydonggoibanhtrungthu-en","10":"first","11":"instock","12":"shipping-taxable","13":"purchasable","14":"product-type-simple"},"yoast_head":"<!-- This site is optimized with the Yoast SEO plugin v23.5 - https:\/\/yoast.com\/wordpress\/plugins\/seo\/ -->\n<title>Moon Cake Packaging Machine - M\u00e1y \u0111\u00f3ng g\u00f3i c\u00f4ng nghi\u1ec7p An Th\u00e0nh<\/title>\n<meta name=\"robots\" content=\"index, follow, max-snippet:-1, max-image-preview:large, max-video-preview:-1\" \/>\n<link rel=\"canonical\" href=\"https:\/\/www.packvn.com\/en\/san-pham\/may-dong-goi-banh-trung-thu\/\" \/>\n<meta property=\"og:locale\" content=\"en_US\" \/>\n<meta property=\"og:type\" content=\"article\" \/>\n<meta property=\"og:title\" content=\"Moon Cake Packaging Machine - M\u00e1y \u0111\u00f3ng g\u00f3i c\u00f4ng nghi\u1ec7p An Th\u00e0nh\" \/>\n<meta property=\"og:description\" content=\"Moon cake packaging machine is very diverse in size, shape and functions. There are many types which are suitable for the needs and demands of businesses.\" \/>\n<meta property=\"og:url\" content=\"https:\/\/www.packvn.com\/en\/san-pham\/may-dong-goi-banh-trung-thu\/\" \/>\n<meta property=\"og:site_name\" content=\"M\u00e1y \u0111\u00f3ng g\u00f3i c\u00f4ng nghi\u1ec7p An Th\u00e0nh\" \/>\n<meta property=\"article:publisher\" content=\"https:\/\/www.facebook.com\/maytudongnangsuatcaoanthanh\" \/>\n<meta property=\"article:modified_time\" content=\"2024-09-13T07:59:10+00:00\" \/>\n<meta property=\"og:image\" content=\"https:\/\/www.packvn.com\/wp-content\/uploads\/2020\/10\/Untitled-1.jpg\" \/>\n\t<meta property=\"og:image:width\" content=\"900\" \/>\n\t<meta property=\"og:image:height\" content=\"900\" \/>\n\t<meta property=\"og:image:type\" content=\"image\/jpeg\" \/>\n<meta name=\"twitter:card\" content=\"summary_large_image\" \/>\n<meta name=\"twitter:label1\" content=\"Est. reading time\" \/>\n\t<meta name=\"twitter:data1\" content=\"4 minutes\" \/>\n<script type=\"application\/ld+json\" class=\"yoast-schema-graph\">{\"@context\":\"https:\/\/schema.org\",\"@graph\":[{\"@type\":\"WebPage\",\"@id\":\"https:\/\/www.packvn.com\/en\/san-pham\/may-dong-goi-banh-trung-thu\/\",\"url\":\"https:\/\/www.packvn.com\/en\/san-pham\/may-dong-goi-banh-trung-thu\/\",\"name\":\"Moon Cake Packaging Machine - M\u00e1y \u0111\u00f3ng g\u00f3i c\u00f4ng nghi\u1ec7p An Th\u00e0nh\",\"isPartOf\":{\"@id\":\"https:\/\/www.packvn.com\/#website\"},\"primaryImageOfPage\":{\"@id\":\"https:\/\/www.packvn.com\/en\/san-pham\/may-dong-goi-banh-trung-thu\/#primaryimage\"},\"image\":{\"@id\":\"https:\/\/www.packvn.com\/en\/san-pham\/may-dong-goi-banh-trung-thu\/#primaryimage\"},\"thumbnailUrl\":\"https:\/\/www.packvn.com\/wp-content\/uploads\/2020\/10\/Untitled-1.jpg\",\"datePublished\":\"2020-10-15T02:51:10+00:00\",\"dateModified\":\"2024-09-13T07:59:10+00:00\",\"breadcrumb\":{\"@id\":\"https:\/\/www.packvn.com\/en\/san-pham\/may-dong-goi-banh-trung-thu\/#breadcrumb\"},\"inLanguage\":\"en-US\",\"potentialAction\":[{\"@type\":\"ReadAction\",\"target\":[\"https:\/\/www.packvn.com\/en\/san-pham\/may-dong-goi-banh-trung-thu\/\"]}]},{\"@type\":\"ImageObject\",\"inLanguage\":\"en-US\",\"@id\":\"https:\/\/www.packvn.com\/en\/san-pham\/may-dong-goi-banh-trung-thu\/#primaryimage\",\"url\":\"https:\/\/www.packvn.com\/wp-content\/uploads\/2020\/10\/Untitled-1.jpg\",\"contentUrl\":\"https:\/\/www.packvn.com\/wp-content\/uploads\/2020\/10\/Untitled-1.jpg\",\"width\":900,\"height\":900},{\"@type\":\"BreadcrumbList\",\"@id\":\"https:\/\/www.packvn.com\/en\/san-pham\/may-dong-goi-banh-trung-thu\/#breadcrumb\",\"itemListElement\":[{\"@type\":\"ListItem\",\"position\":1,\"name\":\"Trang ch\u1ee7\",\"item\":\"https:\/\/www.packvn.com\/en\/\"},{\"@type\":\"ListItem\",\"position\":2,\"name\":\"S\u1ea3n ph\u1ea9m\",\"item\":\"https:\/\/www.packvn.com\/san-pham\/\"},{\"@type\":\"ListItem\",\"position\":3,\"name\":\"M\u00e1y \u0111\u00f3ng g\u00f3i t\u1ef1 \u0111\u1ed9ng\",\"item\":\"https:\/\/www.packvn.com\/danh-muc-san-pham\/may-dong-goi-tu-dong\/\"},{\"@type\":\"ListItem\",\"position\":4,\"name\":\"M\u00e1y \u0110\u00f3ng G\u00f3i D\u1ea1ng N\u1eb1m\",\"item\":\"https:\/\/www.packvn.com\/danh-muc-san-pham\/may-dong-goi-tu-dong\/may-dong-goi-dang-nam\/\"},{\"@type\":\"ListItem\",\"position\":5,\"name\":\"Moon Cake Packaging Machine\"}]},{\"@type\":\"WebSite\",\"@id\":\"https:\/\/www.packvn.com\/#website\",\"url\":\"https:\/\/www.packvn.com\/\",\"name\":\"M\u00e1y \u0111\u00f3ng g\u00f3i c\u00f4ng nghi\u1ec7p An Th\u00e0nh\",\"description\":\"Nh\u00e0 s\u1ea3n xu\u1ea5t m\u00e1y \u0111\u00f3ng g\u00f3i ch\u1ea5t l\u01b0\u1ee3ng cao\",\"publisher\":{\"@id\":\"https:\/\/www.packvn.com\/#organization\"},\"potentialAction\":[{\"@type\":\"SearchAction\",\"target\":{\"@type\":\"EntryPoint\",\"urlTemplate\":\"https:\/\/www.packvn.com\/?s={search_term_string}\"},\"query-input\":{\"@type\":\"PropertyValueSpecification\",\"valueRequired\":true,\"valueName\":\"search_term_string\"}}],\"inLanguage\":\"en-US\"},{\"@type\":\"Organization\",\"@id\":\"https:\/\/www.packvn.com\/#organization\",\"name\":\"M\u00e1y \u0110\u00f3ng G\u00f3i An Th\u00e0nh\",\"url\":\"https:\/\/www.packvn.com\/\",\"logo\":{\"@type\":\"ImageObject\",\"inLanguage\":\"en-US\",\"@id\":\"https:\/\/www.packvn.com\/#\/schema\/logo\/image\/\",\"url\":\"https:\/\/www.packvn.com\/wp-content\/uploads\/2020\/10\/cropped-logo-logo-chat-luong-thap-200609090814.png\",\"contentUrl\":\"https:\/\/www.packvn.com\/wp-content\/uploads\/2020\/10\/cropped-logo-logo-chat-luong-thap-200609090814.png\",\"width\":512,\"height\":512,\"caption\":\"M\u00e1y \u0110\u00f3ng G\u00f3i An Th\u00e0nh\"},\"image\":{\"@id\":\"https:\/\/www.packvn.com\/#\/schema\/logo\/image\/\"},\"sameAs\":[\"https:\/\/www.facebook.com\/maytudongnangsuatcaoanthanh\"]}]}<\/script>\n<!-- \/ Yoast SEO plugin. -->","yoast_head_json":{"title":"Moon Cake Packaging Machine - M\u00e1y \u0111\u00f3ng g\u00f3i c\u00f4ng nghi\u1ec7p An Th\u00e0nh","robots":{"index":"index","follow":"follow","max-snippet":"max-snippet:-1","max-image-preview":"max-image-preview:large","max-video-preview":"max-video-preview:-1"},"canonical":"https:\/\/www.packvn.com\/en\/san-pham\/may-dong-goi-banh-trung-thu\/","og_locale":"en_US","og_type":"article","og_title":"Moon Cake Packaging Machine - M\u00e1y \u0111\u00f3ng g\u00f3i c\u00f4ng nghi\u1ec7p An Th\u00e0nh","og_description":"Moon cake packaging machine is very diverse in size, shape and functions. There are many types which are suitable for the needs and demands of businesses.","og_url":"https:\/\/www.packvn.com\/en\/san-pham\/may-dong-goi-banh-trung-thu\/","og_site_name":"M\u00e1y \u0111\u00f3ng g\u00f3i c\u00f4ng nghi\u1ec7p An Th\u00e0nh","article_publisher":"https:\/\/www.facebook.com\/maytudongnangsuatcaoanthanh","article_modified_time":"2024-09-13T07:59:10+00:00","og_image":[{"width":900,"height":900,"url":"https:\/\/www.packvn.com\/wp-content\/uploads\/2020\/10\/Untitled-1.jpg","type":"image\/jpeg"}],"twitter_card":"summary_large_image","twitter_misc":{"Est. reading time":"4 minutes"},"schema":{"@context":"https:\/\/schema.org","@graph":[{"@type":"WebPage","@id":"https:\/\/www.packvn.com\/en\/san-pham\/may-dong-goi-banh-trung-thu\/","url":"https:\/\/www.packvn.com\/en\/san-pham\/may-dong-goi-banh-trung-thu\/","name":"Moon Cake Packaging Machine - M\u00e1y \u0111\u00f3ng g\u00f3i c\u00f4ng nghi\u1ec7p An Th\u00e0nh","isPartOf":{"@id":"https:\/\/www.packvn.com\/#website"},"primaryImageOfPage":{"@id":"https:\/\/www.packvn.com\/en\/san-pham\/may-dong-goi-banh-trung-thu\/#primaryimage"},"image":{"@id":"https:\/\/www.packvn.com\/en\/san-pham\/may-dong-goi-banh-trung-thu\/#primaryimage"},"thumbnailUrl":"https:\/\/www.packvn.com\/wp-content\/uploads\/2020\/10\/Untitled-1.jpg","datePublished":"2020-10-15T02:51:10+00:00","dateModified":"2024-09-13T07:59:10+00:00","breadcrumb":{"@id":"https:\/\/www.packvn.com\/en\/san-pham\/may-dong-goi-banh-trung-thu\/#breadcrumb"},"inLanguage":"en-US","potentialAction":[{"@type":"ReadAction","target":["https:\/\/www.packvn.com\/en\/san-pham\/may-dong-goi-banh-trung-thu\/"]}]},{"@type":"ImageObject","inLanguage":"en-US","@id":"https:\/\/www.packvn.com\/en\/san-pham\/may-dong-goi-banh-trung-thu\/#primaryimage","url":"https:\/\/www.packvn.com\/wp-content\/uploads\/2020\/10\/Untitled-1.jpg","contentUrl":"https:\/\/www.packvn.com\/wp-content\/uploads\/2020\/10\/Untitled-1.jpg","width":900,"height":900},{"@type":"BreadcrumbList","@id":"https:\/\/www.packvn.com\/en\/san-pham\/may-dong-goi-banh-trung-thu\/#breadcrumb","itemListElement":[{"@type":"ListItem","position":1,"name":"Trang ch\u1ee7","item":"https:\/\/www.packvn.com\/en\/"},{"@type":"ListItem","position":2,"name":"S\u1ea3n ph\u1ea9m","item":"https:\/\/www.packvn.com\/san-pham\/"},{"@type":"ListItem","position":3,"name":"M\u00e1y \u0111\u00f3ng g\u00f3i t\u1ef1 \u0111\u1ed9ng","item":"https:\/\/www.packvn.com\/danh-muc-san-pham\/may-dong-goi-tu-dong\/"},{"@type":"ListItem","position":4,"name":"M\u00e1y \u0110\u00f3ng G\u00f3i D\u1ea1ng N\u1eb1m","item":"https:\/\/www.packvn.com\/danh-muc-san-pham\/may-dong-goi-tu-dong\/may-dong-goi-dang-nam\/"},{"@type":"ListItem","position":5,"name":"Moon Cake Packaging Machine"}]},{"@type":"WebSite","@id":"https:\/\/www.packvn.com\/#website","url":"https:\/\/www.packvn.com\/","name":"M\u00e1y \u0111\u00f3ng g\u00f3i c\u00f4ng nghi\u1ec7p An Th\u00e0nh","description":"Nh\u00e0 s\u1ea3n xu\u1ea5t m\u00e1y \u0111\u00f3ng g\u00f3i ch\u1ea5t l\u01b0\u1ee3ng cao","publisher":{"@id":"https:\/\/www.packvn.com\/#organization"},"potentialAction":[{"@type":"SearchAction","target":{"@type":"EntryPoint","urlTemplate":"https:\/\/www.packvn.com\/?s={search_term_string}"},"query-input":{"@type":"PropertyValueSpecification","valueRequired":true,"valueName":"search_term_string"}}],"inLanguage":"en-US"},{"@type":"Organization","@id":"https:\/\/www.packvn.com\/#organization","name":"M\u00e1y \u0110\u00f3ng G\u00f3i An Th\u00e0nh","url":"https:\/\/www.packvn.com\/","logo":{"@type":"ImageObject","inLanguage":"en-US","@id":"https:\/\/www.packvn.com\/#\/schema\/logo\/image\/","url":"https:\/\/www.packvn.com\/wp-content\/uploads\/2020\/10\/cropped-logo-logo-chat-luong-thap-200609090814.png","contentUrl":"https:\/\/www.packvn.com\/wp-content\/uploads\/2020\/10\/cropped-logo-logo-chat-luong-thap-200609090814.png","width":512,"height":512,"caption":"M\u00e1y \u0110\u00f3ng G\u00f3i An Th\u00e0nh"},"image":{"@id":"https:\/\/www.packvn.com\/#\/schema\/logo\/image\/"},"sameAs":["https:\/\/www.facebook.com\/maytudongnangsuatcaoanthanh"]}]}},"_links":{"self":[{"href":"https:\/\/www.packvn.com\/en\/wp-json\/wp\/v2\/product\/714"}],"collection":[{"href":"https:\/\/www.packvn.com\/en\/wp-json\/wp\/v2\/product"}],"about":[{"href":"https:\/\/www.packvn.com\/en\/wp-json\/wp\/v2\/types\/product"}],"replies":[{"embeddable":true,"href":"https:\/\/www.packvn.com\/en\/wp-json\/wp\/v2\/comments?post=714"}],"wp:featuredmedia":[{"embeddable":true,"href":"https:\/\/www.packvn.com\/en\/wp-json\/wp\/v2\/media\/13001"}],"wp:attachment":[{"href":"https:\/\/www.packvn.com\/en\/wp-json\/wp\/v2\/media?parent=714"}],"wp:term":[{"taxonomy":"product_cat","embeddable":true,"href":"https:\/\/www.packvn.com\/en\/wp-json\/wp\/v2\/product_cat?post=714"},{"taxonomy":"product_tag","embeddable":true,"href":"https:\/\/www.packvn.com\/en\/wp-json\/wp\/v2\/product_tag?post=714"}],"curies":[{"name":"wp","href":"https:\/\/api.w.org\/{rel}","templated":true}]}}