{"id":706,"date":"2020-10-15T02:54:00","date_gmt":"2020-10-15T02:54:00","guid":{"rendered":"http:\/\/maydonggoi.southteam.co\/product\/may-dong-goi-keo\/"},"modified":"2024-09-27T09:18:34","modified_gmt":"2024-09-27T02:18:34","slug":"may-dong-goi-keo","status":"publish","type":"product","link":"https:\/\/www.packvn.com\/en\/san-pham\/may-dong-goi-keo\/","title":{"rendered":"Candy Packaging Machine"},"content":{"rendered":"<h3 class=\"title-page f-title\"><strong>Product Information <\/strong><strong>Candy Packaging Machine<\/strong><\/h3>\n<p><strong>Candy packaging machine<\/strong> is produced according to modern and advanced technology today. The machine has the PID thermal control system, suitable for packaging many complex film materials.<\/p>\n<h2><strong>Introduction of <\/strong><strong>Candy Packaging Machine<\/strong><\/h2>\n<p>Confectionery has always been an attractive item for children. These items can be found from small shops to supermarkets. Usually they are packed with beautiful colors to attract the customers&#8217; eyes.<\/p>\n<p>Confectionery manufacturers are always looking for ways to optimize production costs, especially in the packaging process, while ensuring food safety.<br \/>\nThe candy packaging machine was born as a comprehensive packaging solution for the domestic candy industry. Candy packaging machine with advanced production technology ensures safe and healthy conditions for users.<\/p>\n<p><img decoding=\"async\" class=\"aligncenter wp-image-14464 size-large\" src=\"https:\/\/www.packvn.com\/wp-content\/uploads\/2020\/10\/z5381494122402_2ec97dc62cb683ed04e0176bf33b1683-1024x882.png\" alt=\"\" width=\"1020\" height=\"879\" srcset=\"https:\/\/www.packvn.com\/wp-content\/uploads\/2020\/10\/z5381494122402_2ec97dc62cb683ed04e0176bf33b1683-1024x882.png 1024w, https:\/\/www.packvn.com\/wp-content\/uploads\/2020\/10\/z5381494122402_2ec97dc62cb683ed04e0176bf33b1683-300x258.png 300w, https:\/\/www.packvn.com\/wp-content\/uploads\/2020\/10\/z5381494122402_2ec97dc62cb683ed04e0176bf33b1683-768x662.png 768w, https:\/\/www.packvn.com\/wp-content\/uploads\/2020\/10\/z5381494122402_2ec97dc62cb683ed04e0176bf33b1683-1536x1323.png 1536w, https:\/\/www.packvn.com\/wp-content\/uploads\/2020\/10\/z5381494122402_2ec97dc62cb683ed04e0176bf33b1683-600x517.png 600w, https:\/\/www.packvn.com\/wp-content\/uploads\/2020\/10\/z5381494122402_2ec97dc62cb683ed04e0176bf33b1683.png 1748w\" sizes=\"(max-width: 1020px) 100vw, 1020px\" \/><\/p>\n<h3><strong>Features of <\/strong><strong>Candy Packaging Machine<\/strong><\/h3>\n<p><strong>Candy packaging machine<\/strong> is produced according to modern and advanced technology today. The machine has the PID thermal control system, suitable for packaging many complex film materials.<\/p>\n<p><strong>The candy packaging machin<\/strong>e has dual drive control, the display of parameter setting is fast and smart.<\/p>\n<p><strong>Candy packaging machine<\/strong> can be attached to a printer to print the date to complete the product packaging.<\/p>\n<p>Power consumption: 220v-50hz.<\/p>\n<h3><strong>Candy packaging machine application<\/strong><\/h3>\n<p><strong>Candy packaging machine<\/strong> is specialized in the packaging industry of candies or products with similar block shapes: chocolates, cookies, cakes, &#8230;<\/p>\n<p>Common candies shaped from a candy packaging machine are: square, round, waffle, cylinder, ellipse, and irregular shapes.<\/p>\n<p><img decoding=\"async\" class=\"aligncenter wp-image-192 \" src=\"\/wp-content\/uploads\/2020\/10\/may-dong-goi-keo.jpg\" alt=\"M\u00e1y \u0111\u00f3ng g\u00f3i k\u1eb9o\" width=\"620\" height=\"465\" srcset=\"https:\/\/www.packvn.com\/wp-content\/uploads\/2020\/10\/may-dong-goi-keo.jpg 1024w, https:\/\/www.packvn.com\/wp-content\/uploads\/2020\/10\/may-dong-goi-keo-300x225.jpg 300w, https:\/\/www.packvn.com\/wp-content\/uploads\/2020\/10\/may-dong-goi-keo-768x576.jpg 768w, https:\/\/www.packvn.com\/wp-content\/uploads\/2020\/10\/may-dong-goi-keo-600x450.jpg 600w\" sizes=\"(max-width: 620px) 100vw, 620px\" \/><\/p>\n<h2><strong>An Thanh Candy Packaging Machine &#8211; Modern, quality and efficient<\/strong><\/h2>\n<p>An Thanh Technical Service Trading Company Limited is a company specializing in manufacturing and supplying top quality packaging machines in Vietnam. Like other packaging machines, An Thanh candy packaging machine is appreciated for its many outstanding features:<\/p>\n<p>The machine is designed with a beautiful, modern shape, working stably and smoothly.<\/p>\n<p><strong>An Thanh candy packaging machine<\/strong> is appreciated for its low noise level, easy maintenance and repair.<\/p>\n<p><strong>This candy packaging machine<\/strong> produces finished products with beautiful designs, attractive and especially the rate of defect is limited to the maximum.<\/p>\n<p><strong>The candy packaging machine<\/strong> is manufactured in An Thanh company according to foreign technology standards with high precision, infinite speed control. Moreover, it also has the ability to save energy and can adjust the force while working.<\/p>\n<p><strong>Candy packaging machine<\/strong> is controlled by PLC screen, color point reading sensor converts control with high speed, so the machine works with high accuracy, minimizing the waste of raw materials.<\/p>\n<p>The components in direct contact with the raw materials of the machine are made of stainless steel and meet the safety standards for the health of users.<\/p>\n<p>All components of <strong>An Thanh candy packaging machine<\/strong> are 100% brand new and imported directly from Germany, Taiwan, Japan to ensure the quality of the finished product.<\/p>\n<p>See more products <strong><a href=\"\/san-pham\/?lang=en\">here.<\/a><\/strong><\/p>\n<p>Please contact <strong>An Thanh Packing Machine Company<\/strong> immediately for advice.<\/p>\n","protected":false},"excerpt":{"rendered":"<div class=\"pdinfo__quote\">Candy packaging machine was created as a packaging solution for the candy industry. Candy packaging machine with advanced production technology ensures safe and health conditions for users.<\/div>\n<div><iframe src=\"\/\/www.youtube.com\/embed\/32ELpv-X9SA\" width=\"560\" height=\"314\" allowfullscreen=\"allowfullscreen\"><\/iframe><\/div>\n<div class=\"clearfix pdinfo__policy f-title\"><\/div>\n","protected":false},"featured_media":14464,"comment_status":"open","ping_status":"closed","template":"","meta":{"inline_featured_image":false},"product_cat":[],"product_tag":[97],"class_list":{"0":"post-706","1":"product","2":"type-product","3":"status-publish","4":"has-post-thumbnail","6":"product_tag-maydonggoikeo-en","8":"first","9":"instock","10":"shipping-taxable","11":"product-type-simple"},"yoast_head":"<!-- This site is optimized with the Yoast SEO plugin v23.5 - https:\/\/yoast.com\/wordpress\/plugins\/seo\/ -->\n<title>Candy Packaging Machine - M\u00e1y \u0111\u00f3ng g\u00f3i c\u00f4ng nghi\u1ec7p An Th\u00e0nh<\/title>\n<meta name=\"robots\" content=\"index, follow, max-snippet:-1, max-image-preview:large, max-video-preview:-1\" \/>\n<link rel=\"canonical\" href=\"https:\/\/www.packvn.com\/en\/san-pham\/may-dong-goi-keo\/\" \/>\n<meta property=\"og:locale\" content=\"en_US\" \/>\n<meta property=\"og:type\" content=\"article\" \/>\n<meta property=\"og:title\" content=\"Candy Packaging Machine - M\u00e1y \u0111\u00f3ng g\u00f3i c\u00f4ng nghi\u1ec7p An Th\u00e0nh\" \/>\n<meta property=\"og:description\" content=\"Candy packaging machine was created as a packaging solution for the candy industry. Candy packaging machine with advanced production technology ensures safe and health conditions for users.\" \/>\n<meta property=\"og:url\" content=\"https:\/\/www.packvn.com\/en\/san-pham\/may-dong-goi-keo\/\" \/>\n<meta property=\"og:site_name\" content=\"M\u00e1y \u0111\u00f3ng g\u00f3i c\u00f4ng nghi\u1ec7p An Th\u00e0nh\" \/>\n<meta property=\"article:publisher\" content=\"https:\/\/www.facebook.com\/maytudongnangsuatcaoanthanh\" \/>\n<meta property=\"article:modified_time\" content=\"2024-09-27T02:18:34+00:00\" \/>\n<meta property=\"og:image\" content=\"https:\/\/www.packvn.com\/wp-content\/uploads\/2020\/10\/z5381494122402_2ec97dc62cb683ed04e0176bf33b1683.png\" \/>\n\t<meta property=\"og:image:width\" content=\"1748\" \/>\n\t<meta property=\"og:image:height\" content=\"1506\" \/>\n\t<meta property=\"og:image:type\" content=\"image\/png\" \/>\n<meta name=\"twitter:card\" content=\"summary_large_image\" \/>\n<meta name=\"twitter:label1\" content=\"Est. reading time\" \/>\n\t<meta name=\"twitter:data1\" content=\"4 minutes\" \/>\n<script type=\"application\/ld+json\" class=\"yoast-schema-graph\">{\"@context\":\"https:\/\/schema.org\",\"@graph\":[{\"@type\":\"WebPage\",\"@id\":\"https:\/\/www.packvn.com\/en\/san-pham\/may-dong-goi-keo\/\",\"url\":\"https:\/\/www.packvn.com\/en\/san-pham\/may-dong-goi-keo\/\",\"name\":\"Candy Packaging Machine - M\u00e1y \u0111\u00f3ng g\u00f3i c\u00f4ng nghi\u1ec7p An Th\u00e0nh\",\"isPartOf\":{\"@id\":\"https:\/\/www.packvn.com\/#website\"},\"primaryImageOfPage\":{\"@id\":\"https:\/\/www.packvn.com\/en\/san-pham\/may-dong-goi-keo\/#primaryimage\"},\"image\":{\"@id\":\"https:\/\/www.packvn.com\/en\/san-pham\/may-dong-goi-keo\/#primaryimage\"},\"thumbnailUrl\":\"https:\/\/www.packvn.com\/wp-content\/uploads\/2020\/10\/z5381494122402_2ec97dc62cb683ed04e0176bf33b1683.png\",\"datePublished\":\"2020-10-15T02:54:00+00:00\",\"dateModified\":\"2024-09-27T02:18:34+00:00\",\"breadcrumb\":{\"@id\":\"https:\/\/www.packvn.com\/en\/san-pham\/may-dong-goi-keo\/#breadcrumb\"},\"inLanguage\":\"en-US\",\"potentialAction\":[{\"@type\":\"ReadAction\",\"target\":[\"https:\/\/www.packvn.com\/en\/san-pham\/may-dong-goi-keo\/\"]}]},{\"@type\":\"ImageObject\",\"inLanguage\":\"en-US\",\"@id\":\"https:\/\/www.packvn.com\/en\/san-pham\/may-dong-goi-keo\/#primaryimage\",\"url\":\"https:\/\/www.packvn.com\/wp-content\/uploads\/2020\/10\/z5381494122402_2ec97dc62cb683ed04e0176bf33b1683.png\",\"contentUrl\":\"https:\/\/www.packvn.com\/wp-content\/uploads\/2020\/10\/z5381494122402_2ec97dc62cb683ed04e0176bf33b1683.png\",\"width\":1748,\"height\":1506},{\"@type\":\"BreadcrumbList\",\"@id\":\"https:\/\/www.packvn.com\/en\/san-pham\/may-dong-goi-keo\/#breadcrumb\",\"itemListElement\":[{\"@type\":\"ListItem\",\"position\":1,\"name\":\"Trang ch\u1ee7\",\"item\":\"https:\/\/www.packvn.com\/en\/\"},{\"@type\":\"ListItem\",\"position\":2,\"name\":\"S\u1ea3n ph\u1ea9m\",\"item\":\"https:\/\/www.packvn.com\/san-pham\/\"},{\"@type\":\"ListItem\",\"position\":3,\"name\":\"Candy Packaging Machine\"}]},{\"@type\":\"WebSite\",\"@id\":\"https:\/\/www.packvn.com\/#website\",\"url\":\"https:\/\/www.packvn.com\/\",\"name\":\"M\u00e1y \u0111\u00f3ng g\u00f3i c\u00f4ng nghi\u1ec7p An Th\u00e0nh\",\"description\":\"Nh\u00e0 s\u1ea3n xu\u1ea5t m\u00e1y \u0111\u00f3ng g\u00f3i ch\u1ea5t l\u01b0\u1ee3ng cao\",\"publisher\":{\"@id\":\"https:\/\/www.packvn.com\/#organization\"},\"potentialAction\":[{\"@type\":\"SearchAction\",\"target\":{\"@type\":\"EntryPoint\",\"urlTemplate\":\"https:\/\/www.packvn.com\/?s={search_term_string}\"},\"query-input\":{\"@type\":\"PropertyValueSpecification\",\"valueRequired\":true,\"valueName\":\"search_term_string\"}}],\"inLanguage\":\"en-US\"},{\"@type\":\"Organization\",\"@id\":\"https:\/\/www.packvn.com\/#organization\",\"name\":\"M\u00e1y \u0110\u00f3ng G\u00f3i An Th\u00e0nh\",\"url\":\"https:\/\/www.packvn.com\/\",\"logo\":{\"@type\":\"ImageObject\",\"inLanguage\":\"en-US\",\"@id\":\"https:\/\/www.packvn.com\/#\/schema\/logo\/image\/\",\"url\":\"https:\/\/www.packvn.com\/wp-content\/uploads\/2020\/10\/cropped-logo-logo-chat-luong-thap-200609090814.png\",\"contentUrl\":\"https:\/\/www.packvn.com\/wp-content\/uploads\/2020\/10\/cropped-logo-logo-chat-luong-thap-200609090814.png\",\"width\":512,\"height\":512,\"caption\":\"M\u00e1y \u0110\u00f3ng G\u00f3i An Th\u00e0nh\"},\"image\":{\"@id\":\"https:\/\/www.packvn.com\/#\/schema\/logo\/image\/\"},\"sameAs\":[\"https:\/\/www.facebook.com\/maytudongnangsuatcaoanthanh\"]}]}<\/script>\n<!-- \/ Yoast SEO plugin. -->","yoast_head_json":{"title":"Candy Packaging Machine - M\u00e1y \u0111\u00f3ng g\u00f3i c\u00f4ng nghi\u1ec7p An Th\u00e0nh","robots":{"index":"index","follow":"follow","max-snippet":"max-snippet:-1","max-image-preview":"max-image-preview:large","max-video-preview":"max-video-preview:-1"},"canonical":"https:\/\/www.packvn.com\/en\/san-pham\/may-dong-goi-keo\/","og_locale":"en_US","og_type":"article","og_title":"Candy Packaging Machine - M\u00e1y \u0111\u00f3ng g\u00f3i c\u00f4ng nghi\u1ec7p An Th\u00e0nh","og_description":"Candy packaging machine was created as a packaging solution for the candy industry. Candy packaging machine with advanced production technology ensures safe and health conditions for users.","og_url":"https:\/\/www.packvn.com\/en\/san-pham\/may-dong-goi-keo\/","og_site_name":"M\u00e1y \u0111\u00f3ng g\u00f3i c\u00f4ng nghi\u1ec7p An Th\u00e0nh","article_publisher":"https:\/\/www.facebook.com\/maytudongnangsuatcaoanthanh","article_modified_time":"2024-09-27T02:18:34+00:00","og_image":[{"width":1748,"height":1506,"url":"https:\/\/www.packvn.com\/wp-content\/uploads\/2020\/10\/z5381494122402_2ec97dc62cb683ed04e0176bf33b1683.png","type":"image\/png"}],"twitter_card":"summary_large_image","twitter_misc":{"Est. reading time":"4 minutes"},"schema":{"@context":"https:\/\/schema.org","@graph":[{"@type":"WebPage","@id":"https:\/\/www.packvn.com\/en\/san-pham\/may-dong-goi-keo\/","url":"https:\/\/www.packvn.com\/en\/san-pham\/may-dong-goi-keo\/","name":"Candy Packaging Machine - M\u00e1y \u0111\u00f3ng g\u00f3i c\u00f4ng nghi\u1ec7p An Th\u00e0nh","isPartOf":{"@id":"https:\/\/www.packvn.com\/#website"},"primaryImageOfPage":{"@id":"https:\/\/www.packvn.com\/en\/san-pham\/may-dong-goi-keo\/#primaryimage"},"image":{"@id":"https:\/\/www.packvn.com\/en\/san-pham\/may-dong-goi-keo\/#primaryimage"},"thumbnailUrl":"https:\/\/www.packvn.com\/wp-content\/uploads\/2020\/10\/z5381494122402_2ec97dc62cb683ed04e0176bf33b1683.png","datePublished":"2020-10-15T02:54:00+00:00","dateModified":"2024-09-27T02:18:34+00:00","breadcrumb":{"@id":"https:\/\/www.packvn.com\/en\/san-pham\/may-dong-goi-keo\/#breadcrumb"},"inLanguage":"en-US","potentialAction":[{"@type":"ReadAction","target":["https:\/\/www.packvn.com\/en\/san-pham\/may-dong-goi-keo\/"]}]},{"@type":"ImageObject","inLanguage":"en-US","@id":"https:\/\/www.packvn.com\/en\/san-pham\/may-dong-goi-keo\/#primaryimage","url":"https:\/\/www.packvn.com\/wp-content\/uploads\/2020\/10\/z5381494122402_2ec97dc62cb683ed04e0176bf33b1683.png","contentUrl":"https:\/\/www.packvn.com\/wp-content\/uploads\/2020\/10\/z5381494122402_2ec97dc62cb683ed04e0176bf33b1683.png","width":1748,"height":1506},{"@type":"BreadcrumbList","@id":"https:\/\/www.packvn.com\/en\/san-pham\/may-dong-goi-keo\/#breadcrumb","itemListElement":[{"@type":"ListItem","position":1,"name":"Trang ch\u1ee7","item":"https:\/\/www.packvn.com\/en\/"},{"@type":"ListItem","position":2,"name":"S\u1ea3n ph\u1ea9m","item":"https:\/\/www.packvn.com\/san-pham\/"},{"@type":"ListItem","position":3,"name":"Candy Packaging Machine"}]},{"@type":"WebSite","@id":"https:\/\/www.packvn.com\/#website","url":"https:\/\/www.packvn.com\/","name":"M\u00e1y \u0111\u00f3ng g\u00f3i c\u00f4ng nghi\u1ec7p An Th\u00e0nh","description":"Nh\u00e0 s\u1ea3n xu\u1ea5t m\u00e1y \u0111\u00f3ng g\u00f3i ch\u1ea5t l\u01b0\u1ee3ng cao","publisher":{"@id":"https:\/\/www.packvn.com\/#organization"},"potentialAction":[{"@type":"SearchAction","target":{"@type":"EntryPoint","urlTemplate":"https:\/\/www.packvn.com\/?s={search_term_string}"},"query-input":{"@type":"PropertyValueSpecification","valueRequired":true,"valueName":"search_term_string"}}],"inLanguage":"en-US"},{"@type":"Organization","@id":"https:\/\/www.packvn.com\/#organization","name":"M\u00e1y \u0110\u00f3ng G\u00f3i An Th\u00e0nh","url":"https:\/\/www.packvn.com\/","logo":{"@type":"ImageObject","inLanguage":"en-US","@id":"https:\/\/www.packvn.com\/#\/schema\/logo\/image\/","url":"https:\/\/www.packvn.com\/wp-content\/uploads\/2020\/10\/cropped-logo-logo-chat-luong-thap-200609090814.png","contentUrl":"https:\/\/www.packvn.com\/wp-content\/uploads\/2020\/10\/cropped-logo-logo-chat-luong-thap-200609090814.png","width":512,"height":512,"caption":"M\u00e1y \u0110\u00f3ng G\u00f3i An Th\u00e0nh"},"image":{"@id":"https:\/\/www.packvn.com\/#\/schema\/logo\/image\/"},"sameAs":["https:\/\/www.facebook.com\/maytudongnangsuatcaoanthanh"]}]}},"_links":{"self":[{"href":"https:\/\/www.packvn.com\/en\/wp-json\/wp\/v2\/product\/706"}],"collection":[{"href":"https:\/\/www.packvn.com\/en\/wp-json\/wp\/v2\/product"}],"about":[{"href":"https:\/\/www.packvn.com\/en\/wp-json\/wp\/v2\/types\/product"}],"replies":[{"embeddable":true,"href":"https:\/\/www.packvn.com\/en\/wp-json\/wp\/v2\/comments?post=706"}],"wp:featuredmedia":[{"embeddable":true,"href":"https:\/\/www.packvn.com\/en\/wp-json\/wp\/v2\/media\/14464"}],"wp:attachment":[{"href":"https:\/\/www.packvn.com\/en\/wp-json\/wp\/v2\/media?parent=706"}],"wp:term":[{"taxonomy":"product_cat","embeddable":true,"href":"https:\/\/www.packvn.com\/en\/wp-json\/wp\/v2\/product_cat?post=706"},{"taxonomy":"product_tag","embeddable":true,"href":"https:\/\/www.packvn.com\/en\/wp-json\/wp\/v2\/product_tag?post=706"}],"curies":[{"name":"wp","href":"https:\/\/api.w.org\/{rel}","templated":true}]}}