{"id":701,"date":"2020-10-15T02:59:26","date_gmt":"2020-10-15T02:59:26","guid":{"rendered":"http:\/\/maydonggoi.southteam.co\/product\/may-dong-goi-nhua\/"},"modified":"2024-10-17T13:27:31","modified_gmt":"2024-10-17T06:27:31","slug":"may-dong-goi-nhua","status":"publish","type":"product","link":"https:\/\/www.packvn.com\/en\/san-pham\/may-dong-goi-nhua\/","title":{"rendered":"PLASTIC PACKAGING MACHINE"},"content":{"rendered":"<h2 class=\"title-page f-title\"><strong>Product Information Plastic Packaging Machine<\/strong><\/h2>\n<p><strong style=\"font-size: 14.4px;\">Plastic packaging machine<\/strong><span style=\"font-size: 14.4px;\"> is the common name of automatic packaging machines using plastic bags. They help the production process of companies save time and improve labor productivity.<\/span><\/p>\n<div class=\"clearfix dcontent\">\n<div class=\"col-12 col-lg-10 col-xl-8\">\n<h2><strong>Why should businesses use plastic packaging machines in production?<\/strong><\/h2>\n<p>With the need to develop and integrate into the world economy today, automation in the production process is no longer unfamiliar with large enterprises in general and private sector in particular, what makes the manufacturing &#8211; packaging machine manufacture was born massively?<\/p>\n<p>Understand the essential needs, understand the advantages of using automatic packaging machines, An Thanh packaging machine sends the best products to businesses PLASTIC PACKAGING MACHINE, in order to supply customers to pack plastic products. shaped and diversified in designs like plastic apricot flowers. etc<\/p>\n<\/div>\n<\/div>\n<p>&nbsp;<\/p>\n<p><img decoding=\"async\" class=\"aligncenter wp-image-117 size-full\" src=\"\/wp-content\/uploads\/2020\/10\/donggoinhua-paint-200925.jpg\" alt=\"m\u00e1y \u0111\u00f3ng g\u00f3i nh\u1ef1a\" width=\"750\" height=\"750\" srcset=\"https:\/\/www.packvn.com\/wp-content\/uploads\/2020\/10\/donggoinhua-paint-200925.jpg 750w, https:\/\/www.packvn.com\/wp-content\/uploads\/2020\/10\/donggoinhua-paint-200925-300x300.jpg 300w, https:\/\/www.packvn.com\/wp-content\/uploads\/2020\/10\/donggoinhua-paint-200925-150x150.jpg 150w, https:\/\/www.packvn.com\/wp-content\/uploads\/2020\/10\/donggoinhua-paint-200925-600x600.jpg 600w, https:\/\/www.packvn.com\/wp-content\/uploads\/2020\/10\/donggoinhua-paint-200925-100x100.jpg 100w\" sizes=\"(max-width: 750px) 100vw, 750px\" \/><\/p>\n<div class=\"clearfix dcontent\">\n<div class=\"col-12 col-lg-10 col-xl-8\">\n<h2><strong>Benefits of using plastic packaging machines<\/strong><\/h2>\n<p>The plastic packaging machine saves labor costs when you use the automatic packaging machine that applies to the production process, the advantages of the packaging machine are simple, easy to control and pack the finished product quickly. fast. All processes from raw material to packaging are automated.<\/p>\n<p>The plastic packaging machine is not difficult to manage people, the productivity is highly efficient compared to the manual process.<\/p>\n<p>The closed packaging process should ensure the quality, safety, and hygiene of food and packaged properly.<\/p>\n<p>The automatic packaging machine has high productivity compared to the manual process. Many large firms have invested in automated equipment rather than people. They choose automatic packaging machines as the safe solution to increase product competitiveness in the market.<\/p>\n<h2><strong>Advantages of plastic packaging machines<\/strong><\/h2>\n<ul>\n<li>Raw materials are made of stainless steel 304, hygienic, ensuring food safety when packaging.<\/li>\n<li>The details are manufactured on CNC machines with high precision in each detail.<\/li>\n<li>Manufacturing and assembling equipment according to international standards<\/li>\n<li>PLC controller for high accuracy, fast and effective, minimizing defective products.<\/li>\n<\/ul>\n<h2><strong>What are speficiation of Plastic Packaging Machine?<\/strong><\/h2>\n<div class=\"table-responsive\">\n<table class=\"table\" border=\"1\">\n<tbody>\n<tr>\n<td><strong>Technical specifications<\/strong><\/td>\n<td><strong>Material<\/strong><\/td>\n<td><strong>Origin<\/strong><\/td>\n<\/tr>\n<tr>\n<td>The whole part in contact with the material is made of stainless steel 304, does not rust.<\/td>\n<td>Inox 304<\/td>\n<td>An Thanh<\/td>\n<\/tr>\n<tr>\n<td>The machine details are fabricated on automatic CNC machines with high precision.<\/td>\n<td><\/td>\n<td>An Thanh<\/td>\n<\/tr>\n<tr>\n<td>Operated by 2 synchronous motors on 2 PANASONIC inverters<\/td>\n<td><\/td>\n<td>Japan<\/td>\n<\/tr>\n<tr>\n<td>WEINVIEW touch screen<\/td>\n<td><\/td>\n<td>Taiwan<\/td>\n<\/tr>\n<tr>\n<td>Adjust the package length using the WEINVIEW touch screen<\/td>\n<td><\/td>\n<td>Taiwan<\/td>\n<\/tr>\n<tr>\n<td>Sensor Autoro.<\/td>\n<td><\/td>\n<td>Taiwan<\/td>\n<\/tr>\n<tr>\n<td>Main motor.<\/td>\n<td><\/td>\n<td>Taiwan<\/td>\n<\/tr>\n<tr>\n<td>Packing products: SHAREHOLDERS, shaped plastic, hanger &#8230;<\/td>\n<td><\/td>\n<td><\/td>\n<\/tr>\n<tr>\n<td>Bag width: &lt;450mm<\/td>\n<td><\/td>\n<td><\/td>\n<\/tr>\n<tr>\n<td>Bag length: 100-230mm<\/td>\n<td><\/td>\n<td><\/td>\n<\/tr>\n<tr>\n<td>Packing type: squeezing the middle abdomen<\/td>\n<td><\/td>\n<td>An Thanh<\/td>\n<\/tr>\n<tr>\n<td>Shape pressed belly: 1mm checkered stripes<\/p>\n<p>Style of crushed lines: straight stripes create waves<\/td>\n<td><\/td>\n<td>An Thanh<\/td>\n<\/tr>\n<tr>\n<td>Knife type: serrated knife<\/td>\n<td><\/td>\n<td>An Thanh<\/td>\n<\/tr>\n<tr>\n<td>Productivity: 40 -90 products \/ minute. Depending on user actions.<\/td>\n<td><\/td>\n<td>An Thanh<\/td>\n<\/tr>\n<tr>\n<td>Electric power: 2 kw\/ h.<\/td>\n<td><\/td>\n<td>An Thanh<\/td>\n<\/tr>\n<tr>\n<td>Power supply: 220v \/ 50hz<\/td>\n<td><\/td>\n<td>An Thanh<\/td>\n<\/tr>\n<tr>\n<td>Machine size: (D4000 x R900 x C1500) mm<\/td>\n<td><\/td>\n<td>An Thanh<\/td>\n<\/tr>\n<tr>\n<td>Machine weight: 600kg<\/td>\n<td><\/td>\n<td>An Thanh<\/td>\n<\/tr>\n<tr>\n<td>Origin<\/td>\n<td><\/td>\n<td>An Thanh<\/td>\n<\/tr>\n<\/tbody>\n<\/table>\n<\/div>\n<p><strong><em>Note: All components are 100% brand new<\/em><\/strong><\/p>\n<h3><strong>The automatic process saves production time.<\/strong><\/h3>\n<p><strong>Plastic packaging machine<\/strong> in An Thanh has the principle of smooth, stable, no-noise operation and ensures the quality of finished products for manufacturers<\/p>\n<h2><strong>Why should choose plastic packaging machine from An Thanh<\/strong><\/h2>\n<p>The packaging machine market currently has a lot of suppliers imported from the country. The needs of customers in this market are also quite diverse and it is important that the product meets the financial capacity, installation space and expected productivity.<\/p>\n<p>Facing the strict requirements of the market, An Thanh Packaging Machine Company always finds a specific direction to suit the needs of customers.<\/p>\n<p>Our engineer team is always searching for new lines of technology, tailored to produce the best plastic packaging machines for customers.<\/p>\n<p>With a high-class warranty, An Thanh is proud to always accompany customers in the process of using the machine.<\/p>\n<p>See more product <a href=\"\/san-pham\/\"><strong>here.<\/strong><\/a><\/p>\n<p>Experiment with us by contacting our technical team.<\/p>\n<p><img decoding=\"async\" class=\"aligncenter wp-image-117 size-full\" src=\"\/wp-content\/uploads\/2020\/10\/donggoinhua-paint-200925.jpg\" alt=\"m\u00e1y \u0111\u00f3ng g\u00f3i nh\u1ef1a\" width=\"750\" height=\"750\" srcset=\"https:\/\/www.packvn.com\/wp-content\/uploads\/2020\/10\/donggoinhua-paint-200925.jpg 750w, https:\/\/www.packvn.com\/wp-content\/uploads\/2020\/10\/donggoinhua-paint-200925-300x300.jpg 300w, https:\/\/www.packvn.com\/wp-content\/uploads\/2020\/10\/donggoinhua-paint-200925-150x150.jpg 150w, https:\/\/www.packvn.com\/wp-content\/uploads\/2020\/10\/donggoinhua-paint-200925-600x600.jpg 600w, https:\/\/www.packvn.com\/wp-content\/uploads\/2020\/10\/donggoinhua-paint-200925-100x100.jpg 100w\" sizes=\"(max-width: 750px) 100vw, 750px\" \/><\/p>\n<\/div>\n<\/div>\n","protected":false},"excerpt":{"rendered":"<div class=\"pdinfo__quote\">With the current needs of developing and integrating into the world economy, automation in production process is no stranger terms to Vietnamese enterprises in general. Understand the essential needs and the advantages of using an automatic packaging machine, An Thanh packaging company has researched and introduced the best plastic packaging machine to the market in order to provide customers packaging technology with results shaped, diversed in designs.<\/div>\n<div><iframe src=\"\/\/www.youtube.com\/embed\/hLPHMqepCnA?embeds_referring_euri=https\" width=\"560\" height=\"314\" allowfullscreen=\"allowfullscreen\"><\/iframe><\/div>\n<div class=\"clearfix pdinfo__policy f-title\"><\/div>\n","protected":false},"featured_media":14462,"comment_status":"open","ping_status":"closed","template":"","meta":{"inline_featured_image":false},"product_cat":[],"product_tag":[],"class_list":{"0":"post-701","1":"product","2":"type-product","3":"status-publish","4":"has-post-thumbnail","7":"first","8":"instock","9":"shipping-taxable","10":"product-type-simple"},"yoast_head":"<!-- This site is optimized with the Yoast SEO plugin v23.5 - https:\/\/yoast.com\/wordpress\/plugins\/seo\/ -->\n<title>PLASTIC PACKAGING MACHINE - M\u00e1y \u0111\u00f3ng g\u00f3i c\u00f4ng nghi\u1ec7p An Th\u00e0nh<\/title>\n<meta name=\"robots\" content=\"index, follow, max-snippet:-1, max-image-preview:large, max-video-preview:-1\" \/>\n<link rel=\"canonical\" href=\"https:\/\/www.packvn.com\/en\/san-pham\/may-dong-goi-nhua\/\" \/>\n<meta property=\"og:locale\" content=\"en_US\" \/>\n<meta property=\"og:type\" content=\"article\" \/>\n<meta property=\"og:title\" content=\"PLASTIC PACKAGING MACHINE - M\u00e1y \u0111\u00f3ng g\u00f3i c\u00f4ng nghi\u1ec7p An Th\u00e0nh\" \/>\n<meta property=\"og:description\" content=\"With the current needs of developing and integrating into the world economy, automation in production process is no stranger terms to Vietnamese enterprises in general. Understand the essential needs and the advantages of using an automatic packaging machine, An Thanh packaging company has researched and introduced the best plastic packaging machine to the market in order to provide customers packaging technology with results shaped, diversed in designs.\" \/>\n<meta property=\"og:url\" content=\"https:\/\/www.packvn.com\/en\/san-pham\/may-dong-goi-nhua\/\" \/>\n<meta property=\"og:site_name\" content=\"M\u00e1y \u0111\u00f3ng g\u00f3i c\u00f4ng nghi\u1ec7p An Th\u00e0nh\" \/>\n<meta property=\"article:publisher\" content=\"https:\/\/www.facebook.com\/maytudongnangsuatcaoanthanh\" \/>\n<meta property=\"article:modified_time\" content=\"2024-10-17T06:27:31+00:00\" \/>\n<meta property=\"og:image\" content=\"https:\/\/www.packvn.com\/wp-content\/uploads\/2020\/10\/may-nam.jpg\" \/>\n\t<meta property=\"og:image:width\" content=\"900\" \/>\n\t<meta property=\"og:image:height\" content=\"900\" \/>\n\t<meta property=\"og:image:type\" content=\"image\/jpeg\" \/>\n<meta name=\"twitter:card\" content=\"summary_large_image\" \/>\n<meta name=\"twitter:label1\" content=\"Est. reading time\" \/>\n\t<meta name=\"twitter:data1\" content=\"5 minutes\" \/>\n<script type=\"application\/ld+json\" class=\"yoast-schema-graph\">{\"@context\":\"https:\/\/schema.org\",\"@graph\":[{\"@type\":\"WebPage\",\"@id\":\"https:\/\/www.packvn.com\/en\/san-pham\/may-dong-goi-nhua\/\",\"url\":\"https:\/\/www.packvn.com\/en\/san-pham\/may-dong-goi-nhua\/\",\"name\":\"PLASTIC PACKAGING MACHINE - M\u00e1y \u0111\u00f3ng g\u00f3i c\u00f4ng nghi\u1ec7p An Th\u00e0nh\",\"isPartOf\":{\"@id\":\"https:\/\/www.packvn.com\/#website\"},\"primaryImageOfPage\":{\"@id\":\"https:\/\/www.packvn.com\/en\/san-pham\/may-dong-goi-nhua\/#primaryimage\"},\"image\":{\"@id\":\"https:\/\/www.packvn.com\/en\/san-pham\/may-dong-goi-nhua\/#primaryimage\"},\"thumbnailUrl\":\"https:\/\/www.packvn.com\/wp-content\/uploads\/2020\/10\/may-nam.jpg\",\"datePublished\":\"2020-10-15T02:59:26+00:00\",\"dateModified\":\"2024-10-17T06:27:31+00:00\",\"breadcrumb\":{\"@id\":\"https:\/\/www.packvn.com\/en\/san-pham\/may-dong-goi-nhua\/#breadcrumb\"},\"inLanguage\":\"en-US\",\"potentialAction\":[{\"@type\":\"ReadAction\",\"target\":[\"https:\/\/www.packvn.com\/en\/san-pham\/may-dong-goi-nhua\/\"]}]},{\"@type\":\"ImageObject\",\"inLanguage\":\"en-US\",\"@id\":\"https:\/\/www.packvn.com\/en\/san-pham\/may-dong-goi-nhua\/#primaryimage\",\"url\":\"https:\/\/www.packvn.com\/wp-content\/uploads\/2020\/10\/may-nam.jpg\",\"contentUrl\":\"https:\/\/www.packvn.com\/wp-content\/uploads\/2020\/10\/may-nam.jpg\",\"width\":900,\"height\":900},{\"@type\":\"BreadcrumbList\",\"@id\":\"https:\/\/www.packvn.com\/en\/san-pham\/may-dong-goi-nhua\/#breadcrumb\",\"itemListElement\":[{\"@type\":\"ListItem\",\"position\":1,\"name\":\"Trang ch\u1ee7\",\"item\":\"https:\/\/www.packvn.com\/en\/\"},{\"@type\":\"ListItem\",\"position\":2,\"name\":\"S\u1ea3n ph\u1ea9m\",\"item\":\"https:\/\/www.packvn.com\/san-pham\/\"},{\"@type\":\"ListItem\",\"position\":3,\"name\":\"Uncategorized\",\"item\":\"https:\/\/www.packvn.com\/danh-muc-san-pham\/uncategorized\/\"},{\"@type\":\"ListItem\",\"position\":4,\"name\":\"PLASTIC PACKAGING MACHINE\"}]},{\"@type\":\"WebSite\",\"@id\":\"https:\/\/www.packvn.com\/#website\",\"url\":\"https:\/\/www.packvn.com\/\",\"name\":\"M\u00e1y \u0111\u00f3ng g\u00f3i c\u00f4ng nghi\u1ec7p An Th\u00e0nh\",\"description\":\"Nh\u00e0 s\u1ea3n xu\u1ea5t m\u00e1y \u0111\u00f3ng g\u00f3i ch\u1ea5t l\u01b0\u1ee3ng cao\",\"publisher\":{\"@id\":\"https:\/\/www.packvn.com\/#organization\"},\"potentialAction\":[{\"@type\":\"SearchAction\",\"target\":{\"@type\":\"EntryPoint\",\"urlTemplate\":\"https:\/\/www.packvn.com\/?s={search_term_string}\"},\"query-input\":{\"@type\":\"PropertyValueSpecification\",\"valueRequired\":true,\"valueName\":\"search_term_string\"}}],\"inLanguage\":\"en-US\"},{\"@type\":\"Organization\",\"@id\":\"https:\/\/www.packvn.com\/#organization\",\"name\":\"M\u00e1y \u0110\u00f3ng G\u00f3i An Th\u00e0nh\",\"url\":\"https:\/\/www.packvn.com\/\",\"logo\":{\"@type\":\"ImageObject\",\"inLanguage\":\"en-US\",\"@id\":\"https:\/\/www.packvn.com\/#\/schema\/logo\/image\/\",\"url\":\"https:\/\/www.packvn.com\/wp-content\/uploads\/2020\/10\/cropped-logo-logo-chat-luong-thap-200609090814.png\",\"contentUrl\":\"https:\/\/www.packvn.com\/wp-content\/uploads\/2020\/10\/cropped-logo-logo-chat-luong-thap-200609090814.png\",\"width\":512,\"height\":512,\"caption\":\"M\u00e1y \u0110\u00f3ng G\u00f3i An Th\u00e0nh\"},\"image\":{\"@id\":\"https:\/\/www.packvn.com\/#\/schema\/logo\/image\/\"},\"sameAs\":[\"https:\/\/www.facebook.com\/maytudongnangsuatcaoanthanh\"]}]}<\/script>\n<!-- \/ Yoast SEO plugin. -->","yoast_head_json":{"title":"PLASTIC PACKAGING MACHINE - M\u00e1y \u0111\u00f3ng g\u00f3i c\u00f4ng nghi\u1ec7p An Th\u00e0nh","robots":{"index":"index","follow":"follow","max-snippet":"max-snippet:-1","max-image-preview":"max-image-preview:large","max-video-preview":"max-video-preview:-1"},"canonical":"https:\/\/www.packvn.com\/en\/san-pham\/may-dong-goi-nhua\/","og_locale":"en_US","og_type":"article","og_title":"PLASTIC PACKAGING MACHINE - M\u00e1y \u0111\u00f3ng g\u00f3i c\u00f4ng nghi\u1ec7p An Th\u00e0nh","og_description":"With the current needs of developing and integrating into the world economy, automation in production process is no stranger terms to Vietnamese enterprises in general. Understand the essential needs and the advantages of using an automatic packaging machine, An Thanh packaging company has researched and introduced the best plastic packaging machine to the market in order to provide customers packaging technology with results shaped, diversed in designs.","og_url":"https:\/\/www.packvn.com\/en\/san-pham\/may-dong-goi-nhua\/","og_site_name":"M\u00e1y \u0111\u00f3ng g\u00f3i c\u00f4ng nghi\u1ec7p An Th\u00e0nh","article_publisher":"https:\/\/www.facebook.com\/maytudongnangsuatcaoanthanh","article_modified_time":"2024-10-17T06:27:31+00:00","og_image":[{"width":900,"height":900,"url":"https:\/\/www.packvn.com\/wp-content\/uploads\/2020\/10\/may-nam.jpg","type":"image\/jpeg"}],"twitter_card":"summary_large_image","twitter_misc":{"Est. reading time":"5 minutes"},"schema":{"@context":"https:\/\/schema.org","@graph":[{"@type":"WebPage","@id":"https:\/\/www.packvn.com\/en\/san-pham\/may-dong-goi-nhua\/","url":"https:\/\/www.packvn.com\/en\/san-pham\/may-dong-goi-nhua\/","name":"PLASTIC PACKAGING MACHINE - M\u00e1y \u0111\u00f3ng g\u00f3i c\u00f4ng nghi\u1ec7p An Th\u00e0nh","isPartOf":{"@id":"https:\/\/www.packvn.com\/#website"},"primaryImageOfPage":{"@id":"https:\/\/www.packvn.com\/en\/san-pham\/may-dong-goi-nhua\/#primaryimage"},"image":{"@id":"https:\/\/www.packvn.com\/en\/san-pham\/may-dong-goi-nhua\/#primaryimage"},"thumbnailUrl":"https:\/\/www.packvn.com\/wp-content\/uploads\/2020\/10\/may-nam.jpg","datePublished":"2020-10-15T02:59:26+00:00","dateModified":"2024-10-17T06:27:31+00:00","breadcrumb":{"@id":"https:\/\/www.packvn.com\/en\/san-pham\/may-dong-goi-nhua\/#breadcrumb"},"inLanguage":"en-US","potentialAction":[{"@type":"ReadAction","target":["https:\/\/www.packvn.com\/en\/san-pham\/may-dong-goi-nhua\/"]}]},{"@type":"ImageObject","inLanguage":"en-US","@id":"https:\/\/www.packvn.com\/en\/san-pham\/may-dong-goi-nhua\/#primaryimage","url":"https:\/\/www.packvn.com\/wp-content\/uploads\/2020\/10\/may-nam.jpg","contentUrl":"https:\/\/www.packvn.com\/wp-content\/uploads\/2020\/10\/may-nam.jpg","width":900,"height":900},{"@type":"BreadcrumbList","@id":"https:\/\/www.packvn.com\/en\/san-pham\/may-dong-goi-nhua\/#breadcrumb","itemListElement":[{"@type":"ListItem","position":1,"name":"Trang ch\u1ee7","item":"https:\/\/www.packvn.com\/en\/"},{"@type":"ListItem","position":2,"name":"S\u1ea3n ph\u1ea9m","item":"https:\/\/www.packvn.com\/san-pham\/"},{"@type":"ListItem","position":3,"name":"Uncategorized","item":"https:\/\/www.packvn.com\/danh-muc-san-pham\/uncategorized\/"},{"@type":"ListItem","position":4,"name":"PLASTIC PACKAGING MACHINE"}]},{"@type":"WebSite","@id":"https:\/\/www.packvn.com\/#website","url":"https:\/\/www.packvn.com\/","name":"M\u00e1y \u0111\u00f3ng g\u00f3i c\u00f4ng nghi\u1ec7p An Th\u00e0nh","description":"Nh\u00e0 s\u1ea3n xu\u1ea5t m\u00e1y \u0111\u00f3ng g\u00f3i ch\u1ea5t l\u01b0\u1ee3ng cao","publisher":{"@id":"https:\/\/www.packvn.com\/#organization"},"potentialAction":[{"@type":"SearchAction","target":{"@type":"EntryPoint","urlTemplate":"https:\/\/www.packvn.com\/?s={search_term_string}"},"query-input":{"@type":"PropertyValueSpecification","valueRequired":true,"valueName":"search_term_string"}}],"inLanguage":"en-US"},{"@type":"Organization","@id":"https:\/\/www.packvn.com\/#organization","name":"M\u00e1y \u0110\u00f3ng G\u00f3i An Th\u00e0nh","url":"https:\/\/www.packvn.com\/","logo":{"@type":"ImageObject","inLanguage":"en-US","@id":"https:\/\/www.packvn.com\/#\/schema\/logo\/image\/","url":"https:\/\/www.packvn.com\/wp-content\/uploads\/2020\/10\/cropped-logo-logo-chat-luong-thap-200609090814.png","contentUrl":"https:\/\/www.packvn.com\/wp-content\/uploads\/2020\/10\/cropped-logo-logo-chat-luong-thap-200609090814.png","width":512,"height":512,"caption":"M\u00e1y \u0110\u00f3ng G\u00f3i An Th\u00e0nh"},"image":{"@id":"https:\/\/www.packvn.com\/#\/schema\/logo\/image\/"},"sameAs":["https:\/\/www.facebook.com\/maytudongnangsuatcaoanthanh"]}]}},"_links":{"self":[{"href":"https:\/\/www.packvn.com\/en\/wp-json\/wp\/v2\/product\/701"}],"collection":[{"href":"https:\/\/www.packvn.com\/en\/wp-json\/wp\/v2\/product"}],"about":[{"href":"https:\/\/www.packvn.com\/en\/wp-json\/wp\/v2\/types\/product"}],"replies":[{"embeddable":true,"href":"https:\/\/www.packvn.com\/en\/wp-json\/wp\/v2\/comments?post=701"}],"wp:featuredmedia":[{"embeddable":true,"href":"https:\/\/www.packvn.com\/en\/wp-json\/wp\/v2\/media\/14462"}],"wp:attachment":[{"href":"https:\/\/www.packvn.com\/en\/wp-json\/wp\/v2\/media?parent=701"}],"wp:term":[{"taxonomy":"product_cat","embeddable":true,"href":"https:\/\/www.packvn.com\/en\/wp-json\/wp\/v2\/product_cat?post=701"},{"taxonomy":"product_tag","embeddable":true,"href":"https:\/\/www.packvn.com\/en\/wp-json\/wp\/v2\/product_tag?post=701"}],"curies":[{"name":"wp","href":"https:\/\/api.w.org\/{rel}","templated":true}]}}