{"id":697,"date":"2020-10-15T03:03:34","date_gmt":"2020-10-15T03:03:34","guid":{"rendered":"http:\/\/maydonggoi.southteam.co\/product\/may-dong-goi-banh\/"},"modified":"2024-09-27T09:08:22","modified_gmt":"2024-09-27T02:08:22","slug":"may-dong-goi-banh","status":"publish","type":"product","link":"https:\/\/www.packvn.com\/en\/san-pham\/may-dong-goi-banh\/","title":{"rendered":"Cake Packaging Machine"},"content":{"rendered":"<h2 class=\"title-page f-title\"><strong>Product Information Cake Packaging Machine<\/strong><\/h2>\n<p><img decoding=\"async\" class=\"aligncenter size-full wp-image-14460\" src=\"https:\/\/www.packvn.com\/wp-content\/uploads\/2020\/10\/MDG-NLDBK.jpg\" alt=\"\" width=\"900\" height=\"900\" srcset=\"https:\/\/www.packvn.com\/wp-content\/uploads\/2020\/10\/MDG-NLDBK.jpg 900w, https:\/\/www.packvn.com\/wp-content\/uploads\/2020\/10\/MDG-NLDBK-300x300.jpg 300w, https:\/\/www.packvn.com\/wp-content\/uploads\/2020\/10\/MDG-NLDBK-150x150.jpg 150w, https:\/\/www.packvn.com\/wp-content\/uploads\/2020\/10\/MDG-NLDBK-768x768.jpg 768w, https:\/\/www.packvn.com\/wp-content\/uploads\/2020\/10\/MDG-NLDBK-600x600.jpg 600w, https:\/\/www.packvn.com\/wp-content\/uploads\/2020\/10\/MDG-NLDBK-100x100.jpg 100w\" sizes=\"(max-width: 900px) 100vw, 900px\" \/><\/p>\n<p><strong>Cake packaging machine<\/strong> is a specialized machine in the industry of packing and preserving cakes in all shapes and sizes, ensuring to bring the best products to consumers.<\/p>\n<h2><strong>Application and characteristics of cake packaging machine<\/strong><\/h2>\n<h3><strong>Application:<\/strong><\/h3>\n<p>Cake packaging machines are widely used in the packaging of cakes and block products such as: Biscuits, muffins, bread, chocolate bars, &#8230;<\/p>\n<h3><strong>Characteristics<\/strong><\/h3>\n<p><strong>The cake packaging machine<\/strong> enhances the aesthetics of the finished product and ensures that the product quality is not affected by exposure to air.<\/p>\n<p><strong>Cake packaging machines<\/strong> are very diverse, there are many types and suitable for the needs of each different product in production.<\/p>\n<p>Like other packaging machines,<strong> the cake packaging machine<\/strong> is suitable for businesses from small to large scale.<\/p>\n<p><img decoding=\"async\" class=\"aligncenter size-full wp-image-14383\" src=\"https:\/\/www.packvn.com\/wp-content\/uploads\/2024\/09\/xuong-an-thanh.jpg\" alt=\"\" width=\"1024\" height=\"1024\" srcset=\"https:\/\/www.packvn.com\/wp-content\/uploads\/2024\/09\/xuong-an-thanh.jpg 1024w, https:\/\/www.packvn.com\/wp-content\/uploads\/2024\/09\/xuong-an-thanh-300x300.jpg 300w, https:\/\/www.packvn.com\/wp-content\/uploads\/2024\/09\/xuong-an-thanh-150x150.jpg 150w, https:\/\/www.packvn.com\/wp-content\/uploads\/2024\/09\/xuong-an-thanh-768x768.jpg 768w, https:\/\/www.packvn.com\/wp-content\/uploads\/2024\/09\/xuong-an-thanh-600x600.jpg 600w, https:\/\/www.packvn.com\/wp-content\/uploads\/2024\/09\/xuong-an-thanh-100x100.jpg 100w\" sizes=\"(max-width: 1024px) 100vw, 1024px\" \/><\/p>\n<h2><strong>The benefits of cake packaging machines<\/strong><\/h2>\n<p><strong>Cake packaging machines<\/strong> bring many unexpected effects to manufacturing businesses:<\/p>\n<p><strong>Cake packaging machines<\/strong> ensure the quality of finished products during production and distribution to consumers.<\/p>\n<p><strong>The cake packaging machine<\/strong> enhances the aesthetics of the product and attracts and stimulates customers to use the product.<\/p>\n<p><strong>Cake packaging machine<\/strong> to bring the confectionery manufacturer&#8217;s brand name to the customer &#8211; A very close and practical brand marketing form.<\/p>\n<p><img decoding=\"async\" class=\"aligncenter wp-image-186\" src=\"\/wp-content\/uploads\/2020\/10\/may-dong-goi-banh.jpg\" alt=\"m\u00e1y \u0111\u00f3ng g\u00f3i b\u00e1nh\" width=\"651\" height=\"447\" srcset=\"https:\/\/www.packvn.com\/wp-content\/uploads\/2020\/10\/may-dong-goi-banh.jpg 731w, https:\/\/www.packvn.com\/wp-content\/uploads\/2020\/10\/may-dong-goi-banh-300x206.jpg 300w, https:\/\/www.packvn.com\/wp-content\/uploads\/2020\/10\/may-dong-goi-banh-600x412.jpg 600w\" sizes=\"(max-width: 651px) 100vw, 651px\" \/><\/p>\n<h2><strong>What is outstanding about An Thanh cake packaging machine?<\/strong><\/h2>\n<p>An Thanh Trading-Service and Technology Co., Ltd is a leading company in the packaging machine field in HCMC market. Especially the cake packaging machine. An Thanh <strong>cake packaging machine<\/strong> is highly appreciated by many manufacturers because of the following outstanding advantages:<\/p>\n<p><strong>An Thanh&#8217;s cake packaging machine<\/strong> is made of quality materials, ensuring it does not affect the health of the workers at the machine. On the other hand, the part in contact with the raw materials of the <strong>cake packaging machine<\/strong> is made of stainless steel, ensuring food hygiene and safety.<\/p>\n<p>The components of the machine are completely new and imported directly from: Germany, Taiwan and Japan, ensuring top quality.<\/p>\n<p>The parts of the <strong>cake packaging machine<\/strong> made in An Thanh are fabricated on CNC machine with high precision. The machine can run continuously, smoothly, stably and can be adjusted according to the user&#8217;s requirements.<\/p>\n<p><strong>An Thanh cake packaging machine<\/strong> adopts foreign production technology, the machine can reduce product cracks, create durability for the finished product and minimize the failure rate.<\/p>\n<p>Compact design, can flexibly move to meet any situation. At the same time, the cake packaging machine uses 220v-50hz power source &#8211; This is a popular power source, so it makes it easy for manufacturers to install and use the machine.<\/p>\n<p><img decoding=\"async\" class=\"aligncenter wp-image-999 size-full\" src=\"\/wp-content\/uploads\/2020\/10\/mU00c3U00a1y-U00c4U2018U00c3U00b3ng-gU00c3U00b3i-bU00c3U00a1nh-trung-thu1.jpg\" alt=\"\" width=\"500\" height=\"490\" srcset=\"https:\/\/www.packvn.com\/wp-content\/uploads\/2020\/10\/mU00c3U00a1y-U00c4U2018U00c3U00b3ng-gU00c3U00b3i-bU00c3U00a1nh-trung-thu1.jpg 500w, https:\/\/www.packvn.com\/wp-content\/uploads\/2020\/10\/mU00c3U00a1y-U00c4U2018U00c3U00b3ng-gU00c3U00b3i-bU00c3U00a1nh-trung-thu1-300x294.jpg 300w\" sizes=\"(max-width: 500px) 100vw, 500px\" \/><\/p>\n<h2><strong>What are specification of Cake Packaging Machine?<\/strong><\/h2>\n<table border=\"1\" cellspacing=\"0\" cellpadding=\"0\">\n<tbody>\n<tr>\n<td>Specification<\/td>\n<td>Materials<\/td>\n<td>Origins<\/td>\n<td>Further Note<\/td>\n<\/tr>\n<tr>\n<td>All of the frameset and parts contacts with materials are made of stainless steel 304 for food safety and hygiene.<\/td>\n<td>Stainless steel<\/td>\n<td>An Thanh Company<\/td>\n<td><\/td>\n<\/tr>\n<tr>\n<td>Details of machine are manufactured by CNC with high accuracy.<\/td>\n<td><\/td>\n<td>An Thanh Company<\/td>\n<td><\/td>\n<\/tr>\n<tr>\n<td>Operated by 2 synchronous motors on 2 PANASONIC inverters<\/td>\n<td><\/td>\n<td>Germany<\/td>\n<td>All components are 100% brand new<\/td>\n<\/tr>\n<tr>\n<td>Touch screeen<\/td>\n<td><\/td>\n<td>Taiwan<\/td>\n<td><\/td>\n<\/tr>\n<tr>\n<td>Adjust the length of the package by touchscreen WEINVIEW<\/td>\n<td><\/td>\n<td>Taiwan<\/td>\n<td><\/td>\n<\/tr>\n<tr>\n<td>Relay interrupts Carlogavazzi<\/td>\n<td><\/td>\n<td>Italia<\/td>\n<td><\/td>\n<\/tr>\n<tr>\n<td>Sensor Autoro.<\/td>\n<td><\/td>\n<td>Taiwan<\/td>\n<td><\/td>\n<\/tr>\n<tr>\n<td>Main Motor.<\/td>\n<td><\/td>\n<td>Taiwan<\/td>\n<td><\/td>\n<\/tr>\n<tr>\n<td>Packaging materials: cake<\/td>\n<td><\/td>\n<td><\/td>\n<td><\/td>\n<\/tr>\n<tr>\n<td>Film width: 100-250mm<\/td>\n<td><\/td>\n<td><\/td>\n<td><\/td>\n<\/tr>\n<tr>\n<td>Product length: 50-130mm<\/td>\n<td><\/td>\n<td><\/td>\n<td><\/td>\n<\/tr>\n<tr>\n<td>Pressed package type: middle abdomen compression<\/td>\n<td><\/td>\n<td rowspan=\"10\">An Thanh Company<\/td>\n<td><\/td>\n<\/tr>\n<tr>\n<td>Design of abdominal line: 1mm stripe<\/td>\n<td rowspan=\"2\"><\/td>\n<td><\/td>\n<\/tr>\n<tr>\n<td>Design of two-way pressed lines: 1.5mm thick straight stripes<\/td>\n<td><\/td>\n<\/tr>\n<tr>\n<td>Type of cutting blade: Serrated knife to cut bags<\/td>\n<td><\/td>\n<td><\/td>\n<\/tr>\n<tr>\n<td>Productivity: 60-180 products \/ minute. Depending on the operation intend of the user.<\/td>\n<td><\/td>\n<td><\/td>\n<\/tr>\n<tr>\n<td>Power Capacity: 1.8 kw \/ h.<\/td>\n<td><\/td>\n<td><\/td>\n<\/tr>\n<tr>\n<td>Power supply: 220v \/ 50hz<\/td>\n<td><\/td>\n<td><\/td>\n<\/tr>\n<tr>\n<td>Machine size: (D4000 x R900 x C1500) mm<\/td>\n<td><\/td>\n<td><\/td>\n<\/tr>\n<tr>\n<td>Machine weight: 700kg<\/td>\n<td><\/td>\n<td><\/td>\n<\/tr>\n<tr>\n<td>Origins of Machine<\/td>\n<td><\/td>\n<td><\/td>\n<\/tr>\n<\/tbody>\n<\/table>\n<p>See more product <a href=\"\/san-pham\/\"><strong>here.<\/strong><\/a><\/p>\n<p>Experiment with us by contacting our technical team.<\/p>\n","protected":false},"excerpt":{"rendered":"<div class=\"pdinfo__quote\"><strong>Cake packing machine<\/strong> is a kind of machine used in packaging industry witth packaging capicity for all shapes, sizes, ensuring the best products to consumers.<\/div>\n<div><iframe src=\"\/\/www.youtube.com\/embed\/m6DS-f-50yk\" width=\"560\" height=\"314\" allowfullscreen=\"allowfullscreen\"><\/iframe><\/div>\n<div class=\"clearfix pdinfo__policy f-title\"><\/div>\n","protected":false},"featured_media":14460,"comment_status":"open","ping_status":"closed","template":"","meta":{"inline_featured_image":false},"product_cat":[],"product_tag":[90,92],"class_list":{"0":"post-697","1":"product","2":"type-product","3":"status-publish","4":"has-post-thumbnail","6":"product_tag-may-dong-goi-banh-en","7":"product_tag-maydonggoibanh-en","9":"first","10":"instock","11":"shipping-taxable","12":"product-type-simple"},"yoast_head":"<!-- This site is optimized with the Yoast SEO plugin v23.5 - https:\/\/yoast.com\/wordpress\/plugins\/seo\/ -->\n<title>Cake Packaging Machine - M\u00e1y \u0111\u00f3ng g\u00f3i c\u00f4ng nghi\u1ec7p An Th\u00e0nh<\/title>\n<meta name=\"robots\" content=\"index, follow, max-snippet:-1, max-image-preview:large, max-video-preview:-1\" \/>\n<link rel=\"canonical\" href=\"https:\/\/www.packvn.com\/en\/san-pham\/may-dong-goi-banh\/\" \/>\n<meta property=\"og:locale\" content=\"en_US\" \/>\n<meta property=\"og:type\" content=\"article\" \/>\n<meta property=\"og:title\" content=\"Cake Packaging Machine - M\u00e1y \u0111\u00f3ng g\u00f3i c\u00f4ng nghi\u1ec7p An Th\u00e0nh\" \/>\n<meta property=\"og:description\" content=\"Cake packing machine is a kind of machine used in packaging industry witth packaging capicity for all shapes, sizes, ensuring the best products to consumers.\" \/>\n<meta property=\"og:url\" content=\"https:\/\/www.packvn.com\/en\/san-pham\/may-dong-goi-banh\/\" \/>\n<meta property=\"og:site_name\" content=\"M\u00e1y \u0111\u00f3ng g\u00f3i c\u00f4ng nghi\u1ec7p An Th\u00e0nh\" \/>\n<meta property=\"article:publisher\" content=\"https:\/\/www.facebook.com\/maytudongnangsuatcaoanthanh\" \/>\n<meta property=\"article:modified_time\" content=\"2024-09-27T02:08:22+00:00\" \/>\n<meta property=\"og:image\" content=\"https:\/\/www.packvn.com\/wp-content\/uploads\/2020\/10\/MDG-NLDBK.jpg\" \/>\n\t<meta property=\"og:image:width\" content=\"900\" \/>\n\t<meta property=\"og:image:height\" content=\"900\" \/>\n\t<meta property=\"og:image:type\" content=\"image\/jpeg\" \/>\n<meta name=\"twitter:card\" content=\"summary_large_image\" \/>\n<meta name=\"twitter:label1\" content=\"Est. reading time\" \/>\n\t<meta name=\"twitter:data1\" content=\"5 minutes\" \/>\n<script type=\"application\/ld+json\" class=\"yoast-schema-graph\">{\"@context\":\"https:\/\/schema.org\",\"@graph\":[{\"@type\":\"WebPage\",\"@id\":\"https:\/\/www.packvn.com\/en\/san-pham\/may-dong-goi-banh\/\",\"url\":\"https:\/\/www.packvn.com\/en\/san-pham\/may-dong-goi-banh\/\",\"name\":\"Cake Packaging Machine - M\u00e1y \u0111\u00f3ng g\u00f3i c\u00f4ng nghi\u1ec7p An Th\u00e0nh\",\"isPartOf\":{\"@id\":\"https:\/\/www.packvn.com\/#website\"},\"primaryImageOfPage\":{\"@id\":\"https:\/\/www.packvn.com\/en\/san-pham\/may-dong-goi-banh\/#primaryimage\"},\"image\":{\"@id\":\"https:\/\/www.packvn.com\/en\/san-pham\/may-dong-goi-banh\/#primaryimage\"},\"thumbnailUrl\":\"https:\/\/www.packvn.com\/wp-content\/uploads\/2020\/10\/MDG-NLDBK.jpg\",\"datePublished\":\"2020-10-15T03:03:34+00:00\",\"dateModified\":\"2024-09-27T02:08:22+00:00\",\"breadcrumb\":{\"@id\":\"https:\/\/www.packvn.com\/en\/san-pham\/may-dong-goi-banh\/#breadcrumb\"},\"inLanguage\":\"en-US\",\"potentialAction\":[{\"@type\":\"ReadAction\",\"target\":[\"https:\/\/www.packvn.com\/en\/san-pham\/may-dong-goi-banh\/\"]}]},{\"@type\":\"ImageObject\",\"inLanguage\":\"en-US\",\"@id\":\"https:\/\/www.packvn.com\/en\/san-pham\/may-dong-goi-banh\/#primaryimage\",\"url\":\"https:\/\/www.packvn.com\/wp-content\/uploads\/2020\/10\/MDG-NLDBK.jpg\",\"contentUrl\":\"https:\/\/www.packvn.com\/wp-content\/uploads\/2020\/10\/MDG-NLDBK.jpg\",\"width\":900,\"height\":900},{\"@type\":\"BreadcrumbList\",\"@id\":\"https:\/\/www.packvn.com\/en\/san-pham\/may-dong-goi-banh\/#breadcrumb\",\"itemListElement\":[{\"@type\":\"ListItem\",\"position\":1,\"name\":\"Trang ch\u1ee7\",\"item\":\"https:\/\/www.packvn.com\/en\/\"},{\"@type\":\"ListItem\",\"position\":2,\"name\":\"S\u1ea3n ph\u1ea9m\",\"item\":\"https:\/\/www.packvn.com\/san-pham\/\"},{\"@type\":\"ListItem\",\"position\":3,\"name\":\"Cake Packaging Machine\"}]},{\"@type\":\"WebSite\",\"@id\":\"https:\/\/www.packvn.com\/#website\",\"url\":\"https:\/\/www.packvn.com\/\",\"name\":\"M\u00e1y \u0111\u00f3ng g\u00f3i c\u00f4ng nghi\u1ec7p An Th\u00e0nh\",\"description\":\"Nh\u00e0 s\u1ea3n xu\u1ea5t m\u00e1y \u0111\u00f3ng g\u00f3i ch\u1ea5t l\u01b0\u1ee3ng cao\",\"publisher\":{\"@id\":\"https:\/\/www.packvn.com\/#organization\"},\"potentialAction\":[{\"@type\":\"SearchAction\",\"target\":{\"@type\":\"EntryPoint\",\"urlTemplate\":\"https:\/\/www.packvn.com\/?s={search_term_string}\"},\"query-input\":{\"@type\":\"PropertyValueSpecification\",\"valueRequired\":true,\"valueName\":\"search_term_string\"}}],\"inLanguage\":\"en-US\"},{\"@type\":\"Organization\",\"@id\":\"https:\/\/www.packvn.com\/#organization\",\"name\":\"M\u00e1y \u0110\u00f3ng G\u00f3i An Th\u00e0nh\",\"url\":\"https:\/\/www.packvn.com\/\",\"logo\":{\"@type\":\"ImageObject\",\"inLanguage\":\"en-US\",\"@id\":\"https:\/\/www.packvn.com\/#\/schema\/logo\/image\/\",\"url\":\"https:\/\/www.packvn.com\/wp-content\/uploads\/2020\/10\/cropped-logo-logo-chat-luong-thap-200609090814.png\",\"contentUrl\":\"https:\/\/www.packvn.com\/wp-content\/uploads\/2020\/10\/cropped-logo-logo-chat-luong-thap-200609090814.png\",\"width\":512,\"height\":512,\"caption\":\"M\u00e1y \u0110\u00f3ng G\u00f3i An Th\u00e0nh\"},\"image\":{\"@id\":\"https:\/\/www.packvn.com\/#\/schema\/logo\/image\/\"},\"sameAs\":[\"https:\/\/www.facebook.com\/maytudongnangsuatcaoanthanh\"]}]}<\/script>\n<!-- \/ Yoast SEO plugin. -->","yoast_head_json":{"title":"Cake Packaging Machine - M\u00e1y \u0111\u00f3ng g\u00f3i c\u00f4ng nghi\u1ec7p An Th\u00e0nh","robots":{"index":"index","follow":"follow","max-snippet":"max-snippet:-1","max-image-preview":"max-image-preview:large","max-video-preview":"max-video-preview:-1"},"canonical":"https:\/\/www.packvn.com\/en\/san-pham\/may-dong-goi-banh\/","og_locale":"en_US","og_type":"article","og_title":"Cake Packaging Machine - M\u00e1y \u0111\u00f3ng g\u00f3i c\u00f4ng nghi\u1ec7p An Th\u00e0nh","og_description":"Cake packing machine is a kind of machine used in packaging industry witth packaging capicity for all shapes, sizes, ensuring the best products to consumers.","og_url":"https:\/\/www.packvn.com\/en\/san-pham\/may-dong-goi-banh\/","og_site_name":"M\u00e1y \u0111\u00f3ng g\u00f3i c\u00f4ng nghi\u1ec7p An Th\u00e0nh","article_publisher":"https:\/\/www.facebook.com\/maytudongnangsuatcaoanthanh","article_modified_time":"2024-09-27T02:08:22+00:00","og_image":[{"width":900,"height":900,"url":"https:\/\/www.packvn.com\/wp-content\/uploads\/2020\/10\/MDG-NLDBK.jpg","type":"image\/jpeg"}],"twitter_card":"summary_large_image","twitter_misc":{"Est. reading time":"5 minutes"},"schema":{"@context":"https:\/\/schema.org","@graph":[{"@type":"WebPage","@id":"https:\/\/www.packvn.com\/en\/san-pham\/may-dong-goi-banh\/","url":"https:\/\/www.packvn.com\/en\/san-pham\/may-dong-goi-banh\/","name":"Cake Packaging Machine - M\u00e1y \u0111\u00f3ng g\u00f3i c\u00f4ng nghi\u1ec7p An Th\u00e0nh","isPartOf":{"@id":"https:\/\/www.packvn.com\/#website"},"primaryImageOfPage":{"@id":"https:\/\/www.packvn.com\/en\/san-pham\/may-dong-goi-banh\/#primaryimage"},"image":{"@id":"https:\/\/www.packvn.com\/en\/san-pham\/may-dong-goi-banh\/#primaryimage"},"thumbnailUrl":"https:\/\/www.packvn.com\/wp-content\/uploads\/2020\/10\/MDG-NLDBK.jpg","datePublished":"2020-10-15T03:03:34+00:00","dateModified":"2024-09-27T02:08:22+00:00","breadcrumb":{"@id":"https:\/\/www.packvn.com\/en\/san-pham\/may-dong-goi-banh\/#breadcrumb"},"inLanguage":"en-US","potentialAction":[{"@type":"ReadAction","target":["https:\/\/www.packvn.com\/en\/san-pham\/may-dong-goi-banh\/"]}]},{"@type":"ImageObject","inLanguage":"en-US","@id":"https:\/\/www.packvn.com\/en\/san-pham\/may-dong-goi-banh\/#primaryimage","url":"https:\/\/www.packvn.com\/wp-content\/uploads\/2020\/10\/MDG-NLDBK.jpg","contentUrl":"https:\/\/www.packvn.com\/wp-content\/uploads\/2020\/10\/MDG-NLDBK.jpg","width":900,"height":900},{"@type":"BreadcrumbList","@id":"https:\/\/www.packvn.com\/en\/san-pham\/may-dong-goi-banh\/#breadcrumb","itemListElement":[{"@type":"ListItem","position":1,"name":"Trang ch\u1ee7","item":"https:\/\/www.packvn.com\/en\/"},{"@type":"ListItem","position":2,"name":"S\u1ea3n ph\u1ea9m","item":"https:\/\/www.packvn.com\/san-pham\/"},{"@type":"ListItem","position":3,"name":"Cake Packaging Machine"}]},{"@type":"WebSite","@id":"https:\/\/www.packvn.com\/#website","url":"https:\/\/www.packvn.com\/","name":"M\u00e1y \u0111\u00f3ng g\u00f3i c\u00f4ng nghi\u1ec7p An Th\u00e0nh","description":"Nh\u00e0 s\u1ea3n xu\u1ea5t m\u00e1y \u0111\u00f3ng g\u00f3i ch\u1ea5t l\u01b0\u1ee3ng cao","publisher":{"@id":"https:\/\/www.packvn.com\/#organization"},"potentialAction":[{"@type":"SearchAction","target":{"@type":"EntryPoint","urlTemplate":"https:\/\/www.packvn.com\/?s={search_term_string}"},"query-input":{"@type":"PropertyValueSpecification","valueRequired":true,"valueName":"search_term_string"}}],"inLanguage":"en-US"},{"@type":"Organization","@id":"https:\/\/www.packvn.com\/#organization","name":"M\u00e1y \u0110\u00f3ng G\u00f3i An Th\u00e0nh","url":"https:\/\/www.packvn.com\/","logo":{"@type":"ImageObject","inLanguage":"en-US","@id":"https:\/\/www.packvn.com\/#\/schema\/logo\/image\/","url":"https:\/\/www.packvn.com\/wp-content\/uploads\/2020\/10\/cropped-logo-logo-chat-luong-thap-200609090814.png","contentUrl":"https:\/\/www.packvn.com\/wp-content\/uploads\/2020\/10\/cropped-logo-logo-chat-luong-thap-200609090814.png","width":512,"height":512,"caption":"M\u00e1y \u0110\u00f3ng G\u00f3i An Th\u00e0nh"},"image":{"@id":"https:\/\/www.packvn.com\/#\/schema\/logo\/image\/"},"sameAs":["https:\/\/www.facebook.com\/maytudongnangsuatcaoanthanh"]}]}},"_links":{"self":[{"href":"https:\/\/www.packvn.com\/en\/wp-json\/wp\/v2\/product\/697"}],"collection":[{"href":"https:\/\/www.packvn.com\/en\/wp-json\/wp\/v2\/product"}],"about":[{"href":"https:\/\/www.packvn.com\/en\/wp-json\/wp\/v2\/types\/product"}],"replies":[{"embeddable":true,"href":"https:\/\/www.packvn.com\/en\/wp-json\/wp\/v2\/comments?post=697"}],"wp:featuredmedia":[{"embeddable":true,"href":"https:\/\/www.packvn.com\/en\/wp-json\/wp\/v2\/media\/14460"}],"wp:attachment":[{"href":"https:\/\/www.packvn.com\/en\/wp-json\/wp\/v2\/media?parent=697"}],"wp:term":[{"taxonomy":"product_cat","embeddable":true,"href":"https:\/\/www.packvn.com\/en\/wp-json\/wp\/v2\/product_cat?post=697"},{"taxonomy":"product_tag","embeddable":true,"href":"https:\/\/www.packvn.com\/en\/wp-json\/wp\/v2\/product_tag?post=697"}],"curies":[{"name":"wp","href":"https:\/\/api.w.org\/{rel}","templated":true}]}}