{"id":695,"date":"2020-10-15T03:04:06","date_gmt":"2020-10-15T03:04:06","guid":{"rendered":"http:\/\/maydonggoi.southteam.co\/product\/may-dong-goi-banh-mi-ngot\/"},"modified":"2025-05-25T13:10:31","modified_gmt":"2025-05-25T06:10:31","slug":"may-dong-goi-banh-mi-ngot","status":"publish","type":"product","link":"https:\/\/www.packvn.com\/en\/san-pham\/may-dong-goi-banh-mi-ngot\/","title":{"rendered":"BREAD PACKAGING MACHINE"},"content":{"rendered":"<h2><strong>Spec.<\/strong><\/h2>\n<table style=\"height: 84px; width: 39.0108%; border-collapse: collapse; border-style: ridge;\">\n<tbody>\n<tr>\n<td style=\"width: 40.691%;\" width=\"145\"><span style=\"color: #008080;\"><strong>Material \/ Product<\/strong><\/span><\/td>\n<td style=\"width: 59.1171%;\" width=\"212\">bread, hamburgers,custard cake, sponge cake<\/td>\n<\/tr>\n<tr>\n<td style=\"width: 40.691%;\"><span style=\"color: #008080;\"><strong>Bag type<\/strong><\/span><\/td>\n<td style=\"width: 59.1171%;\" width=\"212\">middle seal ( pillow bag ) \/<br \/>\neither not or install gusset bag<\/td>\n<\/tr>\n<tr>\n<td style=\"width: 40.691%;\"><span style=\"color: #008080;\"><strong>Mat. of Film<\/strong><\/span><\/td>\n<td style=\"width: 59.1171%;\">AL\/OPP, PE, PP<\/td>\n<\/tr>\n<\/tbody>\n<\/table>\n<table style=\"width: 53.4333%; border-collapse: collapse; border-style: ridge; height: 126px;\">\n<tbody>\n<tr style=\"height: 21px;\">\n<td style=\"width: 27.6102%; height: 21px;\" width=\"145\"><span style=\"color: #008080;\"><strong>Model<\/strong><\/span><\/td>\n<td style=\"width: 36.4146%; text-align: center;\" width=\"212\"><span style=\"color: #ed1c24;\"><strong>HCPB1<\/strong><\/span><\/td>\n<td style=\"text-align: center; width: 36.077%; height: 21px;\" width=\"212\"><span style=\"color: #ed1c24;\"><strong>HCPB3<\/strong><\/span><\/td>\n<\/tr>\n<tr style=\"height: 21px;\">\n<td style=\"width: 27.6102%; height: 21px;\"><span style=\"color: #008080;\"><strong>Method<\/strong><\/span><\/td>\n<td style=\"width: 36.4146%; text-align: center;\">bottom seal<\/td>\n<td style=\"text-align: center; width: 36.077%; height: 21px;\">bottom seal<\/td>\n<\/tr>\n<tr style=\"height: 21px;\">\n<td style=\"width: 27.6102%; height: 21px;\"><span style=\"color: #008080;\"><strong>Conveyor<\/strong><\/span><\/td>\n<td style=\"width: 36.4146%; text-align: center;\">2m<\/td>\n<td style=\"text-align: center; width: 36.077%; height: 21px;\">2,4m<\/td>\n<\/tr>\n<tr style=\"height: 21px;\">\n<td style=\"width: 27.6102%; height: 21px;\" width=\"145\"><span style=\"color: #008080;\"><strong>Wide of film (max)<\/strong><\/span><\/td>\n<td style=\"width: 36.4146%; text-align: center;\">250 mm<\/td>\n<td style=\"text-align: center; width: 36.077%; height: 21px;\">350mm<\/td>\n<\/tr>\n<tr style=\"height: 21px;\">\n<td style=\"width: 27.6102%; height: 21px;\"><span style=\"color: #008080;\"><strong>Bag size<\/strong><\/span><\/td>\n<td style=\"width: 36.4146%; text-align: center;\">D:30-250 x R:20-110mm<\/td>\n<td style=\"text-align: center; width: 36.077%; height: 21px;\">D:30-250 x R:20-110mm<\/td>\n<\/tr>\n<tr style=\"height: 21px;\">\n<td style=\"width: 27.6102%; height: 21px;\"><span style=\"color: #008080;\"><strong>Capacity<\/strong><\/span><\/td>\n<td style=\"width: 36.4146%; text-align: center;\">50 -140 bag\/m<\/td>\n<td style=\"text-align: center; width: 36.077%; height: 21px;\">51 -140 bag\/m<\/td>\n<\/tr>\n<\/tbody>\n<\/table>\n<ul>\n<li>Made in Viet Nam<\/li>\n<li>100% Brand new<\/li>\n<li>Design and produce by An Thanh&#8217;s manufacturer<\/li>\n<li>The surface of feeding structure which contact with raw materials are made by stainless steel and that ensures food hygiene and safety.<\/li>\n<li>FULL cover by stainless steel 304<\/li>\n<li>Entire parts made by CNC machines with high precision<\/li>\n<li>Controler devices, motors and driver from Germany, Janpan, Taiwan &#8230;<\/li>\n<li>Type of press seal: ziczac, equal striped,caro square etc &#8230;<\/li>\n<\/ul>\n<p><u><span style=\"color: #333333;\"><span style=\"font-size: 23.04px;\"><b>How is horizontal packaging machine?<\/b><\/span><\/span><\/u><\/p>\n<div class=\"clearfix dcontent\">\n<ul>\n<li>Automatic conveyor feeder<\/li>\n<li>Our packaging machine allowed to create products which are beautiful bags with quality assurance<\/li>\n<\/ul>\n<h2><strong><u>Features<\/u><\/strong><\/h2>\n<ul>\n<li>smart configuration and compact design<\/li>\n<li>easy to use and operate<\/li>\n<li>to achieve a exact seal strength, new type of mold is adopted<\/li>\n<li>wastes of time and materials are cut by our machine<\/li>\n<li>closed operation cycle help you shorten time and the optimal production line. Moreover, you can reduce labor needed therefore save salary fund<\/li>\n<li>can be custom and connected to your external machines<\/li>\n<li>warnning automatically when they get error signal<\/li>\n<li>high accuracy system<\/li>\n<li>quick maintenance<\/li>\n<li>compact designed help to save space for factory<\/li>\n<li>quality and reasonable price<\/li>\n<\/ul>\n<p>&nbsp;<\/p>\n<h2 class=\"title-page f-title\" style=\"text-align: center;\"><strong>Bread and cake packaging machine<\/strong><strong> introduction<\/strong><\/h2>\n<p style=\"text-align: justify;\">Sweet bread is a popular instant food in the market today. It is no longer exclusive to bakeries. Now it is sold a lot on distribution channels such as supermarkets, convenience stores, and grocery stores. The characteristic of the cake is a short storage time, and always must be kept out the air that bacteria penetrate. This requires them to be stored in sealed containers and safe for the circulation of goods. For sweet breads to go away and safe, sweet bread packaging machines play a big part. After the cakes have been processed, they will be transferred to the packaging machine and sealed and dated. Whether the bread will be kept for a long time is not decided at this time.<\/p>\n<p>&nbsp;<\/p>\n<p><img decoding=\"async\" class=\"aligncenter wp-image-188 size-full\" src=\"\/wp-content\/uploads\/2020\/10\/may-dong-goi-banh-mi-ngot.jpg\" alt=\"M\u00e1y \u0111\u00f3ng g\u00f3i b\u00e1nh m\u00ec ng\u1ecdt\" width=\"731\" height=\"502\" srcset=\"https:\/\/www.packvn.com\/wp-content\/uploads\/2020\/10\/may-dong-goi-banh-mi-ngot.jpg 731w, https:\/\/www.packvn.com\/wp-content\/uploads\/2020\/10\/may-dong-goi-banh-mi-ngot-300x206.jpg 300w, https:\/\/www.packvn.com\/wp-content\/uploads\/2020\/10\/may-dong-goi-banh-mi-ngot-600x412.jpg 600w\" sizes=\"(max-width: 731px) 100vw, 731px\" \/><\/p>\n<p><span style=\"font-size: 14.4px;\">Experiment with us by contacting our technical team.<\/span>See more product <a href=\"\/san-pham\/\"><strong>here.<\/strong><\/a><\/p>\n<\/div>\n","protected":false},"excerpt":{"rendered":"<div class=\"pdinfo__quote\">Bread packaging machine manufactured at An Thanh Packaging Company, is one of the most experienced manufacturers of cheap packaging machines, bread packaging machines are manufactured by modern and advanced processing lines with high precision and imported materials from Germany, Japan, Korea.<\/div>\n<div><\/div>\n<div><iframe src=\"\/\/www.youtube.com\/embed\/m6DS-f-50yk\" width=\"560\" height=\"314\" allowfullscreen=\"allowfullscreen\"><\/iframe><\/div>\n<div class=\"clearfix pdinfo__policy f-title\"><\/div>\n","protected":false},"featured_media":13024,"comment_status":"open","ping_status":"closed","template":"","meta":{"inline_featured_image":false},"product_cat":[89],"product_tag":[90,91],"class_list":{"0":"post-695","1":"product","2":"type-product","3":"status-publish","4":"has-post-thumbnail","6":"product_cat-may-dong-goi-banh-mi-ngot-en","7":"product_tag-may-dong-goi-banh-en","8":"product_tag-maydonggoibanhmingot-en","10":"first","11":"instock","12":"shipping-taxable","13":"product-type-simple"},"yoast_head":"<!-- This site is optimized with the Yoast SEO plugin v23.5 - https:\/\/yoast.com\/wordpress\/plugins\/seo\/ -->\n<title>BREAD PACKAGING MACHINE - M\u00e1y \u0111\u00f3ng g\u00f3i c\u00f4ng nghi\u1ec7p An Th\u00e0nh<\/title>\n<meta name=\"robots\" content=\"index, follow, max-snippet:-1, max-image-preview:large, max-video-preview:-1\" \/>\n<link rel=\"canonical\" href=\"https:\/\/www.packvn.com\/en\/san-pham\/may-dong-goi-banh-mi-ngot\/\" \/>\n<meta property=\"og:locale\" content=\"en_US\" \/>\n<meta property=\"og:type\" content=\"article\" \/>\n<meta property=\"og:title\" content=\"BREAD PACKAGING MACHINE - M\u00e1y \u0111\u00f3ng g\u00f3i c\u00f4ng nghi\u1ec7p An Th\u00e0nh\" \/>\n<meta property=\"og:description\" content=\"Bread packaging machine manufactured at An Thanh Packaging Company, is one of the most experienced manufacturers of cheap packaging machines, bread packaging machines are manufactured by modern and advanced processing lines with high precision and imported materials from Germany, Japan, Korea.\" \/>\n<meta property=\"og:url\" content=\"https:\/\/www.packvn.com\/en\/san-pham\/may-dong-goi-banh-mi-ngot\/\" \/>\n<meta property=\"og:site_name\" content=\"M\u00e1y \u0111\u00f3ng g\u00f3i c\u00f4ng nghi\u1ec7p An Th\u00e0nh\" \/>\n<meta property=\"article:publisher\" content=\"https:\/\/www.facebook.com\/maytudongnangsuatcaoanthanh\" \/>\n<meta property=\"article:modified_time\" content=\"2025-05-25T06:10:31+00:00\" \/>\n<meta property=\"og:image\" content=\"https:\/\/www.packvn.com\/wp-content\/uploads\/2020\/10\/banh-mi-ngot.jpg\" \/>\n\t<meta property=\"og:image:width\" content=\"900\" \/>\n\t<meta property=\"og:image:height\" content=\"900\" \/>\n\t<meta property=\"og:image:type\" content=\"image\/jpeg\" \/>\n<meta name=\"twitter:card\" content=\"summary_large_image\" \/>\n<meta name=\"twitter:label1\" content=\"Est. reading time\" \/>\n\t<meta name=\"twitter:data1\" content=\"3 minutes\" \/>\n<script type=\"application\/ld+json\" class=\"yoast-schema-graph\">{\"@context\":\"https:\/\/schema.org\",\"@graph\":[{\"@type\":\"WebPage\",\"@id\":\"https:\/\/www.packvn.com\/en\/san-pham\/may-dong-goi-banh-mi-ngot\/\",\"url\":\"https:\/\/www.packvn.com\/en\/san-pham\/may-dong-goi-banh-mi-ngot\/\",\"name\":\"BREAD PACKAGING MACHINE - M\u00e1y \u0111\u00f3ng g\u00f3i c\u00f4ng nghi\u1ec7p An Th\u00e0nh\",\"isPartOf\":{\"@id\":\"https:\/\/www.packvn.com\/#website\"},\"primaryImageOfPage\":{\"@id\":\"https:\/\/www.packvn.com\/en\/san-pham\/may-dong-goi-banh-mi-ngot\/#primaryimage\"},\"image\":{\"@id\":\"https:\/\/www.packvn.com\/en\/san-pham\/may-dong-goi-banh-mi-ngot\/#primaryimage\"},\"thumbnailUrl\":\"https:\/\/www.packvn.com\/wp-content\/uploads\/2020\/10\/banh-mi-ngot.jpg\",\"datePublished\":\"2020-10-15T03:04:06+00:00\",\"dateModified\":\"2025-05-25T06:10:31+00:00\",\"breadcrumb\":{\"@id\":\"https:\/\/www.packvn.com\/en\/san-pham\/may-dong-goi-banh-mi-ngot\/#breadcrumb\"},\"inLanguage\":\"en-US\",\"potentialAction\":[{\"@type\":\"ReadAction\",\"target\":[\"https:\/\/www.packvn.com\/en\/san-pham\/may-dong-goi-banh-mi-ngot\/\"]}]},{\"@type\":\"ImageObject\",\"inLanguage\":\"en-US\",\"@id\":\"https:\/\/www.packvn.com\/en\/san-pham\/may-dong-goi-banh-mi-ngot\/#primaryimage\",\"url\":\"https:\/\/www.packvn.com\/wp-content\/uploads\/2020\/10\/banh-mi-ngot.jpg\",\"contentUrl\":\"https:\/\/www.packvn.com\/wp-content\/uploads\/2020\/10\/banh-mi-ngot.jpg\",\"width\":900,\"height\":900},{\"@type\":\"BreadcrumbList\",\"@id\":\"https:\/\/www.packvn.com\/en\/san-pham\/may-dong-goi-banh-mi-ngot\/#breadcrumb\",\"itemListElement\":[{\"@type\":\"ListItem\",\"position\":1,\"name\":\"Trang ch\u1ee7\",\"item\":\"https:\/\/www.packvn.com\/en\/\"},{\"@type\":\"ListItem\",\"position\":2,\"name\":\"S\u1ea3n ph\u1ea9m\",\"item\":\"https:\/\/www.packvn.com\/san-pham\/\"},{\"@type\":\"ListItem\",\"position\":3,\"name\":\"Packing Machine\",\"item\":\"https:\/\/www.packvn.com\/en\/danh-muc-san-pham\/may-dong-goi-en\/\"},{\"@type\":\"ListItem\",\"position\":4,\"name\":\"Sweet Bread Packing Machine\",\"item\":\"https:\/\/www.packvn.com\/en\/danh-muc-san-pham\/may-dong-goi-en\/may-dong-goi-banh-mi-ngot-en\/\"},{\"@type\":\"ListItem\",\"position\":5,\"name\":\"BREAD PACKAGING MACHINE\"}]},{\"@type\":\"WebSite\",\"@id\":\"https:\/\/www.packvn.com\/#website\",\"url\":\"https:\/\/www.packvn.com\/\",\"name\":\"M\u00e1y \u0111\u00f3ng g\u00f3i c\u00f4ng nghi\u1ec7p An Th\u00e0nh\",\"description\":\"Nh\u00e0 s\u1ea3n xu\u1ea5t m\u00e1y \u0111\u00f3ng g\u00f3i ch\u1ea5t l\u01b0\u1ee3ng cao\",\"publisher\":{\"@id\":\"https:\/\/www.packvn.com\/#organization\"},\"potentialAction\":[{\"@type\":\"SearchAction\",\"target\":{\"@type\":\"EntryPoint\",\"urlTemplate\":\"https:\/\/www.packvn.com\/?s={search_term_string}\"},\"query-input\":{\"@type\":\"PropertyValueSpecification\",\"valueRequired\":true,\"valueName\":\"search_term_string\"}}],\"inLanguage\":\"en-US\"},{\"@type\":\"Organization\",\"@id\":\"https:\/\/www.packvn.com\/#organization\",\"name\":\"M\u00e1y \u0110\u00f3ng G\u00f3i An Th\u00e0nh\",\"url\":\"https:\/\/www.packvn.com\/\",\"logo\":{\"@type\":\"ImageObject\",\"inLanguage\":\"en-US\",\"@id\":\"https:\/\/www.packvn.com\/#\/schema\/logo\/image\/\",\"url\":\"https:\/\/www.packvn.com\/wp-content\/uploads\/2020\/10\/cropped-logo-logo-chat-luong-thap-200609090814.png\",\"contentUrl\":\"https:\/\/www.packvn.com\/wp-content\/uploads\/2020\/10\/cropped-logo-logo-chat-luong-thap-200609090814.png\",\"width\":512,\"height\":512,\"caption\":\"M\u00e1y \u0110\u00f3ng G\u00f3i An Th\u00e0nh\"},\"image\":{\"@id\":\"https:\/\/www.packvn.com\/#\/schema\/logo\/image\/\"},\"sameAs\":[\"https:\/\/www.facebook.com\/maytudongnangsuatcaoanthanh\"]}]}<\/script>\n<!-- \/ Yoast SEO plugin. -->","yoast_head_json":{"title":"BREAD PACKAGING MACHINE - M\u00e1y \u0111\u00f3ng g\u00f3i c\u00f4ng nghi\u1ec7p An Th\u00e0nh","robots":{"index":"index","follow":"follow","max-snippet":"max-snippet:-1","max-image-preview":"max-image-preview:large","max-video-preview":"max-video-preview:-1"},"canonical":"https:\/\/www.packvn.com\/en\/san-pham\/may-dong-goi-banh-mi-ngot\/","og_locale":"en_US","og_type":"article","og_title":"BREAD PACKAGING MACHINE - M\u00e1y \u0111\u00f3ng g\u00f3i c\u00f4ng nghi\u1ec7p An Th\u00e0nh","og_description":"Bread packaging machine manufactured at An Thanh Packaging Company, is one of the most experienced manufacturers of cheap packaging machines, bread packaging machines are manufactured by modern and advanced processing lines with high precision and imported materials from Germany, Japan, Korea.","og_url":"https:\/\/www.packvn.com\/en\/san-pham\/may-dong-goi-banh-mi-ngot\/","og_site_name":"M\u00e1y \u0111\u00f3ng g\u00f3i c\u00f4ng nghi\u1ec7p An Th\u00e0nh","article_publisher":"https:\/\/www.facebook.com\/maytudongnangsuatcaoanthanh","article_modified_time":"2025-05-25T06:10:31+00:00","og_image":[{"width":900,"height":900,"url":"https:\/\/www.packvn.com\/wp-content\/uploads\/2020\/10\/banh-mi-ngot.jpg","type":"image\/jpeg"}],"twitter_card":"summary_large_image","twitter_misc":{"Est. reading time":"3 minutes"},"schema":{"@context":"https:\/\/schema.org","@graph":[{"@type":"WebPage","@id":"https:\/\/www.packvn.com\/en\/san-pham\/may-dong-goi-banh-mi-ngot\/","url":"https:\/\/www.packvn.com\/en\/san-pham\/may-dong-goi-banh-mi-ngot\/","name":"BREAD PACKAGING MACHINE - M\u00e1y \u0111\u00f3ng g\u00f3i c\u00f4ng nghi\u1ec7p An Th\u00e0nh","isPartOf":{"@id":"https:\/\/www.packvn.com\/#website"},"primaryImageOfPage":{"@id":"https:\/\/www.packvn.com\/en\/san-pham\/may-dong-goi-banh-mi-ngot\/#primaryimage"},"image":{"@id":"https:\/\/www.packvn.com\/en\/san-pham\/may-dong-goi-banh-mi-ngot\/#primaryimage"},"thumbnailUrl":"https:\/\/www.packvn.com\/wp-content\/uploads\/2020\/10\/banh-mi-ngot.jpg","datePublished":"2020-10-15T03:04:06+00:00","dateModified":"2025-05-25T06:10:31+00:00","breadcrumb":{"@id":"https:\/\/www.packvn.com\/en\/san-pham\/may-dong-goi-banh-mi-ngot\/#breadcrumb"},"inLanguage":"en-US","potentialAction":[{"@type":"ReadAction","target":["https:\/\/www.packvn.com\/en\/san-pham\/may-dong-goi-banh-mi-ngot\/"]}]},{"@type":"ImageObject","inLanguage":"en-US","@id":"https:\/\/www.packvn.com\/en\/san-pham\/may-dong-goi-banh-mi-ngot\/#primaryimage","url":"https:\/\/www.packvn.com\/wp-content\/uploads\/2020\/10\/banh-mi-ngot.jpg","contentUrl":"https:\/\/www.packvn.com\/wp-content\/uploads\/2020\/10\/banh-mi-ngot.jpg","width":900,"height":900},{"@type":"BreadcrumbList","@id":"https:\/\/www.packvn.com\/en\/san-pham\/may-dong-goi-banh-mi-ngot\/#breadcrumb","itemListElement":[{"@type":"ListItem","position":1,"name":"Trang ch\u1ee7","item":"https:\/\/www.packvn.com\/en\/"},{"@type":"ListItem","position":2,"name":"S\u1ea3n ph\u1ea9m","item":"https:\/\/www.packvn.com\/san-pham\/"},{"@type":"ListItem","position":3,"name":"Packing Machine","item":"https:\/\/www.packvn.com\/en\/danh-muc-san-pham\/may-dong-goi-en\/"},{"@type":"ListItem","position":4,"name":"Sweet Bread Packing Machine","item":"https:\/\/www.packvn.com\/en\/danh-muc-san-pham\/may-dong-goi-en\/may-dong-goi-banh-mi-ngot-en\/"},{"@type":"ListItem","position":5,"name":"BREAD PACKAGING MACHINE"}]},{"@type":"WebSite","@id":"https:\/\/www.packvn.com\/#website","url":"https:\/\/www.packvn.com\/","name":"M\u00e1y \u0111\u00f3ng g\u00f3i c\u00f4ng nghi\u1ec7p An Th\u00e0nh","description":"Nh\u00e0 s\u1ea3n xu\u1ea5t m\u00e1y \u0111\u00f3ng g\u00f3i ch\u1ea5t l\u01b0\u1ee3ng cao","publisher":{"@id":"https:\/\/www.packvn.com\/#organization"},"potentialAction":[{"@type":"SearchAction","target":{"@type":"EntryPoint","urlTemplate":"https:\/\/www.packvn.com\/?s={search_term_string}"},"query-input":{"@type":"PropertyValueSpecification","valueRequired":true,"valueName":"search_term_string"}}],"inLanguage":"en-US"},{"@type":"Organization","@id":"https:\/\/www.packvn.com\/#organization","name":"M\u00e1y \u0110\u00f3ng G\u00f3i An Th\u00e0nh","url":"https:\/\/www.packvn.com\/","logo":{"@type":"ImageObject","inLanguage":"en-US","@id":"https:\/\/www.packvn.com\/#\/schema\/logo\/image\/","url":"https:\/\/www.packvn.com\/wp-content\/uploads\/2020\/10\/cropped-logo-logo-chat-luong-thap-200609090814.png","contentUrl":"https:\/\/www.packvn.com\/wp-content\/uploads\/2020\/10\/cropped-logo-logo-chat-luong-thap-200609090814.png","width":512,"height":512,"caption":"M\u00e1y \u0110\u00f3ng G\u00f3i An Th\u00e0nh"},"image":{"@id":"https:\/\/www.packvn.com\/#\/schema\/logo\/image\/"},"sameAs":["https:\/\/www.facebook.com\/maytudongnangsuatcaoanthanh"]}]}},"_links":{"self":[{"href":"https:\/\/www.packvn.com\/en\/wp-json\/wp\/v2\/product\/695"}],"collection":[{"href":"https:\/\/www.packvn.com\/en\/wp-json\/wp\/v2\/product"}],"about":[{"href":"https:\/\/www.packvn.com\/en\/wp-json\/wp\/v2\/types\/product"}],"replies":[{"embeddable":true,"href":"https:\/\/www.packvn.com\/en\/wp-json\/wp\/v2\/comments?post=695"}],"wp:featuredmedia":[{"embeddable":true,"href":"https:\/\/www.packvn.com\/en\/wp-json\/wp\/v2\/media\/13024"}],"wp:attachment":[{"href":"https:\/\/www.packvn.com\/en\/wp-json\/wp\/v2\/media?parent=695"}],"wp:term":[{"taxonomy":"product_cat","embeddable":true,"href":"https:\/\/www.packvn.com\/en\/wp-json\/wp\/v2\/product_cat?post=695"},{"taxonomy":"product_tag","embeddable":true,"href":"https:\/\/www.packvn.com\/en\/wp-json\/wp\/v2\/product_tag?post=695"}],"curies":[{"name":"wp","href":"https:\/\/api.w.org\/{rel}","templated":true}]}}