{"id":14933,"date":"2024-10-04T09:37:08","date_gmt":"2024-10-04T02:37:08","guid":{"rendered":"https:\/\/www.packvn.com\/?post_type=product&#038;p=14933"},"modified":"2024-10-04T09:42:41","modified_gmt":"2024-10-04T02:42:41","slug":"drying-cricket-packaging-machine","status":"publish","type":"product","link":"https:\/\/www.packvn.com\/en\/san-pham\/drying-cricket-packaging-machine\/","title":{"rendered":"Drying cricket packaging machine"},"content":{"rendered":"<table width=\"728\">\n<tbody>\n<tr>\n<td width=\"438\">Detailed technical specifications<\/td>\n<td width=\"119\">Material<\/td>\n<td width=\"72\">Origin<\/td>\n<td width=\"99\">Note<\/td>\n<\/tr>\n<tr>\n<td width=\"438\">The machine frame is made of powder-coated steel, body of the machine is covered with 304 stainless steel, the machine parts are in contact raw materials are made of 304 stainless steel, used in<br \/>\nfood.<\/td>\n<td width=\"119\">Steel and<br \/>\nStainless steel 304<\/td>\n<td>An Thanh<\/td>\n<td rowspan=\"27\" width=\"99\">All<br \/>\naccessory<br \/>\ncompletely<br \/>\nnew<br \/>\n100%<\/td>\n<\/tr>\n<tr>\n<td width=\"438\">Machine parts are manufactured on high-speed CNC machines<br \/>\nHigh precision.<\/td>\n<td width=\"119\">Steel and<br \/>\nStainless steel<\/td>\n<td>An Thanh<\/td>\n<\/tr>\n<tr>\n<td>ABM main engine.<\/td>\n<td><\/td>\n<td width=\"72\">Germany<\/td>\n<\/tr>\n<tr>\n<td>MCB protects the LS machine.<\/td>\n<td><\/td>\n<td>Korea<\/td>\n<\/tr>\n<tr>\n<td>KASUTO membrane discharge motor.<\/td>\n<td><\/td>\n<td>Japan<\/td>\n<\/tr>\n<tr>\n<td width=\"438\">Relay IDEC<\/td>\n<td><\/td>\n<td>Japan<\/td>\n<\/tr>\n<tr>\n<td>NTN packaging sliding and pressing system.<\/td>\n<td><\/td>\n<td>Japan<\/td>\n<\/tr>\n<tr>\n<td>PLC &#8211; DELTA.<\/td>\n<td><\/td>\n<td>Taiwan<\/td>\n<\/tr>\n<tr>\n<td width=\"438\">7 inch touch screen &#8211; DELTA.<br \/>\nParameters are displayed on the touch screen.<\/td>\n<td><\/td>\n<td>Taiwan<\/td>\n<\/tr>\n<tr>\n<td>CAS electronic weighing head.<\/td>\n<td><\/td>\n<td>Korea<\/td>\n<\/tr>\n<tr>\n<td>AOTORO packaging line reading sensor.<\/td>\n<td><\/td>\n<td>Taiwan<\/td>\n<\/tr>\n<tr>\n<td width=\"438\">The sensor indicates that the material is running out and the red light and alarm are on onto the touch screen.<\/td>\n<td><\/td>\n<td><\/td>\n<\/tr>\n<tr>\n<td width=\"438\">Air blower<\/td>\n<td><\/td>\n<td><\/td>\n<\/tr>\n<tr>\n<td width=\"438\">Tank (container hopper): 120 liters<\/td>\n<td><\/td>\n<td><\/td>\n<\/tr>\n<tr>\n<td width=\"438\">Membrane size: customer has not finalized the membrane size<br \/>\nand packaging materials<\/td>\n<td><\/td>\n<td><\/td>\n<\/tr>\n<tr>\n<td width=\"438\">Compression pack type: Middle back compression<br \/>\nPressed pattern: Straight stripes creating waves<br \/>\n&#8211; Horizontal pressing: 12mm<br \/>\n&#8211; Vertical pressing: 10mm<\/td>\n<td>Steel<\/td>\n<td>An Thanh<\/td>\n<\/tr>\n<tr>\n<td width=\"438\">Cutter blade type: Serrated shape, easy to tear the bag<\/td>\n<td>Wind steel<\/td>\n<td><\/td>\n<\/tr>\n<tr>\n<td width=\"438\">Quantitative method: Automatic electronic scale 2<br \/>\nscale head<\/td>\n<td><\/td>\n<td><\/td>\n<\/tr>\n<tr>\n<td width=\"438\">Packaging ingredients: Dried crickets<\/td>\n<td><\/td>\n<td><\/td>\n<\/tr>\n<tr>\n<td width=\"438\">Net weight: 45 grams<br \/>\nError \u00b1 3 gram (depending on characteristics and uniformity<br \/>\nof raw materials)<\/td>\n<td><\/td>\n<td><\/td>\n<\/tr>\n<tr>\n<td width=\"438\">Productivity: 10 &#8211; 15 bags\/minute depending on characteristics and degree<br \/>\nuniformity of raw materials.<\/td>\n<td><\/td>\n<td><\/td>\n<\/tr>\n<tr>\n<td width=\"438\">Electric capacity: 2 kw\/h<\/td>\n<td><\/td>\n<td><\/td>\n<\/tr>\n<tr>\n<td width=\"438\">Power source: 220v\/50hz<\/td>\n<td><\/td>\n<td><\/td>\n<\/tr>\n<tr>\n<td width=\"438\">Compressed air source: 5 \u2013 8 Mpa\/s<\/td>\n<td><\/td>\n<td><\/td>\n<\/tr>\n<tr>\n<td width=\"438\">Machine dimensions: (L1760 x W160 x H2650) mm<\/td>\n<td><\/td>\n<td><\/td>\n<\/tr>\n<tr>\n<td width=\"438\">Machine weight: 600kg<\/td>\n<td><\/td>\n<td><\/td>\n<\/tr>\n<tr>\n<td width=\"438\">Machine origin: An Thanh<\/td>\n<td><\/td>\n<td><\/td>\n<\/tr>\n<\/tbody>\n<\/table>\n","protected":false},"excerpt":{"rendered":"<p><iframe src=\"\/\/www.youtube.com\/embed\/N8PVuoGgjgA\" width=\"560\" height=\"314\" allowfullscreen=\"allowfullscreen\"><\/iframe><\/p>\n","protected":false},"featured_media":13821,"comment_status":"open","ping_status":"closed","template":"","meta":{"inline_featured_image":false},"product_cat":[111,99,93,115],"product_tag":[],"class_list":{"0":"post-14933","1":"product","2":"type-product","3":"status-publish","4":"has-post-thumbnail","6":"product_cat-may-dong-goi-can-dien-tu-en","7":"product_cat-may-dong-goi-thuc-pham-en","8":"product_cat-may-dong-goi-bao-bi-en","9":"product_cat-may-dong-goi-dang-bot-hat-en","11":"first","12":"instock","13":"shipping-taxable","14":"product-type-simple"},"yoast_head":"<!-- This site is optimized with the Yoast SEO plugin v23.5 - https:\/\/yoast.com\/wordpress\/plugins\/seo\/ -->\n<title>Drying cricket packaging machine - M\u00e1y \u0111\u00f3ng g\u00f3i c\u00f4ng nghi\u1ec7p An Th\u00e0nh<\/title>\n<meta name=\"robots\" content=\"index, follow, max-snippet:-1, max-image-preview:large, max-video-preview:-1\" \/>\n<link rel=\"canonical\" href=\"https:\/\/www.packvn.com\/en\/san-pham\/drying-cricket-packaging-machine\/\" \/>\n<meta property=\"og:locale\" content=\"en_US\" \/>\n<meta property=\"og:type\" content=\"article\" \/>\n<meta property=\"og:title\" content=\"Drying cricket packaging machine - M\u00e1y \u0111\u00f3ng g\u00f3i c\u00f4ng nghi\u1ec7p An Th\u00e0nh\" \/>\n<meta property=\"og:url\" content=\"https:\/\/www.packvn.com\/en\/san-pham\/drying-cricket-packaging-machine\/\" \/>\n<meta property=\"og:site_name\" content=\"M\u00e1y \u0111\u00f3ng g\u00f3i c\u00f4ng nghi\u1ec7p An Th\u00e0nh\" \/>\n<meta property=\"article:publisher\" content=\"https:\/\/www.facebook.com\/maytudongnangsuatcaoanthanh\" \/>\n<meta property=\"article:modified_time\" content=\"2024-10-04T02:42:41+00:00\" \/>\n<meta property=\"og:image\" content=\"https:\/\/www.packvn.com\/wp-content\/uploads\/2024\/07\/1Untitled-1.jpg\" \/>\n\t<meta property=\"og:image:width\" content=\"1005\" \/>\n\t<meta property=\"og:image:height\" content=\"918\" \/>\n\t<meta property=\"og:image:type\" content=\"image\/jpeg\" \/>\n<meta name=\"twitter:card\" content=\"summary_large_image\" \/>\n<meta name=\"twitter:label1\" content=\"Est. reading time\" \/>\n\t<meta name=\"twitter:data1\" content=\"2 minutes\" \/>\n<script type=\"application\/ld+json\" class=\"yoast-schema-graph\">{\"@context\":\"https:\/\/schema.org\",\"@graph\":[{\"@type\":\"WebPage\",\"@id\":\"https:\/\/www.packvn.com\/en\/san-pham\/drying-cricket-packaging-machine\/\",\"url\":\"https:\/\/www.packvn.com\/en\/san-pham\/drying-cricket-packaging-machine\/\",\"name\":\"Drying cricket packaging machine - M\u00e1y \u0111\u00f3ng g\u00f3i c\u00f4ng nghi\u1ec7p An Th\u00e0nh\",\"isPartOf\":{\"@id\":\"https:\/\/www.packvn.com\/#website\"},\"primaryImageOfPage\":{\"@id\":\"https:\/\/www.packvn.com\/en\/san-pham\/drying-cricket-packaging-machine\/#primaryimage\"},\"image\":{\"@id\":\"https:\/\/www.packvn.com\/en\/san-pham\/drying-cricket-packaging-machine\/#primaryimage\"},\"thumbnailUrl\":\"https:\/\/www.packvn.com\/wp-content\/uploads\/2024\/07\/1Untitled-1.jpg\",\"datePublished\":\"2024-10-04T02:37:08+00:00\",\"dateModified\":\"2024-10-04T02:42:41+00:00\",\"breadcrumb\":{\"@id\":\"https:\/\/www.packvn.com\/en\/san-pham\/drying-cricket-packaging-machine\/#breadcrumb\"},\"inLanguage\":\"en-US\",\"potentialAction\":[{\"@type\":\"ReadAction\",\"target\":[\"https:\/\/www.packvn.com\/en\/san-pham\/drying-cricket-packaging-machine\/\"]}]},{\"@type\":\"ImageObject\",\"inLanguage\":\"en-US\",\"@id\":\"https:\/\/www.packvn.com\/en\/san-pham\/drying-cricket-packaging-machine\/#primaryimage\",\"url\":\"https:\/\/www.packvn.com\/wp-content\/uploads\/2024\/07\/1Untitled-1.jpg\",\"contentUrl\":\"https:\/\/www.packvn.com\/wp-content\/uploads\/2024\/07\/1Untitled-1.jpg\",\"width\":1005,\"height\":918,\"caption\":\"m\u00e1y \u0111\u00f3ng g\u00f3i 2 \u0111\u1ea7u c\u00e2n t\u1ef1 \u0111\u1ed9ng\"},{\"@type\":\"BreadcrumbList\",\"@id\":\"https:\/\/www.packvn.com\/en\/san-pham\/drying-cricket-packaging-machine\/#breadcrumb\",\"itemListElement\":[{\"@type\":\"ListItem\",\"position\":1,\"name\":\"Trang ch\u1ee7\",\"item\":\"https:\/\/www.packvn.com\/en\/\"},{\"@type\":\"ListItem\",\"position\":2,\"name\":\"S\u1ea3n ph\u1ea9m\",\"item\":\"https:\/\/www.packvn.com\/san-pham\/\"},{\"@type\":\"ListItem\",\"position\":3,\"name\":\"Packing Machine\",\"item\":\"https:\/\/www.packvn.com\/en\/danh-muc-san-pham\/may-dong-goi-en\/\"},{\"@type\":\"ListItem\",\"position\":4,\"name\":\"Food Packaging Machine\",\"item\":\"https:\/\/www.packvn.com\/en\/danh-muc-san-pham\/may-dong-goi-en\/may-dong-goi-thuc-pham-en\/\"},{\"@type\":\"ListItem\",\"position\":5,\"name\":\"Drying cricket packaging machine\"}]},{\"@type\":\"WebSite\",\"@id\":\"https:\/\/www.packvn.com\/#website\",\"url\":\"https:\/\/www.packvn.com\/\",\"name\":\"M\u00e1y \u0111\u00f3ng g\u00f3i c\u00f4ng nghi\u1ec7p An Th\u00e0nh\",\"description\":\"Nh\u00e0 s\u1ea3n xu\u1ea5t m\u00e1y \u0111\u00f3ng g\u00f3i ch\u1ea5t l\u01b0\u1ee3ng cao\",\"publisher\":{\"@id\":\"https:\/\/www.packvn.com\/#organization\"},\"potentialAction\":[{\"@type\":\"SearchAction\",\"target\":{\"@type\":\"EntryPoint\",\"urlTemplate\":\"https:\/\/www.packvn.com\/?s={search_term_string}\"},\"query-input\":{\"@type\":\"PropertyValueSpecification\",\"valueRequired\":true,\"valueName\":\"search_term_string\"}}],\"inLanguage\":\"en-US\"},{\"@type\":\"Organization\",\"@id\":\"https:\/\/www.packvn.com\/#organization\",\"name\":\"M\u00e1y \u0110\u00f3ng G\u00f3i An Th\u00e0nh\",\"url\":\"https:\/\/www.packvn.com\/\",\"logo\":{\"@type\":\"ImageObject\",\"inLanguage\":\"en-US\",\"@id\":\"https:\/\/www.packvn.com\/#\/schema\/logo\/image\/\",\"url\":\"https:\/\/www.packvn.com\/wp-content\/uploads\/2020\/10\/cropped-logo-logo-chat-luong-thap-200609090814.png\",\"contentUrl\":\"https:\/\/www.packvn.com\/wp-content\/uploads\/2020\/10\/cropped-logo-logo-chat-luong-thap-200609090814.png\",\"width\":512,\"height\":512,\"caption\":\"M\u00e1y \u0110\u00f3ng G\u00f3i An Th\u00e0nh\"},\"image\":{\"@id\":\"https:\/\/www.packvn.com\/#\/schema\/logo\/image\/\"},\"sameAs\":[\"https:\/\/www.facebook.com\/maytudongnangsuatcaoanthanh\"]}]}<\/script>\n<!-- \/ Yoast SEO plugin. -->","yoast_head_json":{"title":"Drying cricket packaging machine - M\u00e1y \u0111\u00f3ng g\u00f3i c\u00f4ng nghi\u1ec7p An Th\u00e0nh","robots":{"index":"index","follow":"follow","max-snippet":"max-snippet:-1","max-image-preview":"max-image-preview:large","max-video-preview":"max-video-preview:-1"},"canonical":"https:\/\/www.packvn.com\/en\/san-pham\/drying-cricket-packaging-machine\/","og_locale":"en_US","og_type":"article","og_title":"Drying cricket packaging machine - M\u00e1y \u0111\u00f3ng g\u00f3i c\u00f4ng nghi\u1ec7p An Th\u00e0nh","og_url":"https:\/\/www.packvn.com\/en\/san-pham\/drying-cricket-packaging-machine\/","og_site_name":"M\u00e1y \u0111\u00f3ng g\u00f3i c\u00f4ng nghi\u1ec7p An Th\u00e0nh","article_publisher":"https:\/\/www.facebook.com\/maytudongnangsuatcaoanthanh","article_modified_time":"2024-10-04T02:42:41+00:00","og_image":[{"width":1005,"height":918,"url":"https:\/\/www.packvn.com\/wp-content\/uploads\/2024\/07\/1Untitled-1.jpg","type":"image\/jpeg"}],"twitter_card":"summary_large_image","twitter_misc":{"Est. reading time":"2 minutes"},"schema":{"@context":"https:\/\/schema.org","@graph":[{"@type":"WebPage","@id":"https:\/\/www.packvn.com\/en\/san-pham\/drying-cricket-packaging-machine\/","url":"https:\/\/www.packvn.com\/en\/san-pham\/drying-cricket-packaging-machine\/","name":"Drying cricket packaging machine - M\u00e1y \u0111\u00f3ng g\u00f3i c\u00f4ng nghi\u1ec7p An Th\u00e0nh","isPartOf":{"@id":"https:\/\/www.packvn.com\/#website"},"primaryImageOfPage":{"@id":"https:\/\/www.packvn.com\/en\/san-pham\/drying-cricket-packaging-machine\/#primaryimage"},"image":{"@id":"https:\/\/www.packvn.com\/en\/san-pham\/drying-cricket-packaging-machine\/#primaryimage"},"thumbnailUrl":"https:\/\/www.packvn.com\/wp-content\/uploads\/2024\/07\/1Untitled-1.jpg","datePublished":"2024-10-04T02:37:08+00:00","dateModified":"2024-10-04T02:42:41+00:00","breadcrumb":{"@id":"https:\/\/www.packvn.com\/en\/san-pham\/drying-cricket-packaging-machine\/#breadcrumb"},"inLanguage":"en-US","potentialAction":[{"@type":"ReadAction","target":["https:\/\/www.packvn.com\/en\/san-pham\/drying-cricket-packaging-machine\/"]}]},{"@type":"ImageObject","inLanguage":"en-US","@id":"https:\/\/www.packvn.com\/en\/san-pham\/drying-cricket-packaging-machine\/#primaryimage","url":"https:\/\/www.packvn.com\/wp-content\/uploads\/2024\/07\/1Untitled-1.jpg","contentUrl":"https:\/\/www.packvn.com\/wp-content\/uploads\/2024\/07\/1Untitled-1.jpg","width":1005,"height":918,"caption":"m\u00e1y \u0111\u00f3ng g\u00f3i 2 \u0111\u1ea7u c\u00e2n t\u1ef1 \u0111\u1ed9ng"},{"@type":"BreadcrumbList","@id":"https:\/\/www.packvn.com\/en\/san-pham\/drying-cricket-packaging-machine\/#breadcrumb","itemListElement":[{"@type":"ListItem","position":1,"name":"Trang ch\u1ee7","item":"https:\/\/www.packvn.com\/en\/"},{"@type":"ListItem","position":2,"name":"S\u1ea3n ph\u1ea9m","item":"https:\/\/www.packvn.com\/san-pham\/"},{"@type":"ListItem","position":3,"name":"Packing Machine","item":"https:\/\/www.packvn.com\/en\/danh-muc-san-pham\/may-dong-goi-en\/"},{"@type":"ListItem","position":4,"name":"Food Packaging Machine","item":"https:\/\/www.packvn.com\/en\/danh-muc-san-pham\/may-dong-goi-en\/may-dong-goi-thuc-pham-en\/"},{"@type":"ListItem","position":5,"name":"Drying cricket packaging machine"}]},{"@type":"WebSite","@id":"https:\/\/www.packvn.com\/#website","url":"https:\/\/www.packvn.com\/","name":"M\u00e1y \u0111\u00f3ng g\u00f3i c\u00f4ng nghi\u1ec7p An Th\u00e0nh","description":"Nh\u00e0 s\u1ea3n xu\u1ea5t m\u00e1y \u0111\u00f3ng g\u00f3i ch\u1ea5t l\u01b0\u1ee3ng cao","publisher":{"@id":"https:\/\/www.packvn.com\/#organization"},"potentialAction":[{"@type":"SearchAction","target":{"@type":"EntryPoint","urlTemplate":"https:\/\/www.packvn.com\/?s={search_term_string}"},"query-input":{"@type":"PropertyValueSpecification","valueRequired":true,"valueName":"search_term_string"}}],"inLanguage":"en-US"},{"@type":"Organization","@id":"https:\/\/www.packvn.com\/#organization","name":"M\u00e1y \u0110\u00f3ng G\u00f3i An Th\u00e0nh","url":"https:\/\/www.packvn.com\/","logo":{"@type":"ImageObject","inLanguage":"en-US","@id":"https:\/\/www.packvn.com\/#\/schema\/logo\/image\/","url":"https:\/\/www.packvn.com\/wp-content\/uploads\/2020\/10\/cropped-logo-logo-chat-luong-thap-200609090814.png","contentUrl":"https:\/\/www.packvn.com\/wp-content\/uploads\/2020\/10\/cropped-logo-logo-chat-luong-thap-200609090814.png","width":512,"height":512,"caption":"M\u00e1y \u0110\u00f3ng G\u00f3i An Th\u00e0nh"},"image":{"@id":"https:\/\/www.packvn.com\/#\/schema\/logo\/image\/"},"sameAs":["https:\/\/www.facebook.com\/maytudongnangsuatcaoanthanh"]}]}},"_links":{"self":[{"href":"https:\/\/www.packvn.com\/en\/wp-json\/wp\/v2\/product\/14933"}],"collection":[{"href":"https:\/\/www.packvn.com\/en\/wp-json\/wp\/v2\/product"}],"about":[{"href":"https:\/\/www.packvn.com\/en\/wp-json\/wp\/v2\/types\/product"}],"replies":[{"embeddable":true,"href":"https:\/\/www.packvn.com\/en\/wp-json\/wp\/v2\/comments?post=14933"}],"wp:featuredmedia":[{"embeddable":true,"href":"https:\/\/www.packvn.com\/en\/wp-json\/wp\/v2\/media\/13821"}],"wp:attachment":[{"href":"https:\/\/www.packvn.com\/en\/wp-json\/wp\/v2\/media?parent=14933"}],"wp:term":[{"taxonomy":"product_cat","embeddable":true,"href":"https:\/\/www.packvn.com\/en\/wp-json\/wp\/v2\/product_cat?post=14933"},{"taxonomy":"product_tag","embeddable":true,"href":"https:\/\/www.packvn.com\/en\/wp-json\/wp\/v2\/product_tag?post=14933"}],"curies":[{"name":"wp","href":"https:\/\/api.w.org\/{rel}","templated":true}]}}