{"id":670,"date":"2020-10-25T15:49:52","date_gmt":"2020-10-25T15:49:52","guid":{"rendered":"http:\/\/maydonggoi.southteam.co\/chinh-sach-thanh-toan\/"},"modified":"2024-05-25T13:45:08","modified_gmt":"2024-05-25T06:45:08","slug":"chinh-sach-thanh-toan","status":"publish","type":"page","link":"https:\/\/www.packvn.com\/en\/chinh-sach-thanh-toan\/","title":{"rendered":"Ch\u00ednh s\u00e1ch thanh to\u00e1n"},"content":{"rendered":"<p style=\"text-align: justify;\"><strong><span style=\"font-size: 115%;\">Thanh to\u00e1n \u0111\u01b0\u1ee3c chia l\u00e0m 03 \u0111\u1ee3t:\u00a0<\/span><\/strong><\/p>\n<ul>\n<li style=\"text-align: justify;\"><span style=\"font-size: 115%;\">\u0110\u1ee3t 01: Thanh to\u00e1n 40% gi\u00e1 tr\u1ecb h\u1ee3p \u0111\u1ed3ng<\/span><\/li>\n<li style=\"text-align: justify;\"><span style=\"font-size: 115%;\">\u0110\u1ee3t 02: Thanh to\u00e1n 55% g\u00faa tr\u1ecb h\u1ee3p \u0111\u1ed3ng<\/span><\/li>\n<li style=\"text-align: justify;\"><span style=\"font-size: 115%;\">\u0110\u1ee3t 03: Thanh to\u00e1n 5% gi\u00e1 tr\u1ecb h\u1ee3p \u0111\u1ed3ng c\u00f2n l\u1ea1i sau khi b\u00e0n giao v\u00e0 nghi\u1ec7m thu m\u00e1y t\u1ea1i nh\u00e0 x\u01b0\u1edfng qu\u00fd kh\u00e1ch h\u00e0ng<\/span><\/li>\n<li style=\"text-align: justify;\"><span style=\"font-size: 115%;\">Ph\u01b0\u01a1ng th\u1ee9c thanh to\u00e1n: chuy\u1ec3n kho\u1ea3n b\u1eb1ng ti\u1ec1n \u0111\u1ed3ng Vi\u1ec7t Nam<\/span><\/li>\n<\/ul>\n","protected":false},"excerpt":{"rendered":"<p>Thanh to\u00e1n \u0111\u01b0\u1ee3c chia l\u00e0m 03 \u0111\u1ee3t:\u00a0 \u0110\u1ee3t 01: Thanh to\u00e1n 40% gi\u00e1 tr\u1ecb h\u1ee3p \u0111\u1ed3ng \u0110\u1ee3t 02: Thanh to\u00e1n 55% g\u00faa tr\u1ecb h\u1ee3p \u0111\u1ed3ng \u0110\u1ee3t 03: Thanh to\u00e1n 5% gi\u00e1 tr\u1ecb h\u1ee3p \u0111\u1ed3ng c\u00f2n l\u1ea1i sau khi b\u00e0n giao v\u00e0 nghi\u1ec7m thu m\u00e1y t\u1ea1i nh\u00e0 x\u01b0\u1edfng qu\u00fd kh\u00e1ch h\u00e0ng Ph\u01b0\u01a1ng th\u1ee9c thanh to\u00e1n: chuy\u1ec3nXem th\u00eam<\/p>\n","protected":false},"author":6,"featured_media":0,"parent":0,"menu_order":0,"comment_status":"closed","ping_status":"closed","template":"","meta":{"inline_featured_image":false,"footnotes":""},"class_list":["post-670","page","type-page","status-publish","hentry"],"yoast_head":"<!-- This site is optimized with the Yoast SEO plugin v23.5 - https:\/\/yoast.com\/wordpress\/plugins\/seo\/ -->\n<title>Ch\u00ednh s\u00e1ch thanh to\u00e1n - M\u00e1y \u0111\u00f3ng g\u00f3i c\u00f4ng nghi\u1ec7p An Th\u00e0nh<\/title>\n<meta name=\"robots\" content=\"index, follow, max-snippet:-1, max-image-preview:large, max-video-preview:-1\" \/>\n<link rel=\"canonical\" href=\"https:\/\/www.packvn.com\/en\/chinh-sach-thanh-toan\/\" \/>\n<meta property=\"og:locale\" content=\"en_US\" \/>\n<meta property=\"og:type\" content=\"article\" \/>\n<meta property=\"og:title\" content=\"Ch\u00ednh s\u00e1ch thanh to\u00e1n - M\u00e1y \u0111\u00f3ng g\u00f3i c\u00f4ng nghi\u1ec7p An Th\u00e0nh\" \/>\n<meta property=\"og:description\" content=\"Thanh to\u00e1n \u0111\u01b0\u1ee3c chia l\u00e0m 03 \u0111\u1ee3t:\u00a0 \u0110\u1ee3t 01: Thanh to\u00e1n 40% gi\u00e1 tr\u1ecb h\u1ee3p \u0111\u1ed3ng \u0110\u1ee3t 02: Thanh to\u00e1n 55% g\u00faa tr\u1ecb h\u1ee3p \u0111\u1ed3ng \u0110\u1ee3t 03: Thanh to\u00e1n 5% gi\u00e1 tr\u1ecb h\u1ee3p \u0111\u1ed3ng c\u00f2n l\u1ea1i sau khi b\u00e0n giao v\u00e0 nghi\u1ec7m thu m\u00e1y t\u1ea1i nh\u00e0 x\u01b0\u1edfng qu\u00fd kh\u00e1ch h\u00e0ng Ph\u01b0\u01a1ng th\u1ee9c thanh to\u00e1n: chuy\u1ec3nXem th\u00eam\" \/>\n<meta property=\"og:url\" content=\"https:\/\/www.packvn.com\/en\/chinh-sach-thanh-toan\/\" \/>\n<meta property=\"og:site_name\" content=\"M\u00e1y \u0111\u00f3ng g\u00f3i c\u00f4ng nghi\u1ec7p An Th\u00e0nh\" \/>\n<meta property=\"article:publisher\" content=\"https:\/\/www.facebook.com\/maytudongnangsuatcaoanthanh\" \/>\n<meta property=\"article:modified_time\" content=\"2024-05-25T06:45:08+00:00\" \/>\n<meta name=\"twitter:card\" content=\"summary_large_image\" \/>\n<script type=\"application\/ld+json\" class=\"yoast-schema-graph\">{\"@context\":\"https:\/\/schema.org\",\"@graph\":[{\"@type\":\"WebPage\",\"@id\":\"https:\/\/www.packvn.com\/en\/chinh-sach-thanh-toan\/\",\"url\":\"https:\/\/www.packvn.com\/en\/chinh-sach-thanh-toan\/\",\"name\":\"Ch\u00ednh s\u00e1ch thanh to\u00e1n - M\u00e1y \u0111\u00f3ng g\u00f3i c\u00f4ng nghi\u1ec7p An Th\u00e0nh\",\"isPartOf\":{\"@id\":\"https:\/\/www.packvn.com\/#website\"},\"datePublished\":\"2020-10-25T15:49:52+00:00\",\"dateModified\":\"2024-05-25T06:45:08+00:00\",\"breadcrumb\":{\"@id\":\"https:\/\/www.packvn.com\/en\/chinh-sach-thanh-toan\/#breadcrumb\"},\"inLanguage\":\"en-US\",\"potentialAction\":[{\"@type\":\"ReadAction\",\"target\":[\"https:\/\/www.packvn.com\/en\/chinh-sach-thanh-toan\/\"]}]},{\"@type\":\"BreadcrumbList\",\"@id\":\"https:\/\/www.packvn.com\/en\/chinh-sach-thanh-toan\/#breadcrumb\",\"itemListElement\":[{\"@type\":\"ListItem\",\"position\":1,\"name\":\"Trang ch\u1ee7\",\"item\":\"https:\/\/www.packvn.com\/en\/\"},{\"@type\":\"ListItem\",\"position\":2,\"name\":\"Ch\u00ednh s\u00e1ch thanh to\u00e1n\"}]},{\"@type\":\"WebSite\",\"@id\":\"https:\/\/www.packvn.com\/#website\",\"url\":\"https:\/\/www.packvn.com\/\",\"name\":\"M\u00e1y \u0111\u00f3ng g\u00f3i c\u00f4ng nghi\u1ec7p An Th\u00e0nh\",\"description\":\"Nh\u00e0 s\u1ea3n xu\u1ea5t m\u00e1y \u0111\u00f3ng g\u00f3i ch\u1ea5t l\u01b0\u1ee3ng cao\",\"publisher\":{\"@id\":\"https:\/\/www.packvn.com\/#organization\"},\"potentialAction\":[{\"@type\":\"SearchAction\",\"target\":{\"@type\":\"EntryPoint\",\"urlTemplate\":\"https:\/\/www.packvn.com\/?s={search_term_string}\"},\"query-input\":{\"@type\":\"PropertyValueSpecification\",\"valueRequired\":true,\"valueName\":\"search_term_string\"}}],\"inLanguage\":\"en-US\"},{\"@type\":\"Organization\",\"@id\":\"https:\/\/www.packvn.com\/#organization\",\"name\":\"M\u00e1y \u0110\u00f3ng G\u00f3i An Th\u00e0nh\",\"url\":\"https:\/\/www.packvn.com\/\",\"logo\":{\"@type\":\"ImageObject\",\"inLanguage\":\"en-US\",\"@id\":\"https:\/\/www.packvn.com\/#\/schema\/logo\/image\/\",\"url\":\"https:\/\/www.packvn.com\/wp-content\/uploads\/2020\/10\/cropped-logo-logo-chat-luong-thap-200609090814.png\",\"contentUrl\":\"https:\/\/www.packvn.com\/wp-content\/uploads\/2020\/10\/cropped-logo-logo-chat-luong-thap-200609090814.png\",\"width\":512,\"height\":512,\"caption\":\"M\u00e1y \u0110\u00f3ng G\u00f3i An Th\u00e0nh\"},\"image\":{\"@id\":\"https:\/\/www.packvn.com\/#\/schema\/logo\/image\/\"},\"sameAs\":[\"https:\/\/www.facebook.com\/maytudongnangsuatcaoanthanh\"]}]}<\/script>\n<!-- \/ Yoast SEO plugin. -->","yoast_head_json":{"title":"Ch\u00ednh s\u00e1ch thanh to\u00e1n - M\u00e1y \u0111\u00f3ng g\u00f3i c\u00f4ng nghi\u1ec7p An Th\u00e0nh","robots":{"index":"index","follow":"follow","max-snippet":"max-snippet:-1","max-image-preview":"max-image-preview:large","max-video-preview":"max-video-preview:-1"},"canonical":"https:\/\/www.packvn.com\/en\/chinh-sach-thanh-toan\/","og_locale":"en_US","og_type":"article","og_title":"Ch\u00ednh s\u00e1ch thanh to\u00e1n - M\u00e1y \u0111\u00f3ng g\u00f3i c\u00f4ng nghi\u1ec7p An Th\u00e0nh","og_description":"Thanh to\u00e1n \u0111\u01b0\u1ee3c chia l\u00e0m 03 \u0111\u1ee3t:\u00a0 \u0110\u1ee3t 01: Thanh to\u00e1n 40% gi\u00e1 tr\u1ecb h\u1ee3p \u0111\u1ed3ng \u0110\u1ee3t 02: Thanh to\u00e1n 55% g\u00faa tr\u1ecb h\u1ee3p \u0111\u1ed3ng \u0110\u1ee3t 03: Thanh to\u00e1n 5% gi\u00e1 tr\u1ecb h\u1ee3p \u0111\u1ed3ng c\u00f2n l\u1ea1i sau khi b\u00e0n giao v\u00e0 nghi\u1ec7m thu m\u00e1y t\u1ea1i nh\u00e0 x\u01b0\u1edfng qu\u00fd kh\u00e1ch h\u00e0ng Ph\u01b0\u01a1ng th\u1ee9c thanh to\u00e1n: chuy\u1ec3nXem th\u00eam","og_url":"https:\/\/www.packvn.com\/en\/chinh-sach-thanh-toan\/","og_site_name":"M\u00e1y \u0111\u00f3ng g\u00f3i c\u00f4ng nghi\u1ec7p An Th\u00e0nh","article_publisher":"https:\/\/www.facebook.com\/maytudongnangsuatcaoanthanh","article_modified_time":"2024-05-25T06:45:08+00:00","twitter_card":"summary_large_image","schema":{"@context":"https:\/\/schema.org","@graph":[{"@type":"WebPage","@id":"https:\/\/www.packvn.com\/en\/chinh-sach-thanh-toan\/","url":"https:\/\/www.packvn.com\/en\/chinh-sach-thanh-toan\/","name":"Ch\u00ednh s\u00e1ch thanh to\u00e1n - M\u00e1y \u0111\u00f3ng g\u00f3i c\u00f4ng nghi\u1ec7p An Th\u00e0nh","isPartOf":{"@id":"https:\/\/www.packvn.com\/#website"},"datePublished":"2020-10-25T15:49:52+00:00","dateModified":"2024-05-25T06:45:08+00:00","breadcrumb":{"@id":"https:\/\/www.packvn.com\/en\/chinh-sach-thanh-toan\/#breadcrumb"},"inLanguage":"en-US","potentialAction":[{"@type":"ReadAction","target":["https:\/\/www.packvn.com\/en\/chinh-sach-thanh-toan\/"]}]},{"@type":"BreadcrumbList","@id":"https:\/\/www.packvn.com\/en\/chinh-sach-thanh-toan\/#breadcrumb","itemListElement":[{"@type":"ListItem","position":1,"name":"Trang ch\u1ee7","item":"https:\/\/www.packvn.com\/en\/"},{"@type":"ListItem","position":2,"name":"Ch\u00ednh s\u00e1ch thanh to\u00e1n"}]},{"@type":"WebSite","@id":"https:\/\/www.packvn.com\/#website","url":"https:\/\/www.packvn.com\/","name":"M\u00e1y \u0111\u00f3ng g\u00f3i c\u00f4ng nghi\u1ec7p An Th\u00e0nh","description":"Nh\u00e0 s\u1ea3n xu\u1ea5t m\u00e1y \u0111\u00f3ng g\u00f3i ch\u1ea5t l\u01b0\u1ee3ng cao","publisher":{"@id":"https:\/\/www.packvn.com\/#organization"},"potentialAction":[{"@type":"SearchAction","target":{"@type":"EntryPoint","urlTemplate":"https:\/\/www.packvn.com\/?s={search_term_string}"},"query-input":{"@type":"PropertyValueSpecification","valueRequired":true,"valueName":"search_term_string"}}],"inLanguage":"en-US"},{"@type":"Organization","@id":"https:\/\/www.packvn.com\/#organization","name":"M\u00e1y \u0110\u00f3ng G\u00f3i An Th\u00e0nh","url":"https:\/\/www.packvn.com\/","logo":{"@type":"ImageObject","inLanguage":"en-US","@id":"https:\/\/www.packvn.com\/#\/schema\/logo\/image\/","url":"https:\/\/www.packvn.com\/wp-content\/uploads\/2020\/10\/cropped-logo-logo-chat-luong-thap-200609090814.png","contentUrl":"https:\/\/www.packvn.com\/wp-content\/uploads\/2020\/10\/cropped-logo-logo-chat-luong-thap-200609090814.png","width":512,"height":512,"caption":"M\u00e1y \u0110\u00f3ng G\u00f3i An Th\u00e0nh"},"image":{"@id":"https:\/\/www.packvn.com\/#\/schema\/logo\/image\/"},"sameAs":["https:\/\/www.facebook.com\/maytudongnangsuatcaoanthanh"]}]}},"_links":{"self":[{"href":"https:\/\/www.packvn.com\/en\/wp-json\/wp\/v2\/pages\/670"}],"collection":[{"href":"https:\/\/www.packvn.com\/en\/wp-json\/wp\/v2\/pages"}],"about":[{"href":"https:\/\/www.packvn.com\/en\/wp-json\/wp\/v2\/types\/page"}],"author":[{"embeddable":true,"href":"https:\/\/www.packvn.com\/en\/wp-json\/wp\/v2\/users\/6"}],"replies":[{"embeddable":true,"href":"https:\/\/www.packvn.com\/en\/wp-json\/wp\/v2\/comments?post=670"}],"version-history":[{"count":2,"href":"https:\/\/www.packvn.com\/en\/wp-json\/wp\/v2\/pages\/670\/revisions"}],"predecessor-version":[{"id":13274,"href":"https:\/\/www.packvn.com\/en\/wp-json\/wp\/v2\/pages\/670\/revisions\/13274"}],"wp:attachment":[{"href":"https:\/\/www.packvn.com\/en\/wp-json\/wp\/v2\/media?parent=670"}],"curies":[{"name":"wp","href":"https:\/\/api.w.org\/{rel}","templated":true}]}}