{"id":669,"date":"2020-10-25T15:50:04","date_gmt":"2020-10-25T15:50:04","guid":{"rendered":"http:\/\/maydonggoi.southteam.co\/quy-dinh-bao-hanh\/"},"modified":"2024-05-25T13:40:08","modified_gmt":"2024-05-25T06:40:08","slug":"quy-dinh-bao-hanh","status":"publish","type":"page","link":"https:\/\/www.packvn.com\/en\/quy-dinh-bao-hanh\/","title":{"rendered":"Quy \u0111\u1ecbnh b\u1ea3o h\u00e0nh"},"content":{"rendered":"<p><img decoding=\"async\" class=\"aligncenter wp-image-13268 size-full\" src=\"https:\/\/www.packvn.com\/wp-content\/uploads\/2024\/05\/chinh-sach-bao-hanh.jpg\" alt=\"\" width=\"940\" height=\"492\" srcset=\"https:\/\/www.packvn.com\/wp-content\/uploads\/2024\/05\/chinh-sach-bao-hanh.jpg 940w, https:\/\/www.packvn.com\/wp-content\/uploads\/2024\/05\/chinh-sach-bao-hanh-300x157.jpg 300w, https:\/\/www.packvn.com\/wp-content\/uploads\/2024\/05\/chinh-sach-bao-hanh-768x402.jpg 768w, https:\/\/www.packvn.com\/wp-content\/uploads\/2024\/05\/chinh-sach-bao-hanh-600x314.jpg 600w\" sizes=\"(max-width: 940px) 100vw, 940px\" \/><\/p>\n<ul>\n<li style=\"text-align: justify;\"><span style=\"font-size: 115%;\">B\u1ea3o h\u00e0nh h\u00e0ng h\u00f3a v\u1edbi th\u1eddi h\u1ea1n 15 th\u00e1ng t\u00ednh t\u1eeb ng\u00e0y b\u00e0n giao m\u00e1y, m\u00e1y \u0111\u01b0\u1ee3c qu\u00fd kh\u00e1ch h\u00e0ng x\u00e1c \u0111\u1ecbnh s\u1eed d\u1ee5ng \u1ed5n \u0111\u1ecbnh.<\/span><\/li>\n<li style=\"text-align: justify;\"><span style=\"font-size: 115%;\">Tr\u01b0\u1eddng h\u1ee3p qu\u00fd kh\u00e1ch h\u00e0ng v\u00ec l\u00fd do n\u00e0o \u0111\u00f3 ch\u01b0a th\u1ec3 nghi\u1ec7m thu ( v\u00ed d\u1ee5: ch\u01b0a c\u00f3 m\u00e0ng, ch\u01b0a c\u00f3 chai h\u0169&#8230; ch\u01b0a c\u00f3 nguy\u00ean v\u1eadt li\u1ec7u, ch\u01b0a s\u1eb5n s\u00e0ng nh\u00e0 x\u01b0\u1edfng, \u0111i\u1ec7n, kh\u00ed n\u00e9n, ch\u01b0a s\u1eb5n s\u00e0ng nh\u00e2n s\u1ef1&#8230;) th\u00ec sau 07 ng\u00e0y t\u00ednh t\u1eeb ng\u00e0y giao m\u00e1y s\u1ebd \u0111\u01b0\u1ee3c xem l\u00e0 \u0111\u00e3 nghi\u1ec7m thu.<\/span><\/li>\n<li style=\"text-align: justify;\"><span style=\"font-size: 115%;\">Th\u1eddi gian b\u00e0n giao, h\u01b0\u1edbng d\u1eabn v\u1eadn h\u00e0nh t\u1eeb 02 &#8211; 05 ng\u00e0y l\u00e0m vi\u1ec7c t\u00f9y v\u00e0o m\u1ee9c \u0111\u1ed9 kh\u00f3 c\u1ee7a m\u00e1y v\u00e0 nh\u00e2n vi\u00ean \u0111\u01b0\u1ee3c h\u01b0\u1edbng d\u1eabn v\u1eadn h\u00e0nh.<\/span><\/li>\n<li style=\"text-align: justify;\"><span style=\"font-size: 115%;\">Trong th\u1eddi gian b\u1ea3o h\u00e0nh n\u1ebfu c\u00f3 b\u1ea5t k\u1ef3 h\u01b0 h\u1ecfng hay tr\u1ee5c tr\u1eb7c k\u1ef9 thu\u1eadt n\u00e0o do l\u1ed7i c\u1ee7a nh\u00e0 s\u1ea3n xu\u1ea5t th\u00ec nh\u00e0 s\u1ea3n xu\u1ea5t s\u1ebd s\u1eeda ch\u1eefa ho\u1eb7c thay th\u1ebf linh ki\u1ec7n mi\u1ec5n ph\u00ed cho qu\u00fd kh\u00e1ch h\u00e0ng. Trong th\u1eddi gian b\u1ea3o h\u00e0nh m\u1ecdi chi ph\u00ed \u0111i l\u1ea1i, \u0103n \u1edf c\u1ee7a nh\u00e2n vi\u00ean k\u1ef9 thu\u1eadt s\u1ebd mi\u1ec5n ph\u00ed \u0111\u1ed1i v\u1edbi qu\u00fd kh\u00e1ch h\u00e0ng. Nh\u00e0 s\u1ea3n xu\u1ea5t kh\u00f4ng b\u1ea3o h\u00e0nh \u0111\u1ed1i v\u1edbi c\u00e1c hao m\u00f2n th\u00f4ng th\u01b0\u1eddng trong ho\u1ea1t \u0111\u1ed9ng c\u1ee7a thi\u1ebft b\u1ecb theo th\u1eddi gian s\u1eed d\u1ee5ng nh\u01b0 dao c\u1eaft, \u0111i\u1ec7n tr\u1edf&#8230;, c\u00e1c s\u1ef1 c\u1ed1 do ngu\u1ed3n \u0111i\u1ec7n, thi\u00ean tai, h\u1ecfa ho\u1ea1n, va \u0111\u1eadp, v\u00f4 n\u01b0\u1edbc v\u00e0 kh\u00f4ng s\u1eed d\u1ee5ng d\u00fang h\u01b0\u1edbng d\u1eabn c\u1ee7a nh\u00e0 s\u1ea3n xu\u1ea5t.<\/span><\/li>\n<li style=\"text-align: justify;\"><span style=\"font-size: 115%;\">Trong th\u1eddi gian b\u1ea3o h\u00e0nh n\u1ebfu h\u00e0ng h\u00f3a x\u1ea3y ra s\u1ef1 c\u1ed1 th\u00ec nh\u00e0 s\u1ea3n xu\u1ea5t s\u1ebd ph\u1ed1i h\u1ee3p x\u1eed l\u00fd b\u1eb1ng \u0111i\u1ec7n tho\u1ea1i nh\u1eb1m kh\u1eafc ph\u1ee5c nhanh nh\u1ea5t. Tr\u01b0\u1eddng h\u1ee3p ch\u01b0a x\u1eed l\u00fd \u0111\u01b0\u1ee3c th\u00ec trong v\u00f2ng 24h trong khu v\u1ef1c TP. HCM, \u0111\u1ed1i v\u1edbi khu v\u1ef1c t\u1ec9nh (tr\u00ean 150km) trong v\u00f2ng 48h nh\u00e0 s\u1ea3n xu\u1ea5t c\u00f3 tr\u00e1ch nhi\u1ec7m c\u1eed nh\u00e2n vi\u00ean k\u1ef9 thu\u1eadt \u0111\u1ebfn kh\u1eafc ph\u1ee5c t\u1eeb khi nh\u1eadn \u0111\u01b0\u1ee3c th\u00f4ng tin (t\u00ednh theo gi\u1edd l\u00e0m vi\u1ec7c). Sau 24h &#8211; 48h, t\u00ednh t\u1eeb khi qu\u00fd kh\u00e1ch h\u00e0ng th\u00f4ng b\u00e1o \u0111\u1ebfn nh\u00e0 s\u1ea3n xu\u1ea5t, m\u00e0 nh\u00e0 s\u1ea3n xu\u1ea5t kh\u00f4ng th\u1ef1c hi\u1ec7n kh\u1eafc ph\u1ee5c s\u1ef1 c\u1ed1 th\u00ec qu\u00fd kh\u00e1ch h\u00e0ng c\u00f3 quy\u1ec1n g\u1ecdi b\u00ean th\u1ee9 3 ti\u1ebfn h\u00e0nh kh\u1eafc ph\u1ee5c s\u1ef1 c\u1ed1, m\u1ecdi chi ph\u00ed nh\u00e0 s\u1ea3n xu\u1ea5t chi tr\u1ea3 v\u00e0 nh\u00e0 s\u1ea3n xu\u1ea5t ph\u1ea3i ti\u1ebfp t\u1ee5c ch\u1ecbu tr\u00e1ch nhi\u1ec7m b\u1ea3o h\u00e0nh bao g\u1ed3m thi\u1ebft b\u1ecb \u0111\u00e3 s\u1eefa ch\u1eefa.<\/span><\/li>\n<li style=\"text-align: justify;\"><span style=\"font-size: 115%;\">\u0110\u00e1nh gi\u00e1 ch\u1ea5t l\u01b0\u1ee3ng m\u00e1y l\u1ea7n 01 t\u1ea1i x\u01b0\u1edfng nh\u00e0 s\u1ea3n xu\u1ea5t, qu\u00fd kh\u00e1ch h\u00e0ng ch\u1ecdn m\u1ed9t s\u1ea3n ph\u1ea9m ch\u00ednh \u0111\u1ec3 l\u00e0m \u0111i\u1ec1u ki\u1ec7n \u0111\u00e1nh gi\u00e1 ch\u1ea5t l\u01b0\u1ee3ng. Nh\u00e0 s\u1ea3n xu\u1ea5t s\u1ebd h\u1ed7 tr\u1ee3 qu\u00fd kh\u00e1ch h\u00e0ng c\u00e2n ch\u1ec9nh m\u00e1y ch\u1ea1y \u0111\u01b0\u1ee3c c\u00e1c quy c\u00e1ch \u0111\u00e3 \u0111\u01b0\u1ee3c n\u00eau trong h\u1ee3p \u0111\u1ed3ng.<\/span><\/li>\n<\/ul>\n","protected":false},"excerpt":{"rendered":"<p>B\u1ea3o h\u00e0nh h\u00e0ng h\u00f3a v\u1edbi th\u1eddi h\u1ea1n 15 th\u00e1ng t\u00ednh t\u1eeb ng\u00e0y b\u00e0n giao m\u00e1y, m\u00e1y \u0111\u01b0\u1ee3c qu\u00fd kh\u00e1ch h\u00e0ng x\u00e1c \u0111\u1ecbnh s\u1eed d\u1ee5ng \u1ed5n \u0111\u1ecbnh. Tr\u01b0\u1eddng h\u1ee3p qu\u00fd kh\u00e1ch h\u00e0ng v\u00ec l\u00fd do n\u00e0o \u0111\u00f3 ch\u01b0a th\u1ec3 nghi\u1ec7m thu ( v\u00ed d\u1ee5: ch\u01b0a c\u00f3 m\u00e0ng, ch\u01b0a c\u00f3 chai h\u0169&#8230; ch\u01b0a c\u00f3 nguy\u00ean v\u1eadt li\u1ec7u,Xem th\u00eam<\/p>\n","protected":false},"author":6,"featured_media":0,"parent":0,"menu_order":0,"comment_status":"closed","ping_status":"closed","template":"","meta":{"inline_featured_image":false,"footnotes":""},"class_list":["post-669","page","type-page","status-publish","hentry"],"yoast_head":"<!-- This site is optimized with the Yoast SEO plugin v23.5 - https:\/\/yoast.com\/wordpress\/plugins\/seo\/ -->\n<title>Quy \u0111\u1ecbnh b\u1ea3o h\u00e0nh - M\u00e1y \u0111\u00f3ng g\u00f3i c\u00f4ng nghi\u1ec7p An Th\u00e0nh<\/title>\n<meta name=\"robots\" content=\"index, follow, max-snippet:-1, max-image-preview:large, max-video-preview:-1\" \/>\n<link rel=\"canonical\" href=\"https:\/\/www.packvn.com\/en\/quy-dinh-bao-hanh\/\" \/>\n<meta property=\"og:locale\" content=\"en_US\" \/>\n<meta property=\"og:type\" content=\"article\" \/>\n<meta property=\"og:title\" content=\"Quy \u0111\u1ecbnh b\u1ea3o h\u00e0nh - M\u00e1y \u0111\u00f3ng g\u00f3i c\u00f4ng nghi\u1ec7p An Th\u00e0nh\" \/>\n<meta property=\"og:description\" content=\"B\u1ea3o h\u00e0nh h\u00e0ng h\u00f3a v\u1edbi th\u1eddi h\u1ea1n 15 th\u00e1ng t\u00ednh t\u1eeb ng\u00e0y b\u00e0n giao m\u00e1y, m\u00e1y \u0111\u01b0\u1ee3c qu\u00fd kh\u00e1ch h\u00e0ng x\u00e1c \u0111\u1ecbnh s\u1eed d\u1ee5ng \u1ed5n \u0111\u1ecbnh. Tr\u01b0\u1eddng h\u1ee3p qu\u00fd kh\u00e1ch h\u00e0ng v\u00ec l\u00fd do n\u00e0o \u0111\u00f3 ch\u01b0a th\u1ec3 nghi\u1ec7m thu ( v\u00ed d\u1ee5: ch\u01b0a c\u00f3 m\u00e0ng, ch\u01b0a c\u00f3 chai h\u0169&#8230; ch\u01b0a c\u00f3 nguy\u00ean v\u1eadt li\u1ec7u,Xem th\u00eam\" \/>\n<meta property=\"og:url\" content=\"https:\/\/www.packvn.com\/en\/quy-dinh-bao-hanh\/\" \/>\n<meta property=\"og:site_name\" content=\"M\u00e1y \u0111\u00f3ng g\u00f3i c\u00f4ng nghi\u1ec7p An Th\u00e0nh\" \/>\n<meta property=\"article:publisher\" content=\"https:\/\/www.facebook.com\/maytudongnangsuatcaoanthanh\" \/>\n<meta property=\"article:modified_time\" content=\"2024-05-25T06:40:08+00:00\" \/>\n<meta property=\"og:image\" content=\"https:\/\/www.packvn.com\/wp-content\/uploads\/2024\/05\/chinh-sach-bao-hanh.jpg\" \/>\n<meta name=\"twitter:card\" content=\"summary_large_image\" \/>\n<meta name=\"twitter:label1\" content=\"Est. reading time\" \/>\n\t<meta name=\"twitter:data1\" content=\"3 minutes\" \/>\n<script type=\"application\/ld+json\" class=\"yoast-schema-graph\">{\"@context\":\"https:\/\/schema.org\",\"@graph\":[{\"@type\":\"WebPage\",\"@id\":\"https:\/\/www.packvn.com\/en\/quy-dinh-bao-hanh\/\",\"url\":\"https:\/\/www.packvn.com\/en\/quy-dinh-bao-hanh\/\",\"name\":\"Quy \u0111\u1ecbnh b\u1ea3o h\u00e0nh - M\u00e1y \u0111\u00f3ng g\u00f3i c\u00f4ng nghi\u1ec7p An Th\u00e0nh\",\"isPartOf\":{\"@id\":\"https:\/\/www.packvn.com\/#website\"},\"primaryImageOfPage\":{\"@id\":\"https:\/\/www.packvn.com\/en\/quy-dinh-bao-hanh\/#primaryimage\"},\"image\":{\"@id\":\"https:\/\/www.packvn.com\/en\/quy-dinh-bao-hanh\/#primaryimage\"},\"thumbnailUrl\":\"https:\/\/www.packvn.com\/wp-content\/uploads\/2024\/05\/chinh-sach-bao-hanh.jpg\",\"datePublished\":\"2020-10-25T15:50:04+00:00\",\"dateModified\":\"2024-05-25T06:40:08+00:00\",\"breadcrumb\":{\"@id\":\"https:\/\/www.packvn.com\/en\/quy-dinh-bao-hanh\/#breadcrumb\"},\"inLanguage\":\"en-US\",\"potentialAction\":[{\"@type\":\"ReadAction\",\"target\":[\"https:\/\/www.packvn.com\/en\/quy-dinh-bao-hanh\/\"]}]},{\"@type\":\"ImageObject\",\"inLanguage\":\"en-US\",\"@id\":\"https:\/\/www.packvn.com\/en\/quy-dinh-bao-hanh\/#primaryimage\",\"url\":\"https:\/\/www.packvn.com\/wp-content\/uploads\/2024\/05\/chinh-sach-bao-hanh.jpg\",\"contentUrl\":\"https:\/\/www.packvn.com\/wp-content\/uploads\/2024\/05\/chinh-sach-bao-hanh.jpg\"},{\"@type\":\"BreadcrumbList\",\"@id\":\"https:\/\/www.packvn.com\/en\/quy-dinh-bao-hanh\/#breadcrumb\",\"itemListElement\":[{\"@type\":\"ListItem\",\"position\":1,\"name\":\"Trang ch\u1ee7\",\"item\":\"https:\/\/www.packvn.com\/en\/\"},{\"@type\":\"ListItem\",\"position\":2,\"name\":\"Quy \u0111\u1ecbnh b\u1ea3o h\u00e0nh\"}]},{\"@type\":\"WebSite\",\"@id\":\"https:\/\/www.packvn.com\/#website\",\"url\":\"https:\/\/www.packvn.com\/\",\"name\":\"M\u00e1y \u0111\u00f3ng g\u00f3i c\u00f4ng nghi\u1ec7p An Th\u00e0nh\",\"description\":\"Nh\u00e0 s\u1ea3n xu\u1ea5t m\u00e1y \u0111\u00f3ng g\u00f3i ch\u1ea5t l\u01b0\u1ee3ng cao\",\"publisher\":{\"@id\":\"https:\/\/www.packvn.com\/#organization\"},\"potentialAction\":[{\"@type\":\"SearchAction\",\"target\":{\"@type\":\"EntryPoint\",\"urlTemplate\":\"https:\/\/www.packvn.com\/?s={search_term_string}\"},\"query-input\":{\"@type\":\"PropertyValueSpecification\",\"valueRequired\":true,\"valueName\":\"search_term_string\"}}],\"inLanguage\":\"en-US\"},{\"@type\":\"Organization\",\"@id\":\"https:\/\/www.packvn.com\/#organization\",\"name\":\"M\u00e1y \u0110\u00f3ng G\u00f3i An Th\u00e0nh\",\"url\":\"https:\/\/www.packvn.com\/\",\"logo\":{\"@type\":\"ImageObject\",\"inLanguage\":\"en-US\",\"@id\":\"https:\/\/www.packvn.com\/#\/schema\/logo\/image\/\",\"url\":\"https:\/\/www.packvn.com\/wp-content\/uploads\/2020\/10\/cropped-logo-logo-chat-luong-thap-200609090814.png\",\"contentUrl\":\"https:\/\/www.packvn.com\/wp-content\/uploads\/2020\/10\/cropped-logo-logo-chat-luong-thap-200609090814.png\",\"width\":512,\"height\":512,\"caption\":\"M\u00e1y \u0110\u00f3ng G\u00f3i An Th\u00e0nh\"},\"image\":{\"@id\":\"https:\/\/www.packvn.com\/#\/schema\/logo\/image\/\"},\"sameAs\":[\"https:\/\/www.facebook.com\/maytudongnangsuatcaoanthanh\"]}]}<\/script>\n<!-- \/ Yoast SEO plugin. -->","yoast_head_json":{"title":"Quy \u0111\u1ecbnh b\u1ea3o h\u00e0nh - M\u00e1y \u0111\u00f3ng g\u00f3i c\u00f4ng nghi\u1ec7p An Th\u00e0nh","robots":{"index":"index","follow":"follow","max-snippet":"max-snippet:-1","max-image-preview":"max-image-preview:large","max-video-preview":"max-video-preview:-1"},"canonical":"https:\/\/www.packvn.com\/en\/quy-dinh-bao-hanh\/","og_locale":"en_US","og_type":"article","og_title":"Quy \u0111\u1ecbnh b\u1ea3o h\u00e0nh - M\u00e1y \u0111\u00f3ng g\u00f3i c\u00f4ng nghi\u1ec7p An Th\u00e0nh","og_description":"B\u1ea3o h\u00e0nh h\u00e0ng h\u00f3a v\u1edbi th\u1eddi h\u1ea1n 15 th\u00e1ng t\u00ednh t\u1eeb ng\u00e0y b\u00e0n giao m\u00e1y, m\u00e1y \u0111\u01b0\u1ee3c qu\u00fd kh\u00e1ch h\u00e0ng x\u00e1c \u0111\u1ecbnh s\u1eed d\u1ee5ng \u1ed5n \u0111\u1ecbnh. Tr\u01b0\u1eddng h\u1ee3p qu\u00fd kh\u00e1ch h\u00e0ng v\u00ec l\u00fd do n\u00e0o \u0111\u00f3 ch\u01b0a th\u1ec3 nghi\u1ec7m thu ( v\u00ed d\u1ee5: ch\u01b0a c\u00f3 m\u00e0ng, ch\u01b0a c\u00f3 chai h\u0169&#8230; ch\u01b0a c\u00f3 nguy\u00ean v\u1eadt li\u1ec7u,Xem th\u00eam","og_url":"https:\/\/www.packvn.com\/en\/quy-dinh-bao-hanh\/","og_site_name":"M\u00e1y \u0111\u00f3ng g\u00f3i c\u00f4ng nghi\u1ec7p An Th\u00e0nh","article_publisher":"https:\/\/www.facebook.com\/maytudongnangsuatcaoanthanh","article_modified_time":"2024-05-25T06:40:08+00:00","og_image":[{"url":"https:\/\/www.packvn.com\/wp-content\/uploads\/2024\/05\/chinh-sach-bao-hanh.jpg"}],"twitter_card":"summary_large_image","twitter_misc":{"Est. reading time":"3 minutes"},"schema":{"@context":"https:\/\/schema.org","@graph":[{"@type":"WebPage","@id":"https:\/\/www.packvn.com\/en\/quy-dinh-bao-hanh\/","url":"https:\/\/www.packvn.com\/en\/quy-dinh-bao-hanh\/","name":"Quy \u0111\u1ecbnh b\u1ea3o h\u00e0nh - M\u00e1y \u0111\u00f3ng g\u00f3i c\u00f4ng nghi\u1ec7p An Th\u00e0nh","isPartOf":{"@id":"https:\/\/www.packvn.com\/#website"},"primaryImageOfPage":{"@id":"https:\/\/www.packvn.com\/en\/quy-dinh-bao-hanh\/#primaryimage"},"image":{"@id":"https:\/\/www.packvn.com\/en\/quy-dinh-bao-hanh\/#primaryimage"},"thumbnailUrl":"https:\/\/www.packvn.com\/wp-content\/uploads\/2024\/05\/chinh-sach-bao-hanh.jpg","datePublished":"2020-10-25T15:50:04+00:00","dateModified":"2024-05-25T06:40:08+00:00","breadcrumb":{"@id":"https:\/\/www.packvn.com\/en\/quy-dinh-bao-hanh\/#breadcrumb"},"inLanguage":"en-US","potentialAction":[{"@type":"ReadAction","target":["https:\/\/www.packvn.com\/en\/quy-dinh-bao-hanh\/"]}]},{"@type":"ImageObject","inLanguage":"en-US","@id":"https:\/\/www.packvn.com\/en\/quy-dinh-bao-hanh\/#primaryimage","url":"https:\/\/www.packvn.com\/wp-content\/uploads\/2024\/05\/chinh-sach-bao-hanh.jpg","contentUrl":"https:\/\/www.packvn.com\/wp-content\/uploads\/2024\/05\/chinh-sach-bao-hanh.jpg"},{"@type":"BreadcrumbList","@id":"https:\/\/www.packvn.com\/en\/quy-dinh-bao-hanh\/#breadcrumb","itemListElement":[{"@type":"ListItem","position":1,"name":"Trang ch\u1ee7","item":"https:\/\/www.packvn.com\/en\/"},{"@type":"ListItem","position":2,"name":"Quy \u0111\u1ecbnh b\u1ea3o h\u00e0nh"}]},{"@type":"WebSite","@id":"https:\/\/www.packvn.com\/#website","url":"https:\/\/www.packvn.com\/","name":"M\u00e1y \u0111\u00f3ng g\u00f3i c\u00f4ng nghi\u1ec7p An Th\u00e0nh","description":"Nh\u00e0 s\u1ea3n xu\u1ea5t m\u00e1y \u0111\u00f3ng g\u00f3i ch\u1ea5t l\u01b0\u1ee3ng cao","publisher":{"@id":"https:\/\/www.packvn.com\/#organization"},"potentialAction":[{"@type":"SearchAction","target":{"@type":"EntryPoint","urlTemplate":"https:\/\/www.packvn.com\/?s={search_term_string}"},"query-input":{"@type":"PropertyValueSpecification","valueRequired":true,"valueName":"search_term_string"}}],"inLanguage":"en-US"},{"@type":"Organization","@id":"https:\/\/www.packvn.com\/#organization","name":"M\u00e1y \u0110\u00f3ng G\u00f3i An Th\u00e0nh","url":"https:\/\/www.packvn.com\/","logo":{"@type":"ImageObject","inLanguage":"en-US","@id":"https:\/\/www.packvn.com\/#\/schema\/logo\/image\/","url":"https:\/\/www.packvn.com\/wp-content\/uploads\/2020\/10\/cropped-logo-logo-chat-luong-thap-200609090814.png","contentUrl":"https:\/\/www.packvn.com\/wp-content\/uploads\/2020\/10\/cropped-logo-logo-chat-luong-thap-200609090814.png","width":512,"height":512,"caption":"M\u00e1y \u0110\u00f3ng G\u00f3i An Th\u00e0nh"},"image":{"@id":"https:\/\/www.packvn.com\/#\/schema\/logo\/image\/"},"sameAs":["https:\/\/www.facebook.com\/maytudongnangsuatcaoanthanh"]}]}},"_links":{"self":[{"href":"https:\/\/www.packvn.com\/en\/wp-json\/wp\/v2\/pages\/669"}],"collection":[{"href":"https:\/\/www.packvn.com\/en\/wp-json\/wp\/v2\/pages"}],"about":[{"href":"https:\/\/www.packvn.com\/en\/wp-json\/wp\/v2\/types\/page"}],"author":[{"embeddable":true,"href":"https:\/\/www.packvn.com\/en\/wp-json\/wp\/v2\/users\/6"}],"replies":[{"embeddable":true,"href":"https:\/\/www.packvn.com\/en\/wp-json\/wp\/v2\/comments?post=669"}],"version-history":[{"count":4,"href":"https:\/\/www.packvn.com\/en\/wp-json\/wp\/v2\/pages\/669\/revisions"}],"predecessor-version":[{"id":13272,"href":"https:\/\/www.packvn.com\/en\/wp-json\/wp\/v2\/pages\/669\/revisions\/13272"}],"wp:attachment":[{"href":"https:\/\/www.packvn.com\/en\/wp-json\/wp\/v2\/media?parent=669"}],"curies":[{"name":"wp","href":"https:\/\/api.w.org\/{rel}","templated":true}]}}